{"id":934,"date":"2020-06-15T15:20:57","date_gmt":"2020-06-15T15:20:57","guid":{"rendered":"https:\/\/woka-kuma.de\/?page_id=934"},"modified":"2022-08-09T09:08:03","modified_gmt":"2022-08-09T09:08:03","slug":"ueber-uns","status":"publish","type":"page","link":"https:\/\/woka-kuma.de\/fr\/woka-kuma-e-v\/ueber-uns\/","title":{"rendered":"Qui sommes-nous ?"},"content":{"rendered":"<p>Le Burkina Faso est un petit pays d&rsquo;Afrique de l&rsquo;Ouest, riche en cultures, en groupes ethniques divers, connu pour sa musique, son art, sa culture, Thomas Sankara et la r\u00e9volution extraordinaire de 2014\/15.<\/p>\n<p>A propos de l&rsquo;histoire de l&rsquo;association :<br \/>\nAbdoul Aziz Sinka, membre fondateur, est arriv\u00e9 en Allemagne il y a de nombreuses ann\u00e9es et a commenc\u00e9, apr\u00e8s un certain temps, \u00e0 inviter surtout des amis et des contacts dans son pays d&rsquo;origine. En collaboration avec l&rsquo;Association Woka-Kuma Burkina Faso, il a mis en place depuis 2003 des coop\u00e9rations pour des parrainages de formation : des personnes engag\u00e9es de France et d&rsquo;Allemagne prennent en charge les frais de scolarit\u00e9 de gar\u00e7ons et de filles de Bobo Dioulasso. Les visites r\u00e9guli\u00e8res \u00e0 Bobo Dioulasso ont \u00e9galement permis de mettre sur pied quelques actions de collecte de fonds et de d\u00e9velopper des coop\u00e9rations. La visite annuelle \u00e0 Bobo Dioulaso comprend \u00e9galement la participation au festival culturel FESTICO (Festival de musique et danse traditionnelle de Colsama) qui s&rsquo;y d\u00e9roule. Pendant des ann\u00e9es, ce sont surtout les coop\u00e9rations avec AHOI Kultur (Lanaya Management) et Lange Tafel e.V. qui ont permis de d\u00e9velopper des id\u00e9es et les \u00e9changes culturels sur place.<\/p>\n<p>Abdoul Aziz Sinka est lui-m\u00eame musicien, leader du groupe Lanaya, et la repr\u00e9sentation et la diffusion de la culture burkinab\u00e8 lui tiennent particuli\u00e8rement \u00e0 c\u0153ur. Suite \u00e0 de nombreux retours et exp\u00e9riences positifs lors de ses repr\u00e9sentations musicales dans toute l&rsquo;Europe, le d\u00e9sir de faire bouger les choses au sein d&rsquo;un collectif s&rsquo;est fait de plus en plus pressant.<\/p>\n<p>En 2013, le festival Woka-Kuma a eu lieu pour la premi\u00e8re fois \u00e0 Berlin. Des artistes du Burkina Faso ont rempli de musique et de danse la sc\u00e8ne de l&rsquo;ancien Werkstatt der Kulturen \u00e0 Neuk\u00f6lln et ont enthousiasm\u00e9 le public allemand et international. La culture burkinab\u00e8 a ainsi pu \u00eatre d\u00e9couverte en Allemagne et le festival a \u00e9t\u00e9 reconduit en 2014, 2016, 2018, 2019, 2020, 2021 dans des formats toujours plus grands.<\/p>\n<p>En 2018, le moment \u00e9tait enfin venu. La r\u00e9union de fondation de l&rsquo;association Woka-Kuma Deutschland e.V. a eu lieu \u00e0 l&rsquo;occasion de la 4e \u00e9dition du festival Woka-Kuma. Entre-temps, l&rsquo;association compte 8 membres actifs de toute l&rsquo;Allemagne, Nuremberg, Kassel et Berlin sont repr\u00e9sent\u00e9s. L&rsquo;association est compos\u00e9e de 8 personnes engag\u00e9es, issues de diff\u00e9rents milieux, qui souhaitent faire avancer leur engagement dans le domaine de la promotion ou de la culture. Des rencontres et des assembl\u00e9es g\u00e9n\u00e9rales r\u00e9guli\u00e8res renforcent la coop\u00e9ration et font na\u00eetre de nouveaux projets. Chaque ann\u00e9e, une d\u00e9l\u00e9gation de l&rsquo;association se rend en visite \u00e0 Bobo Dioulasso et participe aux actions de collecte de fonds ainsi qu&rsquo;au FESTICO de Bobo Dioulasso. Gr\u00e2ce \u00e0 ses activit\u00e9s r\u00e9guli\u00e8res et constantes et \u00e0 son engagement pour la coop\u00e9ration germano-burkinab\u00e8, l&rsquo;association entretient de bonnes relations avec l&rsquo;ambassade d&rsquo;Allemagne \u00e0 Ouagadougou ainsi qu&rsquo;avec le maire, M. Hermann Sirima, de l&rsquo;arrondissement n\u00b07 de Bobo Dioulasso.<\/p>\n<p>Le bureau actuel est compos\u00e9 de<br \/>\nAbdoul Aziz Sinka, pr\u00e9sident de Woka-Kuma Deutschland e.V.<br \/>\nNora Palm, vice-pr\u00e9sidente<br \/>\nJohannes Kirch, tr\u00e9sorier<\/p>\n<p>Int\u00e9ress\u00e9(e) ? Si vous avez des questions, des informations ou si vous souhaitez devenir membre, n&rsquo;h\u00e9sitez pas \u00e0 nous contacter \u00e0 l&rsquo;adresse suivante : wokakuma1@gmail.com<\/p>","protected":false},"excerpt":{"rendered":"<p>Le Burkina Faso est un petit pays d&rsquo;Afrique de l&rsquo;Ouest, riche en cultures, en groupes ethniques divers, connu pour sa musique, son art, sa culture, Thomas Sankara et la r\u00e9volution extraordinaire de 2014\/15. A propos de l&rsquo;histoire de l&rsquo;association : Abdoul Aziz Sinka, membre fondateur, est arriv\u00e9 en Allemagne il y a de nombreuses ann\u00e9es [&hellip;]<\/p>\n","protected":false},"author":3,"featured_media":0,"parent":578,"menu_order":0,"comment_status":"closed","ping_status":"closed","template":"templates\/template-full-width.php","meta":{"footnotes":""},"class_list":["post-934","page","type-page","status-publish","hentry"],"yoast_head":"<!-- This site is optimized with the Yoast SEO plugin v27.3 - https:\/\/yoast.com\/product\/yoast-seo-wordpress\/ -->\n<title>Qui sommes-nous ? - Woka-Kuma Deutschland e.V.<\/title>\n<meta name=\"robots\" content=\"index, follow, max-snippet:-1, max-image-preview:large, max-video-preview:-1\" \/>\n<link rel=\"canonical\" href=\"https:\/\/woka-kuma.de\/woka-kuma-e-v\/ueber-uns\/\" \/>\n<meta property=\"og:locale\" content=\"fr_FR\" \/>\n<meta property=\"og:type\" content=\"article\" \/>\n<meta property=\"og:title\" content=\"[:de]\u00dcber uns[:en]About us[:fr]Qui sommes-nous ?[:] - Woka-Kuma Deutschland e.V.\" \/>\n<meta property=\"og:description\" content=\"Le Burkina Faso est un petit pays d&rsquo;Afrique de l&rsquo;Ouest, riche en cultures, en groupes ethniques divers, connu pour sa musique, son art, sa culture, Thomas Sankara et la r\u00e9volution extraordinaire de 2014\/15. A propos de l&rsquo;histoire de l&rsquo;association : Abdoul Aziz Sinka, membre fondateur, est arriv\u00e9 en Allemagne il y a de nombreuses ann\u00e9es [&hellip;]\" \/>\n<meta property=\"og:url\" content=\"https:\/\/woka-kuma.de\/woka-kuma-e-v\/ueber-uns\/\" \/>\n<meta property=\"og:site_name\" content=\"Woka-Kuma Deutschland e.V.\" \/>\n<meta property=\"article:modified_time\" content=\"2022-08-09T09:08:03+00:00\" \/>\n<meta name=\"twitter:card\" content=\"summary_large_image\" \/>\n<meta name=\"twitter:label1\" content=\"Dur\u00e9e de lecture estim\u00e9e\" \/>\n\t<meta name=\"twitter:data1\" content=\"7 minutes\" \/>\n<script type=\"application\/ld+json\" class=\"yoast-schema-graph\">{\"@context\":\"https:\\\/\\\/schema.org\",\"@graph\":[{\"@type\":\"WebPage\",\"@id\":\"https:\\\/\\\/woka-kuma.de\\\/woka-kuma-e-v\\\/ueber-uns\\\/\",\"url\":\"https:\\\/\\\/woka-kuma.de\\\/woka-kuma-e-v\\\/ueber-uns\\\/\",\"name\":\"[:de]\u00dcber uns[:en]About us[:fr]Qui sommes-nous ?[:] - Woka-Kuma Deutschland e.V.\",\"isPartOf\":{\"@id\":\"https:\\\/\\\/woka-kuma.de\\\/#website\"},\"datePublished\":\"2020-06-15T15:20:57+00:00\",\"dateModified\":\"2022-08-09T09:08:03+00:00\",\"breadcrumb\":{\"@id\":\"https:\\\/\\\/woka-kuma.de\\\/woka-kuma-e-v\\\/ueber-uns\\\/#breadcrumb\"},\"inLanguage\":\"fr-FR\",\"potentialAction\":[{\"@type\":\"ReadAction\",\"target\":[\"https:\\\/\\\/woka-kuma.de\\\/woka-kuma-e-v\\\/ueber-uns\\\/\"]}]},{\"@type\":\"BreadcrumbList\",\"@id\":\"https:\\\/\\\/woka-kuma.de\\\/woka-kuma-e-v\\\/ueber-uns\\\/#breadcrumb\",\"itemListElement\":[{\"@type\":\"ListItem\",\"position\":1,\"name\":\"Startseite\",\"item\":\"https:\\\/\\\/woka-kuma.de\\\/\"},{\"@type\":\"ListItem\",\"position\":2,\"name\":\"Woka Kuma e.V.\",\"item\":\"https:\\\/\\\/woka-kuma.de\\\/woka-kuma-e-v\\\/\"},{\"@type\":\"ListItem\",\"position\":3,\"name\":\"\u00dcber uns\"}]},{\"@type\":\"WebSite\",\"@id\":\"https:\\\/\\\/woka-kuma.de\\\/#website\",\"url\":\"https:\\\/\\\/woka-kuma.de\\\/\",\"name\":\"Woka-Kuma Deutschland e.V.\",\"description\":\"\",\"publisher\":{\"@id\":\"https:\\\/\\\/woka-kuma.de\\\/#organization\"},\"potentialAction\":[{\"@type\":\"SearchAction\",\"target\":{\"@type\":\"EntryPoint\",\"urlTemplate\":\"https:\\\/\\\/woka-kuma.de\\\/?s={search_term_string}\"},\"query-input\":{\"@type\":\"PropertyValueSpecification\",\"valueRequired\":true,\"valueName\":\"search_term_string\"}}],\"inLanguage\":\"fr-FR\"},{\"@type\":\"Organization\",\"@id\":\"https:\\\/\\\/woka-kuma.de\\\/#organization\",\"name\":\"Woka-Kuma Deutschland e.V.\",\"url\":\"https:\\\/\\\/woka-kuma.de\\\/\",\"logo\":{\"@type\":\"ImageObject\",\"inLanguage\":\"fr-FR\",\"@id\":\"https:\\\/\\\/woka-kuma.de\\\/#\\\/schema\\\/logo\\\/image\\\/\",\"url\":\"https:\\\/\\\/woka-kuma.de\\\/wp-content\\\/uploads\\\/2020\\\/07\\\/Logo-Verein-2020-rund.png\",\"contentUrl\":\"https:\\\/\\\/woka-kuma.de\\\/wp-content\\\/uploads\\\/2020\\\/07\\\/Logo-Verein-2020-rund.png\",\"width\":1920,\"height\":1918,\"caption\":\"Woka-Kuma Deutschland e.V.\"},\"image\":{\"@id\":\"https:\\\/\\\/woka-kuma.de\\\/#\\\/schema\\\/logo\\\/image\\\/\"}}]}<\/script>\n<!-- \/ Yoast SEO plugin. -->","yoast_head_json":{"title":"[:de]\u00dcber uns[:en]About us[:fr]Qui sommes-nous ?[:] - Woka-Kuma Deutschland e.V.","robots":{"index":"index","follow":"follow","max-snippet":"max-snippet:-1","max-image-preview":"max-image-preview:large","max-video-preview":"max-video-preview:-1"},"canonical":"https:\/\/woka-kuma.de\/woka-kuma-e-v\/ueber-uns\/","og_locale":"fr_FR","og_type":"article","og_title":"[:de]\u00dcber uns[:en]About us[:fr]Qui sommes-nous ?[:] - Woka-Kuma Deutschland e.V.","og_description":"Le Burkina Faso est un petit pays d&rsquo;Afrique de l&rsquo;Ouest, riche en cultures, en groupes ethniques divers, connu pour sa musique, son art, sa culture, Thomas Sankara et la r\u00e9volution extraordinaire de 2014\/15. A propos de l&rsquo;histoire de l&rsquo;association : Abdoul Aziz Sinka, membre fondateur, est arriv\u00e9 en Allemagne il y a de nombreuses ann\u00e9es [&hellip;]","og_url":"https:\/\/woka-kuma.de\/woka-kuma-e-v\/ueber-uns\/","og_site_name":"Woka-Kuma Deutschland e.V.","article_modified_time":"2022-08-09T09:08:03+00:00","twitter_card":"summary_large_image","twitter_misc":{"Dur\u00e9e de lecture estim\u00e9e":"7 minutes"},"schema":{"@context":"https:\/\/schema.org","@graph":[{"@type":"WebPage","@id":"https:\/\/woka-kuma.de\/woka-kuma-e-v\/ueber-uns\/","url":"https:\/\/woka-kuma.de\/woka-kuma-e-v\/ueber-uns\/","name":"[:de]\u00dcber uns[:en]About us[:fr]Qui sommes-nous ?[:] - Woka-Kuma Deutschland e.V.","isPartOf":{"@id":"https:\/\/woka-kuma.de\/#website"},"datePublished":"2020-06-15T15:20:57+00:00","dateModified":"2022-08-09T09:08:03+00:00","breadcrumb":{"@id":"https:\/\/woka-kuma.de\/woka-kuma-e-v\/ueber-uns\/#breadcrumb"},"inLanguage":"fr-FR","potentialAction":[{"@type":"ReadAction","target":["https:\/\/woka-kuma.de\/woka-kuma-e-v\/ueber-uns\/"]}]},{"@type":"BreadcrumbList","@id":"https:\/\/woka-kuma.de\/woka-kuma-e-v\/ueber-uns\/#breadcrumb","itemListElement":[{"@type":"ListItem","position":1,"name":"Startseite","item":"https:\/\/woka-kuma.de\/"},{"@type":"ListItem","position":2,"name":"Woka Kuma e.V.","item":"https:\/\/woka-kuma.de\/woka-kuma-e-v\/"},{"@type":"ListItem","position":3,"name":"\u00dcber uns"}]},{"@type":"WebSite","@id":"https:\/\/woka-kuma.de\/#website","url":"https:\/\/woka-kuma.de\/","name":"Woka-Kuma Deutschland e.V.","description":"","publisher":{"@id":"https:\/\/woka-kuma.de\/#organization"},"potentialAction":[{"@type":"SearchAction","target":{"@type":"EntryPoint","urlTemplate":"https:\/\/woka-kuma.de\/?s={search_term_string}"},"query-input":{"@type":"PropertyValueSpecification","valueRequired":true,"valueName":"search_term_string"}}],"inLanguage":"fr-FR"},{"@type":"Organization","@id":"https:\/\/woka-kuma.de\/#organization","name":"Woka-Kuma Deutschland e.V.","url":"https:\/\/woka-kuma.de\/","logo":{"@type":"ImageObject","inLanguage":"fr-FR","@id":"https:\/\/woka-kuma.de\/#\/schema\/logo\/image\/","url":"https:\/\/woka-kuma.de\/wp-content\/uploads\/2020\/07\/Logo-Verein-2020-rund.png","contentUrl":"https:\/\/woka-kuma.de\/wp-content\/uploads\/2020\/07\/Logo-Verein-2020-rund.png","width":1920,"height":1918,"caption":"Woka-Kuma Deutschland e.V."},"image":{"@id":"https:\/\/woka-kuma.de\/#\/schema\/logo\/image\/"}}]}},"_links":{"self":[{"href":"https:\/\/woka-kuma.de\/fr\/wp-json\/wp\/v2\/pages\/934","targetHints":{"allow":["GET"]}}],"collection":[{"href":"https:\/\/woka-kuma.de\/fr\/wp-json\/wp\/v2\/pages"}],"about":[{"href":"https:\/\/woka-kuma.de\/fr\/wp-json\/wp\/v2\/types\/page"}],"author":[{"embeddable":true,"href":"https:\/\/woka-kuma.de\/fr\/wp-json\/wp\/v2\/users\/3"}],"replies":[{"embeddable":true,"href":"https:\/\/woka-kuma.de\/fr\/wp-json\/wp\/v2\/comments?post=934"}],"version-history":[{"count":11,"href":"https:\/\/woka-kuma.de\/fr\/wp-json\/wp\/v2\/pages\/934\/revisions"}],"predecessor-version":[{"id":1633,"href":"https:\/\/woka-kuma.de\/fr\/wp-json\/wp\/v2\/pages\/934\/revisions\/1633"}],"up":[{"embeddable":true,"href":"https:\/\/woka-kuma.de\/fr\/wp-json\/wp\/v2\/pages\/578"}],"wp:attachment":[{"href":"https:\/\/woka-kuma.de\/fr\/wp-json\/wp\/v2\/media?parent=934"}],"curies":[{"name":"wp","href":"https:\/\/api.w.org\/{rel}","templated":true}]}}