{"id":839,"date":"2020-05-25T16:46:21","date_gmt":"2020-05-25T16:46:21","guid":{"rendered":"https:\/\/woka-kuma.de\/?page_id=839"},"modified":"2025-12-22T11:57:52","modified_gmt":"2025-12-22T11:57:52","slug":"spendenaktionen","status":"publish","type":"page","link":"https:\/\/woka-kuma.de\/fr\/projekte\/spendenaktionen\/","title":{"rendered":"Actions au Burkina Faso"},"content":{"rendered":"<p>Au cours des derni\u00e8res ann\u00e9es, nous avons \u00e9t\u00e9 particuli\u00e8rement actifs dans les domaines de la sant\u00e9, du sport et de l&rsquo;\u00e9ducation. Ainsi, le dispensaire du quartier de Kiri a \u00e9t\u00e9 enti\u00e8rement r\u00e9nov\u00e9,<\/p>\n<p>Tout cela n&rsquo;a \u00e9t\u00e9 possible que gr\u00e2ce \u00e0 votre soutien !<\/p>\n<p>Cette ann\u00e9e, nous souhaitons nous consacrer \u00e0 un projet qui nous tient particuli\u00e8rement \u00e0 c\u0153ur. Depuis longtemps d\u00e9j\u00e0, nous partageons avec notre association s\u0153ur locale \u00e0 Bobo-Dioulasso l&rsquo;id\u00e9e et le souhait d&rsquo;investir dans l&rsquo;une des plus grandes richesses du Burkina Faso : la culture. \u00c0 l&rsquo;avenir, nous aimerions voir na\u00eetre \u00e0 Bobo-Dioulasso un centre culturel germano-burkinab\u00e9 o\u00f9 les artistes, mais aussi les voisins et les voyageurs, pourraient se sentir chez eux. Ce centre culturel devrait accueillir des cours d&rsquo;allemand, d&rsquo;alphab\u00e9tisation, de danse, de musique et des \u00e9v\u00e9nements. Car malgr\u00e9 la situation politique toujours tr\u00e8s compliqu\u00e9e du pays, il est clair que la paix ne peut fonctionner que gr\u00e2ce \u00e0 l&rsquo;\u00e9ducation, \u00e0 une soci\u00e9t\u00e9 civile forte et \u00e0 une identit\u00e9 culturelle soutenue par les citoyens.<\/p>\n<p>L&rsquo;ann\u00e9e derni\u00e8re, avec notre association partenaire Association Woka-Kuma Deutschland e.V., nous avons d\u00e9j\u00e0 fait un petit pas vers la r\u00e9alisation de ce projet : la commune de Kiri \u00e0 Bobo-Dioulasso nous a mis \u00e0 disposition un terrain qui a d\u00e9j\u00e0 \u00e9t\u00e9 inaugur\u00e9 lors d&rsquo;une c\u00e9r\u00e9monie. La d\u00e9l\u00e9gation allemande a \u00e9galement pu le visiter en 2023, poser la premi\u00e8re pierre et planter le premier arbre pour l&rsquo;\u00e9ternit\u00e9.<\/p>\n<p>Nos collectes de fonds 2024\/25<\/p>\n<p>Pour les mois \u00e0 venir, nous avons pr\u00e9vu deux projets concrets pour lesquels nous avons besoin de votre aide :<\/p>\n<p>Soutien au tournoi de football local \u00ab Belleville Cup \u00bb Le tournoi existe depuis 3 ans gr\u00e2ce au soutien de l&rsquo;association Woka &#8211; Kuma Deutschland e.V. Il rassemble les enfants et les jeunes de la r\u00e9gion, favorise la coh\u00e9sion sociale et le fair-play et cr\u00e9e des espaces de rencontre positifs \u2013 un projet qui peut avoir un impact consid\u00e9rable avec peu de moyens.<\/p>\n<p>Ach\u00e8vement du forage d&rsquo;un puits dans le quartier de Kiri<\/p>\n<p>L&rsquo;acc\u00e8s \u00e0 l&rsquo;eau potable est une condition pr\u00e9alable fondamentale \u00e0 la sant\u00e9 et au d\u00e9veloppement. Le forage a d\u00e9j\u00e0 bien avanc\u00e9 depuis la campagne r\u00e9ussie de l&rsquo;ann\u00e9e derni\u00e8re, mais nous avons encore besoin d&rsquo;un soutien financier pour l&rsquo;achever et acc\u00e9der \u00e0 la pompe.<\/p>\n<p>Afin de pouvoir r\u00e9aliser ces deux projets importants, nous vous demandons chaleureusement de faire un don. Chaque contribution, petite ou grande, nous aide \u00e0 offrir aux habitants des r\u00e9gions o\u00f9 nous menons nos projets la possibilit\u00e9 d&rsquo;avoir une vie meilleure. Nous appr\u00e9cions tout soutien, et vous remercions \u00e9galement si vous pouvez partager les flyers ou les informations autour de vous !<\/p>\n<p>Kiri est un quartier situ\u00e9 \u00e0 la p\u00e9riph\u00e9rie de Bobo-Dioulasso, une ville dont la population ne cesse de cro\u00eetre. Comme c&rsquo;est souvent le cas dans les grandes villes en pleine expansion, il y a d\u00e9j\u00e0 des gens qui y vivent, mais les infrastructures ne suivent pas : dans le quartier de Kiri, aucune source d&rsquo;eau courante publique n&rsquo;a encore \u00e9t\u00e9 install\u00e9e.<\/p>\n<p>&nbsp;<\/p>\n<p>&nbsp;<\/p>\n<p>Si vous connaissez des personnes dans votre entourage qui pourraient \u00eatre int\u00e9ress\u00e9es par notre engagement et souhaiteraient soutenir notre projet de dons, n&rsquo;h\u00e9sitez pas \u00e0 nous en faire part ou \u00e0 effectuer un don sur le compte de notre association.<\/p>\n<p>Titulaire du compte : Woka-Kuma Deutschland e.V.<br \/>\nIBAN : DE11 1009 0000 2768 8690 09<br \/>\nBIC : BEVODEBB<\/p>\n<p>R\u00e9f\u00e9rence : Don Burkina Faso<\/p>","protected":false},"excerpt":{"rendered":"<p>Au cours des derni\u00e8res ann\u00e9es, nous avons \u00e9t\u00e9 particuli\u00e8rement actifs dans les domaines de la sant\u00e9, du sport et de l&rsquo;\u00e9ducation. Ainsi, le dispensaire du quartier de Kiri a \u00e9t\u00e9 enti\u00e8rement r\u00e9nov\u00e9, Tout cela n&rsquo;a \u00e9t\u00e9 possible que gr\u00e2ce \u00e0 votre soutien ! Cette ann\u00e9e, nous souhaitons nous consacrer \u00e0 un projet qui nous tient [&hellip;]<\/p>\n","protected":false},"author":4,"featured_media":0,"parent":106,"menu_order":0,"comment_status":"closed","ping_status":"closed","template":"templates\/template-full-width.php","meta":{"footnotes":""},"class_list":["post-839","page","type-page","status-publish","hentry"],"yoast_head":"<!-- This site is optimized with the Yoast SEO plugin v27.3 - https:\/\/yoast.com\/product\/yoast-seo-wordpress\/ -->\n<title>Actions au Burkina Faso - Woka-Kuma Deutschland e.V.<\/title>\n<meta name=\"robots\" content=\"index, follow, max-snippet:-1, max-image-preview:large, max-video-preview:-1\" \/>\n<link rel=\"canonical\" href=\"https:\/\/woka-kuma.de\/projekte\/spendenaktionen\/\" \/>\n<meta property=\"og:locale\" content=\"fr_FR\" \/>\n<meta property=\"og:type\" content=\"article\" \/>\n<meta property=\"og:title\" content=\"[:de]Spendenaktionen in Burkina Faso[:en]Donations[:fr]Actions au Burkina Faso[:] - Woka-Kuma Deutschland e.V.\" \/>\n<meta property=\"og:description\" content=\"Au cours des derni\u00e8res ann\u00e9es, nous avons \u00e9t\u00e9 particuli\u00e8rement actifs dans les domaines de la sant\u00e9, du sport et de l&rsquo;\u00e9ducation. Ainsi, le dispensaire du quartier de Kiri a \u00e9t\u00e9 enti\u00e8rement r\u00e9nov\u00e9, Tout cela n&rsquo;a \u00e9t\u00e9 possible que gr\u00e2ce \u00e0 votre soutien ! Cette ann\u00e9e, nous souhaitons nous consacrer \u00e0 un projet qui nous tient [&hellip;]\" \/>\n<meta property=\"og:url\" content=\"https:\/\/woka-kuma.de\/projekte\/spendenaktionen\/\" \/>\n<meta property=\"og:site_name\" content=\"Woka-Kuma Deutschland e.V.\" \/>\n<meta property=\"article:modified_time\" content=\"2025-12-22T11:57:52+00:00\" \/>\n<meta name=\"twitter:card\" content=\"summary_large_image\" \/>\n<meta name=\"twitter:label1\" content=\"Dur\u00e9e de lecture estim\u00e9e\" \/>\n\t<meta name=\"twitter:data1\" content=\"3 minutes\" \/>\n<script type=\"application\/ld+json\" class=\"yoast-schema-graph\">{\"@context\":\"https:\\\/\\\/schema.org\",\"@graph\":[{\"@type\":\"WebPage\",\"@id\":\"https:\\\/\\\/woka-kuma.de\\\/projekte\\\/spendenaktionen\\\/\",\"url\":\"https:\\\/\\\/woka-kuma.de\\\/projekte\\\/spendenaktionen\\\/\",\"name\":\"[:de]Spendenaktionen in Burkina Faso[:en]Donations[:fr]Actions au Burkina Faso[:] - Woka-Kuma Deutschland e.V.\",\"isPartOf\":{\"@id\":\"https:\\\/\\\/woka-kuma.de\\\/#website\"},\"datePublished\":\"2020-05-25T16:46:21+00:00\",\"dateModified\":\"2025-12-22T11:57:52+00:00\",\"breadcrumb\":{\"@id\":\"https:\\\/\\\/woka-kuma.de\\\/projekte\\\/spendenaktionen\\\/#breadcrumb\"},\"inLanguage\":\"fr-FR\",\"potentialAction\":[{\"@type\":\"ReadAction\",\"target\":[\"https:\\\/\\\/woka-kuma.de\\\/projekte\\\/spendenaktionen\\\/\"]}]},{\"@type\":\"BreadcrumbList\",\"@id\":\"https:\\\/\\\/woka-kuma.de\\\/projekte\\\/spendenaktionen\\\/#breadcrumb\",\"itemListElement\":[{\"@type\":\"ListItem\",\"position\":1,\"name\":\"Startseite\",\"item\":\"https:\\\/\\\/woka-kuma.de\\\/\"},{\"@type\":\"ListItem\",\"position\":2,\"name\":\"Projekte\",\"item\":\"https:\\\/\\\/woka-kuma.de\\\/projekte\\\/\"},{\"@type\":\"ListItem\",\"position\":3,\"name\":\"Spendenaktionen in Burkina Faso\"}]},{\"@type\":\"WebSite\",\"@id\":\"https:\\\/\\\/woka-kuma.de\\\/#website\",\"url\":\"https:\\\/\\\/woka-kuma.de\\\/\",\"name\":\"Woka-Kuma Deutschland e.V.\",\"description\":\"\",\"publisher\":{\"@id\":\"https:\\\/\\\/woka-kuma.de\\\/#organization\"},\"potentialAction\":[{\"@type\":\"SearchAction\",\"target\":{\"@type\":\"EntryPoint\",\"urlTemplate\":\"https:\\\/\\\/woka-kuma.de\\\/?s={search_term_string}\"},\"query-input\":{\"@type\":\"PropertyValueSpecification\",\"valueRequired\":true,\"valueName\":\"search_term_string\"}}],\"inLanguage\":\"fr-FR\"},{\"@type\":\"Organization\",\"@id\":\"https:\\\/\\\/woka-kuma.de\\\/#organization\",\"name\":\"Woka-Kuma Deutschland e.V.\",\"url\":\"https:\\\/\\\/woka-kuma.de\\\/\",\"logo\":{\"@type\":\"ImageObject\",\"inLanguage\":\"fr-FR\",\"@id\":\"https:\\\/\\\/woka-kuma.de\\\/#\\\/schema\\\/logo\\\/image\\\/\",\"url\":\"https:\\\/\\\/woka-kuma.de\\\/wp-content\\\/uploads\\\/2020\\\/07\\\/Logo-Verein-2020-rund.png\",\"contentUrl\":\"https:\\\/\\\/woka-kuma.de\\\/wp-content\\\/uploads\\\/2020\\\/07\\\/Logo-Verein-2020-rund.png\",\"width\":1920,\"height\":1918,\"caption\":\"Woka-Kuma Deutschland e.V.\"},\"image\":{\"@id\":\"https:\\\/\\\/woka-kuma.de\\\/#\\\/schema\\\/logo\\\/image\\\/\"}}]}<\/script>\n<!-- \/ Yoast SEO plugin. -->","yoast_head_json":{"title":"[:de]Spendenaktionen in Burkina Faso[:en]Donations[:fr]Actions au Burkina Faso[:] - Woka-Kuma Deutschland e.V.","robots":{"index":"index","follow":"follow","max-snippet":"max-snippet:-1","max-image-preview":"max-image-preview:large","max-video-preview":"max-video-preview:-1"},"canonical":"https:\/\/woka-kuma.de\/projekte\/spendenaktionen\/","og_locale":"fr_FR","og_type":"article","og_title":"[:de]Spendenaktionen in Burkina Faso[:en]Donations[:fr]Actions au Burkina Faso[:] - Woka-Kuma Deutschland e.V.","og_description":"Au cours des derni\u00e8res ann\u00e9es, nous avons \u00e9t\u00e9 particuli\u00e8rement actifs dans les domaines de la sant\u00e9, du sport et de l&rsquo;\u00e9ducation. Ainsi, le dispensaire du quartier de Kiri a \u00e9t\u00e9 enti\u00e8rement r\u00e9nov\u00e9, Tout cela n&rsquo;a \u00e9t\u00e9 possible que gr\u00e2ce \u00e0 votre soutien ! Cette ann\u00e9e, nous souhaitons nous consacrer \u00e0 un projet qui nous tient [&hellip;]","og_url":"https:\/\/woka-kuma.de\/projekte\/spendenaktionen\/","og_site_name":"Woka-Kuma Deutschland e.V.","article_modified_time":"2025-12-22T11:57:52+00:00","twitter_card":"summary_large_image","twitter_misc":{"Dur\u00e9e de lecture estim\u00e9e":"3 minutes"},"schema":{"@context":"https:\/\/schema.org","@graph":[{"@type":"WebPage","@id":"https:\/\/woka-kuma.de\/projekte\/spendenaktionen\/","url":"https:\/\/woka-kuma.de\/projekte\/spendenaktionen\/","name":"[:de]Spendenaktionen in Burkina Faso[:en]Donations[:fr]Actions au Burkina Faso[:] - Woka-Kuma Deutschland e.V.","isPartOf":{"@id":"https:\/\/woka-kuma.de\/#website"},"datePublished":"2020-05-25T16:46:21+00:00","dateModified":"2025-12-22T11:57:52+00:00","breadcrumb":{"@id":"https:\/\/woka-kuma.de\/projekte\/spendenaktionen\/#breadcrumb"},"inLanguage":"fr-FR","potentialAction":[{"@type":"ReadAction","target":["https:\/\/woka-kuma.de\/projekte\/spendenaktionen\/"]}]},{"@type":"BreadcrumbList","@id":"https:\/\/woka-kuma.de\/projekte\/spendenaktionen\/#breadcrumb","itemListElement":[{"@type":"ListItem","position":1,"name":"Startseite","item":"https:\/\/woka-kuma.de\/"},{"@type":"ListItem","position":2,"name":"Projekte","item":"https:\/\/woka-kuma.de\/projekte\/"},{"@type":"ListItem","position":3,"name":"Spendenaktionen in Burkina Faso"}]},{"@type":"WebSite","@id":"https:\/\/woka-kuma.de\/#website","url":"https:\/\/woka-kuma.de\/","name":"Woka-Kuma Deutschland e.V.","description":"","publisher":{"@id":"https:\/\/woka-kuma.de\/#organization"},"potentialAction":[{"@type":"SearchAction","target":{"@type":"EntryPoint","urlTemplate":"https:\/\/woka-kuma.de\/?s={search_term_string}"},"query-input":{"@type":"PropertyValueSpecification","valueRequired":true,"valueName":"search_term_string"}}],"inLanguage":"fr-FR"},{"@type":"Organization","@id":"https:\/\/woka-kuma.de\/#organization","name":"Woka-Kuma Deutschland e.V.","url":"https:\/\/woka-kuma.de\/","logo":{"@type":"ImageObject","inLanguage":"fr-FR","@id":"https:\/\/woka-kuma.de\/#\/schema\/logo\/image\/","url":"https:\/\/woka-kuma.de\/wp-content\/uploads\/2020\/07\/Logo-Verein-2020-rund.png","contentUrl":"https:\/\/woka-kuma.de\/wp-content\/uploads\/2020\/07\/Logo-Verein-2020-rund.png","width":1920,"height":1918,"caption":"Woka-Kuma Deutschland e.V."},"image":{"@id":"https:\/\/woka-kuma.de\/#\/schema\/logo\/image\/"}}]}},"_links":{"self":[{"href":"https:\/\/woka-kuma.de\/fr\/wp-json\/wp\/v2\/pages\/839","targetHints":{"allow":["GET"]}}],"collection":[{"href":"https:\/\/woka-kuma.de\/fr\/wp-json\/wp\/v2\/pages"}],"about":[{"href":"https:\/\/woka-kuma.de\/fr\/wp-json\/wp\/v2\/types\/page"}],"author":[{"embeddable":true,"href":"https:\/\/woka-kuma.de\/fr\/wp-json\/wp\/v2\/users\/4"}],"replies":[{"embeddable":true,"href":"https:\/\/woka-kuma.de\/fr\/wp-json\/wp\/v2\/comments?post=839"}],"version-history":[{"count":53,"href":"https:\/\/woka-kuma.de\/fr\/wp-json\/wp\/v2\/pages\/839\/revisions"}],"predecessor-version":[{"id":2116,"href":"https:\/\/woka-kuma.de\/fr\/wp-json\/wp\/v2\/pages\/839\/revisions\/2116"}],"up":[{"embeddable":true,"href":"https:\/\/woka-kuma.de\/fr\/wp-json\/wp\/v2\/pages\/106"}],"wp:attachment":[{"href":"https:\/\/woka-kuma.de\/fr\/wp-json\/wp\/v2\/media?parent=839"}],"curies":[{"name":"wp","href":"https:\/\/api.w.org\/{rel}","templated":true}]}}