{"id":718,"date":"2019-08-06T20:22:36","date_gmt":"2019-08-06T20:22:36","guid":{"rendered":"https:\/\/woka-kuma.de\/?page_id=718"},"modified":"2022-08-09T09:02:47","modified_gmt":"2022-08-09T09:02:47","slug":"27-09-diskussionabend","status":"publish","type":"page","link":"https:\/\/woka-kuma.de\/fr\/wokakuma-festival\/festival-2019\/27-09-diskussionabend\/","title":{"rendered":"27.09. Diskussionabend"},"content":{"rendered":"<p><strong>\u00a0Diskussionabend:<\/strong><\/p>\n<p style=\"text-align: center;\"><strong>\u00ab\u00a0Darstellung der Frau als K\u00fcnstlerin auf den B\u00fchnen der Welt\u00a0\u00bb\u00a0<\/strong><\/p>\n<p style=\"text-align: center;\"><strong>Erfahrungsaustausch zwischen Burkina Faso und Deutschland und Diskussion <\/strong><strong>mit Mai Lingani und Jarita Freydank<\/strong><\/p>\n<p style=\"text-align: center;\">Moderation : Zina Eberlein<\/p>\n<p><strong>Freitag, 27.09. um 18 Uhr<br \/>\n<\/strong>im Info-Caf\u00e9 Berlin-Paris, Molkenmarkt 1, 10179 Berlin<br \/>\nEintritt frei<\/p>\n<p><a href=\"https:\/\/woka-kuma.de\/wp-content\/uploads\/2019\/11\/74889330_3107955365944239_4107460268081020928_o.jpg\"><img decoding=\"async\" class=\"wp-image-782 \" src=\"https:\/\/woka-kuma.de\/wp-content\/uploads\/2019\/11\/74889330_3107955365944239_4107460268081020928_o.jpg\" alt=\"\" width=\"373\" height=\"289\" \/><\/a><\/p>\n<p>Am 27.09.2019 gab es im Info Caf\u00e9 Paris Berlin einen moderierten Diskussionsabend zu dem Thema \u201e Frauen als K\u00fcnstlerinnen auf den B\u00fchnen der Welt- Erfahrungen und Austausch zwischen Burkina Faso und Deutschland mit Mai Lingani und Jarita Freydank \u201c. Mai Lingani, selbst Pr\u00e4sidentin des Vereins f\u00fcr weibliche K\u00fcnstlerinnen in Burkina Faso (ABFAM), Jarita Freydank, Musikerin und Percussionistin, seit langer Zeit in Berlin aktiv, teilten ihre Erfahrungen aus ihrem jeweiligen Land. Er\u00f6ffnet wurde dieser durch den diesj\u00e4hrigen Schirmherrn Dr. Karamba Diaby, MdB . In der Diskussion wurden allgemeine Statements zu \u201eIch als K\u00fcnstlerin- in einer m\u00e4nnlich dominierten Welt\u201c gesammelt, dabei bekamen beide Referentinnen die Chance ihre eigenen Lebensrealit\u00e4ten darzustellen. Durch die Diskussion wurde deutlich , dass es teilweise gesellschaftliche Unterschiede gibt, wie Frauen in der Gesellschaft Chancen geboten werden, S\u00e4ngerin zu werden, aber es auch Gemeinsamkeiten gibt, vor allem in dem Kampf der Anerkennung der Frau auf der B\u00fchne als ernstzunehmende K\u00fcnstlerin in ihrem Beruf und nicht als Unterhaltungsobjekt. Ebenfalls wurde festgestellt dass es oftmals in beiden L\u00e4ndern immer noch an positivem Medienecho und Repr\u00e4sentation in Medien fehlt, damit junge Frauen sich empowert f\u00fchlen, diesen Berufsweg einzuschlagen. Nach der Diskussion des Panels wurde der Raum ge\u00f6ffnet f\u00fcr Fragen und Kommentare aus dem Publikum. Nach dem Raum zur offenen Begegnung bei einem kleinen Empfang mit afrikanischem Buffet und alkoholfreien Getr\u00e4nken, kam es zu dem musikalischem Auftritt von Jarita Freydank,zu dem Mai Lingani und Jarita Freydank sich auch gemeinsam auf der B\u00fchne wiederfanden, was ihre Musik und Message noch einmal unterstreichen konnte. Dabei war die Veranstaltung ein voller Erfolg: die ca. 50 Besucher*innen hatten die M\u00f6glichkeit etwas neues \u00fcber die Situation von weiblichen K\u00fcnstler*innen im internationalen Kontext zu erfahren. 82% aller Besucher*innen geben an, dass das Festival ihnen Lust gemacht hat, sich mehr in die Richtung zu engagieren, wie z.B. nach Burkina Faso zu reisen, zum n\u00e4chsten Festival zu kommen oder Menschen kennen zu lernen. Dieses Interesse bildet den Grundstein und die Basis f\u00fcr zuk\u00fcnftige Projekte und Ann\u00e4herungen, die Basis f\u00fcr Begegnungen in der deutsch burkinischen Community. Diese Veranstaltung fand statt in Kooperation mit dem InfoCaf\u00e9 Berlin Paris und durch die F\u00f6rderung von der Landesstelle f\u00fcr Entwicklungszusammenarbeit.<\/p>\n<h3>Mai Lingani<\/h3>\n<figure id=\"attachment_619\" class=\"wp-caption alignright\"><a href=\"https:\/\/woka-kuma.de\/wp-content\/uploads\/2019\/06\/60116708_2137026969729620_3315709555601571840_n.jpg\"><img decoding=\"async\" class=\" wp-image-619\" src=\"https:\/\/woka-kuma.de\/wp-content\/uploads\/2019\/06\/60116708_2137026969729620_3315709555601571840_n-288x300.jpg\" alt=\"\" width=\"219\" height=\"215\" \/><\/a><figcaption class=\"wp-caption-text\">Ma\u00ef Lingani<\/figcaption><\/figure>\n<p>Mai Lingani\u00a0ist S\u00e4ngerin, Komponistin und T\u00e4nzerin aus Burkina Faso. Sie ist die Pr\u00e4sidentin von der \u201eAssociation burkinab\u00e9 des femmes artistes musiciennes\u201c \u2013 des \u201eVerein der weiblichen K\u00fcnstlerinnen\/ Musikerinnen in Burkina Faso\u201c (ABFAM).<\/p>\n<p>&nbsp;<\/p>\n<p>&nbsp;<\/p>\n<h3>Jarita Freydank<\/h3>\n<figure id=\"attachment_672\" class=\"wp-caption alignright\"><a href=\"https:\/\/woka-kuma.de\/wp-content\/uploads\/2019\/07\/Jarita-Freydank-by-Danny-Jungslund.jpg\"><img decoding=\"async\" class=\" wp-image-672\" src=\"https:\/\/woka-kuma.de\/wp-content\/uploads\/2019\/07\/Jarita-Freydank-by-Danny-Jungslund-300x300.jpg\" sizes=\"(max-width: 248px) 100vw, 248px\" srcset=\"https:\/\/woka-kuma.de\/wp-content\/uploads\/2019\/07\/Jarita-Freydank-by-Danny-Jungslund-300x300.jpg 300w, https:\/\/woka-kuma.de\/wp-content\/uploads\/2019\/07\/Jarita-Freydank-by-Danny-Jungslund-150x150.jpg 150w, https:\/\/woka-kuma.de\/wp-content\/uploads\/2019\/07\/Jarita-Freydank-by-Danny-Jungslund-768x768.jpg 768w, https:\/\/woka-kuma.de\/wp-content\/uploads\/2019\/07\/Jarita-Freydank-by-Danny-Jungslund.jpg 960w\" alt=\"\" width=\"248\" height=\"248\" \/><\/a><figcaption class=\"wp-caption-text\">Jarita Freydank by Danny Jungslund<\/figcaption><\/figure>\n<p>Jarita Freydank ist Schlagzeugerin und S\u00e4ngerin, lebt in Berlin und gr\u00fcndete 2018 das FEM JAM COLLECTIVE, eine Plattform um Frauen im Musikbusiness zu unterst\u00fctzen und zu empowern.<strong>\u00a0Diskussionabend:<\/strong><\/p>\n<p style=\"text-align: center;\"><strong>\u00ab\u00a0Darstellung der Frau als K\u00fcnstlerin auf den B\u00fchnen der Welt\u00a0\u00bb\u00a0<\/strong><\/p>\n<p style=\"text-align: center;\"><strong>Erfahrungsaustausch zwischen Burkina Faso und Deutschland und Diskussion <\/strong><strong>mit Mai Lingani und Jarita Freydank<\/strong><\/p>\n<p style=\"text-align: center;\">Moderation : Zina Eberlein<\/p>\n<p><strong>Freitag, 27.09. um 18 Uhr<br \/>\n<\/strong>im Info-Caf\u00e9 Berlin-Paris, Molkenmarkt 1, 10179 Berlin<br \/>\nEintritt frei<\/p>\n<p><a href=\"https:\/\/woka-kuma.de\/wp-content\/uploads\/2019\/11\/74889330_3107955365944239_4107460268081020928_o.jpg\"><img decoding=\"async\" class=\"wp-image-782 \" src=\"https:\/\/woka-kuma.de\/wp-content\/uploads\/2019\/11\/74889330_3107955365944239_4107460268081020928_o.jpg\" alt=\"\" width=\"373\" height=\"289\" \/><\/a><\/p>\n<p>Am 27.09.2019 gab es im Info Caf\u00e9 Paris Berlin einen moderierten Diskussionsabend zu dem Thema \u201e Frauen als K\u00fcnstlerinnen auf den B\u00fchnen der Welt- Erfahrungen und Austausch zwischen Burkina Faso und Deutschland mit Mai Lingani und Jarita Freydank \u201c. Mai Lingani, selbst Pr\u00e4sidentin des Vereins f\u00fcr weibliche K\u00fcnstlerinnen in Burkina Faso (ABFAM), Jarita Freydank, Musikerin und Percussionistin, seit langer Zeit in Berlin aktiv, teilten ihre Erfahrungen aus ihrem jeweiligen Land. Er\u00f6ffnet wurde dieser durch den diesj\u00e4hrigen Schirmherrn Dr. Karamba Diaby, MdB . In der Diskussion wurden allgemeine Statements zu \u201eIch als K\u00fcnstlerin- in einer m\u00e4nnlich dominierten Welt\u201c gesammelt, dabei bekamen beide Referentinnen die Chance ihre eigenen Lebensrealit\u00e4ten darzustellen. Durch die Diskussion wurde deutlich , dass es teilweise gesellschaftliche Unterschiede gibt, wie Frauen in der Gesellschaft Chancen geboten werden, S\u00e4ngerin zu werden, aber es auch Gemeinsamkeiten gibt, vor allem in dem Kampf der Anerkennung der Frau auf der B\u00fchne als ernstzunehmende K\u00fcnstlerin in ihrem Beruf und nicht als Unterhaltungsobjekt. Ebenfalls wurde festgestellt dass es oftmals in beiden L\u00e4ndern immer noch an positivem Medienecho und Repr\u00e4sentation in Medien fehlt, damit junge Frauen sich empowert f\u00fchlen, diesen Berufsweg einzuschlagen. Nach der Diskussion des Panels wurde der Raum ge\u00f6ffnet f\u00fcr Fragen und Kommentare aus dem Publikum. Nach dem Raum zur offenen Begegnung bei einem kleinen Empfang mit afrikanischem Buffet und alkoholfreien Getr\u00e4nken, kam es zu dem musikalischem Auftritt von Jarita Freydank,zu dem Mai Lingani und Jarita Freydank sich auch gemeinsam auf der B\u00fchne wiederfanden, was ihre Musik und Message noch einmal unterstreichen konnte. Dabei war die Veranstaltung ein voller Erfolg: die ca. 50 Besucher*innen hatten die M\u00f6glichkeit etwas neues \u00fcber die Situation von weiblichen K\u00fcnstler*innen im internationalen Kontext zu erfahren. 82% aller Besucher*innen geben an, dass das Festival ihnen Lust gemacht hat, sich mehr in die Richtung zu engagieren, wie z.B. nach Burkina Faso zu reisen, zum n\u00e4chsten Festival zu kommen oder Menschen kennen zu lernen. Dieses Interesse bildet den Grundstein und die Basis f\u00fcr zuk\u00fcnftige Projekte und Ann\u00e4herungen, die Basis f\u00fcr Begegnungen in der deutsch burkinischen Community. Diese Veranstaltung fand statt in Kooperation mit dem InfoCaf\u00e9 Berlin Paris und durch die F\u00f6rderung von der Landesstelle f\u00fcr Entwicklungszusammenarbeit.<\/p>\n<h3>Mai Lingani<\/h3>\n<figure id=\"attachment_619\" class=\"wp-caption alignright\"><a href=\"https:\/\/woka-kuma.de\/wp-content\/uploads\/2019\/06\/60116708_2137026969729620_3315709555601571840_n.jpg\"><img decoding=\"async\" class=\" wp-image-619\" src=\"https:\/\/woka-kuma.de\/wp-content\/uploads\/2019\/06\/60116708_2137026969729620_3315709555601571840_n-288x300.jpg\" alt=\"\" width=\"219\" height=\"215\" \/><\/a><figcaption class=\"wp-caption-text\">Ma\u00ef Lingani<\/figcaption><\/figure>\n<p>Mai Lingani\u00a0ist S\u00e4ngerin, Komponistin und T\u00e4nzerin aus Burkina Faso. Sie ist die Pr\u00e4sidentin von der \u201eAssociation burkinab\u00e9 des femmes artistes musiciennes\u201c \u2013 des \u201eVerein der weiblichen K\u00fcnstlerinnen\/ Musikerinnen in Burkina Faso\u201c (ABFAM).<\/p>\n<p>&nbsp;<\/p>\n<p>&nbsp;<\/p>\n<h3>Jarita Freydank<\/h3>\n<figure id=\"attachment_672\" class=\"wp-caption alignright\"><a href=\"https:\/\/woka-kuma.de\/wp-content\/uploads\/2019\/07\/Jarita-Freydank-by-Danny-Jungslund.jpg\"><img decoding=\"async\" class=\" wp-image-672\" src=\"https:\/\/woka-kuma.de\/wp-content\/uploads\/2019\/07\/Jarita-Freydank-by-Danny-Jungslund-300x300.jpg\" sizes=\"(max-width: 248px) 100vw, 248px\" srcset=\"https:\/\/woka-kuma.de\/wp-content\/uploads\/2019\/07\/Jarita-Freydank-by-Danny-Jungslund-300x300.jpg 300w, https:\/\/woka-kuma.de\/wp-content\/uploads\/2019\/07\/Jarita-Freydank-by-Danny-Jungslund-150x150.jpg 150w, https:\/\/woka-kuma.de\/wp-content\/uploads\/2019\/07\/Jarita-Freydank-by-Danny-Jungslund-768x768.jpg 768w, https:\/\/woka-kuma.de\/wp-content\/uploads\/2019\/07\/Jarita-Freydank-by-Danny-Jungslund.jpg 960w\" alt=\"\" width=\"248\" height=\"248\" \/><\/a><figcaption class=\"wp-caption-text\">Jarita Freydank by Danny Jungslund<\/figcaption><\/figure>\n<p>Jarita Freydank ist Schlagzeugerin und S\u00e4ngerin, lebt in Berlin und gr\u00fcndete 2018 das FEM JAM COLLECTIVE, eine Plattform um Frauen im Musikbusiness zu unterst\u00fctzen und zu empowern.<\/p>","protected":false},"excerpt":{"rendered":"<p>\u00a0Diskussionabend: \u00ab\u00a0Darstellung der Frau als K\u00fcnstlerin auf den B\u00fchnen der Welt\u00a0\u00bb\u00a0 Erfahrungsaustausch zwischen Burkina Faso und Deutschland und Diskussion mit Mai Lingani und Jarita Freydank Moderation : Zina Eberlein Freitag, 27.09. um 18 Uhr im Info-Caf\u00e9 Berlin-Paris, Molkenmarkt 1, 10179 Berlin Eintritt frei Am 27.09.2019 gab es im Info Caf\u00e9 Paris Berlin einen moderierten Diskussionsabend [&hellip;]<\/p>\n","protected":false},"author":4,"featured_media":0,"parent":597,"menu_order":0,"comment_status":"closed","ping_status":"closed","template":"templates\/template-full-width.php","meta":{"footnotes":""},"class_list":["post-718","page","type-page","status-publish","hentry"],"yoast_head":"<!-- This site is optimized with the Yoast SEO plugin v27.3 - https:\/\/yoast.com\/product\/yoast-seo-wordpress\/ -->\n<title>27.09. Diskussionabend - Woka-Kuma Deutschland e.V.<\/title>\n<meta name=\"robots\" content=\"index, follow, max-snippet:-1, max-image-preview:large, max-video-preview:-1\" \/>\n<link rel=\"canonical\" href=\"https:\/\/woka-kuma.de\/wokakuma-festival\/festival-2019\/27-09-diskussionabend\/\" \/>\n<meta property=\"og:locale\" content=\"fr_FR\" \/>\n<meta property=\"og:type\" content=\"article\" \/>\n<meta property=\"og:title\" content=\"27.09. Diskussionabend - Woka-Kuma Deutschland e.V.\" \/>\n<meta property=\"og:description\" content=\"\u00a0Diskussionabend: \u00ab\u00a0Darstellung der Frau als K\u00fcnstlerin auf den B\u00fchnen der Welt\u00a0\u00bb\u00a0 Erfahrungsaustausch zwischen Burkina Faso und Deutschland und Diskussion mit Mai Lingani und Jarita Freydank Moderation : Zina Eberlein Freitag, 27.09. um 18 Uhr im Info-Caf\u00e9 Berlin-Paris, Molkenmarkt 1, 10179 Berlin Eintritt frei Am 27.09.2019 gab es im Info Caf\u00e9 Paris Berlin einen moderierten Diskussionsabend [&hellip;]\" \/>\n<meta property=\"og:url\" content=\"https:\/\/woka-kuma.de\/wokakuma-festival\/festival-2019\/27-09-diskussionabend\/\" \/>\n<meta property=\"og:site_name\" content=\"Woka-Kuma Deutschland e.V.\" \/>\n<meta property=\"article:modified_time\" content=\"2022-08-09T09:02:47+00:00\" \/>\n<meta property=\"og:image\" content=\"https:\/\/woka-kuma.de\/wp-content\/uploads\/2019\/11\/74889330_3107955365944239_4107460268081020928_o.jpg\" \/>\n<meta name=\"twitter:card\" content=\"summary_large_image\" \/>\n<meta name=\"twitter:label1\" content=\"Dur\u00e9e de lecture estim\u00e9e\" \/>\n\t<meta name=\"twitter:data1\" content=\"8 minutes\" \/>\n<script type=\"application\/ld+json\" class=\"yoast-schema-graph\">{\"@context\":\"https:\\\/\\\/schema.org\",\"@graph\":[{\"@type\":\"WebPage\",\"@id\":\"https:\\\/\\\/woka-kuma.de\\\/wokakuma-festival\\\/festival-2019\\\/27-09-diskussionabend\\\/\",\"url\":\"https:\\\/\\\/woka-kuma.de\\\/wokakuma-festival\\\/festival-2019\\\/27-09-diskussionabend\\\/\",\"name\":\"27.09. Diskussionabend - Woka-Kuma Deutschland e.V.\",\"isPartOf\":{\"@id\":\"https:\\\/\\\/woka-kuma.de\\\/#website\"},\"primaryImageOfPage\":{\"@id\":\"https:\\\/\\\/woka-kuma.de\\\/wokakuma-festival\\\/festival-2019\\\/27-09-diskussionabend\\\/#primaryimage\"},\"image\":{\"@id\":\"https:\\\/\\\/woka-kuma.de\\\/wokakuma-festival\\\/festival-2019\\\/27-09-diskussionabend\\\/#primaryimage\"},\"thumbnailUrl\":\"https:\\\/\\\/woka-kuma.de\\\/wp-content\\\/uploads\\\/2019\\\/11\\\/74889330_3107955365944239_4107460268081020928_o.jpg\",\"datePublished\":\"2019-08-06T20:22:36+00:00\",\"dateModified\":\"2022-08-09T09:02:47+00:00\",\"breadcrumb\":{\"@id\":\"https:\\\/\\\/woka-kuma.de\\\/wokakuma-festival\\\/festival-2019\\\/27-09-diskussionabend\\\/#breadcrumb\"},\"inLanguage\":\"fr-FR\",\"potentialAction\":[{\"@type\":\"ReadAction\",\"target\":[\"https:\\\/\\\/woka-kuma.de\\\/wokakuma-festival\\\/festival-2019\\\/27-09-diskussionabend\\\/\"]}]},{\"@type\":\"ImageObject\",\"inLanguage\":\"fr-FR\",\"@id\":\"https:\\\/\\\/woka-kuma.de\\\/wokakuma-festival\\\/festival-2019\\\/27-09-diskussionabend\\\/#primaryimage\",\"url\":\"https:\\\/\\\/woka-kuma.de\\\/wp-content\\\/uploads\\\/2019\\\/11\\\/74889330_3107955365944239_4107460268081020928_o.jpg\",\"contentUrl\":\"https:\\\/\\\/woka-kuma.de\\\/wp-content\\\/uploads\\\/2019\\\/11\\\/74889330_3107955365944239_4107460268081020928_o.jpg\"},{\"@type\":\"BreadcrumbList\",\"@id\":\"https:\\\/\\\/woka-kuma.de\\\/wokakuma-festival\\\/festival-2019\\\/27-09-diskussionabend\\\/#breadcrumb\",\"itemListElement\":[{\"@type\":\"ListItem\",\"position\":1,\"name\":\"Startseite\",\"item\":\"https:\\\/\\\/woka-kuma.de\\\/\"},{\"@type\":\"ListItem\",\"position\":2,\"name\":\"Woka Kuma Festival\",\"item\":\"https:\\\/\\\/woka-kuma.de\\\/wokakuma-festival\\\/\"},{\"@type\":\"ListItem\",\"position\":3,\"name\":\"Festival 2019\",\"item\":\"https:\\\/\\\/woka-kuma.de\\\/wokakuma-festival\\\/festival-2019\\\/\"},{\"@type\":\"ListItem\",\"position\":4,\"name\":\"27.09. Diskussionabend\"}]},{\"@type\":\"WebSite\",\"@id\":\"https:\\\/\\\/woka-kuma.de\\\/#website\",\"url\":\"https:\\\/\\\/woka-kuma.de\\\/\",\"name\":\"Woka-Kuma Deutschland e.V.\",\"description\":\"\",\"publisher\":{\"@id\":\"https:\\\/\\\/woka-kuma.de\\\/#organization\"},\"potentialAction\":[{\"@type\":\"SearchAction\",\"target\":{\"@type\":\"EntryPoint\",\"urlTemplate\":\"https:\\\/\\\/woka-kuma.de\\\/?s={search_term_string}\"},\"query-input\":{\"@type\":\"PropertyValueSpecification\",\"valueRequired\":true,\"valueName\":\"search_term_string\"}}],\"inLanguage\":\"fr-FR\"},{\"@type\":\"Organization\",\"@id\":\"https:\\\/\\\/woka-kuma.de\\\/#organization\",\"name\":\"Woka-Kuma Deutschland e.V.\",\"url\":\"https:\\\/\\\/woka-kuma.de\\\/\",\"logo\":{\"@type\":\"ImageObject\",\"inLanguage\":\"fr-FR\",\"@id\":\"https:\\\/\\\/woka-kuma.de\\\/#\\\/schema\\\/logo\\\/image\\\/\",\"url\":\"https:\\\/\\\/woka-kuma.de\\\/wp-content\\\/uploads\\\/2020\\\/07\\\/Logo-Verein-2020-rund.png\",\"contentUrl\":\"https:\\\/\\\/woka-kuma.de\\\/wp-content\\\/uploads\\\/2020\\\/07\\\/Logo-Verein-2020-rund.png\",\"width\":1920,\"height\":1918,\"caption\":\"Woka-Kuma Deutschland e.V.\"},\"image\":{\"@id\":\"https:\\\/\\\/woka-kuma.de\\\/#\\\/schema\\\/logo\\\/image\\\/\"}}]}<\/script>\n<!-- \/ Yoast SEO plugin. -->","yoast_head_json":{"title":"27.09. Diskussionabend - Woka-Kuma Deutschland e.V.","robots":{"index":"index","follow":"follow","max-snippet":"max-snippet:-1","max-image-preview":"max-image-preview:large","max-video-preview":"max-video-preview:-1"},"canonical":"https:\/\/woka-kuma.de\/wokakuma-festival\/festival-2019\/27-09-diskussionabend\/","og_locale":"fr_FR","og_type":"article","og_title":"27.09. Diskussionabend - Woka-Kuma Deutschland e.V.","og_description":"\u00a0Diskussionabend: \u00ab\u00a0Darstellung der Frau als K\u00fcnstlerin auf den B\u00fchnen der Welt\u00a0\u00bb\u00a0 Erfahrungsaustausch zwischen Burkina Faso und Deutschland und Diskussion mit Mai Lingani und Jarita Freydank Moderation : Zina Eberlein Freitag, 27.09. um 18 Uhr im Info-Caf\u00e9 Berlin-Paris, Molkenmarkt 1, 10179 Berlin Eintritt frei Am 27.09.2019 gab es im Info Caf\u00e9 Paris Berlin einen moderierten Diskussionsabend [&hellip;]","og_url":"https:\/\/woka-kuma.de\/wokakuma-festival\/festival-2019\/27-09-diskussionabend\/","og_site_name":"Woka-Kuma Deutschland e.V.","article_modified_time":"2022-08-09T09:02:47+00:00","og_image":[{"url":"https:\/\/woka-kuma.de\/wp-content\/uploads\/2019\/11\/74889330_3107955365944239_4107460268081020928_o.jpg","type":"","width":"","height":""}],"twitter_card":"summary_large_image","twitter_misc":{"Dur\u00e9e de lecture estim\u00e9e":"8 minutes"},"schema":{"@context":"https:\/\/schema.org","@graph":[{"@type":"WebPage","@id":"https:\/\/woka-kuma.de\/wokakuma-festival\/festival-2019\/27-09-diskussionabend\/","url":"https:\/\/woka-kuma.de\/wokakuma-festival\/festival-2019\/27-09-diskussionabend\/","name":"27.09. Diskussionabend - Woka-Kuma Deutschland e.V.","isPartOf":{"@id":"https:\/\/woka-kuma.de\/#website"},"primaryImageOfPage":{"@id":"https:\/\/woka-kuma.de\/wokakuma-festival\/festival-2019\/27-09-diskussionabend\/#primaryimage"},"image":{"@id":"https:\/\/woka-kuma.de\/wokakuma-festival\/festival-2019\/27-09-diskussionabend\/#primaryimage"},"thumbnailUrl":"https:\/\/woka-kuma.de\/wp-content\/uploads\/2019\/11\/74889330_3107955365944239_4107460268081020928_o.jpg","datePublished":"2019-08-06T20:22:36+00:00","dateModified":"2022-08-09T09:02:47+00:00","breadcrumb":{"@id":"https:\/\/woka-kuma.de\/wokakuma-festival\/festival-2019\/27-09-diskussionabend\/#breadcrumb"},"inLanguage":"fr-FR","potentialAction":[{"@type":"ReadAction","target":["https:\/\/woka-kuma.de\/wokakuma-festival\/festival-2019\/27-09-diskussionabend\/"]}]},{"@type":"ImageObject","inLanguage":"fr-FR","@id":"https:\/\/woka-kuma.de\/wokakuma-festival\/festival-2019\/27-09-diskussionabend\/#primaryimage","url":"https:\/\/woka-kuma.de\/wp-content\/uploads\/2019\/11\/74889330_3107955365944239_4107460268081020928_o.jpg","contentUrl":"https:\/\/woka-kuma.de\/wp-content\/uploads\/2019\/11\/74889330_3107955365944239_4107460268081020928_o.jpg"},{"@type":"BreadcrumbList","@id":"https:\/\/woka-kuma.de\/wokakuma-festival\/festival-2019\/27-09-diskussionabend\/#breadcrumb","itemListElement":[{"@type":"ListItem","position":1,"name":"Startseite","item":"https:\/\/woka-kuma.de\/"},{"@type":"ListItem","position":2,"name":"Woka Kuma Festival","item":"https:\/\/woka-kuma.de\/wokakuma-festival\/"},{"@type":"ListItem","position":3,"name":"Festival 2019","item":"https:\/\/woka-kuma.de\/wokakuma-festival\/festival-2019\/"},{"@type":"ListItem","position":4,"name":"27.09. Diskussionabend"}]},{"@type":"WebSite","@id":"https:\/\/woka-kuma.de\/#website","url":"https:\/\/woka-kuma.de\/","name":"Woka-Kuma Deutschland e.V.","description":"","publisher":{"@id":"https:\/\/woka-kuma.de\/#organization"},"potentialAction":[{"@type":"SearchAction","target":{"@type":"EntryPoint","urlTemplate":"https:\/\/woka-kuma.de\/?s={search_term_string}"},"query-input":{"@type":"PropertyValueSpecification","valueRequired":true,"valueName":"search_term_string"}}],"inLanguage":"fr-FR"},{"@type":"Organization","@id":"https:\/\/woka-kuma.de\/#organization","name":"Woka-Kuma Deutschland e.V.","url":"https:\/\/woka-kuma.de\/","logo":{"@type":"ImageObject","inLanguage":"fr-FR","@id":"https:\/\/woka-kuma.de\/#\/schema\/logo\/image\/","url":"https:\/\/woka-kuma.de\/wp-content\/uploads\/2020\/07\/Logo-Verein-2020-rund.png","contentUrl":"https:\/\/woka-kuma.de\/wp-content\/uploads\/2020\/07\/Logo-Verein-2020-rund.png","width":1920,"height":1918,"caption":"Woka-Kuma Deutschland e.V."},"image":{"@id":"https:\/\/woka-kuma.de\/#\/schema\/logo\/image\/"}}]}},"_links":{"self":[{"href":"https:\/\/woka-kuma.de\/fr\/wp-json\/wp\/v2\/pages\/718","targetHints":{"allow":["GET"]}}],"collection":[{"href":"https:\/\/woka-kuma.de\/fr\/wp-json\/wp\/v2\/pages"}],"about":[{"href":"https:\/\/woka-kuma.de\/fr\/wp-json\/wp\/v2\/types\/page"}],"author":[{"embeddable":true,"href":"https:\/\/woka-kuma.de\/fr\/wp-json\/wp\/v2\/users\/4"}],"replies":[{"embeddable":true,"href":"https:\/\/woka-kuma.de\/fr\/wp-json\/wp\/v2\/comments?post=718"}],"version-history":[{"count":8,"href":"https:\/\/woka-kuma.de\/fr\/wp-json\/wp\/v2\/pages\/718\/revisions"}],"predecessor-version":[{"id":1739,"href":"https:\/\/woka-kuma.de\/fr\/wp-json\/wp\/v2\/pages\/718\/revisions\/1739"}],"up":[{"embeddable":true,"href":"https:\/\/woka-kuma.de\/fr\/wp-json\/wp\/v2\/pages\/597"}],"wp:attachment":[{"href":"https:\/\/woka-kuma.de\/fr\/wp-json\/wp\/v2\/media?parent=718"}],"curies":[{"name":"wp","href":"https:\/\/api.w.org\/{rel}","templated":true}]}}