{"id":613,"date":"2019-06-10T12:07:21","date_gmt":"2019-06-10T12:07:21","guid":{"rendered":"https:\/\/woka-kuma.de\/?page_id=613"},"modified":"2022-08-09T08:54:55","modified_gmt":"2022-08-09T08:54:55","slug":"tanz-und-trommelworkshop","status":"publish","type":"page","link":"https:\/\/woka-kuma.de\/fr\/wokakuma-festival\/festival-2019\/tanz-und-trommelworkshop\/","title":{"rendered":"Stage de danse et de percussions"},"content":{"rendered":"<p><strong>Stage de danse \u00ab\u00a0les danses traditionnelles du Burkina Faso\u00a0\u00bb<br \/>\navec Yayi Ouattara et Reggae Ouattara (Katouma Danse)<\/strong><\/p>\n<p>Le samedi et dimanche 29 \/ 09 et 29 \/ 09 de 10h \u00e0 16 h il y avait des<br \/>\nstages de percussion et danse traditionelle pour des adultes au GrooveZentrum f\u00fcr Percussion. Les artistes burkinab\u00e9 Reggae Ouattara et Yayi<br \/>\nOuattara ont anim\u00e9 des cours de danse pour des debutants et avanc\u00e9s<br \/>\naccompagn\u00e9 par live musique de Solo Diabat\u00e9 et Baba Diarra. Solo Diabat\u00e9 a<br \/>\n\u00e9galement anim\u00e9 un stage des Djemb\u00e9s pour des personnes interess\u00e9s.<\/p>\n<p>Samedi 28 septembre<a href=\"https:\/\/woka-kuma.de\/wp-content\/uploads\/2019\/07\/Yahi-Ouattara.jpg\"><img decoding=\"async\" class=\"size-medium wp-image-690 alignright\" src=\"https:\/\/woka-kuma.de\/wp-content\/uploads\/2019\/07\/Yahi-Ouattara-300x196.jpg\" alt=\"\" width=\"300\" height=\"196\" srcset=\"https:\/\/woka-kuma.de\/wp-content\/uploads\/2019\/07\/Yahi-Ouattara-300x196.jpg 300w, https:\/\/woka-kuma.de\/wp-content\/uploads\/2019\/07\/Yahi-Ouattara-768x501.jpg 768w, https:\/\/woka-kuma.de\/wp-content\/uploads\/2019\/07\/Yahi-Ouattara.jpg 960w\" sizes=\"(max-width: 300px) 100vw, 300px\" \/><\/a><br \/>\nD\u00e9butant.e.s avec Yayi Ouattara <strong>:<\/strong> 12h00 \u00e0 13h45<br \/>\nAvanc\u00e9.e.s avec Reggae Ouattara (Katouma Danse) : 14h00 \u00e0 16h00<\/p>\n<p>Dimanche 29 septembre<br \/>\nD\u00e9butant.e.s avec Yayi Ouattara <strong>:<\/strong> 12h00 \u00e0 13h45<br \/>\nAvanc\u00e9.e.s avec Reggae Ouattara (Katouma Danse) : 14h00 \u00e0 16h00<a href=\"https:\/\/woka-kuma.de\/wp-content\/uploads\/2019\/07\/10348645_10152415811656108_350961521772029398_o.jpg\"><img decoding=\"async\" class=\"size-medium wp-image-687 alignright\" src=\"https:\/\/woka-kuma.de\/wp-content\/uploads\/2019\/07\/10348645_10152415811656108_350961521772029398_o-300x199.jpg\" alt=\"\" width=\"300\" height=\"199\" srcset=\"https:\/\/woka-kuma.de\/wp-content\/uploads\/2019\/07\/10348645_10152415811656108_350961521772029398_o-300x199.jpg 300w, https:\/\/woka-kuma.de\/wp-content\/uploads\/2019\/07\/10348645_10152415811656108_350961521772029398_o-768x510.jpg 768w, https:\/\/woka-kuma.de\/wp-content\/uploads\/2019\/07\/10348645_10152415811656108_350961521772029398_o-1024x680.jpg 1024w, https:\/\/woka-kuma.de\/wp-content\/uploads\/2019\/07\/10348645_10152415811656108_350961521772029398_o.jpg 2048w\" sizes=\"(max-width: 300px) 100vw, 300px\" \/><\/a><\/p>\n<p><b>Tarifs<\/b>: 1 cours : 30 \u20ac, 2 cours : 55\u20ac, 3 cours : 75 \u20ac, 4 cours : 90\u20ac.<\/p>\n<p>&nbsp;<\/p>\n<p>&nbsp;<\/p>\n<p>&nbsp;<\/p>\n<p><strong>Stage de Percussions avec Petit Solo Diabat\u00e9<\/strong><\/p>\n<p>Tous niveaux<br \/>\nSamedi 28 septembre de 10h30 \u00e0 12h00<br \/>\nDimanche 29 septembre de 10h3 \u00e0 12h00<\/p>\n<p><strong>Tarifs :<\/strong> 1 cours : 25 \u20ac, 2 cours\u00a0 : 40\u20ac<\/p>\n<p>&nbsp;<\/p>\n<p style=\"text-align: center;\"><strong>Inscriptions :<br \/>\n<\/strong>Par email \u00e0\u00a0 wokakuma1@gmail.com<strong><br \/>\n<\/strong>Paiement sur place, uniquement en esp\u00e8ce<\/p>\n<p style=\"text-align: center;\"><strong>Lieu :<br \/>\n<\/strong>GROOVE<br \/>\nNeuk\u00f6llnische Allee 6-8,<br \/>\n12057 Berlin<\/p>\n<p>\u00a0<\/p>","protected":false},"excerpt":{"rendered":"<p>Stage de danse \u00ab\u00a0les danses traditionnelles du Burkina Faso\u00a0\u00bb avec Yayi Ouattara et Reggae Ouattara (Katouma Danse) Le samedi et dimanche 29 \/ 09 et 29 \/ 09 de 10h \u00e0 16 h il y avait des stages de percussion et danse traditionelle pour des adultes au GrooveZentrum f\u00fcr Percussion. Les artistes burkinab\u00e9 Reggae Ouattara [&hellip;]<\/p>\n","protected":false},"author":4,"featured_media":0,"parent":597,"menu_order":0,"comment_status":"closed","ping_status":"closed","template":"templates\/template-full-width.php","meta":{"footnotes":""},"class_list":["post-613","page","type-page","status-publish","hentry"],"yoast_head":"<!-- This site is optimized with the Yoast SEO plugin v27.4 - https:\/\/yoast.com\/product\/yoast-seo-wordpress\/ -->\n<title>Stage de danse et de percussions - Woka-Kuma Deutschland e.V.<\/title>\n<meta name=\"robots\" content=\"index, follow, max-snippet:-1, max-image-preview:large, max-video-preview:-1\" \/>\n<link rel=\"canonical\" href=\"https:\/\/woka-kuma.de\/wokakuma-festival\/festival-2019\/tanz-und-trommelworkshop\/\" \/>\n<meta property=\"og:locale\" content=\"fr_FR\" \/>\n<meta property=\"og:type\" content=\"article\" \/>\n<meta property=\"og:title\" content=\"[:de]Tanz- und Trommelworkshop[:en]Dance and Drums workshop[:fr]Stage de danse et de percussions[:] - Woka-Kuma Deutschland e.V.\" \/>\n<meta property=\"og:description\" content=\"Stage de danse \u00ab\u00a0les danses traditionnelles du Burkina Faso\u00a0\u00bb avec Yayi Ouattara et Reggae Ouattara (Katouma Danse) Le samedi et dimanche 29 \/ 09 et 29 \/ 09 de 10h \u00e0 16 h il y avait des stages de percussion et danse traditionelle pour des adultes au GrooveZentrum f\u00fcr Percussion. Les artistes burkinab\u00e9 Reggae Ouattara [&hellip;]\" \/>\n<meta property=\"og:url\" content=\"https:\/\/woka-kuma.de\/wokakuma-festival\/festival-2019\/tanz-und-trommelworkshop\/\" \/>\n<meta property=\"og:site_name\" content=\"Woka-Kuma Deutschland e.V.\" \/>\n<meta property=\"article:modified_time\" content=\"2022-08-09T08:54:55+00:00\" \/>\n<meta property=\"og:image\" content=\"https:\/\/woka-kuma.de\/wp-content\/uploads\/2019\/07\/10348645_10152415811656108_350961521772029398_o-300x199.jpg\" \/>\n<meta name=\"twitter:card\" content=\"summary_large_image\" \/>\n<meta name=\"twitter:label1\" content=\"Dur\u00e9e de lecture estim\u00e9e\" \/>\n\t<meta name=\"twitter:data1\" content=\"12 minutes\" \/>\n<script type=\"application\/ld+json\" class=\"yoast-schema-graph\">{\"@context\":\"https:\\\/\\\/schema.org\",\"@graph\":[{\"@type\":\"WebPage\",\"@id\":\"https:\\\/\\\/woka-kuma.de\\\/wokakuma-festival\\\/festival-2019\\\/tanz-und-trommelworkshop\\\/\",\"url\":\"https:\\\/\\\/woka-kuma.de\\\/wokakuma-festival\\\/festival-2019\\\/tanz-und-trommelworkshop\\\/\",\"name\":\"[:de]Tanz- und Trommelworkshop[:en]Dance and Drums workshop[:fr]Stage de danse et de percussions[:] - Woka-Kuma Deutschland e.V.\",\"isPartOf\":{\"@id\":\"https:\\\/\\\/woka-kuma.de\\\/#website\"},\"primaryImageOfPage\":{\"@id\":\"https:\\\/\\\/woka-kuma.de\\\/wokakuma-festival\\\/festival-2019\\\/tanz-und-trommelworkshop\\\/#primaryimage\"},\"image\":{\"@id\":\"https:\\\/\\\/woka-kuma.de\\\/wokakuma-festival\\\/festival-2019\\\/tanz-und-trommelworkshop\\\/#primaryimage\"},\"thumbnailUrl\":\"https:\\\/\\\/woka-kuma.de\\\/wp-content\\\/uploads\\\/2019\\\/07\\\/10348645_10152415811656108_350961521772029398_o-300x199.jpg\",\"datePublished\":\"2019-06-10T12:07:21+00:00\",\"dateModified\":\"2022-08-09T08:54:55+00:00\",\"breadcrumb\":{\"@id\":\"https:\\\/\\\/woka-kuma.de\\\/wokakuma-festival\\\/festival-2019\\\/tanz-und-trommelworkshop\\\/#breadcrumb\"},\"inLanguage\":\"fr-FR\",\"potentialAction\":[{\"@type\":\"ReadAction\",\"target\":[\"https:\\\/\\\/woka-kuma.de\\\/wokakuma-festival\\\/festival-2019\\\/tanz-und-trommelworkshop\\\/\"]}]},{\"@type\":\"ImageObject\",\"inLanguage\":\"fr-FR\",\"@id\":\"https:\\\/\\\/woka-kuma.de\\\/wokakuma-festival\\\/festival-2019\\\/tanz-und-trommelworkshop\\\/#primaryimage\",\"url\":\"https:\\\/\\\/woka-kuma.de\\\/wp-content\\\/uploads\\\/2019\\\/07\\\/10348645_10152415811656108_350961521772029398_o-300x199.jpg\",\"contentUrl\":\"https:\\\/\\\/woka-kuma.de\\\/wp-content\\\/uploads\\\/2019\\\/07\\\/10348645_10152415811656108_350961521772029398_o-300x199.jpg\"},{\"@type\":\"BreadcrumbList\",\"@id\":\"https:\\\/\\\/woka-kuma.de\\\/wokakuma-festival\\\/festival-2019\\\/tanz-und-trommelworkshop\\\/#breadcrumb\",\"itemListElement\":[{\"@type\":\"ListItem\",\"position\":1,\"name\":\"Startseite\",\"item\":\"https:\\\/\\\/woka-kuma.de\\\/\"},{\"@type\":\"ListItem\",\"position\":2,\"name\":\"Woka Kuma Festival\",\"item\":\"https:\\\/\\\/woka-kuma.de\\\/wokakuma-festival\\\/\"},{\"@type\":\"ListItem\",\"position\":3,\"name\":\"Festival 2019\",\"item\":\"https:\\\/\\\/woka-kuma.de\\\/wokakuma-festival\\\/festival-2019\\\/\"},{\"@type\":\"ListItem\",\"position\":4,\"name\":\"Tanz- und Trommelworkshop\"}]},{\"@type\":\"WebSite\",\"@id\":\"https:\\\/\\\/woka-kuma.de\\\/#website\",\"url\":\"https:\\\/\\\/woka-kuma.de\\\/\",\"name\":\"Woka-Kuma Deutschland e.V.\",\"description\":\"\",\"publisher\":{\"@id\":\"https:\\\/\\\/woka-kuma.de\\\/#organization\"},\"potentialAction\":[{\"@type\":\"SearchAction\",\"target\":{\"@type\":\"EntryPoint\",\"urlTemplate\":\"https:\\\/\\\/woka-kuma.de\\\/?s={search_term_string}\"},\"query-input\":{\"@type\":\"PropertyValueSpecification\",\"valueRequired\":true,\"valueName\":\"search_term_string\"}}],\"inLanguage\":\"fr-FR\"},{\"@type\":\"Organization\",\"@id\":\"https:\\\/\\\/woka-kuma.de\\\/#organization\",\"name\":\"Woka-Kuma Deutschland e.V.\",\"url\":\"https:\\\/\\\/woka-kuma.de\\\/\",\"logo\":{\"@type\":\"ImageObject\",\"inLanguage\":\"fr-FR\",\"@id\":\"https:\\\/\\\/woka-kuma.de\\\/#\\\/schema\\\/logo\\\/image\\\/\",\"url\":\"https:\\\/\\\/woka-kuma.de\\\/wp-content\\\/uploads\\\/2020\\\/07\\\/Logo-Verein-2020-rund.png\",\"contentUrl\":\"https:\\\/\\\/woka-kuma.de\\\/wp-content\\\/uploads\\\/2020\\\/07\\\/Logo-Verein-2020-rund.png\",\"width\":1920,\"height\":1918,\"caption\":\"Woka-Kuma Deutschland e.V.\"},\"image\":{\"@id\":\"https:\\\/\\\/woka-kuma.de\\\/#\\\/schema\\\/logo\\\/image\\\/\"}}]}<\/script>\n<!-- \/ Yoast SEO plugin. -->","yoast_head_json":{"title":"[:de]Tanz- und Trommelworkshop[:en]Dance and Drums workshop[:fr]Stage de danse et de percussions[:] - Woka-Kuma Deutschland e.V.","robots":{"index":"index","follow":"follow","max-snippet":"max-snippet:-1","max-image-preview":"max-image-preview:large","max-video-preview":"max-video-preview:-1"},"canonical":"https:\/\/woka-kuma.de\/wokakuma-festival\/festival-2019\/tanz-und-trommelworkshop\/","og_locale":"fr_FR","og_type":"article","og_title":"[:de]Tanz- und Trommelworkshop[:en]Dance and Drums workshop[:fr]Stage de danse et de percussions[:] - Woka-Kuma Deutschland e.V.","og_description":"Stage de danse \u00ab\u00a0les danses traditionnelles du Burkina Faso\u00a0\u00bb avec Yayi Ouattara et Reggae Ouattara (Katouma Danse) Le samedi et dimanche 29 \/ 09 et 29 \/ 09 de 10h \u00e0 16 h il y avait des stages de percussion et danse traditionelle pour des adultes au GrooveZentrum f\u00fcr Percussion. Les artistes burkinab\u00e9 Reggae Ouattara [&hellip;]","og_url":"https:\/\/woka-kuma.de\/wokakuma-festival\/festival-2019\/tanz-und-trommelworkshop\/","og_site_name":"Woka-Kuma Deutschland e.V.","article_modified_time":"2022-08-09T08:54:55+00:00","og_image":[{"url":"https:\/\/woka-kuma.de\/wp-content\/uploads\/2019\/07\/10348645_10152415811656108_350961521772029398_o-300x199.jpg","type":"","width":"","height":""}],"twitter_card":"summary_large_image","twitter_misc":{"Dur\u00e9e de lecture estim\u00e9e":"12 minutes"},"schema":{"@context":"https:\/\/schema.org","@graph":[{"@type":"WebPage","@id":"https:\/\/woka-kuma.de\/wokakuma-festival\/festival-2019\/tanz-und-trommelworkshop\/","url":"https:\/\/woka-kuma.de\/wokakuma-festival\/festival-2019\/tanz-und-trommelworkshop\/","name":"[:de]Tanz- und Trommelworkshop[:en]Dance and Drums workshop[:fr]Stage de danse et de percussions[:] - Woka-Kuma Deutschland e.V.","isPartOf":{"@id":"https:\/\/woka-kuma.de\/#website"},"primaryImageOfPage":{"@id":"https:\/\/woka-kuma.de\/wokakuma-festival\/festival-2019\/tanz-und-trommelworkshop\/#primaryimage"},"image":{"@id":"https:\/\/woka-kuma.de\/wokakuma-festival\/festival-2019\/tanz-und-trommelworkshop\/#primaryimage"},"thumbnailUrl":"https:\/\/woka-kuma.de\/wp-content\/uploads\/2019\/07\/10348645_10152415811656108_350961521772029398_o-300x199.jpg","datePublished":"2019-06-10T12:07:21+00:00","dateModified":"2022-08-09T08:54:55+00:00","breadcrumb":{"@id":"https:\/\/woka-kuma.de\/wokakuma-festival\/festival-2019\/tanz-und-trommelworkshop\/#breadcrumb"},"inLanguage":"fr-FR","potentialAction":[{"@type":"ReadAction","target":["https:\/\/woka-kuma.de\/wokakuma-festival\/festival-2019\/tanz-und-trommelworkshop\/"]}]},{"@type":"ImageObject","inLanguage":"fr-FR","@id":"https:\/\/woka-kuma.de\/wokakuma-festival\/festival-2019\/tanz-und-trommelworkshop\/#primaryimage","url":"https:\/\/woka-kuma.de\/wp-content\/uploads\/2019\/07\/10348645_10152415811656108_350961521772029398_o-300x199.jpg","contentUrl":"https:\/\/woka-kuma.de\/wp-content\/uploads\/2019\/07\/10348645_10152415811656108_350961521772029398_o-300x199.jpg"},{"@type":"BreadcrumbList","@id":"https:\/\/woka-kuma.de\/wokakuma-festival\/festival-2019\/tanz-und-trommelworkshop\/#breadcrumb","itemListElement":[{"@type":"ListItem","position":1,"name":"Startseite","item":"https:\/\/woka-kuma.de\/"},{"@type":"ListItem","position":2,"name":"Woka Kuma Festival","item":"https:\/\/woka-kuma.de\/wokakuma-festival\/"},{"@type":"ListItem","position":3,"name":"Festival 2019","item":"https:\/\/woka-kuma.de\/wokakuma-festival\/festival-2019\/"},{"@type":"ListItem","position":4,"name":"Tanz- und Trommelworkshop"}]},{"@type":"WebSite","@id":"https:\/\/woka-kuma.de\/#website","url":"https:\/\/woka-kuma.de\/","name":"Woka-Kuma Deutschland e.V.","description":"","publisher":{"@id":"https:\/\/woka-kuma.de\/#organization"},"potentialAction":[{"@type":"SearchAction","target":{"@type":"EntryPoint","urlTemplate":"https:\/\/woka-kuma.de\/?s={search_term_string}"},"query-input":{"@type":"PropertyValueSpecification","valueRequired":true,"valueName":"search_term_string"}}],"inLanguage":"fr-FR"},{"@type":"Organization","@id":"https:\/\/woka-kuma.de\/#organization","name":"Woka-Kuma Deutschland e.V.","url":"https:\/\/woka-kuma.de\/","logo":{"@type":"ImageObject","inLanguage":"fr-FR","@id":"https:\/\/woka-kuma.de\/#\/schema\/logo\/image\/","url":"https:\/\/woka-kuma.de\/wp-content\/uploads\/2020\/07\/Logo-Verein-2020-rund.png","contentUrl":"https:\/\/woka-kuma.de\/wp-content\/uploads\/2020\/07\/Logo-Verein-2020-rund.png","width":1920,"height":1918,"caption":"Woka-Kuma Deutschland e.V."},"image":{"@id":"https:\/\/woka-kuma.de\/#\/schema\/logo\/image\/"}}]}},"_links":{"self":[{"href":"https:\/\/woka-kuma.de\/fr\/wp-json\/wp\/v2\/pages\/613","targetHints":{"allow":["GET"]}}],"collection":[{"href":"https:\/\/woka-kuma.de\/fr\/wp-json\/wp\/v2\/pages"}],"about":[{"href":"https:\/\/woka-kuma.de\/fr\/wp-json\/wp\/v2\/types\/page"}],"author":[{"embeddable":true,"href":"https:\/\/woka-kuma.de\/fr\/wp-json\/wp\/v2\/users\/4"}],"replies":[{"embeddable":true,"href":"https:\/\/woka-kuma.de\/fr\/wp-json\/wp\/v2\/comments?post=613"}],"version-history":[{"count":27,"href":"https:\/\/woka-kuma.de\/fr\/wp-json\/wp\/v2\/pages\/613\/revisions"}],"predecessor-version":[{"id":1734,"href":"https:\/\/woka-kuma.de\/fr\/wp-json\/wp\/v2\/pages\/613\/revisions\/1734"}],"up":[{"embeddable":true,"href":"https:\/\/woka-kuma.de\/fr\/wp-json\/wp\/v2\/pages\/597"}],"wp:attachment":[{"href":"https:\/\/woka-kuma.de\/fr\/wp-json\/wp\/v2\/media?parent=613"}],"curies":[{"name":"wp","href":"https:\/\/api.w.org\/{rel}","templated":true}]}}