{"id":6,"date":"2016-06-01T07:39:15","date_gmt":"2016-06-01T07:39:15","guid":{"rendered":"https:\/\/woka-kuma.de\/?page_id=6"},"modified":"2026-03-11T23:06:45","modified_gmt":"2026-03-11T23:06:45","slug":"woka-kuma-deutschland-wilkommen","status":"publish","type":"page","link":"https:\/\/woka-kuma.de\/fr\/","title":{"rendered":"Bienvenue"},"content":{"rendered":"<p><\/p>\n<h2 style=\"text-align: center;\"><strong>Bienvenue sur le site de l&rsquo;association Woka Kuma Deutschland<\/strong><\/h2>\n<figure id=\"attachment_557\" aria-describedby=\"caption-attachment-557\" style=\"width: 640px\" class=\"wp-caption alignnone\"><a href=\"https:\/\/woka-kuma.de\/wp-content\/uploads\/2019\/04\/52789752_287716218562850_3599997276329607168_n-1.jpg\"><img decoding=\"async\" class=\"wp-image-557 size-full\" src=\"https:\/\/woka-kuma.de\/wp-content\/uploads\/2019\/04\/52789752_287716218562850_3599997276329607168_n-1.jpg\" alt=\"\" width=\"640\" height=\"311\" srcset=\"https:\/\/woka-kuma.de\/wp-content\/uploads\/2019\/04\/52789752_287716218562850_3599997276329607168_n-1.jpg 640w, https:\/\/woka-kuma.de\/wp-content\/uploads\/2019\/04\/52789752_287716218562850_3599997276329607168_n-1-300x146.jpg 300w\" sizes=\"(max-width: 640px) 100vw, 640px\" \/><\/a><figcaption id=\"caption-attachment-557\" class=\"wp-caption-text\">L&rsquo;association Woka Kuma Deutschland au Burkina Faso 2019<\/figcaption><\/figure>\n<p>Nous avons pu mener \u00e0 bien une collecte de fonds au dispensaire de Belleville \u00e0 Bobo Dioulasso &#8211; nous remercions tous nos donateurs* et soutiens* qui ont rendu cela possible ! <a href=\"https:\/\/woka-kuma.de\/projekte\/spendenaktionen\/\">Pour en savoir plus, cliquez ici.<\/a><\/p>\n<p>Si vous voulez en savoir plus sur le voyage de notre d\u00e9l\u00e9gation \u00e0 Bobo Dioulasso cette ann\u00e9e, la visite du FESTICO s ( festival culturel \u00e0 Bobo), visitez la page du rapport FESTICO.<\/p>\n<p>L&rsquo;ann\u00e9e prochaine aussi, nous lancerons une collecte de fonds pour les besoins de Bobo Dioulasso &#8211; nous sommes reconnaissants pour toute contribution :<\/p>\n<p>Toute somme pour un soutien \u00e0 la population locale est la bienvenue sur le compte de l&rsquo;association avec la mention \u00ab Don Burkina Faso \u00bb.<\/p>\n<p>Notre campagne annuelle de collecte de fonds en faveur de notre organisation partenaire, l&rsquo;Association Woka Kuma Burkina Faso \u00e0 Bobo Dioulasso, aura \u00e9galement lieu cette ann\u00e9e. L&rsquo;association s&rsquo;est fix\u00e9 des objectifs tels que la promotion de l&rsquo;\u00e9ducation et des soins de sant\u00e9. Nous sommes heureux de chaque contribution, qu&rsquo;elle soit petite ou grande.<\/p>\n<div id=\"metaslider-id-1034\" style=\"max-width: 500px;\" class=\"ml-slider-3-107-0 metaslider metaslider-flex metaslider-1034 ml-slider ms-theme-cubic nav-hidden nav-hidden\" role=\"region\" aria-label=\"Spendenaktion 2020\" data-height=\"500\" data-width=\"500\">\n    <div id=\"metaslider_container_1034\">\n        <div id=\"metaslider_1034\">\n            <ul class='slides'>\n                <li style=\"display: block; width: 100%;\" class=\"slide-1036 ms-image \" aria-roledescription=\"slide\" data-date=\"2021-02-07 16:31:53\" data-filename=\"Wolokoto-4-scaled-500x500.jpg\" data-slide-type=\"image\"><img decoding=\"async\" src=\"https:\/\/woka-kuma.de\/wp-content\/uploads\/2021\/02\/Wolokoto-4-scaled-500x500.jpg\" height=\"500\" width=\"500\" alt=\"\" class=\"slider-1034 slide-1036 msDefaultImage\" title=\"Wolokoto 4\" \/><div class=\"caption-wrap\"><div class=\"caption\">Krankenhausbetten Geburtsstation 2019\n<\/div><\/div><\/li>\n                <li style=\"display: none; width: 100%;\" class=\"slide-1037 ms-image \" aria-roledescription=\"slide\" data-date=\"2021-02-07 16:32:08\" data-filename=\"Wolokoto-5-scaled-500x500.jpg\" data-slide-type=\"image\"><img decoding=\"async\" src=\"https:\/\/woka-kuma.de\/wp-content\/uploads\/2021\/02\/Wolokoto-5-scaled-500x500.jpg\" height=\"500\" width=\"500\" alt=\"\" class=\"slider-1034 slide-1037 msDefaultImage\" title=\"Wolokoto 5\" \/><div class=\"caption-wrap\"><div class=\"caption\">Krankenhaus Wolokoto 2019\n<\/div><\/div><\/li>\n                <li style=\"display: none; width: 100%;\" class=\"slide-1038 ms-image \" aria-roledescription=\"slide\" data-date=\"2021-02-07 16:32:35\" data-filename=\"IMG-20200315-WA0022-500x500.jpg\" data-slide-type=\"image\"><img decoding=\"async\" src=\"https:\/\/woka-kuma.de\/wp-content\/uploads\/2020\/05\/IMG-20200315-WA0022-500x500.jpg\" height=\"500\" width=\"500\" alt=\"\" class=\"slider-1034 slide-1038 msDefaultImage\" title=\"IMG-20200315-WA0022\" \/><div class=\"caption-wrap\"><div class=\"caption\">Gruppenfoto CSPS Wolokoto<\/div><\/div><\/li>\n                <li style=\"display: none; width: 100%;\" class=\"slide-1046 ms-image \" aria-roledescription=\"slide\" data-date=\"2021-02-07 16:41:30\" data-filename=\"20200303_095933-500x500.jpg\" data-slide-type=\"image\"><img decoding=\"async\" src=\"https:\/\/woka-kuma.de\/wp-content\/uploads\/2021\/02\/20200303_095933-500x500.jpg\" height=\"500\" width=\"500\" alt=\"\" class=\"slider-1034 slide-1046 msDefaultImage\" title=\"20200303_095933\" \/><div class=\"caption-wrap\"><div class=\"caption\">Neues Geburtsbett Wolokoto 2020\n<\/div><\/div><\/li>\n                <li style=\"display: none; width: 100%;\" class=\"slide-1047 ms-image \" aria-roledescription=\"slide\" data-date=\"2021-02-07 16:41:48\" data-filename=\"20200303_100032-500x500.jpg\" data-slide-type=\"image\"><img decoding=\"async\" src=\"https:\/\/woka-kuma.de\/wp-content\/uploads\/2021\/02\/20200303_100032-500x500.jpg\" height=\"500\" width=\"500\" alt=\"\" class=\"slider-1034 slide-1047 msDefaultImage\" title=\"20200303_100032\" \/><div class=\"caption-wrap\"><div class=\"caption\">Neue Ausstattung Krankenhaus 2020<\/div><\/div><\/li>\n                <li style=\"display: none; width: 100%;\" class=\"slide-1048 ms-image \" aria-roledescription=\"slide\" data-date=\"2021-02-07 16:42:21\" data-filename=\"20200303_095852-500x500.jpg\" data-slide-type=\"image\"><img decoding=\"async\" src=\"https:\/\/woka-kuma.de\/wp-content\/uploads\/2021\/02\/20200303_095852-500x500.jpg\" height=\"500\" width=\"500\" alt=\"\" class=\"slider-1034 slide-1048 msDefaultImage\" title=\"20200303_095852\" \/><div class=\"caption-wrap\"><div class=\"caption\">Neues Geburtsbett 2020<\/div><\/div><\/li>\n                <li style=\"display: none; width: 100%;\" class=\"slide-1049 ms-image \" aria-roledescription=\"slide\" data-date=\"2021-02-07 16:42:52\" data-filename=\"20200303_100336-500x500.jpg\" data-slide-type=\"image\"><img decoding=\"async\" src=\"https:\/\/woka-kuma.de\/wp-content\/uploads\/2021\/02\/20200303_100336-500x500.jpg\" height=\"500\" width=\"500\" alt=\"\" class=\"slider-1034 slide-1049 msDefaultImage\" title=\"20200303_100336\" \/><div class=\"caption-wrap\"><div class=\"caption\">Krankenhaus Wolokoto 2020<\/div><\/div><\/li>\n            <\/ul>\n        <\/div>\n        \n    <\/div>\n<\/div>\n<p>Si vous connaissez \u00e9galement des personnes de votre entourage qui sont int\u00e9ress\u00e9es par notre engagement et qui souhaitent soutenir notre projet de dons, nous serions heureux de recevoir un retour d&rsquo;information ou un don sur le compte de notre association.<\/p>\n<p>Titulaire du compte : Woka-Kuma Deutschland e.V.<br \/>\nIBAN : DE11 1009 0000 2768 8690 09<br \/>\nBIC : BEVODEBB<\/p>\n<p>Objet : Donation Burkina Faso 2022<\/p>\n<p>&nbsp;<\/p>\n<p>&nbsp;<\/p>\n<p><strong>Woka Kuma Festival de Berlin est \u00e0 suivre<\/strong> <a href=\"https:\/\/woka-kuma.de\/wokakuma\/\">ici <\/a>ou sur <a href=\"https:\/\/www.facebook.com\/WokaKumaFestival\/\">Facebook<\/a><\/p>\n<p>&nbsp;<\/p>","protected":false},"excerpt":{"rendered":"<p>Bienvenue sur le site de l&rsquo;association Woka Kuma Deutschland Nous avons pu mener \u00e0 bien une collecte de fonds au dispensaire de Belleville \u00e0 Bobo Dioulasso &#8211; nous remercions tous nos donateurs* et soutiens* qui ont rendu cela possible ! Pour en savoir plus, cliquez ici. Si vous voulez en savoir plus sur le voyage [&hellip;]<\/p>\n","protected":false},"author":2,"featured_media":962,"parent":0,"menu_order":2,"comment_status":"closed","ping_status":"closed","template":"templates\/template-full-width.php","meta":{"footnotes":""},"class_list":["post-6","page","type-page","status-publish","has-post-thumbnail","hentry"],"yoast_head":"<!-- This site is optimized with the Yoast SEO plugin v27.3 - https:\/\/yoast.com\/product\/yoast-seo-wordpress\/ -->\n<title>Bienvenue Woka-Kuma Deutschland e.V. - Woka-Kuma Deutschland e.V.<\/title>\n<meta name=\"description\" content=\"Woka Kuma Deutschland e.V. Projekte in Burkina Faso Bobo Dioulasso Kulturaustausch\" \/>\n<meta name=\"robots\" content=\"index, follow, max-snippet:-1, max-image-preview:large, max-video-preview:-1\" \/>\n<link rel=\"canonical\" href=\"https:\/\/woka-kuma.de\/\" \/>\n<meta property=\"og:locale\" content=\"fr_FR\" \/>\n<meta property=\"og:type\" content=\"article\" \/>\n<meta property=\"og:title\" content=\"[:de]Willkommen[:en]Welcome[:fr]Bienvenue[:] Woka-Kuma Deutschland e.V. - Woka-Kuma Deutschland e.V.\" \/>\n<meta property=\"og:description\" content=\"Woka Kuma Deutschland e.V. Projekte in Burkina Faso Bobo Dioulasso Kulturaustausch\" \/>\n<meta property=\"og:url\" content=\"https:\/\/woka-kuma.de\/\" \/>\n<meta property=\"og:site_name\" content=\"Woka-Kuma Deutschland e.V.\" \/>\n<meta property=\"article:modified_time\" content=\"2026-03-11T23:06:45+00:00\" \/>\n<meta property=\"og:image\" content=\"https:\/\/woka-kuma.de\/wp-content\/uploads\/2020\/06\/startseite.png\" \/>\n\t<meta property=\"og:image:width\" content=\"838\" \/>\n\t<meta property=\"og:image:height\" content=\"612\" \/>\n\t<meta property=\"og:image:type\" content=\"image\/png\" \/>\n<meta name=\"twitter:card\" content=\"summary_large_image\" \/>\n<meta name=\"twitter:label1\" content=\"Dur\u00e9e de lecture estim\u00e9e\" \/>\n\t<meta name=\"twitter:data1\" content=\"2 minutes\" \/>\n<script type=\"application\/ld+json\" class=\"yoast-schema-graph\">{\"@context\":\"https:\\\/\\\/schema.org\",\"@graph\":[{\"@type\":\"WebPage\",\"@id\":\"https:\\\/\\\/woka-kuma.de\\\/\",\"url\":\"https:\\\/\\\/woka-kuma.de\\\/\",\"name\":\"[:de]Willkommen[:en]Welcome[:fr]Bienvenue[:] Woka-Kuma Deutschland e.V. - Woka-Kuma Deutschland e.V.\",\"isPartOf\":{\"@id\":\"https:\\\/\\\/woka-kuma.de\\\/#website\"},\"primaryImageOfPage\":{\"@id\":\"https:\\\/\\\/woka-kuma.de\\\/#primaryimage\"},\"image\":{\"@id\":\"https:\\\/\\\/woka-kuma.de\\\/#primaryimage\"},\"thumbnailUrl\":\"https:\\\/\\\/woka-kuma.de\\\/wp-content\\\/uploads\\\/2020\\\/06\\\/startseite.png\",\"datePublished\":\"2016-06-01T07:39:15+00:00\",\"dateModified\":\"2026-03-11T23:06:45+00:00\",\"description\":\"Woka Kuma Deutschland e.V. Projekte in Burkina Faso Bobo Dioulasso Kulturaustausch\",\"breadcrumb\":{\"@id\":\"https:\\\/\\\/woka-kuma.de\\\/#breadcrumb\"},\"inLanguage\":\"fr-FR\",\"potentialAction\":[{\"@type\":\"ReadAction\",\"target\":[\"https:\\\/\\\/woka-kuma.de\\\/\"]}]},{\"@type\":\"ImageObject\",\"inLanguage\":\"fr-FR\",\"@id\":\"https:\\\/\\\/woka-kuma.de\\\/#primaryimage\",\"url\":\"https:\\\/\\\/woka-kuma.de\\\/wp-content\\\/uploads\\\/2020\\\/06\\\/startseite.png\",\"contentUrl\":\"https:\\\/\\\/woka-kuma.de\\\/wp-content\\\/uploads\\\/2020\\\/06\\\/startseite.png\",\"width\":838,\"height\":612},{\"@type\":\"BreadcrumbList\",\"@id\":\"https:\\\/\\\/woka-kuma.de\\\/#breadcrumb\",\"itemListElement\":[{\"@type\":\"ListItem\",\"position\":1,\"name\":\"Startseite\",\"item\":\"https:\\\/\\\/woka-kuma.de\\\/\"},{\"@type\":\"ListItem\",\"position\":2,\"name\":\"Willkommen\"}]},{\"@type\":\"WebSite\",\"@id\":\"https:\\\/\\\/woka-kuma.de\\\/#website\",\"url\":\"https:\\\/\\\/woka-kuma.de\\\/\",\"name\":\"Woka-Kuma Deutschland e.V.\",\"description\":\"\",\"publisher\":{\"@id\":\"https:\\\/\\\/woka-kuma.de\\\/#organization\"},\"potentialAction\":[{\"@type\":\"SearchAction\",\"target\":{\"@type\":\"EntryPoint\",\"urlTemplate\":\"https:\\\/\\\/woka-kuma.de\\\/?s={search_term_string}\"},\"query-input\":{\"@type\":\"PropertyValueSpecification\",\"valueRequired\":true,\"valueName\":\"search_term_string\"}}],\"inLanguage\":\"fr-FR\"},{\"@type\":\"Organization\",\"@id\":\"https:\\\/\\\/woka-kuma.de\\\/#organization\",\"name\":\"Woka-Kuma Deutschland e.V.\",\"url\":\"https:\\\/\\\/woka-kuma.de\\\/\",\"logo\":{\"@type\":\"ImageObject\",\"inLanguage\":\"fr-FR\",\"@id\":\"https:\\\/\\\/woka-kuma.de\\\/#\\\/schema\\\/logo\\\/image\\\/\",\"url\":\"https:\\\/\\\/woka-kuma.de\\\/wp-content\\\/uploads\\\/2020\\\/07\\\/Logo-Verein-2020-rund.png\",\"contentUrl\":\"https:\\\/\\\/woka-kuma.de\\\/wp-content\\\/uploads\\\/2020\\\/07\\\/Logo-Verein-2020-rund.png\",\"width\":1920,\"height\":1918,\"caption\":\"Woka-Kuma Deutschland e.V.\"},\"image\":{\"@id\":\"https:\\\/\\\/woka-kuma.de\\\/#\\\/schema\\\/logo\\\/image\\\/\"}}]}<\/script>\n<!-- \/ Yoast SEO plugin. -->","yoast_head_json":{"title":"[:de]Willkommen[:en]Welcome[:fr]Bienvenue[:] Woka-Kuma Deutschland e.V. - Woka-Kuma Deutschland e.V.","description":"Woka Kuma Deutschland e.V. Projekte in Burkina Faso Bobo Dioulasso Kulturaustausch","robots":{"index":"index","follow":"follow","max-snippet":"max-snippet:-1","max-image-preview":"max-image-preview:large","max-video-preview":"max-video-preview:-1"},"canonical":"https:\/\/woka-kuma.de\/","og_locale":"fr_FR","og_type":"article","og_title":"[:de]Willkommen[:en]Welcome[:fr]Bienvenue[:] Woka-Kuma Deutschland e.V. - Woka-Kuma Deutschland e.V.","og_description":"Woka Kuma Deutschland e.V. Projekte in Burkina Faso Bobo Dioulasso Kulturaustausch","og_url":"https:\/\/woka-kuma.de\/","og_site_name":"Woka-Kuma Deutschland e.V.","article_modified_time":"2026-03-11T23:06:45+00:00","og_image":[{"width":838,"height":612,"url":"https:\/\/woka-kuma.de\/wp-content\/uploads\/2020\/06\/startseite.png","type":"image\/png"}],"twitter_card":"summary_large_image","twitter_misc":{"Dur\u00e9e de lecture estim\u00e9e":"2 minutes"},"schema":{"@context":"https:\/\/schema.org","@graph":[{"@type":"WebPage","@id":"https:\/\/woka-kuma.de\/","url":"https:\/\/woka-kuma.de\/","name":"[:de]Willkommen[:en]Welcome[:fr]Bienvenue[:] Woka-Kuma Deutschland e.V. - Woka-Kuma Deutschland e.V.","isPartOf":{"@id":"https:\/\/woka-kuma.de\/#website"},"primaryImageOfPage":{"@id":"https:\/\/woka-kuma.de\/#primaryimage"},"image":{"@id":"https:\/\/woka-kuma.de\/#primaryimage"},"thumbnailUrl":"https:\/\/woka-kuma.de\/wp-content\/uploads\/2020\/06\/startseite.png","datePublished":"2016-06-01T07:39:15+00:00","dateModified":"2026-03-11T23:06:45+00:00","description":"Woka Kuma Deutschland e.V. Projekte in Burkina Faso Bobo Dioulasso Kulturaustausch","breadcrumb":{"@id":"https:\/\/woka-kuma.de\/#breadcrumb"},"inLanguage":"fr-FR","potentialAction":[{"@type":"ReadAction","target":["https:\/\/woka-kuma.de\/"]}]},{"@type":"ImageObject","inLanguage":"fr-FR","@id":"https:\/\/woka-kuma.de\/#primaryimage","url":"https:\/\/woka-kuma.de\/wp-content\/uploads\/2020\/06\/startseite.png","contentUrl":"https:\/\/woka-kuma.de\/wp-content\/uploads\/2020\/06\/startseite.png","width":838,"height":612},{"@type":"BreadcrumbList","@id":"https:\/\/woka-kuma.de\/#breadcrumb","itemListElement":[{"@type":"ListItem","position":1,"name":"Startseite","item":"https:\/\/woka-kuma.de\/"},{"@type":"ListItem","position":2,"name":"Willkommen"}]},{"@type":"WebSite","@id":"https:\/\/woka-kuma.de\/#website","url":"https:\/\/woka-kuma.de\/","name":"Woka-Kuma Deutschland e.V.","description":"","publisher":{"@id":"https:\/\/woka-kuma.de\/#organization"},"potentialAction":[{"@type":"SearchAction","target":{"@type":"EntryPoint","urlTemplate":"https:\/\/woka-kuma.de\/?s={search_term_string}"},"query-input":{"@type":"PropertyValueSpecification","valueRequired":true,"valueName":"search_term_string"}}],"inLanguage":"fr-FR"},{"@type":"Organization","@id":"https:\/\/woka-kuma.de\/#organization","name":"Woka-Kuma Deutschland e.V.","url":"https:\/\/woka-kuma.de\/","logo":{"@type":"ImageObject","inLanguage":"fr-FR","@id":"https:\/\/woka-kuma.de\/#\/schema\/logo\/image\/","url":"https:\/\/woka-kuma.de\/wp-content\/uploads\/2020\/07\/Logo-Verein-2020-rund.png","contentUrl":"https:\/\/woka-kuma.de\/wp-content\/uploads\/2020\/07\/Logo-Verein-2020-rund.png","width":1920,"height":1918,"caption":"Woka-Kuma Deutschland e.V."},"image":{"@id":"https:\/\/woka-kuma.de\/#\/schema\/logo\/image\/"}}]}},"_links":{"self":[{"href":"https:\/\/woka-kuma.de\/fr\/wp-json\/wp\/v2\/pages\/6","targetHints":{"allow":["GET"]}}],"collection":[{"href":"https:\/\/woka-kuma.de\/fr\/wp-json\/wp\/v2\/pages"}],"about":[{"href":"https:\/\/woka-kuma.de\/fr\/wp-json\/wp\/v2\/types\/page"}],"author":[{"embeddable":true,"href":"https:\/\/woka-kuma.de\/fr\/wp-json\/wp\/v2\/users\/2"}],"replies":[{"embeddable":true,"href":"https:\/\/woka-kuma.de\/fr\/wp-json\/wp\/v2\/comments?post=6"}],"version-history":[{"count":212,"href":"https:\/\/woka-kuma.de\/fr\/wp-json\/wp\/v2\/pages\/6\/revisions"}],"predecessor-version":[{"id":2130,"href":"https:\/\/woka-kuma.de\/fr\/wp-json\/wp\/v2\/pages\/6\/revisions\/2130"}],"wp:featuredmedia":[{"embeddable":true,"href":"https:\/\/woka-kuma.de\/fr\/wp-json\/wp\/v2\/media\/962"}],"wp:attachment":[{"href":"https:\/\/woka-kuma.de\/fr\/wp-json\/wp\/v2\/media?parent=6"}],"curies":[{"name":"wp","href":"https:\/\/api.w.org\/{rel}","templated":true}]}}