{"id":597,"date":"2019-05-08T17:40:54","date_gmt":"2019-05-08T17:40:54","guid":{"rendered":"https:\/\/woka-kuma.de\/?page_id=597"},"modified":"2022-08-09T08:51:25","modified_gmt":"2022-08-09T08:51:25","slug":"festival-2019","status":"publish","type":"page","link":"https:\/\/woka-kuma.de\/fr\/wokakuma-festival\/festival-2019\/","title":{"rendered":"Festival 2019"},"content":{"rendered":"<p><\/p>\n<p style=\"text-align: center;\"><strong><span class=\"text_exposed_show\">\u00a026 au 29 septembre 2019 \u00e0 Berlin<br \/>\n<\/span><\/strong><strong><span class=\"text_exposed_show\">Rendez-vous \u00e0 la 5\u00e8me \u00e9dition du Festival Woka Kuma, pour l\u2019art et la culture du Burkina Faso\u00a0<\/span><\/strong><\/p>\n<p style=\"text-align: center;\"><a href=\"https:\/\/woka-kuma.de\/wp-content\/uploads\/2019\/08\/67889445_2891184244288020_6682297010323718144_n.jpg\"><img decoding=\"async\" class=\"alignnone size-medium wp-image-725\" src=\"https:\/\/woka-kuma.de\/wp-content\/uploads\/2019\/08\/67889445_2891184244288020_6682297010323718144_n-300x168.jpg\" alt=\"\" width=\"300\" height=\"168\" srcset=\"https:\/\/woka-kuma.de\/wp-content\/uploads\/2019\/08\/67889445_2891184244288020_6682297010323718144_n-300x168.jpg 300w, https:\/\/woka-kuma.de\/wp-content\/uploads\/2019\/08\/67889445_2891184244288020_6682297010323718144_n-768x431.jpg 768w, https:\/\/woka-kuma.de\/wp-content\/uploads\/2019\/08\/67889445_2891184244288020_6682297010323718144_n.jpg 960w\" sizes=\"(max-width: 300px) 100vw, 300px\" \/><\/a><\/p>\n<p style=\"text-align: center;\"><a href=\"https:\/\/woka-kuma.de\/wp-content\/uploads\/2019\/08\/Affiche-fran\u00e7ais-3.jpg\"><img decoding=\"async\" class=\"alignnone size-medium wp-image-714\" src=\"https:\/\/woka-kuma.de\/wp-content\/uploads\/2019\/08\/Affiche-fran\u00e7ais-3-212x300.jpg\" alt=\"\" width=\"212\" height=\"300\" srcset=\"https:\/\/woka-kuma.de\/wp-content\/uploads\/2019\/08\/Affiche-fran\u00e7ais-3-212x300.jpg 212w, https:\/\/woka-kuma.de\/wp-content\/uploads\/2019\/08\/Affiche-fran\u00e7ais-3-768x1086.jpg 768w, https:\/\/woka-kuma.de\/wp-content\/uploads\/2019\/08\/Affiche-fran\u00e7ais-3-724x1024.jpg 724w, https:\/\/woka-kuma.de\/wp-content\/uploads\/2019\/08\/Affiche-fran\u00e7ais-3.jpg 842w\" sizes=\"(max-width: 212px) 100vw, 212px\" \/><\/a><\/p>\n<p>Du 26 au 29 septembre 2019 \u00e0 Berlin en Allemagne, l&rsquo;association Woka-Kuma de Berlin et celle de Bobo-Dioulasso au Burkina Faso ont organis\u00e9 la 5\u00e8 \u00e9dition de Woka-Kuma Festival ou le festival de la solidarit\u00e9 (bissa) sous le th\u00e8me : \u00ab Renforcement de la Coop\u00e9ration Culturelle GermanoBurkinab\u00e8 : r\u00f4le et responsabilit\u00e9s des acteurs culturels \u00bb. Cette 5\u00e8 \u00e9dition a connu la participation des<br \/>\nfestivaliers venus de la France, de l&rsquo;Italie, de Burkina Faso et de l&rsquo;Allemagne.<\/p>\n<p>Elle \u00e9tait plac\u00e9e sous le patronage de Monsieur Abdoul-Karim SANGO, Ministre de<br \/>\nla Culture des Arts et du Tourisme du Burkina Faso et sous le parrainage Docteur Karamba DIABY, D\u00e9put\u00e9 au Bundestag avec comme invit\u00e9s Son Excellence Monsieur Simplice Honor\u00e9 GUIBILA, Ambassadeur du Burkina Faso aupr\u00e9s de la R\u00e9publique F\u00e9d\u00e9rae d&rsquo;Allemagne et<br \/>\nMonsieur Bourahima Fab\u00e9r\u00e9 SANOU, Maire de la Commune de Bobo-Dioulasso.<\/p>\n<p>Plusieurs activit\u00e9s ont couronn\u00e9 ce rendez-vous festif et culturel et ont \u00e9t\u00e9 men\u00e9es<br \/>\navec satisfaction, des s\u00e9ances de travail et d&rsquo;\u00e9changes en passant par<br \/>\nateliers de danse, de percussion et de batik, le panel, la projection d film<br \/>\nsur le Burkina Faso, au buffet burkinabe \u00e0 la soir\u00e9e culturelle.<\/p>\n<p>Nous vous attendons du 26 au 29 septembre 2019 pour une nouvelle \u00e9dition palpitante, avec un programme d\u00e9di\u00e9 aux arts et \u00e0 la culture du Burkina Faso.<\/p>\n<p>De nombreux invit\u00e9s du Burkina Faso ont d\u00e9j\u00e0 confirm\u00e9 leur venue pour le Festival qui se d\u00e9roulera \u00e0 la Salle FMP1 \u00e0 Berlin !<\/p>\n<p><strong>Au programme :<\/strong><\/p>\n<p>Du 26 au 27 septembre 2019, des ateliers de danse, de percussion et de<br \/>\nbatik au profit des tout-petits anim\u00e9s par Solo Diabat\u00e9, Giovanni Martella,<br \/>\nBaba Diarra, Issa Sinka et Alani Abdousamadou ont \u00e9t\u00e9 r\u00e9alis\u00e9s<br \/>\nZille Grundschule \u00e0 Berlin- Friedrichshain ; le 27 septembre un atelier de<br \/>\ndanse et percussion pour les tout-petits au Kindergarten \u00ab Hand in Hand \u00bb<br \/>\n\u00e0 Berlin K\u00f6penick a \u00e9galement garni le programme culturel du festival<\/p>\n<p><strong>Vendredi 27 septembre<\/strong>\u00a0<strong>2019:<\/strong><br \/>\n<a href=\"https:\/\/woka-kuma.de\/27-09-diskussionabend\/\"><strong>Table ronde<\/strong> \u00a0\u00bb\u00a0La place des femmes musiciennes sur les sc\u00e8nes internationales\u00a0\u00bb<\/a> Echange d&rsquo;exp\u00e9riences avec Ma\u00ef Lingani (Burkina Faso) et Jarita Freydank (Allemagne) Moderation : Zina Eberlein<\/p>\n<p>\u00e0 18 h \u00e0 l&rsquo;Info-Caf\u00e9 Berlin-Paris, Molkenmarkt 1, 10179 Berlin<br \/>\nEntr\u00e9e gratuite<\/p>\n<p><strong>Samedi 28 et Dimanche 29 septembre<\/strong> :<br \/>\n<a href=\"https:\/\/woka-kuma.de\/tanz-und-trommelworkshop\/\"><strong>Stage de danse<\/strong><\/a>\u00a0\u00ab\u00a0les danses danses traditionnelles du Burkina Faso\u00a0\u00bb et musique live avec <strong>Reggae Ouattara<\/strong> de Katouma Danse et <strong>Yayi Ouattara<\/strong><br \/>\n<a href=\"https:\/\/woka-kuma.de\/tanz-und-trommelworkshop\/\"><strong>Stage de percussions<\/strong><\/a> avec <strong>Petit Solo Diabat\u00e9<\/strong><\/p>\n<p><strong>Samedi 28 septembre :<br \/>\n<\/strong>\u00e0 partir de 19h \u00e0 la salle FMP1 :<br \/>\nprojection de film, nourriture Burkinab\u00e9, stands vari\u00e9s, concerts live<\/p>\n<p>Sur sc\u00e8ne :<br \/>\n<strong>Katouma Danse, <\/strong><br \/>\n<strong>Ma\u00ef Lingani <\/strong><br \/>\n<strong>Kanazo\u00e9 Orkestra!<\/strong><\/p>\n<p>Les concerts se d\u00e9roulent \u00e0 salle \u00a0<a href=\"https:\/\/www.franzmehringplatz.de\/\">FMP 1<\/a>\u2013Franz-Mehring-Platz 1,\u00a010243 Berlin \u2013 Ostbahnhof<\/p>\n<p>Tickets uniquement sur place ! R\u00e9servation possible \u00e0\u00a0<span id=\"eeb-906639\"><a class=\"mailto-link\" href=\"mailto:wokakuma1@gmail.com\">wokakuma1@gmail.com<\/a><\/span><\/p>\n<p><figure id=\"attachment_583\" aria-describedby=\"caption-attachment-583\" style=\"width: 300px\" class=\"wp-caption alignnone\"><a href=\"https:\/\/woka-kuma.de\/wp-content\/uploads\/2019\/04\/DSC8118.jpg\"><img decoding=\"async\" class=\"size-medium wp-image-583\" src=\"https:\/\/woka-kuma.de\/wp-content\/uploads\/2019\/04\/DSC8118-300x200.jpg\" alt=\"\" width=\"300\" height=\"200\" srcset=\"https:\/\/woka-kuma.de\/wp-content\/uploads\/2019\/04\/DSC8118-300x200.jpg 300w, https:\/\/woka-kuma.de\/wp-content\/uploads\/2019\/04\/DSC8118-768x513.jpg 768w, https:\/\/woka-kuma.de\/wp-content\/uploads\/2019\/04\/DSC8118-1024x684.jpg 1024w, https:\/\/woka-kuma.de\/wp-content\/uploads\/2019\/04\/DSC8118.jpg 1920w\" sizes=\"(max-width: 300px) 100vw, 300px\" \/><\/a><figcaption id=\"caption-attachment-583\" class=\"wp-caption-text\">Woka Kuma Festival 2018<\/figcaption><\/figure><\/p>","protected":false},"excerpt":{"rendered":"<p>\u00a026 au 29 septembre 2019 \u00e0 Berlin Rendez-vous \u00e0 la 5\u00e8me \u00e9dition du Festival Woka Kuma, pour l\u2019art et la culture du Burkina Faso\u00a0 Du 26 au 29 septembre 2019 \u00e0 Berlin en Allemagne, l&rsquo;association Woka-Kuma de Berlin et celle de Bobo-Dioulasso au Burkina Faso ont organis\u00e9 la 5\u00e8 \u00e9dition de Woka-Kuma Festival ou le [&hellip;]<\/p>\n","protected":false},"author":4,"featured_media":0,"parent":10,"menu_order":0,"comment_status":"closed","ping_status":"closed","template":"templates\/template-full-width.php","meta":{"footnotes":""},"class_list":["post-597","page","type-page","status-publish","hentry"],"yoast_head":"<!-- This site is optimized with the Yoast SEO plugin v27.4 - https:\/\/yoast.com\/product\/yoast-seo-wordpress\/ -->\n<title>Festival 2019 - Woka-Kuma Deutschland e.V.<\/title>\n<meta name=\"robots\" content=\"index, follow, max-snippet:-1, max-image-preview:large, max-video-preview:-1\" \/>\n<link rel=\"canonical\" href=\"https:\/\/woka-kuma.de\/wokakuma-festival\/festival-2019\/\" \/>\n<meta property=\"og:locale\" content=\"fr_FR\" \/>\n<meta property=\"og:type\" content=\"article\" \/>\n<meta property=\"og:title\" content=\"[:de]Festival 2019[:en]Woka Kuma Festival 2019[:fr]Festival 2019[:] - Woka-Kuma Deutschland e.V.\" \/>\n<meta property=\"og:description\" content=\"\u00a026 au 29 septembre 2019 \u00e0 Berlin Rendez-vous \u00e0 la 5\u00e8me \u00e9dition du Festival Woka Kuma, pour l\u2019art et la culture du Burkina Faso\u00a0 Du 26 au 29 septembre 2019 \u00e0 Berlin en Allemagne, l&rsquo;association Woka-Kuma de Berlin et celle de Bobo-Dioulasso au Burkina Faso ont organis\u00e9 la 5\u00e8 \u00e9dition de Woka-Kuma Festival ou le [&hellip;]\" \/>\n<meta property=\"og:url\" content=\"https:\/\/woka-kuma.de\/wokakuma-festival\/festival-2019\/\" \/>\n<meta property=\"og:site_name\" content=\"Woka-Kuma Deutschland e.V.\" \/>\n<meta property=\"article:modified_time\" content=\"2022-08-09T08:51:25+00:00\" \/>\n<meta property=\"og:image\" content=\"https:\/\/woka-kuma.de\/wp-content\/uploads\/2019\/08\/Affiche14-1-212x300.jpg\" \/>\n<meta name=\"twitter:card\" content=\"summary_large_image\" \/>\n<meta name=\"twitter:label1\" content=\"Dur\u00e9e de lecture estim\u00e9e\" \/>\n\t<meta name=\"twitter:data1\" content=\"4 minutes\" \/>\n<script type=\"application\/ld+json\" class=\"yoast-schema-graph\">{\"@context\":\"https:\\\/\\\/schema.org\",\"@graph\":[{\"@type\":\"WebPage\",\"@id\":\"https:\\\/\\\/woka-kuma.de\\\/wokakuma-festival\\\/festival-2019\\\/\",\"url\":\"https:\\\/\\\/woka-kuma.de\\\/wokakuma-festival\\\/festival-2019\\\/\",\"name\":\"[:de]Festival 2019[:en]Woka Kuma Festival 2019[:fr]Festival 2019[:] - Woka-Kuma Deutschland e.V.\",\"isPartOf\":{\"@id\":\"https:\\\/\\\/woka-kuma.de\\\/#website\"},\"primaryImageOfPage\":{\"@id\":\"https:\\\/\\\/woka-kuma.de\\\/wokakuma-festival\\\/festival-2019\\\/#primaryimage\"},\"image\":{\"@id\":\"https:\\\/\\\/woka-kuma.de\\\/wokakuma-festival\\\/festival-2019\\\/#primaryimage\"},\"thumbnailUrl\":\"https:\\\/\\\/woka-kuma.de\\\/wp-content\\\/uploads\\\/2019\\\/08\\\/Affiche14-1-212x300.jpg\",\"datePublished\":\"2019-05-08T17:40:54+00:00\",\"dateModified\":\"2022-08-09T08:51:25+00:00\",\"breadcrumb\":{\"@id\":\"https:\\\/\\\/woka-kuma.de\\\/wokakuma-festival\\\/festival-2019\\\/#breadcrumb\"},\"inLanguage\":\"fr-FR\",\"potentialAction\":[{\"@type\":\"ReadAction\",\"target\":[\"https:\\\/\\\/woka-kuma.de\\\/wokakuma-festival\\\/festival-2019\\\/\"]}]},{\"@type\":\"ImageObject\",\"inLanguage\":\"fr-FR\",\"@id\":\"https:\\\/\\\/woka-kuma.de\\\/wokakuma-festival\\\/festival-2019\\\/#primaryimage\",\"url\":\"https:\\\/\\\/woka-kuma.de\\\/wp-content\\\/uploads\\\/2019\\\/08\\\/Affiche14-1-212x300.jpg\",\"contentUrl\":\"https:\\\/\\\/woka-kuma.de\\\/wp-content\\\/uploads\\\/2019\\\/08\\\/Affiche14-1-212x300.jpg\"},{\"@type\":\"BreadcrumbList\",\"@id\":\"https:\\\/\\\/woka-kuma.de\\\/wokakuma-festival\\\/festival-2019\\\/#breadcrumb\",\"itemListElement\":[{\"@type\":\"ListItem\",\"position\":1,\"name\":\"Startseite\",\"item\":\"https:\\\/\\\/woka-kuma.de\\\/\"},{\"@type\":\"ListItem\",\"position\":2,\"name\":\"Woka Kuma Festival\",\"item\":\"https:\\\/\\\/woka-kuma.de\\\/wokakuma-festival\\\/\"},{\"@type\":\"ListItem\",\"position\":3,\"name\":\"Festival 2019\"}]},{\"@type\":\"WebSite\",\"@id\":\"https:\\\/\\\/woka-kuma.de\\\/#website\",\"url\":\"https:\\\/\\\/woka-kuma.de\\\/\",\"name\":\"Woka-Kuma Deutschland e.V.\",\"description\":\"\",\"publisher\":{\"@id\":\"https:\\\/\\\/woka-kuma.de\\\/#organization\"},\"potentialAction\":[{\"@type\":\"SearchAction\",\"target\":{\"@type\":\"EntryPoint\",\"urlTemplate\":\"https:\\\/\\\/woka-kuma.de\\\/?s={search_term_string}\"},\"query-input\":{\"@type\":\"PropertyValueSpecification\",\"valueRequired\":true,\"valueName\":\"search_term_string\"}}],\"inLanguage\":\"fr-FR\"},{\"@type\":\"Organization\",\"@id\":\"https:\\\/\\\/woka-kuma.de\\\/#organization\",\"name\":\"Woka-Kuma Deutschland e.V.\",\"url\":\"https:\\\/\\\/woka-kuma.de\\\/\",\"logo\":{\"@type\":\"ImageObject\",\"inLanguage\":\"fr-FR\",\"@id\":\"https:\\\/\\\/woka-kuma.de\\\/#\\\/schema\\\/logo\\\/image\\\/\",\"url\":\"https:\\\/\\\/woka-kuma.de\\\/wp-content\\\/uploads\\\/2020\\\/07\\\/Logo-Verein-2020-rund.png\",\"contentUrl\":\"https:\\\/\\\/woka-kuma.de\\\/wp-content\\\/uploads\\\/2020\\\/07\\\/Logo-Verein-2020-rund.png\",\"width\":1920,\"height\":1918,\"caption\":\"Woka-Kuma Deutschland e.V.\"},\"image\":{\"@id\":\"https:\\\/\\\/woka-kuma.de\\\/#\\\/schema\\\/logo\\\/image\\\/\"}}]}<\/script>\n<!-- \/ Yoast SEO plugin. -->","yoast_head_json":{"title":"[:de]Festival 2019[:en]Woka Kuma Festival 2019[:fr]Festival 2019[:] - Woka-Kuma Deutschland e.V.","robots":{"index":"index","follow":"follow","max-snippet":"max-snippet:-1","max-image-preview":"max-image-preview:large","max-video-preview":"max-video-preview:-1"},"canonical":"https:\/\/woka-kuma.de\/wokakuma-festival\/festival-2019\/","og_locale":"fr_FR","og_type":"article","og_title":"[:de]Festival 2019[:en]Woka Kuma Festival 2019[:fr]Festival 2019[:] - Woka-Kuma Deutschland e.V.","og_description":"\u00a026 au 29 septembre 2019 \u00e0 Berlin Rendez-vous \u00e0 la 5\u00e8me \u00e9dition du Festival Woka Kuma, pour l\u2019art et la culture du Burkina Faso\u00a0 Du 26 au 29 septembre 2019 \u00e0 Berlin en Allemagne, l&rsquo;association Woka-Kuma de Berlin et celle de Bobo-Dioulasso au Burkina Faso ont organis\u00e9 la 5\u00e8 \u00e9dition de Woka-Kuma Festival ou le [&hellip;]","og_url":"https:\/\/woka-kuma.de\/wokakuma-festival\/festival-2019\/","og_site_name":"Woka-Kuma Deutschland e.V.","article_modified_time":"2022-08-09T08:51:25+00:00","og_image":[{"url":"https:\/\/woka-kuma.de\/wp-content\/uploads\/2019\/08\/Affiche14-1-212x300.jpg","type":"","width":"","height":""}],"twitter_card":"summary_large_image","twitter_misc":{"Dur\u00e9e de lecture estim\u00e9e":"4 minutes"},"schema":{"@context":"https:\/\/schema.org","@graph":[{"@type":"WebPage","@id":"https:\/\/woka-kuma.de\/wokakuma-festival\/festival-2019\/","url":"https:\/\/woka-kuma.de\/wokakuma-festival\/festival-2019\/","name":"[:de]Festival 2019[:en]Woka Kuma Festival 2019[:fr]Festival 2019[:] - Woka-Kuma Deutschland e.V.","isPartOf":{"@id":"https:\/\/woka-kuma.de\/#website"},"primaryImageOfPage":{"@id":"https:\/\/woka-kuma.de\/wokakuma-festival\/festival-2019\/#primaryimage"},"image":{"@id":"https:\/\/woka-kuma.de\/wokakuma-festival\/festival-2019\/#primaryimage"},"thumbnailUrl":"https:\/\/woka-kuma.de\/wp-content\/uploads\/2019\/08\/Affiche14-1-212x300.jpg","datePublished":"2019-05-08T17:40:54+00:00","dateModified":"2022-08-09T08:51:25+00:00","breadcrumb":{"@id":"https:\/\/woka-kuma.de\/wokakuma-festival\/festival-2019\/#breadcrumb"},"inLanguage":"fr-FR","potentialAction":[{"@type":"ReadAction","target":["https:\/\/woka-kuma.de\/wokakuma-festival\/festival-2019\/"]}]},{"@type":"ImageObject","inLanguage":"fr-FR","@id":"https:\/\/woka-kuma.de\/wokakuma-festival\/festival-2019\/#primaryimage","url":"https:\/\/woka-kuma.de\/wp-content\/uploads\/2019\/08\/Affiche14-1-212x300.jpg","contentUrl":"https:\/\/woka-kuma.de\/wp-content\/uploads\/2019\/08\/Affiche14-1-212x300.jpg"},{"@type":"BreadcrumbList","@id":"https:\/\/woka-kuma.de\/wokakuma-festival\/festival-2019\/#breadcrumb","itemListElement":[{"@type":"ListItem","position":1,"name":"Startseite","item":"https:\/\/woka-kuma.de\/"},{"@type":"ListItem","position":2,"name":"Woka Kuma Festival","item":"https:\/\/woka-kuma.de\/wokakuma-festival\/"},{"@type":"ListItem","position":3,"name":"Festival 2019"}]},{"@type":"WebSite","@id":"https:\/\/woka-kuma.de\/#website","url":"https:\/\/woka-kuma.de\/","name":"Woka-Kuma Deutschland e.V.","description":"","publisher":{"@id":"https:\/\/woka-kuma.de\/#organization"},"potentialAction":[{"@type":"SearchAction","target":{"@type":"EntryPoint","urlTemplate":"https:\/\/woka-kuma.de\/?s={search_term_string}"},"query-input":{"@type":"PropertyValueSpecification","valueRequired":true,"valueName":"search_term_string"}}],"inLanguage":"fr-FR"},{"@type":"Organization","@id":"https:\/\/woka-kuma.de\/#organization","name":"Woka-Kuma Deutschland e.V.","url":"https:\/\/woka-kuma.de\/","logo":{"@type":"ImageObject","inLanguage":"fr-FR","@id":"https:\/\/woka-kuma.de\/#\/schema\/logo\/image\/","url":"https:\/\/woka-kuma.de\/wp-content\/uploads\/2020\/07\/Logo-Verein-2020-rund.png","contentUrl":"https:\/\/woka-kuma.de\/wp-content\/uploads\/2020\/07\/Logo-Verein-2020-rund.png","width":1920,"height":1918,"caption":"Woka-Kuma Deutschland e.V."},"image":{"@id":"https:\/\/woka-kuma.de\/#\/schema\/logo\/image\/"}}]}},"_links":{"self":[{"href":"https:\/\/woka-kuma.de\/fr\/wp-json\/wp\/v2\/pages\/597","targetHints":{"allow":["GET"]}}],"collection":[{"href":"https:\/\/woka-kuma.de\/fr\/wp-json\/wp\/v2\/pages"}],"about":[{"href":"https:\/\/woka-kuma.de\/fr\/wp-json\/wp\/v2\/types\/page"}],"author":[{"embeddable":true,"href":"https:\/\/woka-kuma.de\/fr\/wp-json\/wp\/v2\/users\/4"}],"replies":[{"embeddable":true,"href":"https:\/\/woka-kuma.de\/fr\/wp-json\/wp\/v2\/comments?post=597"}],"version-history":[{"count":34,"href":"https:\/\/woka-kuma.de\/fr\/wp-json\/wp\/v2\/pages\/597\/revisions"}],"predecessor-version":[{"id":826,"href":"https:\/\/woka-kuma.de\/fr\/wp-json\/wp\/v2\/pages\/597\/revisions\/826"}],"up":[{"embeddable":true,"href":"https:\/\/woka-kuma.de\/fr\/wp-json\/wp\/v2\/pages\/10"}],"wp:attachment":[{"href":"https:\/\/woka-kuma.de\/fr\/wp-json\/wp\/v2\/media?parent=597"}],"curies":[{"name":"wp","href":"https:\/\/api.w.org\/{rel}","templated":true}]}}