{"id":578,"date":"2019-04-17T21:03:23","date_gmt":"2019-04-17T21:03:23","guid":{"rendered":"https:\/\/woka-kuma.de\/?page_id=578"},"modified":"2022-08-09T09:08:39","modified_gmt":"2022-08-09T09:08:39","slug":"woka-kuma-e-v","status":"publish","type":"page","link":"https:\/\/woka-kuma.de\/fr\/woka-kuma-e-v\/","title":{"rendered":"Association Woka Kuma Deutschland"},"content":{"rendered":"<p><\/p>\n<p style=\"text-align: center;\"><a href=\"https:\/\/woka-kuma.de\/wp-content\/uploads\/2019\/10\/Flyer-verein-21.09.jpg\"><img decoding=\"async\" class=\"alignnone size-medium wp-image-750\" src=\"https:\/\/woka-kuma.de\/wp-content\/uploads\/2019\/10\/Flyer-verein-21.09-212x300.jpg\" alt=\"\" width=\"212\" height=\"300\" \/><\/a><\/p>\n<p>L&rsquo;association Woka-Kuma Deutschland\u00a0 a \u00e9t\u00e9 fond\u00e9e le 8 septembre 2018 et est inscrite au registre des associations allemandes depuis le 11 d\u00e9cembre 2018.<\/p>\n<p>L&rsquo;expression Woka Kuma vient de la langue Bissa, parl\u00e9e au Burkina Faso et signifie \u00ab\u00a0main dans la main\u00a0\u00bb<\/p>\n<p>Les th\u00e8mes abord\u00e9s dans les projets mis en place par l&rsquo;association sont l&rsquo;art,\u00a0 la culture, l&rsquo;\u00e9ducation, la formation, la protection de l\u2019environnement, l&rsquo;aide au d\u00e9veloppement durable, la coop\u00e9ration internationale, l&rsquo;ouverture et l&rsquo;apprentissage de la tol\u00e9rance dans toutes les activit\u00e9s culturels\u00a0 et le rapprochement entre les peuples.<\/p>\n<p>Une des activit\u00e9s principales de Woka Kuma est l\u2018organisation du Festival Woka Kuma. Celui-ci se d\u00e9roule chaque automne \u00e0 Berlin et \u00e0 pour mission la promotion et diffusion des arts et de la culture du Burkina Faso en Allemagne.<\/p>\n<figure id=\"attachment_591\" aria-describedby=\"caption-attachment-591\" style=\"width: 800px\" class=\"wp-caption alignnone\"><a href=\"https:\/\/woka-kuma.de\/wp-content\/uploads\/2019\/04\/58461054_1250978768394317_611909174686646272_n.jpg\"><img decoding=\"async\" class=\"size-full wp-image-591\" src=\"https:\/\/woka-kuma.de\/wp-content\/uploads\/2019\/04\/58461054_1250978768394317_611909174686646272_n.jpg\" alt=\"\" width=\"800\" height=\"600\" srcset=\"https:\/\/woka-kuma.de\/wp-content\/uploads\/2019\/04\/58461054_1250978768394317_611909174686646272_n.jpg 800w, https:\/\/woka-kuma.de\/wp-content\/uploads\/2019\/04\/58461054_1250978768394317_611909174686646272_n-300x225.jpg 300w, https:\/\/woka-kuma.de\/wp-content\/uploads\/2019\/04\/58461054_1250978768394317_611909174686646272_n-768x576.jpg 768w\" sizes=\"(max-width: 800px) 100vw, 800px\" \/><\/a><figcaption id=\"caption-attachment-591\" class=\"wp-caption-text\">Woka Kuma Berlin au village de Wolokonto, Burkina Faso en 2019<\/figcaption><\/figure>\n<p>&nbsp;<\/p>","protected":false},"excerpt":{"rendered":"<p>L&rsquo;association Woka-Kuma Deutschland\u00a0 a \u00e9t\u00e9 fond\u00e9e le 8 septembre 2018 et est inscrite au registre des associations allemandes depuis le 11 d\u00e9cembre 2018. L&rsquo;expression Woka Kuma vient de la langue Bissa, parl\u00e9e au Burkina Faso et signifie \u00ab\u00a0main dans la main\u00a0\u00bb Les th\u00e8mes abord\u00e9s dans les projets mis en place par l&rsquo;association sont l&rsquo;art,\u00a0 la [&hellip;]<\/p>\n","protected":false},"author":4,"featured_media":750,"parent":0,"menu_order":2,"comment_status":"closed","ping_status":"closed","template":"templates\/template-full-width.php","meta":{"footnotes":""},"class_list":["post-578","page","type-page","status-publish","has-post-thumbnail","hentry"],"yoast_head":"<!-- This site is optimized with the Yoast SEO plugin v27.3 - https:\/\/yoast.com\/product\/yoast-seo-wordpress\/ -->\n<title>Association Woka Kuma Deutschland - Woka-Kuma Deutschland e.V.<\/title>\n<meta name=\"robots\" content=\"index, follow, max-snippet:-1, max-image-preview:large, max-video-preview:-1\" \/>\n<link rel=\"canonical\" href=\"https:\/\/woka-kuma.de\/woka-kuma-e-v\/\" \/>\n<meta property=\"og:locale\" content=\"fr_FR\" \/>\n<meta property=\"og:type\" content=\"article\" \/>\n<meta property=\"og:title\" content=\"[:de]Woka Kuma e.V.[:en]Woka Kuma association[:fr]Association Woka Kuma Deutschland[:] - Woka-Kuma Deutschland e.V.\" \/>\n<meta property=\"og:description\" content=\"L&rsquo;association Woka-Kuma Deutschland\u00a0 a \u00e9t\u00e9 fond\u00e9e le 8 septembre 2018 et est inscrite au registre des associations allemandes depuis le 11 d\u00e9cembre 2018. L&rsquo;expression Woka Kuma vient de la langue Bissa, parl\u00e9e au Burkina Faso et signifie \u00ab\u00a0main dans la main\u00a0\u00bb Les th\u00e8mes abord\u00e9s dans les projets mis en place par l&rsquo;association sont l&rsquo;art,\u00a0 la [&hellip;]\" \/>\n<meta property=\"og:url\" content=\"https:\/\/woka-kuma.de\/woka-kuma-e-v\/\" \/>\n<meta property=\"og:site_name\" content=\"Woka-Kuma Deutschland e.V.\" \/>\n<meta property=\"article:modified_time\" content=\"2022-08-09T09:08:39+00:00\" \/>\n<meta property=\"og:image\" content=\"https:\/\/woka-kuma.de\/wp-content\/uploads\/2019\/10\/Flyer-verein-21.09.jpg\" \/>\n\t<meta property=\"og:image:width\" content=\"525\" \/>\n\t<meta property=\"og:image:height\" content=\"742\" \/>\n\t<meta property=\"og:image:type\" content=\"image\/jpeg\" \/>\n<meta name=\"twitter:card\" content=\"summary_large_image\" \/>\n<meta name=\"twitter:label1\" content=\"Dur\u00e9e de lecture estim\u00e9e\" \/>\n\t<meta name=\"twitter:data1\" content=\"2 minutes\" \/>\n<script type=\"application\/ld+json\" class=\"yoast-schema-graph\">{\"@context\":\"https:\\\/\\\/schema.org\",\"@graph\":[{\"@type\":\"WebPage\",\"@id\":\"https:\\\/\\\/woka-kuma.de\\\/woka-kuma-e-v\\\/\",\"url\":\"https:\\\/\\\/woka-kuma.de\\\/woka-kuma-e-v\\\/\",\"name\":\"[:de]Woka Kuma e.V.[:en]Woka Kuma association[:fr]Association Woka Kuma Deutschland[:] - Woka-Kuma Deutschland e.V.\",\"isPartOf\":{\"@id\":\"https:\\\/\\\/woka-kuma.de\\\/#website\"},\"primaryImageOfPage\":{\"@id\":\"https:\\\/\\\/woka-kuma.de\\\/woka-kuma-e-v\\\/#primaryimage\"},\"image\":{\"@id\":\"https:\\\/\\\/woka-kuma.de\\\/woka-kuma-e-v\\\/#primaryimage\"},\"thumbnailUrl\":\"https:\\\/\\\/woka-kuma.de\\\/wp-content\\\/uploads\\\/2019\\\/10\\\/Flyer-verein-21.09.jpg\",\"datePublished\":\"2019-04-17T21:03:23+00:00\",\"dateModified\":\"2022-08-09T09:08:39+00:00\",\"breadcrumb\":{\"@id\":\"https:\\\/\\\/woka-kuma.de\\\/woka-kuma-e-v\\\/#breadcrumb\"},\"inLanguage\":\"fr-FR\",\"potentialAction\":[{\"@type\":\"ReadAction\",\"target\":[\"https:\\\/\\\/woka-kuma.de\\\/woka-kuma-e-v\\\/\"]}]},{\"@type\":\"ImageObject\",\"inLanguage\":\"fr-FR\",\"@id\":\"https:\\\/\\\/woka-kuma.de\\\/woka-kuma-e-v\\\/#primaryimage\",\"url\":\"https:\\\/\\\/woka-kuma.de\\\/wp-content\\\/uploads\\\/2019\\\/10\\\/Flyer-verein-21.09.jpg\",\"contentUrl\":\"https:\\\/\\\/woka-kuma.de\\\/wp-content\\\/uploads\\\/2019\\\/10\\\/Flyer-verein-21.09.jpg\",\"width\":525,\"height\":742},{\"@type\":\"BreadcrumbList\",\"@id\":\"https:\\\/\\\/woka-kuma.de\\\/woka-kuma-e-v\\\/#breadcrumb\",\"itemListElement\":[{\"@type\":\"ListItem\",\"position\":1,\"name\":\"Startseite\",\"item\":\"https:\\\/\\\/woka-kuma.de\\\/\"},{\"@type\":\"ListItem\",\"position\":2,\"name\":\"Woka Kuma e.V.\"}]},{\"@type\":\"WebSite\",\"@id\":\"https:\\\/\\\/woka-kuma.de\\\/#website\",\"url\":\"https:\\\/\\\/woka-kuma.de\\\/\",\"name\":\"Woka-Kuma Deutschland e.V.\",\"description\":\"\",\"publisher\":{\"@id\":\"https:\\\/\\\/woka-kuma.de\\\/#organization\"},\"potentialAction\":[{\"@type\":\"SearchAction\",\"target\":{\"@type\":\"EntryPoint\",\"urlTemplate\":\"https:\\\/\\\/woka-kuma.de\\\/?s={search_term_string}\"},\"query-input\":{\"@type\":\"PropertyValueSpecification\",\"valueRequired\":true,\"valueName\":\"search_term_string\"}}],\"inLanguage\":\"fr-FR\"},{\"@type\":\"Organization\",\"@id\":\"https:\\\/\\\/woka-kuma.de\\\/#organization\",\"name\":\"Woka-Kuma Deutschland e.V.\",\"url\":\"https:\\\/\\\/woka-kuma.de\\\/\",\"logo\":{\"@type\":\"ImageObject\",\"inLanguage\":\"fr-FR\",\"@id\":\"https:\\\/\\\/woka-kuma.de\\\/#\\\/schema\\\/logo\\\/image\\\/\",\"url\":\"https:\\\/\\\/woka-kuma.de\\\/wp-content\\\/uploads\\\/2020\\\/07\\\/Logo-Verein-2020-rund.png\",\"contentUrl\":\"https:\\\/\\\/woka-kuma.de\\\/wp-content\\\/uploads\\\/2020\\\/07\\\/Logo-Verein-2020-rund.png\",\"width\":1920,\"height\":1918,\"caption\":\"Woka-Kuma Deutschland e.V.\"},\"image\":{\"@id\":\"https:\\\/\\\/woka-kuma.de\\\/#\\\/schema\\\/logo\\\/image\\\/\"}}]}<\/script>\n<!-- \/ Yoast SEO plugin. -->","yoast_head_json":{"title":"[:de]Woka Kuma e.V.[:en]Woka Kuma association[:fr]Association Woka Kuma Deutschland[:] - Woka-Kuma Deutschland e.V.","robots":{"index":"index","follow":"follow","max-snippet":"max-snippet:-1","max-image-preview":"max-image-preview:large","max-video-preview":"max-video-preview:-1"},"canonical":"https:\/\/woka-kuma.de\/woka-kuma-e-v\/","og_locale":"fr_FR","og_type":"article","og_title":"[:de]Woka Kuma e.V.[:en]Woka Kuma association[:fr]Association Woka Kuma Deutschland[:] - Woka-Kuma Deutschland e.V.","og_description":"L&rsquo;association Woka-Kuma Deutschland\u00a0 a \u00e9t\u00e9 fond\u00e9e le 8 septembre 2018 et est inscrite au registre des associations allemandes depuis le 11 d\u00e9cembre 2018. L&rsquo;expression Woka Kuma vient de la langue Bissa, parl\u00e9e au Burkina Faso et signifie \u00ab\u00a0main dans la main\u00a0\u00bb Les th\u00e8mes abord\u00e9s dans les projets mis en place par l&rsquo;association sont l&rsquo;art,\u00a0 la [&hellip;]","og_url":"https:\/\/woka-kuma.de\/woka-kuma-e-v\/","og_site_name":"Woka-Kuma Deutschland e.V.","article_modified_time":"2022-08-09T09:08:39+00:00","og_image":[{"width":525,"height":742,"url":"https:\/\/woka-kuma.de\/wp-content\/uploads\/2019\/10\/Flyer-verein-21.09.jpg","type":"image\/jpeg"}],"twitter_card":"summary_large_image","twitter_misc":{"Dur\u00e9e de lecture estim\u00e9e":"2 minutes"},"schema":{"@context":"https:\/\/schema.org","@graph":[{"@type":"WebPage","@id":"https:\/\/woka-kuma.de\/woka-kuma-e-v\/","url":"https:\/\/woka-kuma.de\/woka-kuma-e-v\/","name":"[:de]Woka Kuma e.V.[:en]Woka Kuma association[:fr]Association Woka Kuma Deutschland[:] - Woka-Kuma Deutschland e.V.","isPartOf":{"@id":"https:\/\/woka-kuma.de\/#website"},"primaryImageOfPage":{"@id":"https:\/\/woka-kuma.de\/woka-kuma-e-v\/#primaryimage"},"image":{"@id":"https:\/\/woka-kuma.de\/woka-kuma-e-v\/#primaryimage"},"thumbnailUrl":"https:\/\/woka-kuma.de\/wp-content\/uploads\/2019\/10\/Flyer-verein-21.09.jpg","datePublished":"2019-04-17T21:03:23+00:00","dateModified":"2022-08-09T09:08:39+00:00","breadcrumb":{"@id":"https:\/\/woka-kuma.de\/woka-kuma-e-v\/#breadcrumb"},"inLanguage":"fr-FR","potentialAction":[{"@type":"ReadAction","target":["https:\/\/woka-kuma.de\/woka-kuma-e-v\/"]}]},{"@type":"ImageObject","inLanguage":"fr-FR","@id":"https:\/\/woka-kuma.de\/woka-kuma-e-v\/#primaryimage","url":"https:\/\/woka-kuma.de\/wp-content\/uploads\/2019\/10\/Flyer-verein-21.09.jpg","contentUrl":"https:\/\/woka-kuma.de\/wp-content\/uploads\/2019\/10\/Flyer-verein-21.09.jpg","width":525,"height":742},{"@type":"BreadcrumbList","@id":"https:\/\/woka-kuma.de\/woka-kuma-e-v\/#breadcrumb","itemListElement":[{"@type":"ListItem","position":1,"name":"Startseite","item":"https:\/\/woka-kuma.de\/"},{"@type":"ListItem","position":2,"name":"Woka Kuma e.V."}]},{"@type":"WebSite","@id":"https:\/\/woka-kuma.de\/#website","url":"https:\/\/woka-kuma.de\/","name":"Woka-Kuma Deutschland e.V.","description":"","publisher":{"@id":"https:\/\/woka-kuma.de\/#organization"},"potentialAction":[{"@type":"SearchAction","target":{"@type":"EntryPoint","urlTemplate":"https:\/\/woka-kuma.de\/?s={search_term_string}"},"query-input":{"@type":"PropertyValueSpecification","valueRequired":true,"valueName":"search_term_string"}}],"inLanguage":"fr-FR"},{"@type":"Organization","@id":"https:\/\/woka-kuma.de\/#organization","name":"Woka-Kuma Deutschland e.V.","url":"https:\/\/woka-kuma.de\/","logo":{"@type":"ImageObject","inLanguage":"fr-FR","@id":"https:\/\/woka-kuma.de\/#\/schema\/logo\/image\/","url":"https:\/\/woka-kuma.de\/wp-content\/uploads\/2020\/07\/Logo-Verein-2020-rund.png","contentUrl":"https:\/\/woka-kuma.de\/wp-content\/uploads\/2020\/07\/Logo-Verein-2020-rund.png","width":1920,"height":1918,"caption":"Woka-Kuma Deutschland e.V."},"image":{"@id":"https:\/\/woka-kuma.de\/#\/schema\/logo\/image\/"}}]}},"_links":{"self":[{"href":"https:\/\/woka-kuma.de\/fr\/wp-json\/wp\/v2\/pages\/578","targetHints":{"allow":["GET"]}}],"collection":[{"href":"https:\/\/woka-kuma.de\/fr\/wp-json\/wp\/v2\/pages"}],"about":[{"href":"https:\/\/woka-kuma.de\/fr\/wp-json\/wp\/v2\/types\/page"}],"author":[{"embeddable":true,"href":"https:\/\/woka-kuma.de\/fr\/wp-json\/wp\/v2\/users\/4"}],"replies":[{"embeddable":true,"href":"https:\/\/woka-kuma.de\/fr\/wp-json\/wp\/v2\/comments?post=578"}],"version-history":[{"count":10,"href":"https:\/\/woka-kuma.de\/fr\/wp-json\/wp\/v2\/pages\/578\/revisions"}],"predecessor-version":[{"id":1202,"href":"https:\/\/woka-kuma.de\/fr\/wp-json\/wp\/v2\/pages\/578\/revisions\/1202"}],"wp:featuredmedia":[{"embeddable":true,"href":"https:\/\/woka-kuma.de\/fr\/wp-json\/wp\/v2\/media\/750"}],"wp:attachment":[{"href":"https:\/\/woka-kuma.de\/fr\/wp-json\/wp\/v2\/media?parent=578"}],"curies":[{"name":"wp","href":"https:\/\/api.w.org\/{rel}","templated":true}]}}