{"id":509,"date":"2019-03-21T15:02:31","date_gmt":"2019-03-21T15:02:31","guid":{"rendered":"https:\/\/woka-kuma.de\/?page_id=509"},"modified":"2022-08-09T08:47:47","modified_gmt":"2022-08-09T08:47:47","slug":"diskussionsabend","status":"publish","type":"page","link":"https:\/\/woka-kuma.de\/fr\/wokakuma-festival\/festival-2018\/diskussionsabend\/","title":{"rendered":"Table ronde"},"content":{"rendered":"<p><strong>Vendredi\u00a0 7 septembre \u00e0 18h\u00a0\u00a0\u00e0 <a href=\"https:\/\/infocafe.dfjw.org\/festival-woka-kuma\/\">Info-Caf\u00e9 Berlin Paris<\/a><\/strong><\/p>\n<p><strong>Table ronde \u00ab\u00a0L\u2019art et la culture entre l\u2019Allemagne et le Burkina Faso\u00a0\u00bb<\/strong><\/p>\n<p>Le lancement des activit\u00e9s de Woka-Kuma festival a eu pour cadre l&rsquo;Info-Caf\u00e9 Berlin-Paris. Il a \u00e9t\u00e9 marqu\u00e9 par un panel anim\u00e9 par deux imminentes personnalit\u00e9s. Il s\u2019agit du professeur Eckehard PISTRICK, enseignant chercheur et ma\u00eetre de conf\u00e9rences \u00e0 l\u2019Institut d\u2019Ethnomusicologie Europ\u00e9enne \u00e0 l\u2019Universit\u00e9 de Cologne et Docteur associ\u00e9 au centre de recherche en Ethnomusicologie de Paris. Sa communication a port\u00e9 sur la musique en exile et sur ses projets de recherche-action avec des musiciens ouest-africains dans les centres d\u2019accueil en Allemagne et de Monsieur Alphonse TOUGOUMA, Directeur G\u00e9n\u00e9ral du Fonds de D\u00e9veloppement Culturel et Touristique du Burkina Faso qui a communiqu\u00e9 sur la \u00ab Promotion ext\u00e9rieure des artistes burkinab\u00e8, enjeux et d\u00e9fis \u00bb. Il a \u00e9tal\u00e9 les opportunit\u00e9s et offres du secteur.<br \/>\nLe Docteur Patrice KOURAOGO, Conseiller Sp\u00e9cial du Pr\u00e9sident du Faso charg\u00e9 de la culture et invit\u00e9 d\u2019honneur du festival a pris la parole. Il a dans son intervention exprim\u00e9 la volont\u00e9 des plus hautes autorit\u00e9s du Burkina Faso de faire de ce secteur un vrai levier du d\u00e9veloppement \u00e9conomique, ce qui demande un partenariat s\u00e9rieux avec des pays \u00e9trangers, il a martel\u00e9 que les difficult\u00e9s s\u00e9curitaires ne devraient pas entamer le d\u00e9sir des touristes de visiter notre beau et charmant pays car les autorit\u00e9s m\u00e8nent une lutte implacable contre les forces du mal qui veulent tirer nos efforts vers le bas. Visiter le Burkina Faso c&rsquo;est une fa\u00e7on d&rsquo;exprimer sa solidarit\u00e9 et d&rsquo;encourager l&rsquo;option de ne pas copiner avec les obscurantistes. La mod\u00e9ration a \u00e9t\u00e9 assur\u00e9e par<br \/>\nMonsieur Djif DJIMELI, r\u00e9alisateur cin\u00e9matographique b\u00e9ninois qui conna\u00eet tr\u00e8s bien le Burkina Faso pour avoir particip\u00e9 \u00e0 plusieurs \u00e9ditions du FESPACO.<br \/>\nLe panel d\u00e9but\u00e9 \u00e0 19 heures a pris fin \u00e0 21 heures 35 minutes par une collation<br \/>\net un concert live anim\u00e9 par IKLASS, artiste-chanteur de la diaspora burkinab\u00e8<br \/>\nvivant \u00e0 Hamburg qui a \u00e9gay\u00e9 les participants.<\/p>\n<p>Info-Caf\u00e9 Berlin-Paris<br \/>\nMolkenmarkt 1,<br \/>\n10179 Berlin<\/p>","protected":false},"excerpt":{"rendered":"<p>Vendredi\u00a0 7 septembre \u00e0 18h\u00a0\u00a0\u00e0 Info-Caf\u00e9 Berlin Paris Table ronde \u00ab\u00a0L\u2019art et la culture entre l\u2019Allemagne et le Burkina Faso\u00a0\u00bb Le lancement des activit\u00e9s de Woka-Kuma festival a eu pour cadre l&rsquo;Info-Caf\u00e9 Berlin-Paris. Il a \u00e9t\u00e9 marqu\u00e9 par un panel anim\u00e9 par deux imminentes personnalit\u00e9s. Il s\u2019agit du professeur Eckehard PISTRICK, enseignant chercheur et ma\u00eetre [&hellip;]<\/p>\n","protected":false},"author":4,"featured_media":0,"parent":472,"menu_order":0,"comment_status":"closed","ping_status":"closed","template":"templates\/template-full-width.php","meta":{"footnotes":""},"class_list":["post-509","page","type-page","status-publish","hentry"],"yoast_head":"<!-- This site is optimized with the Yoast SEO plugin v27.4 - https:\/\/yoast.com\/product\/yoast-seo-wordpress\/ -->\n<title>Table ronde - Woka-Kuma Deutschland e.V.<\/title>\n<meta name=\"robots\" content=\"index, follow, max-snippet:-1, max-image-preview:large, max-video-preview:-1\" \/>\n<link rel=\"canonical\" href=\"https:\/\/woka-kuma.de\/wokakuma-festival\/festival-2018\/diskussionsabend\/\" \/>\n<meta property=\"og:locale\" content=\"fr_FR\" \/>\n<meta property=\"og:type\" content=\"article\" \/>\n<meta property=\"og:title\" content=\"[:de]Diskussionsabend[:en]Conference[:fr]Table ronde[:] - Woka-Kuma Deutschland e.V.\" \/>\n<meta property=\"og:description\" content=\"Vendredi\u00a0 7 septembre \u00e0 18h\u00a0\u00a0\u00e0 Info-Caf\u00e9 Berlin Paris Table ronde \u00ab\u00a0L\u2019art et la culture entre l\u2019Allemagne et le Burkina Faso\u00a0\u00bb Le lancement des activit\u00e9s de Woka-Kuma festival a eu pour cadre l&rsquo;Info-Caf\u00e9 Berlin-Paris. Il a \u00e9t\u00e9 marqu\u00e9 par un panel anim\u00e9 par deux imminentes personnalit\u00e9s. Il s\u2019agit du professeur Eckehard PISTRICK, enseignant chercheur et ma\u00eetre [&hellip;]\" \/>\n<meta property=\"og:url\" content=\"https:\/\/woka-kuma.de\/wokakuma-festival\/festival-2018\/diskussionsabend\/\" \/>\n<meta property=\"og:site_name\" content=\"Woka-Kuma Deutschland e.V.\" \/>\n<meta property=\"article:modified_time\" content=\"2022-08-09T08:47:47+00:00\" \/>\n<meta name=\"twitter:card\" content=\"summary_large_image\" \/>\n<meta name=\"twitter:label1\" content=\"Dur\u00e9e de lecture estim\u00e9e\" \/>\n\t<meta name=\"twitter:data1\" content=\"2 minutes\" \/>\n<script type=\"application\/ld+json\" class=\"yoast-schema-graph\">{\"@context\":\"https:\\\/\\\/schema.org\",\"@graph\":[{\"@type\":\"WebPage\",\"@id\":\"https:\\\/\\\/woka-kuma.de\\\/wokakuma-festival\\\/festival-2018\\\/diskussionsabend\\\/\",\"url\":\"https:\\\/\\\/woka-kuma.de\\\/wokakuma-festival\\\/festival-2018\\\/diskussionsabend\\\/\",\"name\":\"[:de]Diskussionsabend[:en]Conference[:fr]Table ronde[:] - Woka-Kuma Deutschland e.V.\",\"isPartOf\":{\"@id\":\"https:\\\/\\\/woka-kuma.de\\\/#website\"},\"datePublished\":\"2019-03-21T15:02:31+00:00\",\"dateModified\":\"2022-08-09T08:47:47+00:00\",\"breadcrumb\":{\"@id\":\"https:\\\/\\\/woka-kuma.de\\\/wokakuma-festival\\\/festival-2018\\\/diskussionsabend\\\/#breadcrumb\"},\"inLanguage\":\"fr-FR\",\"potentialAction\":[{\"@type\":\"ReadAction\",\"target\":[\"https:\\\/\\\/woka-kuma.de\\\/wokakuma-festival\\\/festival-2018\\\/diskussionsabend\\\/\"]}]},{\"@type\":\"BreadcrumbList\",\"@id\":\"https:\\\/\\\/woka-kuma.de\\\/wokakuma-festival\\\/festival-2018\\\/diskussionsabend\\\/#breadcrumb\",\"itemListElement\":[{\"@type\":\"ListItem\",\"position\":1,\"name\":\"Startseite\",\"item\":\"https:\\\/\\\/woka-kuma.de\\\/\"},{\"@type\":\"ListItem\",\"position\":2,\"name\":\"Woka Kuma Festival\",\"item\":\"https:\\\/\\\/woka-kuma.de\\\/wokakuma-festival\\\/\"},{\"@type\":\"ListItem\",\"position\":3,\"name\":\"Festival 2018\",\"item\":\"https:\\\/\\\/woka-kuma.de\\\/wokakuma-festival\\\/festival-2018\\\/\"},{\"@type\":\"ListItem\",\"position\":4,\"name\":\"Diskussionsabend\"}]},{\"@type\":\"WebSite\",\"@id\":\"https:\\\/\\\/woka-kuma.de\\\/#website\",\"url\":\"https:\\\/\\\/woka-kuma.de\\\/\",\"name\":\"Woka-Kuma Deutschland e.V.\",\"description\":\"\",\"publisher\":{\"@id\":\"https:\\\/\\\/woka-kuma.de\\\/#organization\"},\"potentialAction\":[{\"@type\":\"SearchAction\",\"target\":{\"@type\":\"EntryPoint\",\"urlTemplate\":\"https:\\\/\\\/woka-kuma.de\\\/?s={search_term_string}\"},\"query-input\":{\"@type\":\"PropertyValueSpecification\",\"valueRequired\":true,\"valueName\":\"search_term_string\"}}],\"inLanguage\":\"fr-FR\"},{\"@type\":\"Organization\",\"@id\":\"https:\\\/\\\/woka-kuma.de\\\/#organization\",\"name\":\"Woka-Kuma Deutschland e.V.\",\"url\":\"https:\\\/\\\/woka-kuma.de\\\/\",\"logo\":{\"@type\":\"ImageObject\",\"inLanguage\":\"fr-FR\",\"@id\":\"https:\\\/\\\/woka-kuma.de\\\/#\\\/schema\\\/logo\\\/image\\\/\",\"url\":\"https:\\\/\\\/woka-kuma.de\\\/wp-content\\\/uploads\\\/2020\\\/07\\\/Logo-Verein-2020-rund.png\",\"contentUrl\":\"https:\\\/\\\/woka-kuma.de\\\/wp-content\\\/uploads\\\/2020\\\/07\\\/Logo-Verein-2020-rund.png\",\"width\":1920,\"height\":1918,\"caption\":\"Woka-Kuma Deutschland e.V.\"},\"image\":{\"@id\":\"https:\\\/\\\/woka-kuma.de\\\/#\\\/schema\\\/logo\\\/image\\\/\"}}]}<\/script>\n<!-- \/ Yoast SEO plugin. -->","yoast_head_json":{"title":"[:de]Diskussionsabend[:en]Conference[:fr]Table ronde[:] - Woka-Kuma Deutschland e.V.","robots":{"index":"index","follow":"follow","max-snippet":"max-snippet:-1","max-image-preview":"max-image-preview:large","max-video-preview":"max-video-preview:-1"},"canonical":"https:\/\/woka-kuma.de\/wokakuma-festival\/festival-2018\/diskussionsabend\/","og_locale":"fr_FR","og_type":"article","og_title":"[:de]Diskussionsabend[:en]Conference[:fr]Table ronde[:] - Woka-Kuma Deutschland e.V.","og_description":"Vendredi\u00a0 7 septembre \u00e0 18h\u00a0\u00a0\u00e0 Info-Caf\u00e9 Berlin Paris Table ronde \u00ab\u00a0L\u2019art et la culture entre l\u2019Allemagne et le Burkina Faso\u00a0\u00bb Le lancement des activit\u00e9s de Woka-Kuma festival a eu pour cadre l&rsquo;Info-Caf\u00e9 Berlin-Paris. Il a \u00e9t\u00e9 marqu\u00e9 par un panel anim\u00e9 par deux imminentes personnalit\u00e9s. Il s\u2019agit du professeur Eckehard PISTRICK, enseignant chercheur et ma\u00eetre [&hellip;]","og_url":"https:\/\/woka-kuma.de\/wokakuma-festival\/festival-2018\/diskussionsabend\/","og_site_name":"Woka-Kuma Deutschland e.V.","article_modified_time":"2022-08-09T08:47:47+00:00","twitter_card":"summary_large_image","twitter_misc":{"Dur\u00e9e de lecture estim\u00e9e":"2 minutes"},"schema":{"@context":"https:\/\/schema.org","@graph":[{"@type":"WebPage","@id":"https:\/\/woka-kuma.de\/wokakuma-festival\/festival-2018\/diskussionsabend\/","url":"https:\/\/woka-kuma.de\/wokakuma-festival\/festival-2018\/diskussionsabend\/","name":"[:de]Diskussionsabend[:en]Conference[:fr]Table ronde[:] - Woka-Kuma Deutschland e.V.","isPartOf":{"@id":"https:\/\/woka-kuma.de\/#website"},"datePublished":"2019-03-21T15:02:31+00:00","dateModified":"2022-08-09T08:47:47+00:00","breadcrumb":{"@id":"https:\/\/woka-kuma.de\/wokakuma-festival\/festival-2018\/diskussionsabend\/#breadcrumb"},"inLanguage":"fr-FR","potentialAction":[{"@type":"ReadAction","target":["https:\/\/woka-kuma.de\/wokakuma-festival\/festival-2018\/diskussionsabend\/"]}]},{"@type":"BreadcrumbList","@id":"https:\/\/woka-kuma.de\/wokakuma-festival\/festival-2018\/diskussionsabend\/#breadcrumb","itemListElement":[{"@type":"ListItem","position":1,"name":"Startseite","item":"https:\/\/woka-kuma.de\/"},{"@type":"ListItem","position":2,"name":"Woka Kuma Festival","item":"https:\/\/woka-kuma.de\/wokakuma-festival\/"},{"@type":"ListItem","position":3,"name":"Festival 2018","item":"https:\/\/woka-kuma.de\/wokakuma-festival\/festival-2018\/"},{"@type":"ListItem","position":4,"name":"Diskussionsabend"}]},{"@type":"WebSite","@id":"https:\/\/woka-kuma.de\/#website","url":"https:\/\/woka-kuma.de\/","name":"Woka-Kuma Deutschland e.V.","description":"","publisher":{"@id":"https:\/\/woka-kuma.de\/#organization"},"potentialAction":[{"@type":"SearchAction","target":{"@type":"EntryPoint","urlTemplate":"https:\/\/woka-kuma.de\/?s={search_term_string}"},"query-input":{"@type":"PropertyValueSpecification","valueRequired":true,"valueName":"search_term_string"}}],"inLanguage":"fr-FR"},{"@type":"Organization","@id":"https:\/\/woka-kuma.de\/#organization","name":"Woka-Kuma Deutschland e.V.","url":"https:\/\/woka-kuma.de\/","logo":{"@type":"ImageObject","inLanguage":"fr-FR","@id":"https:\/\/woka-kuma.de\/#\/schema\/logo\/image\/","url":"https:\/\/woka-kuma.de\/wp-content\/uploads\/2020\/07\/Logo-Verein-2020-rund.png","contentUrl":"https:\/\/woka-kuma.de\/wp-content\/uploads\/2020\/07\/Logo-Verein-2020-rund.png","width":1920,"height":1918,"caption":"Woka-Kuma Deutschland e.V."},"image":{"@id":"https:\/\/woka-kuma.de\/#\/schema\/logo\/image\/"}}]}},"_links":{"self":[{"href":"https:\/\/woka-kuma.de\/fr\/wp-json\/wp\/v2\/pages\/509","targetHints":{"allow":["GET"]}}],"collection":[{"href":"https:\/\/woka-kuma.de\/fr\/wp-json\/wp\/v2\/pages"}],"about":[{"href":"https:\/\/woka-kuma.de\/fr\/wp-json\/wp\/v2\/types\/page"}],"author":[{"embeddable":true,"href":"https:\/\/woka-kuma.de\/fr\/wp-json\/wp\/v2\/users\/4"}],"replies":[{"embeddable":true,"href":"https:\/\/woka-kuma.de\/fr\/wp-json\/wp\/v2\/comments?post=509"}],"version-history":[{"count":9,"href":"https:\/\/woka-kuma.de\/fr\/wp-json\/wp\/v2\/pages\/509\/revisions"}],"predecessor-version":[{"id":822,"href":"https:\/\/woka-kuma.de\/fr\/wp-json\/wp\/v2\/pages\/509\/revisions\/822"}],"up":[{"embeddable":true,"href":"https:\/\/woka-kuma.de\/fr\/wp-json\/wp\/v2\/pages\/472"}],"wp:attachment":[{"href":"https:\/\/woka-kuma.de\/fr\/wp-json\/wp\/v2\/media?parent=509"}],"curies":[{"name":"wp","href":"https:\/\/api.w.org\/{rel}","templated":true}]}}