{"id":493,"date":"2019-03-21T14:18:33","date_gmt":"2019-03-21T14:18:33","guid":{"rendered":"https:\/\/woka-kuma.de\/?page_id=493"},"modified":"2023-11-11T12:27:50","modified_gmt":"2023-11-11T12:27:50","slug":"association-woka-kuma-burkina-faso","status":"publish","type":"page","link":"https:\/\/woka-kuma.de\/fr\/association-woka-kuma-burkina-faso\/","title":{"rendered":"Partenaire Association Woka Kuma Burkina Faso"},"content":{"rendered":"<p><strong>L\u2019Association WOKA KUMA qui signifie en langue nationale Bissa \u00ab <em>DONNONS-NOUS LA MAIN <\/em>\u00bb est une association qui a \u00e9t\u00e9 cr\u00e9\u00e9e en mars 2003. Son si\u00e8ge social est au secteur 21, Arrondissement N\u00b07, commune de Bobo-Dioulasso, Province du Houet, R\u00e9gion des Hauts-Bassins au Burkina Faso.<\/strong><\/p>\n<p><strong>Elle est n\u00e9e d\u2019une volont\u00e9 d\u2019impulser un dynamisme en mati\u00e8re d\u2019\u00e9ducation par l\u2019appui \u00e0 la scolarisation des Orphelins et Enfants Vuln\u00e9rables (OEV), aux \u00e9tablissements scolaire par la r\u00e9alisation d\u2019infrastructures scolaires (salles de classes, latrines, biblioth\u00e8que, aires de jeux) et par des dons en mat\u00e9riel (poubelles, mat\u00e9riel informatique et bureautique\u2026). Ils travaillent \u00e9galement ensemble avec l\u2019Association partenaire \u00ab\u00a0Woka-Kuma Deutschland e.V.\u00a0\u00bb en Allemagne.<\/strong><\/p>\n<p><strong>Aussi, elle apporte sa modeste contribution \u00e0 la valorisation de notre industrie culturelle et artistique par la promotion des artistes burkinab\u00e8 au plan local, national et international, au brassage culturel et aux renforcements de la coop\u00e9ration culturelle entre le Burkina Faso et les autres pays du monde \u00e0 travers des festivals, entre autre le FESTICO ( Festival de la danse et musique traditionelle de Colsama), lequel ils r\u00e9alisent en cooperation avec la Mairie de l\u2019arrondissement Nr 7 de la commune de Bobo Dioulasso.<a href=\"https:\/\/woka-kuma.de\/wp-content\/uploads\/2023\/11\/ACQUIS-WOKA-KUMA-2003-2023-Kopie.pdf\">ACQUIS WOKA KUMA 2003-2023<\/a><\/strong><\/p>\n<p><strong>Si\u00e9ge sociale de l&rsquo;Association in Belleville, Bobo Dioulasso:<\/strong><\/p>\n<p><img decoding=\"async\" class=\"alignnone size-medium wp-image-907\" src=\"https:\/\/woka-kuma.de\/wp-content\/uploads\/2020\/06\/IMG-20200315-WA0001-300x225.jpg\" alt=\"\" width=\"300\" height=\"225\" srcset=\"https:\/\/woka-kuma.de\/wp-content\/uploads\/2020\/06\/IMG-20200315-WA0001-300x225.jpg 300w, https:\/\/woka-kuma.de\/wp-content\/uploads\/2020\/06\/IMG-20200315-WA0001-768x576.jpg 768w, https:\/\/woka-kuma.de\/wp-content\/uploads\/2020\/06\/IMG-20200315-WA0001-1024x768.jpg 1024w, https:\/\/woka-kuma.de\/wp-content\/uploads\/2020\/06\/IMG-20200315-WA0001-1200x900.jpg 1200w, https:\/\/woka-kuma.de\/wp-content\/uploads\/2020\/06\/IMG-20200315-WA0001.jpg 1600w\" sizes=\"(max-width: 300px) 100vw, 300px\" \/><img decoding=\"async\" class=\"alignnone size-medium wp-image-909\" src=\"https:\/\/woka-kuma.de\/wp-content\/uploads\/2020\/06\/IMG-20200315-WA0003-300x225.jpg\" alt=\"\" width=\"300\" height=\"225\" srcset=\"https:\/\/woka-kuma.de\/wp-content\/uploads\/2020\/06\/IMG-20200315-WA0003-300x225.jpg 300w, https:\/\/woka-kuma.de\/wp-content\/uploads\/2020\/06\/IMG-20200315-WA0003-768x576.jpg 768w, https:\/\/woka-kuma.de\/wp-content\/uploads\/2020\/06\/IMG-20200315-WA0003-1024x768.jpg 1024w, https:\/\/woka-kuma.de\/wp-content\/uploads\/2020\/06\/IMG-20200315-WA0003-1200x900.jpg 1200w, https:\/\/woka-kuma.de\/wp-content\/uploads\/2020\/06\/IMG-20200315-WA0003.jpg 1600w\" sizes=\"(max-width: 300px) 100vw, 300px\" \/><img decoding=\"async\" class=\"alignnone size-medium wp-image-906\" src=\"https:\/\/woka-kuma.de\/wp-content\/uploads\/2020\/06\/IMG-20200315-WA0000-300x225.jpg\" alt=\"\" width=\"300\" height=\"225\" srcset=\"https:\/\/woka-kuma.de\/wp-content\/uploads\/2020\/06\/IMG-20200315-WA0000-300x225.jpg 300w, https:\/\/woka-kuma.de\/wp-content\/uploads\/2020\/06\/IMG-20200315-WA0000-768x576.jpg 768w, https:\/\/woka-kuma.de\/wp-content\/uploads\/2020\/06\/IMG-20200315-WA0000-1024x768.jpg 1024w, https:\/\/woka-kuma.de\/wp-content\/uploads\/2020\/06\/IMG-20200315-WA0000-1200x900.jpg 1200w, https:\/\/woka-kuma.de\/wp-content\/uploads\/2020\/06\/IMG-20200315-WA0000.jpg 1600w\" sizes=\"(max-width: 300px) 100vw, 300px\" \/><\/p>","protected":false},"excerpt":{"rendered":"<p>L\u2019Association WOKA KUMA qui signifie en langue nationale Bissa \u00ab DONNONS-NOUS LA MAIN \u00bb est une association qui a \u00e9t\u00e9 cr\u00e9\u00e9e en mars 2003. Son si\u00e8ge social est au secteur 21, Arrondissement N\u00b07, commune de Bobo-Dioulasso, Province du Houet, R\u00e9gion des Hauts-Bassins au Burkina Faso. Elle est n\u00e9e d\u2019une volont\u00e9 d\u2019impulser un dynamisme en mati\u00e8re [&hellip;]<\/p>\n","protected":false},"author":4,"featured_media":591,"parent":0,"menu_order":2,"comment_status":"closed","ping_status":"closed","template":"templates\/template-full-width.php","meta":{"footnotes":""},"class_list":["post-493","page","type-page","status-publish","has-post-thumbnail","hentry"],"yoast_head":"<!-- This site is optimized with the Yoast SEO plugin v27.4 - https:\/\/yoast.com\/product\/yoast-seo-wordpress\/ -->\n<title>Partenaire Association Woka Kuma Burkina Faso - Woka-Kuma Deutschland e.V.<\/title>\n<meta name=\"robots\" content=\"index, follow, max-snippet:-1, max-image-preview:large, max-video-preview:-1\" \/>\n<link rel=\"canonical\" href=\"https:\/\/woka-kuma.de\/association-woka-kuma-burkina-faso\/\" \/>\n<meta property=\"og:locale\" content=\"fr_FR\" \/>\n<meta property=\"og:type\" content=\"article\" \/>\n<meta property=\"og:title\" content=\"[:de]Partnerverein Association Woka Kuma Burkina Faso [:en]PartnerAssociation Woka Kuma[:fr]Partenaire Association Woka Kuma Burkina Faso[:] - Woka-Kuma Deutschland e.V.\" \/>\n<meta property=\"og:description\" content=\"L\u2019Association WOKA KUMA qui signifie en langue nationale Bissa \u00ab DONNONS-NOUS LA MAIN \u00bb est une association qui a \u00e9t\u00e9 cr\u00e9\u00e9e en mars 2003. Son si\u00e8ge social est au secteur 21, Arrondissement N\u00b07, commune de Bobo-Dioulasso, Province du Houet, R\u00e9gion des Hauts-Bassins au Burkina Faso. Elle est n\u00e9e d\u2019une volont\u00e9 d\u2019impulser un dynamisme en mati\u00e8re [&hellip;]\" \/>\n<meta property=\"og:url\" content=\"https:\/\/woka-kuma.de\/association-woka-kuma-burkina-faso\/\" \/>\n<meta property=\"og:site_name\" content=\"Woka-Kuma Deutschland e.V.\" \/>\n<meta property=\"article:modified_time\" content=\"2023-11-11T12:27:50+00:00\" \/>\n<meta property=\"og:image\" content=\"https:\/\/woka-kuma.de\/wp-content\/uploads\/2019\/04\/58461054_1250978768394317_611909174686646272_n.jpg\" \/>\n\t<meta property=\"og:image:width\" content=\"800\" \/>\n\t<meta property=\"og:image:height\" content=\"600\" \/>\n\t<meta property=\"og:image:type\" content=\"image\/jpeg\" \/>\n<meta name=\"twitter:card\" content=\"summary_large_image\" \/>\n<meta name=\"twitter:label1\" content=\"Dur\u00e9e de lecture estim\u00e9e\" \/>\n\t<meta name=\"twitter:data1\" content=\"3 minutes\" \/>\n<script type=\"application\/ld+json\" class=\"yoast-schema-graph\">{\"@context\":\"https:\\\/\\\/schema.org\",\"@graph\":[{\"@type\":\"WebPage\",\"@id\":\"https:\\\/\\\/woka-kuma.de\\\/association-woka-kuma-burkina-faso\\\/\",\"url\":\"https:\\\/\\\/woka-kuma.de\\\/association-woka-kuma-burkina-faso\\\/\",\"name\":\"[:de]Partnerverein Association Woka Kuma Burkina Faso [:en]PartnerAssociation Woka Kuma[:fr]Partenaire Association Woka Kuma Burkina Faso[:] - Woka-Kuma Deutschland e.V.\",\"isPartOf\":{\"@id\":\"https:\\\/\\\/woka-kuma.de\\\/#website\"},\"primaryImageOfPage\":{\"@id\":\"https:\\\/\\\/woka-kuma.de\\\/association-woka-kuma-burkina-faso\\\/#primaryimage\"},\"image\":{\"@id\":\"https:\\\/\\\/woka-kuma.de\\\/association-woka-kuma-burkina-faso\\\/#primaryimage\"},\"thumbnailUrl\":\"https:\\\/\\\/woka-kuma.de\\\/wp-content\\\/uploads\\\/2019\\\/04\\\/58461054_1250978768394317_611909174686646272_n.jpg\",\"datePublished\":\"2019-03-21T14:18:33+00:00\",\"dateModified\":\"2023-11-11T12:27:50+00:00\",\"breadcrumb\":{\"@id\":\"https:\\\/\\\/woka-kuma.de\\\/association-woka-kuma-burkina-faso\\\/#breadcrumb\"},\"inLanguage\":\"fr-FR\",\"potentialAction\":[{\"@type\":\"ReadAction\",\"target\":[\"https:\\\/\\\/woka-kuma.de\\\/association-woka-kuma-burkina-faso\\\/\"]}]},{\"@type\":\"ImageObject\",\"inLanguage\":\"fr-FR\",\"@id\":\"https:\\\/\\\/woka-kuma.de\\\/association-woka-kuma-burkina-faso\\\/#primaryimage\",\"url\":\"https:\\\/\\\/woka-kuma.de\\\/wp-content\\\/uploads\\\/2019\\\/04\\\/58461054_1250978768394317_611909174686646272_n.jpg\",\"contentUrl\":\"https:\\\/\\\/woka-kuma.de\\\/wp-content\\\/uploads\\\/2019\\\/04\\\/58461054_1250978768394317_611909174686646272_n.jpg\",\"width\":800,\"height\":600,\"caption\":\"Woka Kuma Berlin et Burkina Faso r\u00e9unies en 2019\"},{\"@type\":\"BreadcrumbList\",\"@id\":\"https:\\\/\\\/woka-kuma.de\\\/association-woka-kuma-burkina-faso\\\/#breadcrumb\",\"itemListElement\":[{\"@type\":\"ListItem\",\"position\":1,\"name\":\"Startseite\",\"item\":\"https:\\\/\\\/woka-kuma.de\\\/\"},{\"@type\":\"ListItem\",\"position\":2,\"name\":\"Partnerverein Association Woka Kuma Burkina Faso\"}]},{\"@type\":\"WebSite\",\"@id\":\"https:\\\/\\\/woka-kuma.de\\\/#website\",\"url\":\"https:\\\/\\\/woka-kuma.de\\\/\",\"name\":\"Woka-Kuma Deutschland e.V.\",\"description\":\"\",\"publisher\":{\"@id\":\"https:\\\/\\\/woka-kuma.de\\\/#organization\"},\"potentialAction\":[{\"@type\":\"SearchAction\",\"target\":{\"@type\":\"EntryPoint\",\"urlTemplate\":\"https:\\\/\\\/woka-kuma.de\\\/?s={search_term_string}\"},\"query-input\":{\"@type\":\"PropertyValueSpecification\",\"valueRequired\":true,\"valueName\":\"search_term_string\"}}],\"inLanguage\":\"fr-FR\"},{\"@type\":\"Organization\",\"@id\":\"https:\\\/\\\/woka-kuma.de\\\/#organization\",\"name\":\"Woka-Kuma Deutschland e.V.\",\"url\":\"https:\\\/\\\/woka-kuma.de\\\/\",\"logo\":{\"@type\":\"ImageObject\",\"inLanguage\":\"fr-FR\",\"@id\":\"https:\\\/\\\/woka-kuma.de\\\/#\\\/schema\\\/logo\\\/image\\\/\",\"url\":\"https:\\\/\\\/woka-kuma.de\\\/wp-content\\\/uploads\\\/2020\\\/07\\\/Logo-Verein-2020-rund.png\",\"contentUrl\":\"https:\\\/\\\/woka-kuma.de\\\/wp-content\\\/uploads\\\/2020\\\/07\\\/Logo-Verein-2020-rund.png\",\"width\":1920,\"height\":1918,\"caption\":\"Woka-Kuma Deutschland e.V.\"},\"image\":{\"@id\":\"https:\\\/\\\/woka-kuma.de\\\/#\\\/schema\\\/logo\\\/image\\\/\"}}]}<\/script>\n<!-- \/ Yoast SEO plugin. -->","yoast_head_json":{"title":"[:de]Partnerverein Association Woka Kuma Burkina Faso [:en]PartnerAssociation Woka Kuma[:fr]Partenaire Association Woka Kuma Burkina Faso[:] - Woka-Kuma Deutschland e.V.","robots":{"index":"index","follow":"follow","max-snippet":"max-snippet:-1","max-image-preview":"max-image-preview:large","max-video-preview":"max-video-preview:-1"},"canonical":"https:\/\/woka-kuma.de\/association-woka-kuma-burkina-faso\/","og_locale":"fr_FR","og_type":"article","og_title":"[:de]Partnerverein Association Woka Kuma Burkina Faso [:en]PartnerAssociation Woka Kuma[:fr]Partenaire Association Woka Kuma Burkina Faso[:] - Woka-Kuma Deutschland e.V.","og_description":"L\u2019Association WOKA KUMA qui signifie en langue nationale Bissa \u00ab DONNONS-NOUS LA MAIN \u00bb est une association qui a \u00e9t\u00e9 cr\u00e9\u00e9e en mars 2003. Son si\u00e8ge social est au secteur 21, Arrondissement N\u00b07, commune de Bobo-Dioulasso, Province du Houet, R\u00e9gion des Hauts-Bassins au Burkina Faso. Elle est n\u00e9e d\u2019une volont\u00e9 d\u2019impulser un dynamisme en mati\u00e8re [&hellip;]","og_url":"https:\/\/woka-kuma.de\/association-woka-kuma-burkina-faso\/","og_site_name":"Woka-Kuma Deutschland e.V.","article_modified_time":"2023-11-11T12:27:50+00:00","og_image":[{"width":800,"height":600,"url":"https:\/\/woka-kuma.de\/wp-content\/uploads\/2019\/04\/58461054_1250978768394317_611909174686646272_n.jpg","type":"image\/jpeg"}],"twitter_card":"summary_large_image","twitter_misc":{"Dur\u00e9e de lecture estim\u00e9e":"3 minutes"},"schema":{"@context":"https:\/\/schema.org","@graph":[{"@type":"WebPage","@id":"https:\/\/woka-kuma.de\/association-woka-kuma-burkina-faso\/","url":"https:\/\/woka-kuma.de\/association-woka-kuma-burkina-faso\/","name":"[:de]Partnerverein Association Woka Kuma Burkina Faso [:en]PartnerAssociation Woka Kuma[:fr]Partenaire Association Woka Kuma Burkina Faso[:] - Woka-Kuma Deutschland e.V.","isPartOf":{"@id":"https:\/\/woka-kuma.de\/#website"},"primaryImageOfPage":{"@id":"https:\/\/woka-kuma.de\/association-woka-kuma-burkina-faso\/#primaryimage"},"image":{"@id":"https:\/\/woka-kuma.de\/association-woka-kuma-burkina-faso\/#primaryimage"},"thumbnailUrl":"https:\/\/woka-kuma.de\/wp-content\/uploads\/2019\/04\/58461054_1250978768394317_611909174686646272_n.jpg","datePublished":"2019-03-21T14:18:33+00:00","dateModified":"2023-11-11T12:27:50+00:00","breadcrumb":{"@id":"https:\/\/woka-kuma.de\/association-woka-kuma-burkina-faso\/#breadcrumb"},"inLanguage":"fr-FR","potentialAction":[{"@type":"ReadAction","target":["https:\/\/woka-kuma.de\/association-woka-kuma-burkina-faso\/"]}]},{"@type":"ImageObject","inLanguage":"fr-FR","@id":"https:\/\/woka-kuma.de\/association-woka-kuma-burkina-faso\/#primaryimage","url":"https:\/\/woka-kuma.de\/wp-content\/uploads\/2019\/04\/58461054_1250978768394317_611909174686646272_n.jpg","contentUrl":"https:\/\/woka-kuma.de\/wp-content\/uploads\/2019\/04\/58461054_1250978768394317_611909174686646272_n.jpg","width":800,"height":600,"caption":"Woka Kuma Berlin et Burkina Faso r\u00e9unies en 2019"},{"@type":"BreadcrumbList","@id":"https:\/\/woka-kuma.de\/association-woka-kuma-burkina-faso\/#breadcrumb","itemListElement":[{"@type":"ListItem","position":1,"name":"Startseite","item":"https:\/\/woka-kuma.de\/"},{"@type":"ListItem","position":2,"name":"Partnerverein Association Woka Kuma Burkina Faso"}]},{"@type":"WebSite","@id":"https:\/\/woka-kuma.de\/#website","url":"https:\/\/woka-kuma.de\/","name":"Woka-Kuma Deutschland e.V.","description":"","publisher":{"@id":"https:\/\/woka-kuma.de\/#organization"},"potentialAction":[{"@type":"SearchAction","target":{"@type":"EntryPoint","urlTemplate":"https:\/\/woka-kuma.de\/?s={search_term_string}"},"query-input":{"@type":"PropertyValueSpecification","valueRequired":true,"valueName":"search_term_string"}}],"inLanguage":"fr-FR"},{"@type":"Organization","@id":"https:\/\/woka-kuma.de\/#organization","name":"Woka-Kuma Deutschland e.V.","url":"https:\/\/woka-kuma.de\/","logo":{"@type":"ImageObject","inLanguage":"fr-FR","@id":"https:\/\/woka-kuma.de\/#\/schema\/logo\/image\/","url":"https:\/\/woka-kuma.de\/wp-content\/uploads\/2020\/07\/Logo-Verein-2020-rund.png","contentUrl":"https:\/\/woka-kuma.de\/wp-content\/uploads\/2020\/07\/Logo-Verein-2020-rund.png","width":1920,"height":1918,"caption":"Woka-Kuma Deutschland e.V."},"image":{"@id":"https:\/\/woka-kuma.de\/#\/schema\/logo\/image\/"}}]}},"_links":{"self":[{"href":"https:\/\/woka-kuma.de\/fr\/wp-json\/wp\/v2\/pages\/493","targetHints":{"allow":["GET"]}}],"collection":[{"href":"https:\/\/woka-kuma.de\/fr\/wp-json\/wp\/v2\/pages"}],"about":[{"href":"https:\/\/woka-kuma.de\/fr\/wp-json\/wp\/v2\/types\/page"}],"author":[{"embeddable":true,"href":"https:\/\/woka-kuma.de\/fr\/wp-json\/wp\/v2\/users\/4"}],"replies":[{"embeddable":true,"href":"https:\/\/woka-kuma.de\/fr\/wp-json\/wp\/v2\/comments?post=493"}],"version-history":[{"count":28,"href":"https:\/\/woka-kuma.de\/fr\/wp-json\/wp\/v2\/pages\/493\/revisions"}],"predecessor-version":[{"id":1919,"href":"https:\/\/woka-kuma.de\/fr\/wp-json\/wp\/v2\/pages\/493\/revisions\/1919"}],"wp:featuredmedia":[{"embeddable":true,"href":"https:\/\/woka-kuma.de\/fr\/wp-json\/wp\/v2\/media\/591"}],"wp:attachment":[{"href":"https:\/\/woka-kuma.de\/fr\/wp-json\/wp\/v2\/media?parent=493"}],"curies":[{"name":"wp","href":"https:\/\/api.w.org\/{rel}","templated":true}]}}