{"id":472,"date":"2019-03-20T12:30:24","date_gmt":"2019-03-20T12:30:24","guid":{"rendered":"https:\/\/woka-kuma.de\/?page_id=472"},"modified":"2025-02-08T08:07:17","modified_gmt":"2025-02-08T08:07:17","slug":"festival-2018","status":"publish","type":"page","link":"https:\/\/woka-kuma.de\/fr\/wokakuma-festival\/festival-2018\/","title":{"rendered":"Le Festival 2018"},"content":{"rendered":"<p><\/p>\n<p style=\"text-align: center;\"><strong>WOKA KUMA FESTIVAL 2018<\/strong><\/p>\n<p style=\"text-align: center;\"><strong>Music, Tanz und Film aus Burkina Faso<\/strong><\/p>\n<p style=\"text-align: center;\"><strong>7.-9. September 2018<\/strong><\/p>\n<p><a href=\"https:\/\/woka-kuma.de\/wp-content\/uploads\/2019\/03\/37561276_2062465807159872_2825509742514798592_n.jpg\"><img decoding=\"async\" class=\"aligncenter wp-image-503 size-medium\" src=\"https:\/\/woka-kuma.de\/wp-content\/uploads\/2019\/03\/37561276_2062465807159872_2825509742514798592_n-212x300.jpg\" alt=\"\" width=\"212\" height=\"300\" srcset=\"https:\/\/woka-kuma.de\/wp-content\/uploads\/2019\/03\/37561276_2062465807159872_2825509742514798592_n-212x300.jpg 212w, https:\/\/woka-kuma.de\/wp-content\/uploads\/2019\/03\/37561276_2062465807159872_2825509742514798592_n.jpg 679w\" sizes=\"(max-width: 212px) 100vw, 212px\" \/><\/a><\/p>\n<p>&nbsp;<\/p>\n<p><strong>Freitag, 7. Sept 2018<br \/>\n<\/strong>18.00 Uhr<br \/>\n<strong><a href=\"https:\/\/woka-kuma.de\/diskussionsabend\/\">Konferenz<\/a><br \/>\n<\/strong>\u00ab\u00a0Darstellung von deutsch-burkinischer Kunst &amp; Kultur \u00fcber die Grenzen hinaus\u201c mit Fachkr\u00e4ften aus Tourismus &amp; Kultur : Vertr.-Jun.Prof. Eckehard Pistrick, Universit\u00e4t zu K\u00f6ln, Institut f\u00fcr Europ\u00e4ische Musikethnologie ; A. Tougouma, W. Barra<br \/>\nanschl. Empfang und musikalischer Beitrag: \u00ab\u00a0IKLASS\u00a0\u00bb<br \/>\nIklass-Gesang, Adama Diallo-djembe, Ekow Alabi-Percussion, Arenor-Gitarre<\/p>\n<p>Ort: <a href=\"https:\/\/infocafe.dfjw.org\/de\/diskussionsabend-woka-kuma-festival-7-september-2018\/\">InfoCaf\u00e9 Berlin Paris<\/a>; Molkenmarkt 1, 10179 Berlin \u00a0 \u00a0 \u00a0 \u00a0 \u00a0 \u00a0 \u00a0 \u00a0 \u00a0 \u00a0 \u00a0 \u00a0 \u00a0 \u00a0 \u00a0 \u00a0 \u00a0 \u00a0 \u00a0 \u00a0 \u00a0 \u00a0 \u00a0 \u00a0 \u00a0 \u00a0 \u00a0 \u00a0 \u00a0 \u00a0 \u00a0 \u00a0 \u00a0 \u00a0 \u00a0 \u00a0 \u00a0\u00a0 S+ U Alexanderplatz<\/p>\n<p>+++<br \/>\n<a href=\"https:\/\/woka-kuma.de\/programm\/\"><strong>Samstag. 8. Sept. 2018<\/strong><\/a><br \/>\n19.00h Fotoausstellung vor M\u00fcnzbergsaal<br \/>\n19.30h Burkinisches Buffet im Lichthof<br \/>\n20.00h Filmvorf\u00fchrung im Lichthof<br \/>\n21.15h Willkommen des Schirmherrn Sgr. <strong>Honor\u00e9 Guibila<\/strong><br \/>\n21.30h Konzerte mit K\u00fcnstler*innen aus Burkina Faso:<br \/>\n<strong>Melissa Hie <\/strong>\u2013 Djembefola (auch Workshops s.u.)<br \/>\n<strong>Thaliane <\/strong>(Nathalie Traor\u00e9), Pop &amp; Soul<br \/>\n<strong>Malika la Slameuse <\/strong>&amp; Band, HipHop, PoetrySlam<br \/>\n<strong>Burkina Faso Orchester<\/strong><br \/>\nanschl. Party<br \/>\nEintritt 15,-\u20ac, erm\u00e4ssigt 10,-\u20ac<\/p>\n<p>im <a href=\"https:\/\/www.franzmehringplatz.de\/\">FMP 1<\/a>&#8211;<strong>\u00a0M\u00fcnzbergsaal &amp; Lichthof<br \/>\n<\/strong>ehemalig <strong>DEUTSCHLAND-HAUS<br \/>\n<\/strong>Franz-Mehring-Platz 1,\u00a010243 Berlin<br \/>\n\u2013 rollstuhlgerecht \u2013<br \/>\n<strong>\u00a0U-Weberwiese + S-Ostbahnhof + Bus 240 + 347<\/strong><\/p>\n<p>+++<br \/>\n<a href=\"https:\/\/woka-kuma.de\/tanz-trommel-workshops\/\"><strong>Workshops Sa. 8. + So. 9. Sept.:<\/strong><\/a><\/p>\n<p><strong>Melissa Hie \u2013 Djembe<\/strong><br \/>\n12h \u2013 13.30h Anf\u00e4nger + 14h \u2013 15:30h Fortgeschrittene<br \/>\n1\u00d730,-\u20ac, 2x 55,-\u20ac, 3x 70,-\u20ac, 4x 90,-\u20ac<br \/>\nOrt: Afrika Center Berlin, Hohenstaufenstr. 3, 10781 Berlin<br \/>\nU-Nollendorfplatz + U-Eisenacher Str.<\/p>\n<p>&nbsp;<\/p>\n<p>Anmeldung unter: <span id=\"eeb-913948\"><a class=\"mailto-link\" href=\"mailto:wokakuma1@gmail.com\">wokakuma1@gmail.com<\/a><\/span><\/p>\n<p><strong>Ahmed Soura \u2013 Tanz<\/strong><br \/>\n11.30h \u2013 13.15h Anf\u00e4nger + 13.30h \u2013 15.30h Fortgeschrittene<br \/>\n1x 30,-\u20ac, 2x 55,-\u20ac, 3x 70,-\u20ac, 4x 90,-\u20ac<br \/>\nOrt: Papillon Tanzstudios am Ostkreuz<br \/>\nG\u00fcrtelstr. 25, 10247 Berlin<br \/>\n<a href=\"http:\/\/www.papillon-tanz.de\">www.papillon-tanz.de<\/a><\/p>","protected":false},"excerpt":{"rendered":"<p>D\u00e9sol\u00e9, cet article est seulement disponible en Deutsch.<\/p>\n","protected":false},"author":4,"featured_media":0,"parent":10,"menu_order":0,"comment_status":"closed","ping_status":"closed","template":"templates\/template-full-width.php","meta":{"footnotes":""},"class_list":["post-472","page","type-page","status-publish","hentry"],"yoast_head":"<!-- This site is optimized with the Yoast SEO plugin v27.3 - https:\/\/yoast.com\/product\/yoast-seo-wordpress\/ -->\n<title>Le Festival 2018 - Woka-Kuma Deutschland e.V.<\/title>\n<meta name=\"robots\" content=\"index, follow, max-snippet:-1, max-image-preview:large, max-video-preview:-1\" \/>\n<link rel=\"canonical\" href=\"https:\/\/woka-kuma.de\/wokakuma-festival\/festival-2018\/\" \/>\n<meta property=\"og:locale\" content=\"fr_FR\" \/>\n<meta property=\"og:type\" content=\"article\" \/>\n<meta property=\"og:title\" content=\"[:de]Festival 2018[:en]Festival 2018[:fr]Le Festival 2018[:] - Woka-Kuma Deutschland e.V.\" \/>\n<meta property=\"og:description\" content=\"D\u00e9sol\u00e9, cet article est seulement disponible en Deutsch.\" \/>\n<meta property=\"og:url\" content=\"https:\/\/woka-kuma.de\/wokakuma-festival\/festival-2018\/\" \/>\n<meta property=\"og:site_name\" content=\"Woka-Kuma Deutschland e.V.\" \/>\n<meta property=\"article:modified_time\" content=\"2025-02-08T08:07:17+00:00\" \/>\n<meta property=\"og:image\" content=\"https:\/\/woka-kuma.de\/wp-content\/uploads\/2019\/03\/37561276_2062465807159872_2825509742514798592_n.jpg\" \/>\n\t<meta property=\"og:image:width\" content=\"679\" \/>\n\t<meta property=\"og:image:height\" content=\"960\" \/>\n\t<meta property=\"og:image:type\" content=\"image\/jpeg\" \/>\n<meta name=\"twitter:card\" content=\"summary_large_image\" \/>\n<meta name=\"twitter:label1\" content=\"Dur\u00e9e de lecture estim\u00e9e\" \/>\n\t<meta name=\"twitter:data1\" content=\"5 minutes\" \/>\n<script type=\"application\/ld+json\" class=\"yoast-schema-graph\">{\"@context\":\"https:\\\/\\\/schema.org\",\"@graph\":[{\"@type\":\"WebPage\",\"@id\":\"https:\\\/\\\/woka-kuma.de\\\/wokakuma-festival\\\/festival-2018\\\/\",\"url\":\"https:\\\/\\\/woka-kuma.de\\\/wokakuma-festival\\\/festival-2018\\\/\",\"name\":\"[:de]Festival 2018[:en]Festival 2018[:fr]Le Festival 2018[:] - Woka-Kuma Deutschland e.V.\",\"isPartOf\":{\"@id\":\"https:\\\/\\\/woka-kuma.de\\\/#website\"},\"primaryImageOfPage\":{\"@id\":\"https:\\\/\\\/woka-kuma.de\\\/wokakuma-festival\\\/festival-2018\\\/#primaryimage\"},\"image\":{\"@id\":\"https:\\\/\\\/woka-kuma.de\\\/wokakuma-festival\\\/festival-2018\\\/#primaryimage\"},\"thumbnailUrl\":\"https:\\\/\\\/woka-kuma.de\\\/wp-content\\\/uploads\\\/2019\\\/03\\\/37561276_2062465807159872_2825509742514798592_n-212x300.jpg\",\"datePublished\":\"2019-03-20T12:30:24+00:00\",\"dateModified\":\"2025-02-08T08:07:17+00:00\",\"breadcrumb\":{\"@id\":\"https:\\\/\\\/woka-kuma.de\\\/wokakuma-festival\\\/festival-2018\\\/#breadcrumb\"},\"inLanguage\":\"fr-FR\",\"potentialAction\":[{\"@type\":\"ReadAction\",\"target\":[\"https:\\\/\\\/woka-kuma.de\\\/wokakuma-festival\\\/festival-2018\\\/\"]}]},{\"@type\":\"ImageObject\",\"inLanguage\":\"fr-FR\",\"@id\":\"https:\\\/\\\/woka-kuma.de\\\/wokakuma-festival\\\/festival-2018\\\/#primaryimage\",\"url\":\"https:\\\/\\\/woka-kuma.de\\\/wp-content\\\/uploads\\\/2019\\\/03\\\/37561276_2062465807159872_2825509742514798592_n-212x300.jpg\",\"contentUrl\":\"https:\\\/\\\/woka-kuma.de\\\/wp-content\\\/uploads\\\/2019\\\/03\\\/37561276_2062465807159872_2825509742514798592_n-212x300.jpg\"},{\"@type\":\"BreadcrumbList\",\"@id\":\"https:\\\/\\\/woka-kuma.de\\\/wokakuma-festival\\\/festival-2018\\\/#breadcrumb\",\"itemListElement\":[{\"@type\":\"ListItem\",\"position\":1,\"name\":\"Startseite\",\"item\":\"https:\\\/\\\/woka-kuma.de\\\/\"},{\"@type\":\"ListItem\",\"position\":2,\"name\":\"Woka Kuma Festival\",\"item\":\"https:\\\/\\\/woka-kuma.de\\\/wokakuma-festival\\\/\"},{\"@type\":\"ListItem\",\"position\":3,\"name\":\"Festival 2018\"}]},{\"@type\":\"WebSite\",\"@id\":\"https:\\\/\\\/woka-kuma.de\\\/#website\",\"url\":\"https:\\\/\\\/woka-kuma.de\\\/\",\"name\":\"Woka-Kuma Deutschland e.V.\",\"description\":\"\",\"publisher\":{\"@id\":\"https:\\\/\\\/woka-kuma.de\\\/#organization\"},\"potentialAction\":[{\"@type\":\"SearchAction\",\"target\":{\"@type\":\"EntryPoint\",\"urlTemplate\":\"https:\\\/\\\/woka-kuma.de\\\/?s={search_term_string}\"},\"query-input\":{\"@type\":\"PropertyValueSpecification\",\"valueRequired\":true,\"valueName\":\"search_term_string\"}}],\"inLanguage\":\"fr-FR\"},{\"@type\":\"Organization\",\"@id\":\"https:\\\/\\\/woka-kuma.de\\\/#organization\",\"name\":\"Woka-Kuma Deutschland e.V.\",\"url\":\"https:\\\/\\\/woka-kuma.de\\\/\",\"logo\":{\"@type\":\"ImageObject\",\"inLanguage\":\"fr-FR\",\"@id\":\"https:\\\/\\\/woka-kuma.de\\\/#\\\/schema\\\/logo\\\/image\\\/\",\"url\":\"https:\\\/\\\/woka-kuma.de\\\/wp-content\\\/uploads\\\/2020\\\/07\\\/Logo-Verein-2020-rund.png\",\"contentUrl\":\"https:\\\/\\\/woka-kuma.de\\\/wp-content\\\/uploads\\\/2020\\\/07\\\/Logo-Verein-2020-rund.png\",\"width\":1920,\"height\":1918,\"caption\":\"Woka-Kuma Deutschland e.V.\"},\"image\":{\"@id\":\"https:\\\/\\\/woka-kuma.de\\\/#\\\/schema\\\/logo\\\/image\\\/\"}}]}<\/script>\n<!-- \/ Yoast SEO plugin. -->","yoast_head_json":{"title":"[:de]Festival 2018[:en]Festival 2018[:fr]Le Festival 2018[:] - Woka-Kuma Deutschland e.V.","robots":{"index":"index","follow":"follow","max-snippet":"max-snippet:-1","max-image-preview":"max-image-preview:large","max-video-preview":"max-video-preview:-1"},"canonical":"https:\/\/woka-kuma.de\/wokakuma-festival\/festival-2018\/","og_locale":"fr_FR","og_type":"article","og_title":"[:de]Festival 2018[:en]Festival 2018[:fr]Le Festival 2018[:] - Woka-Kuma Deutschland e.V.","og_description":"D\u00e9sol\u00e9, cet article est seulement disponible en Deutsch.","og_url":"https:\/\/woka-kuma.de\/wokakuma-festival\/festival-2018\/","og_site_name":"Woka-Kuma Deutschland e.V.","article_modified_time":"2025-02-08T08:07:17+00:00","og_image":[{"width":679,"height":960,"url":"https:\/\/woka-kuma.de\/wp-content\/uploads\/2019\/03\/37561276_2062465807159872_2825509742514798592_n.jpg","type":"image\/jpeg"}],"twitter_card":"summary_large_image","twitter_misc":{"Dur\u00e9e de lecture estim\u00e9e":"5 minutes"},"schema":{"@context":"https:\/\/schema.org","@graph":[{"@type":"WebPage","@id":"https:\/\/woka-kuma.de\/wokakuma-festival\/festival-2018\/","url":"https:\/\/woka-kuma.de\/wokakuma-festival\/festival-2018\/","name":"[:de]Festival 2018[:en]Festival 2018[:fr]Le Festival 2018[:] - Woka-Kuma Deutschland e.V.","isPartOf":{"@id":"https:\/\/woka-kuma.de\/#website"},"primaryImageOfPage":{"@id":"https:\/\/woka-kuma.de\/wokakuma-festival\/festival-2018\/#primaryimage"},"image":{"@id":"https:\/\/woka-kuma.de\/wokakuma-festival\/festival-2018\/#primaryimage"},"thumbnailUrl":"https:\/\/woka-kuma.de\/wp-content\/uploads\/2019\/03\/37561276_2062465807159872_2825509742514798592_n-212x300.jpg","datePublished":"2019-03-20T12:30:24+00:00","dateModified":"2025-02-08T08:07:17+00:00","breadcrumb":{"@id":"https:\/\/woka-kuma.de\/wokakuma-festival\/festival-2018\/#breadcrumb"},"inLanguage":"fr-FR","potentialAction":[{"@type":"ReadAction","target":["https:\/\/woka-kuma.de\/wokakuma-festival\/festival-2018\/"]}]},{"@type":"ImageObject","inLanguage":"fr-FR","@id":"https:\/\/woka-kuma.de\/wokakuma-festival\/festival-2018\/#primaryimage","url":"https:\/\/woka-kuma.de\/wp-content\/uploads\/2019\/03\/37561276_2062465807159872_2825509742514798592_n-212x300.jpg","contentUrl":"https:\/\/woka-kuma.de\/wp-content\/uploads\/2019\/03\/37561276_2062465807159872_2825509742514798592_n-212x300.jpg"},{"@type":"BreadcrumbList","@id":"https:\/\/woka-kuma.de\/wokakuma-festival\/festival-2018\/#breadcrumb","itemListElement":[{"@type":"ListItem","position":1,"name":"Startseite","item":"https:\/\/woka-kuma.de\/"},{"@type":"ListItem","position":2,"name":"Woka Kuma Festival","item":"https:\/\/woka-kuma.de\/wokakuma-festival\/"},{"@type":"ListItem","position":3,"name":"Festival 2018"}]},{"@type":"WebSite","@id":"https:\/\/woka-kuma.de\/#website","url":"https:\/\/woka-kuma.de\/","name":"Woka-Kuma Deutschland e.V.","description":"","publisher":{"@id":"https:\/\/woka-kuma.de\/#organization"},"potentialAction":[{"@type":"SearchAction","target":{"@type":"EntryPoint","urlTemplate":"https:\/\/woka-kuma.de\/?s={search_term_string}"},"query-input":{"@type":"PropertyValueSpecification","valueRequired":true,"valueName":"search_term_string"}}],"inLanguage":"fr-FR"},{"@type":"Organization","@id":"https:\/\/woka-kuma.de\/#organization","name":"Woka-Kuma Deutschland e.V.","url":"https:\/\/woka-kuma.de\/","logo":{"@type":"ImageObject","inLanguage":"fr-FR","@id":"https:\/\/woka-kuma.de\/#\/schema\/logo\/image\/","url":"https:\/\/woka-kuma.de\/wp-content\/uploads\/2020\/07\/Logo-Verein-2020-rund.png","contentUrl":"https:\/\/woka-kuma.de\/wp-content\/uploads\/2020\/07\/Logo-Verein-2020-rund.png","width":1920,"height":1918,"caption":"Woka-Kuma Deutschland e.V."},"image":{"@id":"https:\/\/woka-kuma.de\/#\/schema\/logo\/image\/"}}]}},"_links":{"self":[{"href":"https:\/\/woka-kuma.de\/fr\/wp-json\/wp\/v2\/pages\/472","targetHints":{"allow":["GET"]}}],"collection":[{"href":"https:\/\/woka-kuma.de\/fr\/wp-json\/wp\/v2\/pages"}],"about":[{"href":"https:\/\/woka-kuma.de\/fr\/wp-json\/wp\/v2\/types\/page"}],"author":[{"embeddable":true,"href":"https:\/\/woka-kuma.de\/fr\/wp-json\/wp\/v2\/users\/4"}],"replies":[{"embeddable":true,"href":"https:\/\/woka-kuma.de\/fr\/wp-json\/wp\/v2\/comments?post=472"}],"version-history":[{"count":15,"href":"https:\/\/woka-kuma.de\/fr\/wp-json\/wp\/v2\/pages\/472\/revisions"}],"predecessor-version":[{"id":2009,"href":"https:\/\/woka-kuma.de\/fr\/wp-json\/wp\/v2\/pages\/472\/revisions\/2009"}],"up":[{"embeddable":true,"href":"https:\/\/woka-kuma.de\/fr\/wp-json\/wp\/v2\/pages\/10"}],"wp:attachment":[{"href":"https:\/\/woka-kuma.de\/fr\/wp-json\/wp\/v2\/media?parent=472"}],"curies":[{"name":"wp","href":"https:\/\/api.w.org\/{rel}","templated":true}]}}