{"id":37,"date":"2016-06-01T09:06:20","date_gmt":"2016-06-01T09:06:20","guid":{"rendered":"https:\/\/woka-kuma.de\/?page_id=37"},"modified":"2022-08-09T08:47:08","modified_gmt":"2022-08-09T08:47:08","slug":"programm","status":"publish","type":"page","link":"https:\/\/woka-kuma.de\/fr\/wokakuma-festival\/festival-2018\/programm\/","title":{"rendered":"Concerts"},"content":{"rendered":"<p><strong>Samedi 8 septembre 2018\u00a0<\/strong><\/p>\n<p>Plusieurs activit\u00e9s \u00e9taient au menu :<br \/>\n*Une exposition photos de plus de cent (100) images sur les activit\u00e9s de<br \/>\nl\u2019association Woka-Kuma et sur la vie quotidienne au Burkina Faso ;<br \/>\n*Un buffet et un bar ont \u00e9t\u00e9 ouverts pour permettre aux spectateurs et aux artistes de d\u00e9guster les mets burkinab\u00e8. Pour le buffet le comit\u00e9 d\u2019organisation a b\u00e9n\u00e9fici\u00e9 gracieusement du service des volontaires de l\u2019Office FrancoAllemande pour la Jeunesse (OFAJ) ;<br \/>\n*Projection de deux (2) films documentaires dont l\u2019un sur le Tour du Faso r\u00e9alis\u00e9 par un cin\u00e9aste allemand et l\u2019autre par Isabella MAMATIS de l\u2019ONG Allemande Lange Tafel r\u00e9alis\u00e9 lors de son s\u00e9jour \u00e0 Bobo-Dioulasso au Burkina Faso en janvier 2018 dans le cadre de la 2\u00e8 \u00e9dition du Festival de Danse et de Musique Traditionnelles de Colsama (FESTICO) et dont la 3\u00e8 \u00e9dition est pr\u00e9vue pour se tenir du 24 au 28 f\u00e9vrier 2019.<\/p>\n<p><strong>Concerts : <\/strong><\/p>\n<p><strong>Melissa Hie <\/strong>\u2013 Djembefola (auch Workshops s.u.)<br \/>\n<strong>Thaliane <\/strong>(Nathalie Traor\u00e9), Pop &amp; Soul<br \/>\n<strong>Malika la Slameuse <\/strong>&amp; Band, HipHop, PoetrySlam<br \/>\n<strong>Burkina Faso Orchester<\/strong><br \/>\nanschl. Party<\/p>\n<p><strong>Entr\u00e9e<\/strong> 15,-\u20ac, tarif r\u00e9duit 10,-\u20ac<\/p>\n<p><strong>Lieu de l&rsquo;\u00e9v\u00e9nement :<br \/>\n<\/strong><a href=\"https:\/\/www.franzmehringplatz.de\/\">FMP 1<\/a><strong>\u00a0\u2013 M\u00fcnzbergsaal &amp; Lichthof<br \/>\n<\/strong>ancienne\u00a0<strong>DEUTSCHLAND-HAUS<br \/>\n<\/strong>Franz-Mehring-Platz 1,\u00a010243 Berlin<\/p>\n<p><strong>\u00a0U-Weberwiese + S-Ostbahnhof + Bus 240 + 347<\/strong><\/p>","protected":false},"excerpt":{"rendered":"<p>Samedi 8 septembre 2018\u00a0 Plusieurs activit\u00e9s \u00e9taient au menu : *Une exposition photos de plus de cent (100) images sur les activit\u00e9s de l\u2019association Woka-Kuma et sur la vie quotidienne au Burkina Faso ; *Un buffet et un bar ont \u00e9t\u00e9 ouverts pour permettre aux spectateurs et aux artistes de d\u00e9guster les mets burkinab\u00e8. Pour [&hellip;]<\/p>\n","protected":false},"author":2,"featured_media":0,"parent":472,"menu_order":0,"comment_status":"closed","ping_status":"closed","template":"templates\/template-full-width.php","meta":{"footnotes":""},"class_list":["post-37","page","type-page","status-publish","hentry"],"yoast_head":"<!-- This site is optimized with the Yoast SEO plugin v27.4 - https:\/\/yoast.com\/product\/yoast-seo-wordpress\/ -->\n<title>Concerts - Woka-Kuma Deutschland e.V.<\/title>\n<meta name=\"robots\" content=\"index, follow, max-snippet:-1, max-image-preview:large, max-video-preview:-1\" \/>\n<link rel=\"canonical\" href=\"https:\/\/woka-kuma.de\/wokakuma-festival\/festival-2018\/programm\/\" \/>\n<meta property=\"og:locale\" content=\"fr_FR\" \/>\n<meta property=\"og:type\" content=\"article\" \/>\n<meta property=\"og:title\" content=\"[:de]Abendprogramm[:en]Program[:fr]Concerts[:] - Woka-Kuma Deutschland e.V.\" \/>\n<meta property=\"og:description\" content=\"Samedi 8 septembre 2018\u00a0 Plusieurs activit\u00e9s \u00e9taient au menu : *Une exposition photos de plus de cent (100) images sur les activit\u00e9s de l\u2019association Woka-Kuma et sur la vie quotidienne au Burkina Faso ; *Un buffet et un bar ont \u00e9t\u00e9 ouverts pour permettre aux spectateurs et aux artistes de d\u00e9guster les mets burkinab\u00e8. Pour [&hellip;]\" \/>\n<meta property=\"og:url\" content=\"https:\/\/woka-kuma.de\/wokakuma-festival\/festival-2018\/programm\/\" \/>\n<meta property=\"og:site_name\" content=\"Woka-Kuma Deutschland e.V.\" \/>\n<meta property=\"article:modified_time\" content=\"2022-08-09T08:47:08+00:00\" \/>\n<meta name=\"twitter:card\" content=\"summary_large_image\" \/>\n<meta name=\"twitter:label1\" content=\"Dur\u00e9e de lecture estim\u00e9e\" \/>\n\t<meta name=\"twitter:data1\" content=\"2 minutes\" \/>\n<script type=\"application\/ld+json\" class=\"yoast-schema-graph\">{\"@context\":\"https:\\\/\\\/schema.org\",\"@graph\":[{\"@type\":\"WebPage\",\"@id\":\"https:\\\/\\\/woka-kuma.de\\\/wokakuma-festival\\\/festival-2018\\\/programm\\\/\",\"url\":\"https:\\\/\\\/woka-kuma.de\\\/wokakuma-festival\\\/festival-2018\\\/programm\\\/\",\"name\":\"[:de]Abendprogramm[:en]Program[:fr]Concerts[:] - Woka-Kuma Deutschland e.V.\",\"isPartOf\":{\"@id\":\"https:\\\/\\\/woka-kuma.de\\\/#website\"},\"datePublished\":\"2016-06-01T09:06:20+00:00\",\"dateModified\":\"2022-08-09T08:47:08+00:00\",\"breadcrumb\":{\"@id\":\"https:\\\/\\\/woka-kuma.de\\\/wokakuma-festival\\\/festival-2018\\\/programm\\\/#breadcrumb\"},\"inLanguage\":\"fr-FR\",\"potentialAction\":[{\"@type\":\"ReadAction\",\"target\":[\"https:\\\/\\\/woka-kuma.de\\\/wokakuma-festival\\\/festival-2018\\\/programm\\\/\"]}]},{\"@type\":\"BreadcrumbList\",\"@id\":\"https:\\\/\\\/woka-kuma.de\\\/wokakuma-festival\\\/festival-2018\\\/programm\\\/#breadcrumb\",\"itemListElement\":[{\"@type\":\"ListItem\",\"position\":1,\"name\":\"Startseite\",\"item\":\"https:\\\/\\\/woka-kuma.de\\\/\"},{\"@type\":\"ListItem\",\"position\":2,\"name\":\"Woka Kuma Festival\",\"item\":\"https:\\\/\\\/woka-kuma.de\\\/wokakuma-festival\\\/\"},{\"@type\":\"ListItem\",\"position\":3,\"name\":\"Festival 2018\",\"item\":\"https:\\\/\\\/woka-kuma.de\\\/wokakuma-festival\\\/festival-2018\\\/\"},{\"@type\":\"ListItem\",\"position\":4,\"name\":\"Abendprogramm\"}]},{\"@type\":\"WebSite\",\"@id\":\"https:\\\/\\\/woka-kuma.de\\\/#website\",\"url\":\"https:\\\/\\\/woka-kuma.de\\\/\",\"name\":\"Woka-Kuma Deutschland e.V.\",\"description\":\"\",\"publisher\":{\"@id\":\"https:\\\/\\\/woka-kuma.de\\\/#organization\"},\"potentialAction\":[{\"@type\":\"SearchAction\",\"target\":{\"@type\":\"EntryPoint\",\"urlTemplate\":\"https:\\\/\\\/woka-kuma.de\\\/?s={search_term_string}\"},\"query-input\":{\"@type\":\"PropertyValueSpecification\",\"valueRequired\":true,\"valueName\":\"search_term_string\"}}],\"inLanguage\":\"fr-FR\"},{\"@type\":\"Organization\",\"@id\":\"https:\\\/\\\/woka-kuma.de\\\/#organization\",\"name\":\"Woka-Kuma Deutschland e.V.\",\"url\":\"https:\\\/\\\/woka-kuma.de\\\/\",\"logo\":{\"@type\":\"ImageObject\",\"inLanguage\":\"fr-FR\",\"@id\":\"https:\\\/\\\/woka-kuma.de\\\/#\\\/schema\\\/logo\\\/image\\\/\",\"url\":\"https:\\\/\\\/woka-kuma.de\\\/wp-content\\\/uploads\\\/2020\\\/07\\\/Logo-Verein-2020-rund.png\",\"contentUrl\":\"https:\\\/\\\/woka-kuma.de\\\/wp-content\\\/uploads\\\/2020\\\/07\\\/Logo-Verein-2020-rund.png\",\"width\":1920,\"height\":1918,\"caption\":\"Woka-Kuma Deutschland e.V.\"},\"image\":{\"@id\":\"https:\\\/\\\/woka-kuma.de\\\/#\\\/schema\\\/logo\\\/image\\\/\"}}]}<\/script>\n<!-- \/ Yoast SEO plugin. -->","yoast_head_json":{"title":"[:de]Abendprogramm[:en]Program[:fr]Concerts[:] - Woka-Kuma Deutschland e.V.","robots":{"index":"index","follow":"follow","max-snippet":"max-snippet:-1","max-image-preview":"max-image-preview:large","max-video-preview":"max-video-preview:-1"},"canonical":"https:\/\/woka-kuma.de\/wokakuma-festival\/festival-2018\/programm\/","og_locale":"fr_FR","og_type":"article","og_title":"[:de]Abendprogramm[:en]Program[:fr]Concerts[:] - Woka-Kuma Deutschland e.V.","og_description":"Samedi 8 septembre 2018\u00a0 Plusieurs activit\u00e9s \u00e9taient au menu : *Une exposition photos de plus de cent (100) images sur les activit\u00e9s de l\u2019association Woka-Kuma et sur la vie quotidienne au Burkina Faso ; *Un buffet et un bar ont \u00e9t\u00e9 ouverts pour permettre aux spectateurs et aux artistes de d\u00e9guster les mets burkinab\u00e8. Pour [&hellip;]","og_url":"https:\/\/woka-kuma.de\/wokakuma-festival\/festival-2018\/programm\/","og_site_name":"Woka-Kuma Deutschland e.V.","article_modified_time":"2022-08-09T08:47:08+00:00","twitter_card":"summary_large_image","twitter_misc":{"Dur\u00e9e de lecture estim\u00e9e":"2 minutes"},"schema":{"@context":"https:\/\/schema.org","@graph":[{"@type":"WebPage","@id":"https:\/\/woka-kuma.de\/wokakuma-festival\/festival-2018\/programm\/","url":"https:\/\/woka-kuma.de\/wokakuma-festival\/festival-2018\/programm\/","name":"[:de]Abendprogramm[:en]Program[:fr]Concerts[:] - Woka-Kuma Deutschland e.V.","isPartOf":{"@id":"https:\/\/woka-kuma.de\/#website"},"datePublished":"2016-06-01T09:06:20+00:00","dateModified":"2022-08-09T08:47:08+00:00","breadcrumb":{"@id":"https:\/\/woka-kuma.de\/wokakuma-festival\/festival-2018\/programm\/#breadcrumb"},"inLanguage":"fr-FR","potentialAction":[{"@type":"ReadAction","target":["https:\/\/woka-kuma.de\/wokakuma-festival\/festival-2018\/programm\/"]}]},{"@type":"BreadcrumbList","@id":"https:\/\/woka-kuma.de\/wokakuma-festival\/festival-2018\/programm\/#breadcrumb","itemListElement":[{"@type":"ListItem","position":1,"name":"Startseite","item":"https:\/\/woka-kuma.de\/"},{"@type":"ListItem","position":2,"name":"Woka Kuma Festival","item":"https:\/\/woka-kuma.de\/wokakuma-festival\/"},{"@type":"ListItem","position":3,"name":"Festival 2018","item":"https:\/\/woka-kuma.de\/wokakuma-festival\/festival-2018\/"},{"@type":"ListItem","position":4,"name":"Abendprogramm"}]},{"@type":"WebSite","@id":"https:\/\/woka-kuma.de\/#website","url":"https:\/\/woka-kuma.de\/","name":"Woka-Kuma Deutschland e.V.","description":"","publisher":{"@id":"https:\/\/woka-kuma.de\/#organization"},"potentialAction":[{"@type":"SearchAction","target":{"@type":"EntryPoint","urlTemplate":"https:\/\/woka-kuma.de\/?s={search_term_string}"},"query-input":{"@type":"PropertyValueSpecification","valueRequired":true,"valueName":"search_term_string"}}],"inLanguage":"fr-FR"},{"@type":"Organization","@id":"https:\/\/woka-kuma.de\/#organization","name":"Woka-Kuma Deutschland e.V.","url":"https:\/\/woka-kuma.de\/","logo":{"@type":"ImageObject","inLanguage":"fr-FR","@id":"https:\/\/woka-kuma.de\/#\/schema\/logo\/image\/","url":"https:\/\/woka-kuma.de\/wp-content\/uploads\/2020\/07\/Logo-Verein-2020-rund.png","contentUrl":"https:\/\/woka-kuma.de\/wp-content\/uploads\/2020\/07\/Logo-Verein-2020-rund.png","width":1920,"height":1918,"caption":"Woka-Kuma Deutschland e.V."},"image":{"@id":"https:\/\/woka-kuma.de\/#\/schema\/logo\/image\/"}}]}},"_links":{"self":[{"href":"https:\/\/woka-kuma.de\/fr\/wp-json\/wp\/v2\/pages\/37","targetHints":{"allow":["GET"]}}],"collection":[{"href":"https:\/\/woka-kuma.de\/fr\/wp-json\/wp\/v2\/pages"}],"about":[{"href":"https:\/\/woka-kuma.de\/fr\/wp-json\/wp\/v2\/types\/page"}],"author":[{"embeddable":true,"href":"https:\/\/woka-kuma.de\/fr\/wp-json\/wp\/v2\/users\/2"}],"replies":[{"embeddable":true,"href":"https:\/\/woka-kuma.de\/fr\/wp-json\/wp\/v2\/comments?post=37"}],"version-history":[{"count":26,"href":"https:\/\/woka-kuma.de\/fr\/wp-json\/wp\/v2\/pages\/37\/revisions"}],"predecessor-version":[{"id":824,"href":"https:\/\/woka-kuma.de\/fr\/wp-json\/wp\/v2\/pages\/37\/revisions\/824"}],"up":[{"embeddable":true,"href":"https:\/\/woka-kuma.de\/fr\/wp-json\/wp\/v2\/pages\/472"}],"wp:attachment":[{"href":"https:\/\/woka-kuma.de\/fr\/wp-json\/wp\/v2\/media?parent=37"}],"curies":[{"name":"wp","href":"https:\/\/api.w.org\/{rel}","templated":true}]}}