{"id":223,"date":"2016-06-05T12:28:51","date_gmt":"2016-06-05T12:28:51","guid":{"rendered":"https:\/\/woka-kuma.de\/?page_id=223"},"modified":"2022-08-09T08:45:36","modified_gmt":"2022-08-09T08:45:36","slug":"2013-2","status":"publish","type":"page","link":"https:\/\/woka-kuma.de\/fr\/wokakuma-festival\/2013-2\/","title":{"rendered":"Festival 2013"},"content":{"rendered":"<h5>WOKA KUMA FESTIVAL 2013<br \/>\nin Werkstatt der Kulturen<br \/>\nDas 3-t\u00e4gige Festival pr\u00e4sentiert Kultur und soziales Leben <strong>Burkina Fasos<\/strong>.<\/h5>\n<p>Die Veranstalter pr\u00e4sentieren ein vielf\u00e4ltiges Programm mit Musik, Tanz, Workshops, Foto- und Kunstausstellung, Film, Konzerten und kulinarischen Angeboten.<br \/>\n<a href=\"http:\/\/www.youtube.com\/watch?v=-kf_C5ZaN7Q\">Lanaya 2013 in der Werkstatt der Kulturen<\/a><br \/>\n<a href=\"https:\/\/www.youtube.com\/watch?v=tNrWfB099yQ\">Lanaya Live mit Mama Sanou 2013 in der Werkstatt der Kulturen <\/a><\/p>\n<p><strong>Programm<\/strong><\/p>\n<h5>Tanz workshops mit Ahmed Soura<\/h5>\n<table class=\"spielplan\" width=\"100%\" cellspacing=\"0\" cellpadding=\"0\">\n<tbody>\n<tr>\n<td width=\"10\"><\/td>\n<td>Geboren in Burkina Faso (BFA), absolvierte <strong>Ahmed Soura<\/strong> sein Diplom am Institut National de Formation Artistique et Culturelle (INAFAC). 5 Jahren, er tanzte und assistierte bei Irene Tassembedo beim FESPACO 2009 (BFA) und trat als T\u00e4nzer beim Festival \u201eDialogue de corps\u201c (BFA) auf. 2007 nahm er am Programm \u201eExerce\u201c des CCN de Montpellier teil. 2011 gewann er beim Internationalen Tanz-Theater Festival Stuttgart 2011 den 3. Preis. Ahmed Soura tanzte f\u00fcr die Konstantin Tsakalidis Kompanie, f\u00fcr Christoph Schlingensief und die Deutsche Oper Berlin.<\/p>\n<p><em>Termine<\/em><\/p>\n<p><strong>Anf\u00e4nger<\/strong><br \/>\nSamstag, 29. Juni 2013: 11.30 bis 13.30 Uhr<br \/>\nSonntag, 30. Juni 2013: 12.30 bis 14.30 Uhr<\/p>\n<p><strong>Fortgeschritte<\/strong><br \/>\nFreitag, 28. Juni 2013: 18.30 bis 20.30 Uhr<br \/>\nSamstag, 29. Juni 2013: 14.00 bis 16.00 Uhr<br \/>\nSonntag, 30. Juni 2013: 15.00 bis 17.00 Uhr<\/p>\n<p><em>Preise<\/em><br \/>\n1 Tag = 30,- \u20ac, 2 Tage = 50,- \u20ac, 3 Tage = 70,- \u20ac<\/td>\n<\/tr>\n<\/tbody>\n<\/table>\n<h5>Trommel Workshop und Konzert mit Souleymane Diabit\u00e9<\/h5>\n<table class=\"spielplan\" width=\"100%\" cellspacing=\"0\" cellpadding=\"0\">\n<tbody>\n<tr>\n<td width=\"10\"><\/td>\n<td><strong>Trommel Workshop<\/strong><br \/>\nmit Souleymane Diabat\u00e9 aus Burkina Faso<em>Termine<\/em>Samstag, 29.06. 13.00 bis 15.30<br \/>\nSonntag, 30.06. 13.00 bis 15.30<em>Preise<\/em>1 Tag = 20,- \u20ac, 2 Tage = 30 \u20ac<\/td>\n<\/tr>\n<\/tbody>\n<\/table>\n<h5>Konzerte &amp; More<\/h5>\n<table class=\"spielplan\" width=\"100%\" cellspacing=\"0\" cellpadding=\"0\">\n<tbody>\n<tr>\n<td width=\"10\"><\/td>\n<td><strong>Programm am Samstag, 29. Juni 2013<\/strong><\/p>\n<ul>\n<li>19.30 Uhr: Foto- und Kunstausstellung<\/li>\n<li>21.00 Uhr: Dokumentarfilm \u00fcber Musik und Kulturen in Burkina Faso<\/li>\n<li>22.00 Uhr: Konzert mit Feenose &#8211; Hip Hop und Souls S\u00e4ngerin aus Burkina Faso &#8211; und Lanaya &amp; G\u00e4ste (mit Daouda Diabat\u00e9 und Dramane Daho)<\/li>\n<li>00.00 Uhr: DJ Matar<\/li>\n<\/ul>\n<p><em>Preise<\/em><br \/>\n7,- \u20ac \/ 5,- \u20ac (erm\u00e4\u00dfigt)<\/td>\n<\/tr>\n<\/tbody>\n<\/table>\n","protected":false},"excerpt":{"rendered":"<p>WOKA KUMA FESTIVAL 2013 in Werkstatt der Kulturen Das 3-t\u00e4gige Festival pr\u00e4sentiert Kultur und soziales Leben Burkina Fasos. Die Veranstalter pr\u00e4sentieren ein vielf\u00e4ltiges Programm mit Musik, Tanz, Workshops, Foto- und Kunstausstellung, Film, Konzerten und kulinarischen Angeboten. Lanaya 2013 in der Werkstatt der Kulturen Lanaya Live mit Mama Sanou 2013 in der Werkstatt der Kulturen Programm [&hellip;]<\/p>\n","protected":false},"author":2,"featured_media":0,"parent":10,"menu_order":0,"comment_status":"closed","ping_status":"closed","template":"templates\/template-full-width.php","meta":{"footnotes":""},"class_list":["post-223","page","type-page","status-publish","hentry"],"yoast_head":"<!-- This site is optimized with the Yoast SEO plugin v27.3 - https:\/\/yoast.com\/product\/yoast-seo-wordpress\/ -->\n<title>Festival 2013 - Woka-Kuma Deutschland e.V.<\/title>\n<meta name=\"robots\" content=\"index, follow, max-snippet:-1, max-image-preview:large, max-video-preview:-1\" \/>\n<link rel=\"canonical\" href=\"https:\/\/woka-kuma.de\/wokakuma-festival\/2013-2\/\" \/>\n<meta property=\"og:locale\" content=\"fr_FR\" \/>\n<meta property=\"og:type\" content=\"article\" \/>\n<meta property=\"og:title\" content=\"Festival 2013 - Woka-Kuma Deutschland e.V.\" \/>\n<meta property=\"og:description\" content=\"WOKA KUMA FESTIVAL 2013 in Werkstatt der Kulturen Das 3-t\u00e4gige Festival pr\u00e4sentiert Kultur und soziales Leben Burkina Fasos. Die Veranstalter pr\u00e4sentieren ein vielf\u00e4ltiges Programm mit Musik, Tanz, Workshops, Foto- und Kunstausstellung, Film, Konzerten und kulinarischen Angeboten. Lanaya 2013 in der Werkstatt der Kulturen Lanaya Live mit Mama Sanou 2013 in der Werkstatt der Kulturen Programm [&hellip;]\" \/>\n<meta property=\"og:url\" content=\"https:\/\/woka-kuma.de\/wokakuma-festival\/2013-2\/\" \/>\n<meta property=\"og:site_name\" content=\"Woka-Kuma Deutschland e.V.\" \/>\n<meta property=\"article:modified_time\" content=\"2022-08-09T08:45:36+00:00\" \/>\n<meta name=\"twitter:card\" content=\"summary_large_image\" \/>\n<meta name=\"twitter:label1\" content=\"Dur\u00e9e de lecture estim\u00e9e\" \/>\n\t<meta name=\"twitter:data1\" content=\"1 minute\" \/>\n<script type=\"application\/ld+json\" class=\"yoast-schema-graph\">{\"@context\":\"https:\\\/\\\/schema.org\",\"@graph\":[{\"@type\":\"WebPage\",\"@id\":\"https:\\\/\\\/woka-kuma.de\\\/wokakuma-festival\\\/2013-2\\\/\",\"url\":\"https:\\\/\\\/woka-kuma.de\\\/wokakuma-festival\\\/2013-2\\\/\",\"name\":\"Festival 2013 - Woka-Kuma Deutschland e.V.\",\"isPartOf\":{\"@id\":\"https:\\\/\\\/woka-kuma.de\\\/#website\"},\"datePublished\":\"2016-06-05T12:28:51+00:00\",\"dateModified\":\"2022-08-09T08:45:36+00:00\",\"breadcrumb\":{\"@id\":\"https:\\\/\\\/woka-kuma.de\\\/wokakuma-festival\\\/2013-2\\\/#breadcrumb\"},\"inLanguage\":\"fr-FR\",\"potentialAction\":[{\"@type\":\"ReadAction\",\"target\":[\"https:\\\/\\\/woka-kuma.de\\\/wokakuma-festival\\\/2013-2\\\/\"]}]},{\"@type\":\"BreadcrumbList\",\"@id\":\"https:\\\/\\\/woka-kuma.de\\\/wokakuma-festival\\\/2013-2\\\/#breadcrumb\",\"itemListElement\":[{\"@type\":\"ListItem\",\"position\":1,\"name\":\"Startseite\",\"item\":\"https:\\\/\\\/woka-kuma.de\\\/\"},{\"@type\":\"ListItem\",\"position\":2,\"name\":\"Woka Kuma Festival\",\"item\":\"https:\\\/\\\/woka-kuma.de\\\/wokakuma-festival\\\/\"},{\"@type\":\"ListItem\",\"position\":3,\"name\":\"Festival 2013\"}]},{\"@type\":\"WebSite\",\"@id\":\"https:\\\/\\\/woka-kuma.de\\\/#website\",\"url\":\"https:\\\/\\\/woka-kuma.de\\\/\",\"name\":\"Woka-Kuma Deutschland e.V.\",\"description\":\"\",\"publisher\":{\"@id\":\"https:\\\/\\\/woka-kuma.de\\\/#organization\"},\"potentialAction\":[{\"@type\":\"SearchAction\",\"target\":{\"@type\":\"EntryPoint\",\"urlTemplate\":\"https:\\\/\\\/woka-kuma.de\\\/?s={search_term_string}\"},\"query-input\":{\"@type\":\"PropertyValueSpecification\",\"valueRequired\":true,\"valueName\":\"search_term_string\"}}],\"inLanguage\":\"fr-FR\"},{\"@type\":\"Organization\",\"@id\":\"https:\\\/\\\/woka-kuma.de\\\/#organization\",\"name\":\"Woka-Kuma Deutschland e.V.\",\"url\":\"https:\\\/\\\/woka-kuma.de\\\/\",\"logo\":{\"@type\":\"ImageObject\",\"inLanguage\":\"fr-FR\",\"@id\":\"https:\\\/\\\/woka-kuma.de\\\/#\\\/schema\\\/logo\\\/image\\\/\",\"url\":\"https:\\\/\\\/woka-kuma.de\\\/wp-content\\\/uploads\\\/2020\\\/07\\\/Logo-Verein-2020-rund.png\",\"contentUrl\":\"https:\\\/\\\/woka-kuma.de\\\/wp-content\\\/uploads\\\/2020\\\/07\\\/Logo-Verein-2020-rund.png\",\"width\":1920,\"height\":1918,\"caption\":\"Woka-Kuma Deutschland e.V.\"},\"image\":{\"@id\":\"https:\\\/\\\/woka-kuma.de\\\/#\\\/schema\\\/logo\\\/image\\\/\"}}]}<\/script>\n<!-- \/ Yoast SEO plugin. -->","yoast_head_json":{"title":"Festival 2013 - Woka-Kuma Deutschland e.V.","robots":{"index":"index","follow":"follow","max-snippet":"max-snippet:-1","max-image-preview":"max-image-preview:large","max-video-preview":"max-video-preview:-1"},"canonical":"https:\/\/woka-kuma.de\/wokakuma-festival\/2013-2\/","og_locale":"fr_FR","og_type":"article","og_title":"Festival 2013 - Woka-Kuma Deutschland e.V.","og_description":"WOKA KUMA FESTIVAL 2013 in Werkstatt der Kulturen Das 3-t\u00e4gige Festival pr\u00e4sentiert Kultur und soziales Leben Burkina Fasos. Die Veranstalter pr\u00e4sentieren ein vielf\u00e4ltiges Programm mit Musik, Tanz, Workshops, Foto- und Kunstausstellung, Film, Konzerten und kulinarischen Angeboten. Lanaya 2013 in der Werkstatt der Kulturen Lanaya Live mit Mama Sanou 2013 in der Werkstatt der Kulturen Programm [&hellip;]","og_url":"https:\/\/woka-kuma.de\/wokakuma-festival\/2013-2\/","og_site_name":"Woka-Kuma Deutschland e.V.","article_modified_time":"2022-08-09T08:45:36+00:00","twitter_card":"summary_large_image","twitter_misc":{"Dur\u00e9e de lecture estim\u00e9e":"1 minute"},"schema":{"@context":"https:\/\/schema.org","@graph":[{"@type":"WebPage","@id":"https:\/\/woka-kuma.de\/wokakuma-festival\/2013-2\/","url":"https:\/\/woka-kuma.de\/wokakuma-festival\/2013-2\/","name":"Festival 2013 - Woka-Kuma Deutschland e.V.","isPartOf":{"@id":"https:\/\/woka-kuma.de\/#website"},"datePublished":"2016-06-05T12:28:51+00:00","dateModified":"2022-08-09T08:45:36+00:00","breadcrumb":{"@id":"https:\/\/woka-kuma.de\/wokakuma-festival\/2013-2\/#breadcrumb"},"inLanguage":"fr-FR","potentialAction":[{"@type":"ReadAction","target":["https:\/\/woka-kuma.de\/wokakuma-festival\/2013-2\/"]}]},{"@type":"BreadcrumbList","@id":"https:\/\/woka-kuma.de\/wokakuma-festival\/2013-2\/#breadcrumb","itemListElement":[{"@type":"ListItem","position":1,"name":"Startseite","item":"https:\/\/woka-kuma.de\/"},{"@type":"ListItem","position":2,"name":"Woka Kuma Festival","item":"https:\/\/woka-kuma.de\/wokakuma-festival\/"},{"@type":"ListItem","position":3,"name":"Festival 2013"}]},{"@type":"WebSite","@id":"https:\/\/woka-kuma.de\/#website","url":"https:\/\/woka-kuma.de\/","name":"Woka-Kuma Deutschland e.V.","description":"","publisher":{"@id":"https:\/\/woka-kuma.de\/#organization"},"potentialAction":[{"@type":"SearchAction","target":{"@type":"EntryPoint","urlTemplate":"https:\/\/woka-kuma.de\/?s={search_term_string}"},"query-input":{"@type":"PropertyValueSpecification","valueRequired":true,"valueName":"search_term_string"}}],"inLanguage":"fr-FR"},{"@type":"Organization","@id":"https:\/\/woka-kuma.de\/#organization","name":"Woka-Kuma Deutschland e.V.","url":"https:\/\/woka-kuma.de\/","logo":{"@type":"ImageObject","inLanguage":"fr-FR","@id":"https:\/\/woka-kuma.de\/#\/schema\/logo\/image\/","url":"https:\/\/woka-kuma.de\/wp-content\/uploads\/2020\/07\/Logo-Verein-2020-rund.png","contentUrl":"https:\/\/woka-kuma.de\/wp-content\/uploads\/2020\/07\/Logo-Verein-2020-rund.png","width":1920,"height":1918,"caption":"Woka-Kuma Deutschland e.V."},"image":{"@id":"https:\/\/woka-kuma.de\/#\/schema\/logo\/image\/"}}]}},"_links":{"self":[{"href":"https:\/\/woka-kuma.de\/fr\/wp-json\/wp\/v2\/pages\/223","targetHints":{"allow":["GET"]}}],"collection":[{"href":"https:\/\/woka-kuma.de\/fr\/wp-json\/wp\/v2\/pages"}],"about":[{"href":"https:\/\/woka-kuma.de\/fr\/wp-json\/wp\/v2\/types\/page"}],"author":[{"embeddable":true,"href":"https:\/\/woka-kuma.de\/fr\/wp-json\/wp\/v2\/users\/2"}],"replies":[{"embeddable":true,"href":"https:\/\/woka-kuma.de\/fr\/wp-json\/wp\/v2\/comments?post=223"}],"version-history":[{"count":10,"href":"https:\/\/woka-kuma.de\/fr\/wp-json\/wp\/v2\/pages\/223\/revisions"}],"predecessor-version":[{"id":1169,"href":"https:\/\/woka-kuma.de\/fr\/wp-json\/wp\/v2\/pages\/223\/revisions\/1169"}],"up":[{"embeddable":true,"href":"https:\/\/woka-kuma.de\/fr\/wp-json\/wp\/v2\/pages\/10"}],"wp:attachment":[{"href":"https:\/\/woka-kuma.de\/fr\/wp-json\/wp\/v2\/media?parent=223"}],"curies":[{"name":"wp","href":"https:\/\/api.w.org\/{rel}","templated":true}]}}