{"id":2101,"date":"2025-12-18T10:27:25","date_gmt":"2025-12-18T10:27:25","guid":{"rendered":"https:\/\/woka-kuma.de\/?page_id=2101"},"modified":"2025-12-18T10:30:41","modified_gmt":"2025-12-18T10:30:41","slug":"tanzworkshops-mit-kindern-2025","status":"publish","type":"page","link":"https:\/\/woka-kuma.de\/fr\/tanzworkshops-mit-kindern-2025\/","title":{"rendered":"Ateliers de danse avec les enfants"},"content":{"rendered":"<p>Le projet \u00ab Danse de la diversit\u00e9 \u2013 L&rsquo;union fait la force gr\u00e2ce \u00e0 la musique et au mouvement \u00bb vise \u00e0 promouvoir, \u00e0 travers des ateliers de danse, la compr\u00e9hension entre les peuples, la d\u00e9mocratie, la tol\u00e9rance, la coh\u00e9sion et les pr\u00e9cieux \u00e9changes entre les diff\u00e9rentes cultures. \u00c0 une \u00e9poque o\u00f9 les d\u00e9fis sociaux tels que la discrimination, les tendances antid\u00e9mocratiques et la division de la soci\u00e9t\u00e9 sont omnipr\u00e9sents, nous souhaitons renforcer le dialogue et la compr\u00e9hension mutuelle entre les personnes et les enfants d&rsquo;origines et de modes de vie tr\u00e8s diff\u00e9rents gr\u00e2ce \u00e0 des offres de danse interculturelles.<\/p>\n<p>Dans le cadre de \u00ab Tanz der Vielfalt \u00bb, les enfants et les jeunes doivent avoir la possibilit\u00e9 d&rsquo;aborder les th\u00e8mes de la d\u00e9mocratie et de la tol\u00e9rance de mani\u00e8re cr\u00e9ative et pratique. Pour ce faire, nous utilisons le langage universel de la danse afin de r\u00e9unir diff\u00e9rentes perspectives culturelles et de les rendre tangibles. Nos animateurs d&rsquo;ateliers repr\u00e9sentent ici les perspectives du continent africain et de l&rsquo;Allemagne.<\/p>\n<p>La danse offre une occasion unique de d\u00e9passer les fronti\u00e8res, d&rsquo;approfondir la compr\u00e9hension mutuelle et de d\u00e9velopper une vision commune de la coop\u00e9ration et du respect mutuel.<\/p>\n<p>Soutenu par:<\/p>\n<p><img decoding=\"async\" class=\"alignnone size-medium wp-image-1684\" src=\"https:\/\/woka-kuma.de\/wp-content\/uploads\/2022\/06\/Logo_Kumasta-300x128.png\" alt=\"\" width=\"300\" height=\"128\" srcset=\"https:\/\/woka-kuma.de\/wp-content\/uploads\/2022\/06\/Logo_Kumasta-300x128.png 300w, https:\/\/woka-kuma.de\/wp-content\/uploads\/2022\/06\/Logo_Kumasta.png 510w\" sizes=\"(max-width: 300px) 100vw, 300px\" \/><img decoding=\"async\" class=\"alignnone size-medium wp-image-1683\" src=\"https:\/\/woka-kuma.de\/wp-content\/uploads\/2022\/06\/Logo-_Chance-Tanz-300x120.jpg\" alt=\"\" width=\"300\" height=\"120\" srcset=\"https:\/\/woka-kuma.de\/wp-content\/uploads\/2022\/06\/Logo-_Chance-Tanz-300x120.jpg 300w, https:\/\/woka-kuma.de\/wp-content\/uploads\/2022\/06\/Logo-_Chance-Tanz.jpg 459w\" sizes=\"(max-width: 300px) 100vw, 300px\" \/><\/p>","protected":false},"excerpt":{"rendered":"<p>Le projet \u00ab Danse de la diversit\u00e9 \u2013 L&rsquo;union fait la force gr\u00e2ce \u00e0 la musique et au mouvement \u00bb vise \u00e0 promouvoir, \u00e0 travers des ateliers de danse, la compr\u00e9hension entre les peuples, la d\u00e9mocratie, la tol\u00e9rance, la coh\u00e9sion et les pr\u00e9cieux \u00e9changes entre les diff\u00e9rentes cultures. \u00c0 une \u00e9poque o\u00f9 les d\u00e9fis sociaux [&hellip;]<\/p>\n","protected":false},"author":3,"featured_media":0,"parent":0,"menu_order":0,"comment_status":"closed","ping_status":"closed","template":"","meta":{"footnotes":""},"class_list":["post-2101","page","type-page","status-publish","hentry"],"yoast_head":"<!-- This site is optimized with the Yoast SEO plugin v27.4 - https:\/\/yoast.com\/product\/yoast-seo-wordpress\/ -->\n<title>Ateliers de danse avec les enfants  - Woka-Kuma Deutschland e.V.<\/title>\n<meta name=\"robots\" content=\"index, follow, max-snippet:-1, max-image-preview:large, max-video-preview:-1\" \/>\n<link rel=\"canonical\" href=\"https:\/\/woka-kuma.de\/fr\/tanzworkshops-mit-kindern-2025\/\" \/>\n<meta property=\"og:locale\" content=\"fr_FR\" \/>\n<meta property=\"og:type\" content=\"article\" \/>\n<meta property=\"og:title\" content=\"[:de]Tanzworkshops mit Kindern 2025[:en]Dance Workshops with children[:fr]Ateliers de danse avec les enfants [:] - Woka-Kuma Deutschland e.V.\" \/>\n<meta property=\"og:description\" content=\"Le projet \u00ab Danse de la diversit\u00e9 \u2013 L&rsquo;union fait la force gr\u00e2ce \u00e0 la musique et au mouvement \u00bb vise \u00e0 promouvoir, \u00e0 travers des ateliers de danse, la compr\u00e9hension entre les peuples, la d\u00e9mocratie, la tol\u00e9rance, la coh\u00e9sion et les pr\u00e9cieux \u00e9changes entre les diff\u00e9rentes cultures. \u00c0 une \u00e9poque o\u00f9 les d\u00e9fis sociaux [&hellip;]\" \/>\n<meta property=\"og:url\" content=\"https:\/\/woka-kuma.de\/fr\/tanzworkshops-mit-kindern-2025\/\" \/>\n<meta property=\"og:site_name\" content=\"Woka-Kuma Deutschland e.V.\" \/>\n<meta property=\"article:modified_time\" content=\"2025-12-18T10:30:41+00:00\" \/>\n<meta property=\"og:image\" content=\"https:\/\/woka-kuma.de\/wp-content\/uploads\/2022\/06\/Logo_Kumasta-300x128.png\" \/>\n<meta name=\"twitter:card\" content=\"summary_large_image\" \/>\n<meta name=\"twitter:label1\" content=\"Dur\u00e9e de lecture estim\u00e9e\" \/>\n\t<meta name=\"twitter:data1\" content=\"2 minutes\" \/>\n<script type=\"application\/ld+json\" class=\"yoast-schema-graph\">{\"@context\":\"https:\\\/\\\/schema.org\",\"@graph\":[{\"@type\":\"WebPage\",\"@id\":\"https:\\\/\\\/woka-kuma.de\\\/fr\\\/tanzworkshops-mit-kindern-2025\\\/\",\"url\":\"https:\\\/\\\/woka-kuma.de\\\/fr\\\/tanzworkshops-mit-kindern-2025\\\/\",\"name\":\"[:de]Tanzworkshops mit Kindern 2025[:en]Dance Workshops with children[:fr]Ateliers de danse avec les enfants [:] - Woka-Kuma Deutschland e.V.\",\"isPartOf\":{\"@id\":\"https:\\\/\\\/woka-kuma.de\\\/#website\"},\"primaryImageOfPage\":{\"@id\":\"https:\\\/\\\/woka-kuma.de\\\/fr\\\/tanzworkshops-mit-kindern-2025\\\/#primaryimage\"},\"image\":{\"@id\":\"https:\\\/\\\/woka-kuma.de\\\/fr\\\/tanzworkshops-mit-kindern-2025\\\/#primaryimage\"},\"thumbnailUrl\":\"https:\\\/\\\/woka-kuma.de\\\/wp-content\\\/uploads\\\/2022\\\/06\\\/Logo_Kumasta-300x128.png\",\"datePublished\":\"2025-12-18T10:27:25+00:00\",\"dateModified\":\"2025-12-18T10:30:41+00:00\",\"breadcrumb\":{\"@id\":\"https:\\\/\\\/woka-kuma.de\\\/fr\\\/tanzworkshops-mit-kindern-2025\\\/#breadcrumb\"},\"inLanguage\":\"fr-FR\",\"potentialAction\":[{\"@type\":\"ReadAction\",\"target\":[\"https:\\\/\\\/woka-kuma.de\\\/fr\\\/tanzworkshops-mit-kindern-2025\\\/\"]}]},{\"@type\":\"ImageObject\",\"inLanguage\":\"fr-FR\",\"@id\":\"https:\\\/\\\/woka-kuma.de\\\/fr\\\/tanzworkshops-mit-kindern-2025\\\/#primaryimage\",\"url\":\"https:\\\/\\\/woka-kuma.de\\\/wp-content\\\/uploads\\\/2022\\\/06\\\/Logo_Kumasta-300x128.png\",\"contentUrl\":\"https:\\\/\\\/woka-kuma.de\\\/wp-content\\\/uploads\\\/2022\\\/06\\\/Logo_Kumasta-300x128.png\"},{\"@type\":\"BreadcrumbList\",\"@id\":\"https:\\\/\\\/woka-kuma.de\\\/fr\\\/tanzworkshops-mit-kindern-2025\\\/#breadcrumb\",\"itemListElement\":[{\"@type\":\"ListItem\",\"position\":1,\"name\":\"Startseite\",\"item\":\"https:\\\/\\\/woka-kuma.de\\\/\"},{\"@type\":\"ListItem\",\"position\":2,\"name\":\"Ateliers de danse avec les enfants\"}]},{\"@type\":\"WebSite\",\"@id\":\"https:\\\/\\\/woka-kuma.de\\\/#website\",\"url\":\"https:\\\/\\\/woka-kuma.de\\\/\",\"name\":\"Woka-Kuma Deutschland e.V.\",\"description\":\"\",\"publisher\":{\"@id\":\"https:\\\/\\\/woka-kuma.de\\\/#organization\"},\"potentialAction\":[{\"@type\":\"SearchAction\",\"target\":{\"@type\":\"EntryPoint\",\"urlTemplate\":\"https:\\\/\\\/woka-kuma.de\\\/?s={search_term_string}\"},\"query-input\":{\"@type\":\"PropertyValueSpecification\",\"valueRequired\":true,\"valueName\":\"search_term_string\"}}],\"inLanguage\":\"fr-FR\"},{\"@type\":\"Organization\",\"@id\":\"https:\\\/\\\/woka-kuma.de\\\/#organization\",\"name\":\"Woka-Kuma Deutschland e.V.\",\"url\":\"https:\\\/\\\/woka-kuma.de\\\/\",\"logo\":{\"@type\":\"ImageObject\",\"inLanguage\":\"fr-FR\",\"@id\":\"https:\\\/\\\/woka-kuma.de\\\/#\\\/schema\\\/logo\\\/image\\\/\",\"url\":\"https:\\\/\\\/woka-kuma.de\\\/wp-content\\\/uploads\\\/2020\\\/07\\\/Logo-Verein-2020-rund.png\",\"contentUrl\":\"https:\\\/\\\/woka-kuma.de\\\/wp-content\\\/uploads\\\/2020\\\/07\\\/Logo-Verein-2020-rund.png\",\"width\":1920,\"height\":1918,\"caption\":\"Woka-Kuma Deutschland e.V.\"},\"image\":{\"@id\":\"https:\\\/\\\/woka-kuma.de\\\/#\\\/schema\\\/logo\\\/image\\\/\"}}]}<\/script>\n<!-- \/ Yoast SEO plugin. -->","yoast_head_json":{"title":"[:de]Tanzworkshops mit Kindern 2025[:en]Dance Workshops with children[:fr]Ateliers de danse avec les enfants [:] - Woka-Kuma Deutschland e.V.","robots":{"index":"index","follow":"follow","max-snippet":"max-snippet:-1","max-image-preview":"max-image-preview:large","max-video-preview":"max-video-preview:-1"},"canonical":"https:\/\/woka-kuma.de\/fr\/tanzworkshops-mit-kindern-2025\/","og_locale":"fr_FR","og_type":"article","og_title":"[:de]Tanzworkshops mit Kindern 2025[:en]Dance Workshops with children[:fr]Ateliers de danse avec les enfants [:] - Woka-Kuma Deutschland e.V.","og_description":"Le projet \u00ab Danse de la diversit\u00e9 \u2013 L&rsquo;union fait la force gr\u00e2ce \u00e0 la musique et au mouvement \u00bb vise \u00e0 promouvoir, \u00e0 travers des ateliers de danse, la compr\u00e9hension entre les peuples, la d\u00e9mocratie, la tol\u00e9rance, la coh\u00e9sion et les pr\u00e9cieux \u00e9changes entre les diff\u00e9rentes cultures. \u00c0 une \u00e9poque o\u00f9 les d\u00e9fis sociaux [&hellip;]","og_url":"https:\/\/woka-kuma.de\/fr\/tanzworkshops-mit-kindern-2025\/","og_site_name":"Woka-Kuma Deutschland e.V.","article_modified_time":"2025-12-18T10:30:41+00:00","og_image":[{"url":"https:\/\/woka-kuma.de\/wp-content\/uploads\/2022\/06\/Logo_Kumasta-300x128.png","type":"","width":"","height":""}],"twitter_card":"summary_large_image","twitter_misc":{"Dur\u00e9e de lecture estim\u00e9e":"2 minutes"},"schema":{"@context":"https:\/\/schema.org","@graph":[{"@type":"WebPage","@id":"https:\/\/woka-kuma.de\/fr\/tanzworkshops-mit-kindern-2025\/","url":"https:\/\/woka-kuma.de\/fr\/tanzworkshops-mit-kindern-2025\/","name":"[:de]Tanzworkshops mit Kindern 2025[:en]Dance Workshops with children[:fr]Ateliers de danse avec les enfants [:] - Woka-Kuma Deutschland e.V.","isPartOf":{"@id":"https:\/\/woka-kuma.de\/#website"},"primaryImageOfPage":{"@id":"https:\/\/woka-kuma.de\/fr\/tanzworkshops-mit-kindern-2025\/#primaryimage"},"image":{"@id":"https:\/\/woka-kuma.de\/fr\/tanzworkshops-mit-kindern-2025\/#primaryimage"},"thumbnailUrl":"https:\/\/woka-kuma.de\/wp-content\/uploads\/2022\/06\/Logo_Kumasta-300x128.png","datePublished":"2025-12-18T10:27:25+00:00","dateModified":"2025-12-18T10:30:41+00:00","breadcrumb":{"@id":"https:\/\/woka-kuma.de\/fr\/tanzworkshops-mit-kindern-2025\/#breadcrumb"},"inLanguage":"fr-FR","potentialAction":[{"@type":"ReadAction","target":["https:\/\/woka-kuma.de\/fr\/tanzworkshops-mit-kindern-2025\/"]}]},{"@type":"ImageObject","inLanguage":"fr-FR","@id":"https:\/\/woka-kuma.de\/fr\/tanzworkshops-mit-kindern-2025\/#primaryimage","url":"https:\/\/woka-kuma.de\/wp-content\/uploads\/2022\/06\/Logo_Kumasta-300x128.png","contentUrl":"https:\/\/woka-kuma.de\/wp-content\/uploads\/2022\/06\/Logo_Kumasta-300x128.png"},{"@type":"BreadcrumbList","@id":"https:\/\/woka-kuma.de\/fr\/tanzworkshops-mit-kindern-2025\/#breadcrumb","itemListElement":[{"@type":"ListItem","position":1,"name":"Startseite","item":"https:\/\/woka-kuma.de\/"},{"@type":"ListItem","position":2,"name":"Ateliers de danse avec les enfants"}]},{"@type":"WebSite","@id":"https:\/\/woka-kuma.de\/#website","url":"https:\/\/woka-kuma.de\/","name":"Woka-Kuma Deutschland e.V.","description":"","publisher":{"@id":"https:\/\/woka-kuma.de\/#organization"},"potentialAction":[{"@type":"SearchAction","target":{"@type":"EntryPoint","urlTemplate":"https:\/\/woka-kuma.de\/?s={search_term_string}"},"query-input":{"@type":"PropertyValueSpecification","valueRequired":true,"valueName":"search_term_string"}}],"inLanguage":"fr-FR"},{"@type":"Organization","@id":"https:\/\/woka-kuma.de\/#organization","name":"Woka-Kuma Deutschland e.V.","url":"https:\/\/woka-kuma.de\/","logo":{"@type":"ImageObject","inLanguage":"fr-FR","@id":"https:\/\/woka-kuma.de\/#\/schema\/logo\/image\/","url":"https:\/\/woka-kuma.de\/wp-content\/uploads\/2020\/07\/Logo-Verein-2020-rund.png","contentUrl":"https:\/\/woka-kuma.de\/wp-content\/uploads\/2020\/07\/Logo-Verein-2020-rund.png","width":1920,"height":1918,"caption":"Woka-Kuma Deutschland e.V."},"image":{"@id":"https:\/\/woka-kuma.de\/#\/schema\/logo\/image\/"}}]}},"_links":{"self":[{"href":"https:\/\/woka-kuma.de\/fr\/wp-json\/wp\/v2\/pages\/2101","targetHints":{"allow":["GET"]}}],"collection":[{"href":"https:\/\/woka-kuma.de\/fr\/wp-json\/wp\/v2\/pages"}],"about":[{"href":"https:\/\/woka-kuma.de\/fr\/wp-json\/wp\/v2\/types\/page"}],"author":[{"embeddable":true,"href":"https:\/\/woka-kuma.de\/fr\/wp-json\/wp\/v2\/users\/3"}],"replies":[{"embeddable":true,"href":"https:\/\/woka-kuma.de\/fr\/wp-json\/wp\/v2\/comments?post=2101"}],"version-history":[{"count":4,"href":"https:\/\/woka-kuma.de\/fr\/wp-json\/wp\/v2\/pages\/2101\/revisions"}],"predecessor-version":[{"id":2105,"href":"https:\/\/woka-kuma.de\/fr\/wp-json\/wp\/v2\/pages\/2101\/revisions\/2105"}],"wp:attachment":[{"href":"https:\/\/woka-kuma.de\/fr\/wp-json\/wp\/v2\/media?parent=2101"}],"curies":[{"name":"wp","href":"https:\/\/api.w.org\/{rel}","templated":true}]}}