{"id":2013,"date":"2025-03-12T11:32:43","date_gmt":"2025-03-12T11:32:43","guid":{"rendered":"https:\/\/woka-kuma.de\/?page_id=2013"},"modified":"2025-03-12T11:38:03","modified_gmt":"2025-03-12T11:38:03","slug":"tanzprojekt-mit-kindern-und-jugendlichen","status":"publish","type":"page","link":"https:\/\/woka-kuma.de\/fr\/wokakuma-festival\/francais-festival-2024\/tanzprojekt-mit-kindern-und-jugendlichen\/","title":{"rendered":"Ateliers de danse avec des enfants"},"content":{"rendered":"<p>\u00ab Par amour de la nature &#8211; une approche interculturelle de l&rsquo;environnement par la danse \u00bb.<\/p>\n<p><img decoding=\"async\" class=\"alignnone size-medium wp-image-2017\" src=\"https:\/\/woka-kuma.de\/wp-content\/uploads\/2025\/03\/IMG-20240904-WA0055-225x300.jpg\" alt=\"\" width=\"225\" height=\"300\" srcset=\"https:\/\/woka-kuma.de\/wp-content\/uploads\/2025\/03\/IMG-20240904-WA0055-225x300.jpg 225w, https:\/\/woka-kuma.de\/wp-content\/uploads\/2025\/03\/IMG-20240904-WA0055-768x1024.jpg 768w, https:\/\/woka-kuma.de\/wp-content\/uploads\/2025\/03\/IMG-20240904-WA0055.jpg 810w\" sizes=\"(max-width: 225px) 100vw, 225px\" \/><\/p>\n<p>Le festival Woka Kuma n&rsquo;est pas seulement synonyme de musique, de culture et d&rsquo;\u00e9change, mais aussi d&rsquo;\u00e9ducation culturelle pour les enfants et les jeunes ! Cette ann\u00e9e encore, nous avons pu organiser un projet en trois parties avec l&rsquo;\u00e9cole primaire, le coll\u00e8ge et la maternelle.<\/p>\n<p>Dans le cadre du projet \u00ab In Liebe zur Natur &#8211; interkulturelle t\u00e4nzerische Auseinandersetzung mit der Umwelt \u00bb, plus de 50 enfants ont particip\u00e9 \u00e0 des ateliers de danse pendant les semaines de projet et les programmes de vacances. Soutenu par le programme f\u00e9d\u00e9ral \u00ab Kultur macht stark \u00bb, le programme de soutien \u00ab Chance Tanz \u00bb a permis de d\u00e9velopper des connaissances en mati\u00e8re de danse ouest-africaine et de s\u00e9quences corporelles cr\u00e9atives pour une meilleure compr\u00e9hension de la nature et du Burkina Faso. Pour ce faire, l&rsquo;association Woka-Kuma a fait appel \u00e0 plusieurs partenaires, comme la Kulturmarkthalle et le lyc\u00e9e Gustave Eiffel, l&rsquo;organisme d&rsquo;aide \u00e0 la jeunesse Jugendwohnen im Kiez, la Gesamtschule Campus R\u00fctli et la cr\u00e8che d&rsquo;int\u00e9gration \u00ab Hand in Hand \u00bb \u00e0 K\u00f6penick.<\/p>\n<p>Des sc\u00e8nes repr\u00e9sentant la cohabitation entre les hommes et la nature ont \u00e9t\u00e9 d\u00e9velopp\u00e9es selon la m\u00e9thode de la danse-th\u00e9\u00e2tre. Dans un premier temps, les participants ont fait leurs propres observations dans la for\u00eat\/le parc\/la cour de leur quartier afin de percevoir la nature qui les entoure, puis ils ont reproduit leurs exp\u00e9riences dans le cadre d&rsquo;exercices de danse et ont cr\u00e9\u00e9 une pi\u00e8ce \u00e0 cet effet. L&rsquo;objectif \u00e9tait d&rsquo;aborder des sujets d&rsquo;actualit\u00e9 tels que la biodiversit\u00e9 et la protection de l&rsquo;environnement et de s&rsquo;interroger sur son propre r\u00f4le dans la soci\u00e9t\u00e9.<\/p>\n<p><img decoding=\"async\" class=\"alignnone size-medium wp-image-1684\" src=\"https:\/\/woka-kuma.de\/wp-content\/uploads\/2022\/06\/Logo_Kumasta-300x128.png\" alt=\"\" width=\"300\" height=\"128\" srcset=\"https:\/\/woka-kuma.de\/wp-content\/uploads\/2022\/06\/Logo_Kumasta-300x128.png 300w, https:\/\/woka-kuma.de\/wp-content\/uploads\/2022\/06\/Logo_Kumasta.png 510w\" sizes=\"(max-width: 300px) 100vw, 300px\" \/><img decoding=\"async\" class=\"alignnone size-medium wp-image-1683\" src=\"https:\/\/woka-kuma.de\/wp-content\/uploads\/2022\/06\/Logo-_Chance-Tanz-300x120.jpg\" alt=\"\" width=\"300\" height=\"120\" srcset=\"https:\/\/woka-kuma.de\/wp-content\/uploads\/2022\/06\/Logo-_Chance-Tanz-300x120.jpg 300w, https:\/\/woka-kuma.de\/wp-content\/uploads\/2022\/06\/Logo-_Chance-Tanz.jpg 459w\" sizes=\"(max-width: 300px) 100vw, 300px\" \/><\/p>","protected":false},"excerpt":{"rendered":"<p>\u00ab Par amour de la nature &#8211; une approche interculturelle de l&rsquo;environnement par la danse \u00bb. Le festival Woka Kuma n&rsquo;est pas seulement synonyme de musique, de culture et d&rsquo;\u00e9change, mais aussi d&rsquo;\u00e9ducation culturelle pour les enfants et les jeunes ! Cette ann\u00e9e encore, nous avons pu organiser un projet en trois parties avec l&rsquo;\u00e9cole [&hellip;]<\/p>\n","protected":false},"author":3,"featured_media":2018,"parent":1970,"menu_order":0,"comment_status":"closed","ping_status":"closed","template":"","meta":{"footnotes":""},"class_list":["post-2013","page","type-page","status-publish","has-post-thumbnail","hentry"],"yoast_head":"<!-- This site is optimized with the Yoast SEO plugin v27.3 - https:\/\/yoast.com\/product\/yoast-seo-wordpress\/ -->\n<title>Ateliers de danse avec des enfants - Woka-Kuma Deutschland e.V.<\/title>\n<meta name=\"robots\" content=\"index, follow, max-snippet:-1, max-image-preview:large, max-video-preview:-1\" \/>\n<link rel=\"canonical\" href=\"https:\/\/woka-kuma.de\/fr\/wokakuma-festival\/francais-festival-2024\/tanzprojekt-mit-kindern-und-jugendlichen\/\" \/>\n<meta property=\"og:locale\" content=\"fr_FR\" \/>\n<meta property=\"og:type\" content=\"article\" \/>\n<meta property=\"og:title\" content=\"[:de]Tanzprojekt mit Kindern und Jugendlichen [:en]Dance workshops with children[:fr]Ateliers de danse avec des enfants[:] - Woka-Kuma Deutschland e.V.\" \/>\n<meta property=\"og:description\" content=\"\u00ab Par amour de la nature &#8211; une approche interculturelle de l&rsquo;environnement par la danse \u00bb. Le festival Woka Kuma n&rsquo;est pas seulement synonyme de musique, de culture et d&rsquo;\u00e9change, mais aussi d&rsquo;\u00e9ducation culturelle pour les enfants et les jeunes ! Cette ann\u00e9e encore, nous avons pu organiser un projet en trois parties avec l&rsquo;\u00e9cole [&hellip;]\" \/>\n<meta property=\"og:url\" content=\"https:\/\/woka-kuma.de\/fr\/wokakuma-festival\/francais-festival-2024\/tanzprojekt-mit-kindern-und-jugendlichen\/\" \/>\n<meta property=\"og:site_name\" content=\"Woka-Kuma Deutschland e.V.\" \/>\n<meta property=\"article:modified_time\" content=\"2025-03-12T11:38:03+00:00\" \/>\n<meta property=\"og:image\" content=\"https:\/\/woka-kuma.de\/wp-content\/uploads\/2025\/03\/IMG-20240904-WA0034.jpg\" \/>\n\t<meta property=\"og:image:width\" content=\"810\" \/>\n\t<meta property=\"og:image:height\" content=\"1080\" \/>\n\t<meta property=\"og:image:type\" content=\"image\/jpeg\" \/>\n<meta name=\"twitter:card\" content=\"summary_large_image\" \/>\n<meta name=\"twitter:label1\" content=\"Dur\u00e9e de lecture estim\u00e9e\" \/>\n\t<meta name=\"twitter:data1\" content=\"4 minutes\" \/>\n<script type=\"application\/ld+json\" class=\"yoast-schema-graph\">{\"@context\":\"https:\\\/\\\/schema.org\",\"@graph\":[{\"@type\":\"WebPage\",\"@id\":\"https:\\\/\\\/woka-kuma.de\\\/fr\\\/wokakuma-festival\\\/francais-festival-2024\\\/tanzprojekt-mit-kindern-und-jugendlichen\\\/\",\"url\":\"https:\\\/\\\/woka-kuma.de\\\/fr\\\/wokakuma-festival\\\/francais-festival-2024\\\/tanzprojekt-mit-kindern-und-jugendlichen\\\/\",\"name\":\"[:de]Tanzprojekt mit Kindern und Jugendlichen [:en]Dance workshops with children[:fr]Ateliers de danse avec des enfants[:] - Woka-Kuma Deutschland e.V.\",\"isPartOf\":{\"@id\":\"https:\\\/\\\/woka-kuma.de\\\/#website\"},\"primaryImageOfPage\":{\"@id\":\"https:\\\/\\\/woka-kuma.de\\\/fr\\\/wokakuma-festival\\\/francais-festival-2024\\\/tanzprojekt-mit-kindern-und-jugendlichen\\\/#primaryimage\"},\"image\":{\"@id\":\"https:\\\/\\\/woka-kuma.de\\\/fr\\\/wokakuma-festival\\\/francais-festival-2024\\\/tanzprojekt-mit-kindern-und-jugendlichen\\\/#primaryimage\"},\"thumbnailUrl\":\"https:\\\/\\\/woka-kuma.de\\\/wp-content\\\/uploads\\\/2025\\\/03\\\/IMG-20240904-WA0034.jpg\",\"datePublished\":\"2025-03-12T11:32:43+00:00\",\"dateModified\":\"2025-03-12T11:38:03+00:00\",\"breadcrumb\":{\"@id\":\"https:\\\/\\\/woka-kuma.de\\\/fr\\\/wokakuma-festival\\\/francais-festival-2024\\\/tanzprojekt-mit-kindern-und-jugendlichen\\\/#breadcrumb\"},\"inLanguage\":\"fr-FR\",\"potentialAction\":[{\"@type\":\"ReadAction\",\"target\":[\"https:\\\/\\\/woka-kuma.de\\\/fr\\\/wokakuma-festival\\\/francais-festival-2024\\\/tanzprojekt-mit-kindern-und-jugendlichen\\\/\"]}]},{\"@type\":\"ImageObject\",\"inLanguage\":\"fr-FR\",\"@id\":\"https:\\\/\\\/woka-kuma.de\\\/fr\\\/wokakuma-festival\\\/francais-festival-2024\\\/tanzprojekt-mit-kindern-und-jugendlichen\\\/#primaryimage\",\"url\":\"https:\\\/\\\/woka-kuma.de\\\/wp-content\\\/uploads\\\/2025\\\/03\\\/IMG-20240904-WA0034.jpg\",\"contentUrl\":\"https:\\\/\\\/woka-kuma.de\\\/wp-content\\\/uploads\\\/2025\\\/03\\\/IMG-20240904-WA0034.jpg\",\"width\":810,\"height\":1080},{\"@type\":\"BreadcrumbList\",\"@id\":\"https:\\\/\\\/woka-kuma.de\\\/fr\\\/wokakuma-festival\\\/francais-festival-2024\\\/tanzprojekt-mit-kindern-und-jugendlichen\\\/#breadcrumb\",\"itemListElement\":[{\"@type\":\"ListItem\",\"position\":1,\"name\":\"Startseite\",\"item\":\"https:\\\/\\\/woka-kuma.de\\\/\"},{\"@type\":\"ListItem\",\"position\":2,\"name\":\"Woka Kuma Festival\",\"item\":\"https:\\\/\\\/woka-kuma.de\\\/wokakuma-festival\\\/\"},{\"@type\":\"ListItem\",\"position\":3,\"name\":\"Festival 2024\",\"item\":\"https:\\\/\\\/woka-kuma.de\\\/fr\\\/wokakuma-festival\\\/francais-festival-2024\\\/\"},{\"@type\":\"ListItem\",\"position\":4,\"name\":\"Ateliers de danse avec des enfants\"}]},{\"@type\":\"WebSite\",\"@id\":\"https:\\\/\\\/woka-kuma.de\\\/#website\",\"url\":\"https:\\\/\\\/woka-kuma.de\\\/\",\"name\":\"Woka-Kuma Deutschland e.V.\",\"description\":\"\",\"publisher\":{\"@id\":\"https:\\\/\\\/woka-kuma.de\\\/#organization\"},\"potentialAction\":[{\"@type\":\"SearchAction\",\"target\":{\"@type\":\"EntryPoint\",\"urlTemplate\":\"https:\\\/\\\/woka-kuma.de\\\/?s={search_term_string}\"},\"query-input\":{\"@type\":\"PropertyValueSpecification\",\"valueRequired\":true,\"valueName\":\"search_term_string\"}}],\"inLanguage\":\"fr-FR\"},{\"@type\":\"Organization\",\"@id\":\"https:\\\/\\\/woka-kuma.de\\\/#organization\",\"name\":\"Woka-Kuma Deutschland e.V.\",\"url\":\"https:\\\/\\\/woka-kuma.de\\\/\",\"logo\":{\"@type\":\"ImageObject\",\"inLanguage\":\"fr-FR\",\"@id\":\"https:\\\/\\\/woka-kuma.de\\\/#\\\/schema\\\/logo\\\/image\\\/\",\"url\":\"https:\\\/\\\/woka-kuma.de\\\/wp-content\\\/uploads\\\/2020\\\/07\\\/Logo-Verein-2020-rund.png\",\"contentUrl\":\"https:\\\/\\\/woka-kuma.de\\\/wp-content\\\/uploads\\\/2020\\\/07\\\/Logo-Verein-2020-rund.png\",\"width\":1920,\"height\":1918,\"caption\":\"Woka-Kuma Deutschland e.V.\"},\"image\":{\"@id\":\"https:\\\/\\\/woka-kuma.de\\\/#\\\/schema\\\/logo\\\/image\\\/\"}}]}<\/script>\n<!-- \/ Yoast SEO plugin. -->","yoast_head_json":{"title":"[:de]Tanzprojekt mit Kindern und Jugendlichen [:en]Dance workshops with children[:fr]Ateliers de danse avec des enfants[:] - Woka-Kuma Deutschland e.V.","robots":{"index":"index","follow":"follow","max-snippet":"max-snippet:-1","max-image-preview":"max-image-preview:large","max-video-preview":"max-video-preview:-1"},"canonical":"https:\/\/woka-kuma.de\/fr\/wokakuma-festival\/francais-festival-2024\/tanzprojekt-mit-kindern-und-jugendlichen\/","og_locale":"fr_FR","og_type":"article","og_title":"[:de]Tanzprojekt mit Kindern und Jugendlichen [:en]Dance workshops with children[:fr]Ateliers de danse avec des enfants[:] - Woka-Kuma Deutschland e.V.","og_description":"\u00ab Par amour de la nature &#8211; une approche interculturelle de l&rsquo;environnement par la danse \u00bb. Le festival Woka Kuma n&rsquo;est pas seulement synonyme de musique, de culture et d&rsquo;\u00e9change, mais aussi d&rsquo;\u00e9ducation culturelle pour les enfants et les jeunes ! Cette ann\u00e9e encore, nous avons pu organiser un projet en trois parties avec l&rsquo;\u00e9cole [&hellip;]","og_url":"https:\/\/woka-kuma.de\/fr\/wokakuma-festival\/francais-festival-2024\/tanzprojekt-mit-kindern-und-jugendlichen\/","og_site_name":"Woka-Kuma Deutschland e.V.","article_modified_time":"2025-03-12T11:38:03+00:00","og_image":[{"width":810,"height":1080,"url":"https:\/\/woka-kuma.de\/wp-content\/uploads\/2025\/03\/IMG-20240904-WA0034.jpg","type":"image\/jpeg"}],"twitter_card":"summary_large_image","twitter_misc":{"Dur\u00e9e de lecture estim\u00e9e":"4 minutes"},"schema":{"@context":"https:\/\/schema.org","@graph":[{"@type":"WebPage","@id":"https:\/\/woka-kuma.de\/fr\/wokakuma-festival\/francais-festival-2024\/tanzprojekt-mit-kindern-und-jugendlichen\/","url":"https:\/\/woka-kuma.de\/fr\/wokakuma-festival\/francais-festival-2024\/tanzprojekt-mit-kindern-und-jugendlichen\/","name":"[:de]Tanzprojekt mit Kindern und Jugendlichen [:en]Dance workshops with children[:fr]Ateliers de danse avec des enfants[:] - Woka-Kuma Deutschland e.V.","isPartOf":{"@id":"https:\/\/woka-kuma.de\/#website"},"primaryImageOfPage":{"@id":"https:\/\/woka-kuma.de\/fr\/wokakuma-festival\/francais-festival-2024\/tanzprojekt-mit-kindern-und-jugendlichen\/#primaryimage"},"image":{"@id":"https:\/\/woka-kuma.de\/fr\/wokakuma-festival\/francais-festival-2024\/tanzprojekt-mit-kindern-und-jugendlichen\/#primaryimage"},"thumbnailUrl":"https:\/\/woka-kuma.de\/wp-content\/uploads\/2025\/03\/IMG-20240904-WA0034.jpg","datePublished":"2025-03-12T11:32:43+00:00","dateModified":"2025-03-12T11:38:03+00:00","breadcrumb":{"@id":"https:\/\/woka-kuma.de\/fr\/wokakuma-festival\/francais-festival-2024\/tanzprojekt-mit-kindern-und-jugendlichen\/#breadcrumb"},"inLanguage":"fr-FR","potentialAction":[{"@type":"ReadAction","target":["https:\/\/woka-kuma.de\/fr\/wokakuma-festival\/francais-festival-2024\/tanzprojekt-mit-kindern-und-jugendlichen\/"]}]},{"@type":"ImageObject","inLanguage":"fr-FR","@id":"https:\/\/woka-kuma.de\/fr\/wokakuma-festival\/francais-festival-2024\/tanzprojekt-mit-kindern-und-jugendlichen\/#primaryimage","url":"https:\/\/woka-kuma.de\/wp-content\/uploads\/2025\/03\/IMG-20240904-WA0034.jpg","contentUrl":"https:\/\/woka-kuma.de\/wp-content\/uploads\/2025\/03\/IMG-20240904-WA0034.jpg","width":810,"height":1080},{"@type":"BreadcrumbList","@id":"https:\/\/woka-kuma.de\/fr\/wokakuma-festival\/francais-festival-2024\/tanzprojekt-mit-kindern-und-jugendlichen\/#breadcrumb","itemListElement":[{"@type":"ListItem","position":1,"name":"Startseite","item":"https:\/\/woka-kuma.de\/"},{"@type":"ListItem","position":2,"name":"Woka Kuma Festival","item":"https:\/\/woka-kuma.de\/wokakuma-festival\/"},{"@type":"ListItem","position":3,"name":"Festival 2024","item":"https:\/\/woka-kuma.de\/fr\/wokakuma-festival\/francais-festival-2024\/"},{"@type":"ListItem","position":4,"name":"Ateliers de danse avec des enfants"}]},{"@type":"WebSite","@id":"https:\/\/woka-kuma.de\/#website","url":"https:\/\/woka-kuma.de\/","name":"Woka-Kuma Deutschland e.V.","description":"","publisher":{"@id":"https:\/\/woka-kuma.de\/#organization"},"potentialAction":[{"@type":"SearchAction","target":{"@type":"EntryPoint","urlTemplate":"https:\/\/woka-kuma.de\/?s={search_term_string}"},"query-input":{"@type":"PropertyValueSpecification","valueRequired":true,"valueName":"search_term_string"}}],"inLanguage":"fr-FR"},{"@type":"Organization","@id":"https:\/\/woka-kuma.de\/#organization","name":"Woka-Kuma Deutschland e.V.","url":"https:\/\/woka-kuma.de\/","logo":{"@type":"ImageObject","inLanguage":"fr-FR","@id":"https:\/\/woka-kuma.de\/#\/schema\/logo\/image\/","url":"https:\/\/woka-kuma.de\/wp-content\/uploads\/2020\/07\/Logo-Verein-2020-rund.png","contentUrl":"https:\/\/woka-kuma.de\/wp-content\/uploads\/2020\/07\/Logo-Verein-2020-rund.png","width":1920,"height":1918,"caption":"Woka-Kuma Deutschland e.V."},"image":{"@id":"https:\/\/woka-kuma.de\/#\/schema\/logo\/image\/"}}]}},"_links":{"self":[{"href":"https:\/\/woka-kuma.de\/fr\/wp-json\/wp\/v2\/pages\/2013","targetHints":{"allow":["GET"]}}],"collection":[{"href":"https:\/\/woka-kuma.de\/fr\/wp-json\/wp\/v2\/pages"}],"about":[{"href":"https:\/\/woka-kuma.de\/fr\/wp-json\/wp\/v2\/types\/page"}],"author":[{"embeddable":true,"href":"https:\/\/woka-kuma.de\/fr\/wp-json\/wp\/v2\/users\/3"}],"replies":[{"embeddable":true,"href":"https:\/\/woka-kuma.de\/fr\/wp-json\/wp\/v2\/comments?post=2013"}],"version-history":[{"count":7,"href":"https:\/\/woka-kuma.de\/fr\/wp-json\/wp\/v2\/pages\/2013\/revisions"}],"predecessor-version":[{"id":2036,"href":"https:\/\/woka-kuma.de\/fr\/wp-json\/wp\/v2\/pages\/2013\/revisions\/2036"}],"up":[{"embeddable":true,"href":"https:\/\/woka-kuma.de\/fr\/wp-json\/wp\/v2\/pages\/1970"}],"wp:featuredmedia":[{"embeddable":true,"href":"https:\/\/woka-kuma.de\/fr\/wp-json\/wp\/v2\/media\/2018"}],"wp:attachment":[{"href":"https:\/\/woka-kuma.de\/fr\/wp-json\/wp\/v2\/media?parent=2013"}],"curies":[{"name":"wp","href":"https:\/\/api.w.org\/{rel}","templated":true}]}}