{"id":1851,"date":"2023-07-31T17:16:16","date_gmt":"2023-07-31T17:16:16","guid":{"rendered":"https:\/\/woka-kuma.de\/?page_id=1851"},"modified":"2023-09-11T20:25:31","modified_gmt":"2023-09-11T20:25:31","slug":"woka-kuma-festival-2023","status":"publish","type":"page","link":"https:\/\/woka-kuma.de\/fr\/woka-kuma-festival-2023\/","title":{"rendered":"(Deutsch) Festival 2023"},"content":{"rendered":"<p>Le festival Woka Kuma est synonyme de musique, d&#8217;art et de culture modernes et traditionnels du Burkina Faso.<br \/>\nAvec un groupe de 9 musiciens l&#8217;ann\u00e9e derni\u00e8re, nous voulons cette ann\u00e9e apporter encore plus de diversit\u00e9 dans la soir\u00e9e de concert. L&#8217;\u00e9v\u00e9nement aura pour th\u00e8me &#8220;Musique traditionnelle et culture pop actuelle d&#8217;Afrique de l&#8217;Ouest &#8211; entre deux g\u00e9n\u00e9rations&#8221;. L&#8217;invit\u00e9e d&#8217;honneur sera Angelina Akpovo, chanteuse, compositrice et musicienne b\u00e9ninoise. Elle vit depuis longtemps \u00e0 Hambourg o\u00f9 elle a cr\u00e9\u00e9 le festival culturel Alafia. Avec sa musique sur l&#8217;afrobeat et la soul traditionnels et son art de la danse, elle a v\u00e9cu avec succ\u00e8s de nombreuses ann\u00e9es de sa carri\u00e8re musicale. La soir\u00e9e sera \u00e9galement l&#8217;occasion pour Madame Akpovo de parler de son exp\u00e9rience de la sc\u00e8ne musicale, de ses succ\u00e8s et de la magie et du pouvoir des \u00e9changes culturels.<br \/>\nPour faire pendant et enrichir la soir\u00e9e, nous avons \u00e9galement invit\u00e9 le chanteur &#8220;Faity Baby&#8221;. Il est un nouveau venu sur la sc\u00e8ne pop et rap de Bobo Dioulasso. En 2022, il a re\u00e7u pour sa musique le prix &#8220;Bobo Lolo&#8221;, la plus haute distinction de la sc\u00e8ne musicale de la r\u00e9gion et a ici pour la premi\u00e8re fois la chance de pr\u00e9senter sa musique au public allemand.<br \/>\n<a href=\"https:\/\/www.youtube.com\/watch?v=PBFsWO6pxV8\">Check out his music <\/a><\/p>\n<p>Le Woka Kuma Festival est synonyme d&#8217;\u00e9change culturel &#8211; outre la contribution musicale, il y aura \u00e9galement un buffet africain &#8211; burkinab\u00e9 et des stands d&#8217;artisanat textile africain. Nous nous retrouverons au FORUM FACTORY.<\/p>\n<p>Pour participer : le danseur Serges Som\u00e9 de Ouagadougou donnera des ateliers de danse pour d\u00e9butants* et avanc\u00e9s sur la danse traditionnelle africaine. Le 30.09.2023 &#8211; \u00e0 la FORUM FACTORY et le 01.10.2023 au Groove Zentrum f\u00fcr Percussion \u00e0 Neuk\u00f6lln.<\/p>\n<p>Samedi 10.30 -12.30 et 13.00-15.00 \u00e0 la Forum Factory<br \/>\nDimanche de 10h30 \u00e0 15h00 au Groove Zentrum f\u00fcr Percussion.<\/p>\n<p>Inscriptions sur wokakuma1@gmail.com<\/p>\n<p>Festival Woka Kuma 2023<br \/>\nSoir\u00e9e de concert le<br \/>\n30.09.2023 \u00e0 partir de 19h au Forum Factory, Besselstr. 41, 10969 Berlin<\/p>","protected":false},"excerpt":{"rendered":"<p>Le festival Woka Kuma est synonyme de musique, d&#8217;art et de culture modernes et traditionnels du Burkina Faso. Avec un groupe de 9 musiciens l&#8217;ann\u00e9e derni\u00e8re, nous voulons cette ann\u00e9e apporter encore plus de diversit\u00e9 dans la soir\u00e9e de concert. L&#8217;\u00e9v\u00e9nement aura pour th\u00e8me &#8220;Musique traditionnelle et culture pop actuelle d&#8217;Afrique de l&#8217;Ouest &#8211; entre [&hellip;]<\/p>\n","protected":false},"author":3,"featured_media":0,"parent":0,"menu_order":2,"comment_status":"closed","ping_status":"closed","template":"","meta":{"footnotes":""},"class_list":["post-1851","page","type-page","status-publish","hentry"],"yoast_head":"<!-- This site is optimized with the Yoast SEO plugin v27.5 - https:\/\/yoast.com\/product\/yoast-seo-wordpress\/ -->\n<title><\/title>\n<meta name=\"description\" content=\"Kunst und Kultur aus Burkina Faso, Festival 2023 Musik in Berlin , Forum Factory Popkultur aus Westafrika\" \/>\n<meta name=\"robots\" content=\"index, follow, max-snippet:-1, max-image-preview:large, max-video-preview:-1\" \/>\n<link rel=\"canonical\" href=\"https:\/\/woka-kuma.de\/fr\/woka-kuma-festival-2023\/\" \/>\n<meta property=\"og:locale\" content=\"fr_FR\" \/>\n<meta property=\"og:type\" content=\"article\" \/>\n<meta property=\"og:title\" content=\"[:de]Festival 2023 [:en]Festival 2023[:] - Woka-Kuma Deutschland e.V.\" \/>\n<meta property=\"og:description\" content=\"Kunst und Kultur aus Burkina Faso, Festival 2023 Musik in Berlin , Forum Factory Popkultur aus Westafrika\" \/>\n<meta property=\"og:url\" content=\"https:\/\/woka-kuma.de\/fr\/woka-kuma-festival-2023\/\" \/>\n<meta property=\"og:site_name\" content=\"Woka-Kuma Deutschland e.V.\" \/>\n<meta property=\"article:modified_time\" content=\"2023-09-11T20:25:31+00:00\" \/>\n<meta property=\"og:image\" content=\"https:\/\/woka-kuma.de\/wp-content\/uploads\/2023\/07\/Flyer-2023-213x300.jpg\" \/>\n<meta name=\"twitter:card\" content=\"summary_large_image\" \/>\n<meta name=\"twitter:label1\" content=\"Dur\u00e9e de lecture estim\u00e9e\" \/>\n\t<meta name=\"twitter:data1\" content=\"3 minutes\" \/>\n<script type=\"application\/ld+json\" class=\"yoast-schema-graph\">{\"@context\":\"https:\\\/\\\/schema.org\",\"@graph\":[{\"@type\":\"WebPage\",\"@id\":\"https:\\\/\\\/woka-kuma.de\\\/fr\\\/woka-kuma-festival-2023\\\/\",\"url\":\"https:\\\/\\\/woka-kuma.de\\\/fr\\\/woka-kuma-festival-2023\\\/\",\"name\":\"[:de]Festival 2023 [:en]Festival 2023[:] - Woka-Kuma Deutschland e.V.\",\"isPartOf\":{\"@id\":\"https:\\\/\\\/woka-kuma.de\\\/#website\"},\"primaryImageOfPage\":{\"@id\":\"https:\\\/\\\/woka-kuma.de\\\/fr\\\/woka-kuma-festival-2023\\\/#primaryimage\"},\"image\":{\"@id\":\"https:\\\/\\\/woka-kuma.de\\\/fr\\\/woka-kuma-festival-2023\\\/#primaryimage\"},\"thumbnailUrl\":\"https:\\\/\\\/woka-kuma.de\\\/wp-content\\\/uploads\\\/2023\\\/07\\\/Flyer-2023-213x300.jpg\",\"datePublished\":\"2023-07-31T17:16:16+00:00\",\"dateModified\":\"2023-09-11T20:25:31+00:00\",\"description\":\"Kunst und Kultur aus Burkina Faso, Festival 2023 Musik in Berlin , Forum Factory Popkultur aus Westafrika\",\"breadcrumb\":{\"@id\":\"https:\\\/\\\/woka-kuma.de\\\/fr\\\/woka-kuma-festival-2023\\\/#breadcrumb\"},\"inLanguage\":\"fr-FR\",\"potentialAction\":[{\"@type\":\"ReadAction\",\"target\":[\"https:\\\/\\\/woka-kuma.de\\\/fr\\\/woka-kuma-festival-2023\\\/\"]}]},{\"@type\":\"ImageObject\",\"inLanguage\":\"fr-FR\",\"@id\":\"https:\\\/\\\/woka-kuma.de\\\/fr\\\/woka-kuma-festival-2023\\\/#primaryimage\",\"url\":\"https:\\\/\\\/woka-kuma.de\\\/wp-content\\\/uploads\\\/2023\\\/07\\\/Flyer-2023-213x300.jpg\",\"contentUrl\":\"https:\\\/\\\/woka-kuma.de\\\/wp-content\\\/uploads\\\/2023\\\/07\\\/Flyer-2023-213x300.jpg\"},{\"@type\":\"BreadcrumbList\",\"@id\":\"https:\\\/\\\/woka-kuma.de\\\/fr\\\/woka-kuma-festival-2023\\\/#breadcrumb\",\"itemListElement\":[{\"@type\":\"ListItem\",\"position\":1,\"name\":\"Startseite\",\"item\":\"https:\\\/\\\/woka-kuma.de\\\/\"},{\"@type\":\"ListItem\",\"position\":2,\"name\":\"(Deutsch) Festival 2023\"}]},{\"@type\":\"WebSite\",\"@id\":\"https:\\\/\\\/woka-kuma.de\\\/#website\",\"url\":\"https:\\\/\\\/woka-kuma.de\\\/\",\"name\":\"Woka-Kuma Deutschland e.V.\",\"description\":\"\",\"publisher\":{\"@id\":\"https:\\\/\\\/woka-kuma.de\\\/#organization\"},\"potentialAction\":[{\"@type\":\"SearchAction\",\"target\":{\"@type\":\"EntryPoint\",\"urlTemplate\":\"https:\\\/\\\/woka-kuma.de\\\/?s={search_term_string}\"},\"query-input\":{\"@type\":\"PropertyValueSpecification\",\"valueRequired\":true,\"valueName\":\"search_term_string\"}}],\"inLanguage\":\"fr-FR\"},{\"@type\":\"Organization\",\"@id\":\"https:\\\/\\\/woka-kuma.de\\\/#organization\",\"name\":\"Woka-Kuma Deutschland e.V.\",\"url\":\"https:\\\/\\\/woka-kuma.de\\\/\",\"logo\":{\"@type\":\"ImageObject\",\"inLanguage\":\"fr-FR\",\"@id\":\"https:\\\/\\\/woka-kuma.de\\\/#\\\/schema\\\/logo\\\/image\\\/\",\"url\":\"https:\\\/\\\/woka-kuma.de\\\/wp-content\\\/uploads\\\/2020\\\/07\\\/Logo-Verein-2020-rund.png\",\"contentUrl\":\"https:\\\/\\\/woka-kuma.de\\\/wp-content\\\/uploads\\\/2020\\\/07\\\/Logo-Verein-2020-rund.png\",\"width\":1920,\"height\":1918,\"caption\":\"Woka-Kuma Deutschland e.V.\"},\"image\":{\"@id\":\"https:\\\/\\\/woka-kuma.de\\\/#\\\/schema\\\/logo\\\/image\\\/\"}}]}<\/script>\n<!-- \/ Yoast SEO plugin. -->","yoast_head_json":{"title":"[:de]Festival 2023 [:en]Festival 2023[:] - Woka-Kuma Deutschland e.V.","description":"Kunst und Kultur aus Burkina Faso, Festival 2023 Musik in Berlin , Forum Factory Popkultur aus Westafrika","robots":{"index":"index","follow":"follow","max-snippet":"max-snippet:-1","max-image-preview":"max-image-preview:large","max-video-preview":"max-video-preview:-1"},"canonical":"https:\/\/woka-kuma.de\/fr\/woka-kuma-festival-2023\/","og_locale":"fr_FR","og_type":"article","og_title":"[:de]Festival 2023 [:en]Festival 2023[:] - Woka-Kuma Deutschland e.V.","og_description":"Kunst und Kultur aus Burkina Faso, Festival 2023 Musik in Berlin , Forum Factory Popkultur aus Westafrika","og_url":"https:\/\/woka-kuma.de\/fr\/woka-kuma-festival-2023\/","og_site_name":"Woka-Kuma Deutschland e.V.","article_modified_time":"2023-09-11T20:25:31+00:00","og_image":[{"url":"https:\/\/woka-kuma.de\/wp-content\/uploads\/2023\/07\/Flyer-2023-213x300.jpg","type":"","width":"","height":""}],"twitter_card":"summary_large_image","twitter_misc":{"Dur\u00e9e de lecture estim\u00e9e":"3 minutes"},"schema":{"@context":"https:\/\/schema.org","@graph":[{"@type":"WebPage","@id":"https:\/\/woka-kuma.de\/fr\/woka-kuma-festival-2023\/","url":"https:\/\/woka-kuma.de\/fr\/woka-kuma-festival-2023\/","name":"[:de]Festival 2023 [:en]Festival 2023[:] - Woka-Kuma Deutschland e.V.","isPartOf":{"@id":"https:\/\/woka-kuma.de\/#website"},"primaryImageOfPage":{"@id":"https:\/\/woka-kuma.de\/fr\/woka-kuma-festival-2023\/#primaryimage"},"image":{"@id":"https:\/\/woka-kuma.de\/fr\/woka-kuma-festival-2023\/#primaryimage"},"thumbnailUrl":"https:\/\/woka-kuma.de\/wp-content\/uploads\/2023\/07\/Flyer-2023-213x300.jpg","datePublished":"2023-07-31T17:16:16+00:00","dateModified":"2023-09-11T20:25:31+00:00","description":"Kunst und Kultur aus Burkina Faso, Festival 2023 Musik in Berlin , Forum Factory Popkultur aus Westafrika","breadcrumb":{"@id":"https:\/\/woka-kuma.de\/fr\/woka-kuma-festival-2023\/#breadcrumb"},"inLanguage":"fr-FR","potentialAction":[{"@type":"ReadAction","target":["https:\/\/woka-kuma.de\/fr\/woka-kuma-festival-2023\/"]}]},{"@type":"ImageObject","inLanguage":"fr-FR","@id":"https:\/\/woka-kuma.de\/fr\/woka-kuma-festival-2023\/#primaryimage","url":"https:\/\/woka-kuma.de\/wp-content\/uploads\/2023\/07\/Flyer-2023-213x300.jpg","contentUrl":"https:\/\/woka-kuma.de\/wp-content\/uploads\/2023\/07\/Flyer-2023-213x300.jpg"},{"@type":"BreadcrumbList","@id":"https:\/\/woka-kuma.de\/fr\/woka-kuma-festival-2023\/#breadcrumb","itemListElement":[{"@type":"ListItem","position":1,"name":"Startseite","item":"https:\/\/woka-kuma.de\/"},{"@type":"ListItem","position":2,"name":"(Deutsch) Festival 2023"}]},{"@type":"WebSite","@id":"https:\/\/woka-kuma.de\/#website","url":"https:\/\/woka-kuma.de\/","name":"Woka-Kuma Deutschland e.V.","description":"","publisher":{"@id":"https:\/\/woka-kuma.de\/#organization"},"potentialAction":[{"@type":"SearchAction","target":{"@type":"EntryPoint","urlTemplate":"https:\/\/woka-kuma.de\/?s={search_term_string}"},"query-input":{"@type":"PropertyValueSpecification","valueRequired":true,"valueName":"search_term_string"}}],"inLanguage":"fr-FR"},{"@type":"Organization","@id":"https:\/\/woka-kuma.de\/#organization","name":"Woka-Kuma Deutschland e.V.","url":"https:\/\/woka-kuma.de\/","logo":{"@type":"ImageObject","inLanguage":"fr-FR","@id":"https:\/\/woka-kuma.de\/#\/schema\/logo\/image\/","url":"https:\/\/woka-kuma.de\/wp-content\/uploads\/2020\/07\/Logo-Verein-2020-rund.png","contentUrl":"https:\/\/woka-kuma.de\/wp-content\/uploads\/2020\/07\/Logo-Verein-2020-rund.png","width":1920,"height":1918,"caption":"Woka-Kuma Deutschland e.V."},"image":{"@id":"https:\/\/woka-kuma.de\/#\/schema\/logo\/image\/"}}]}},"_links":{"self":[{"href":"https:\/\/woka-kuma.de\/fr\/wp-json\/wp\/v2\/pages\/1851","targetHints":{"allow":["GET"]}}],"collection":[{"href":"https:\/\/woka-kuma.de\/fr\/wp-json\/wp\/v2\/pages"}],"about":[{"href":"https:\/\/woka-kuma.de\/fr\/wp-json\/wp\/v2\/types\/page"}],"author":[{"embeddable":true,"href":"https:\/\/woka-kuma.de\/fr\/wp-json\/wp\/v2\/users\/3"}],"replies":[{"embeddable":true,"href":"https:\/\/woka-kuma.de\/fr\/wp-json\/wp\/v2\/comments?post=1851"}],"version-history":[{"count":9,"href":"https:\/\/woka-kuma.de\/fr\/wp-json\/wp\/v2\/pages\/1851\/revisions"}],"predecessor-version":[{"id":1869,"href":"https:\/\/woka-kuma.de\/fr\/wp-json\/wp\/v2\/pages\/1851\/revisions\/1869"}],"wp:attachment":[{"href":"https:\/\/woka-kuma.de\/fr\/wp-json\/wp\/v2\/media?parent=1851"}],"curies":[{"name":"wp","href":"https:\/\/api.w.org\/{rel}","templated":true}]}}