{"id":1825,"date":"2023-03-25T15:04:15","date_gmt":"2023-03-25T15:04:15","guid":{"rendered":"https:\/\/woka-kuma.de\/?page_id=1825"},"modified":"2023-03-25T15:26:30","modified_gmt":"2023-03-25T15:26:30","slug":"diskussionsveranstaltung-2023","status":"publish","type":"page","link":"https:\/\/woka-kuma.de\/fr\/wokakuma-festival\/festival-2022\/diskussionsveranstaltung-2023\/","title":{"rendered":"Discussion Panel 2022"},"content":{"rendered":"<p>Conf\u00e9rence-d\u00e9bat sur le th\u00e8me \u00ab\u00a0Main dans la main au-del\u00e0 des fronti\u00e8res &#8211; comment la danse peut contribuer \u00e0 la paix\u00a0\u00bb.<br \/>\navec Lisandra Cervantes, danseuse et professeur de danse de Cuba et Serges Som\u00e9 danseur et professeur de danse de Ouagadougou<\/p>\n<p>Tant de d\u00e9fis<\/p>\n<p>La paix et la stabilit\u00e9 sont les pierres angulaires d&rsquo;une soci\u00e9t\u00e9 qui fonctionne. Ainsi, le renforcement de la coh\u00e9sion sociale est toujours un d\u00e9fi politique.<br \/>\nMalheureusement, les acteurs culturels ne sont souvent pas impliqu\u00e9s lorsqu&rsquo;il s&rsquo;agit de cr\u00e9er de la compr\u00e9hension mutuelle et de promouvoir la coh\u00e9sion sociale.<br \/>\nLa culture, l&rsquo;art et la danse ne sont souvent pas per\u00e7us comme des instruments politiques, mais uniquement comme l&rsquo;expression cr\u00e9ative de traditions, de personnalit\u00e9s ou de comp\u00e9tences. L&rsquo;importance des activit\u00e9s culturelles et des acteurs culturels, surtout en temps de guerre et de crise, est sous-estim\u00e9e. L&rsquo;efficacit\u00e9 des acteurs culturels dans la construction, le maintien et la diffusion de la paix dans une soci\u00e9t\u00e9 ou de la coh\u00e9sion sociale n&rsquo;est pas (encore) suffisamment prise en compte dans les situations de crise nationales ou mondiales.<\/p>\n<p>Notre activit\u00e9 : en parler<\/p>\n<p>Lors de notre r\u00e9union-d\u00e9bat, deux intervenants* ont \u00e9t\u00e9 invit\u00e9s \u00e0 parler de leurs exp\u00e9riences et de leurs r\u00e9alit\u00e9s, Serges Som\u00e9 du Burkina Faso et Lisandra Cervantes d&rsquo;Allemagne\/Cuba, sous la mod\u00e9ration de Peguy Taku, \u00e9crivain camerounais. Pour une compr\u00e9hension inclusive, la discussion a \u00e9t\u00e9 traduite simultan\u00e9ment en allemand et en fran\u00e7ais pour tous les participants, ainsi qu&rsquo;une traduction chuchot\u00e9e de l&rsquo;espagnol vers l&rsquo;allemand pour la conf\u00e9renci\u00e8re Fr Cervantes. Au total, 65 participants \u00e9taient pr\u00e9sents. Apr\u00e8s la manifestation, un espace a \u00e9t\u00e9 r\u00e9serv\u00e9 pour un \u00e9change informel autour d&rsquo;un verre et d&rsquo;une collation, afin de permettre aux participants et aux intervenants de se mettre en r\u00e9seau et de donner leur avis sur ce qui a \u00e9t\u00e9 dit en public.<\/p>\n<p>\u00c9change dans le public<\/p>\n<p>\u00ab\u00a0La perspective internationale des deux intervenants m&rsquo;a \u00e9galement fait prendre conscience de la r\u00e9alit\u00e9 transnationale\u00a0\u00bb, a d\u00e9clar\u00e9 un participant \u00e0 l&rsquo;\u00e9v\u00e9nement. \u00ab\u00a0Lorsque l&rsquo;on conna\u00eet un peu les d\u00e9fis actuels de la soci\u00e9t\u00e9 en Allemagne et que l&rsquo;on entend des revendications similaires de la part de personnes \u00e0 l&rsquo;\u00e9tranger, on se rend compte \u00e0 quel point ces th\u00e8mes sont universels et combien nous pourrions apprendre les uns des autres\u00a0\u00bb.<br \/>\nLisandra Cervantes, par exemple, originaire de Cuba, est danseuse et professeur de danse \u00e0 Berlin. Elle a pu apporter une perspective suppl\u00e9mentaire, non seulement gr\u00e2ce \u00e0 sa pratique professionnelle \u00e0 Berlin, mais aussi gr\u00e2ce \u00e0 ses exp\u00e9riences de projet dans son pays d&rsquo;origine.<\/p>\n<p>Un impact certain<br \/>\nDans le cadre d&rsquo;un feedback informel, deux visiteurs* ont d\u00e9clar\u00e9 par la suite, ind\u00e9pendamment l&rsquo;un de l&rsquo;autre, qu&rsquo;ils avaient retenu et emporteraient avec eux leur appel clair \u00e0 \u00ab\u00a0rendre l&rsquo;art et la danse accessibles aux enfants\u00a0\u00bb. Fr\u00e8re Cervantes a parl\u00e9 de son exp\u00e9rience de projets de danse avec des enfants des rues \u00e0 Cuba, au cours desquels elle a constat\u00e9 un changement personnel et un d\u00e9veloppement des enfants par rapport aux autres enfants. Ses conclusions se rapportent surtout \u00e0 l&rsquo;investissement dans les enfants et les jeunes, et lancent un appel au niveau politique local pour qu&rsquo;il mette en place des projets afin d&rsquo;investir durablement dans l&rsquo;avenir. En plus de ses projets en cours, Serges Som\u00e9 a surtout parl\u00e9 de sa propre exp\u00e9rience, comment la danse et la formation de professeur de danse ont influenc\u00e9 positivement sa vie et comment il peut tirer une grande force de son enseignement gr\u00e2ce \u00e0 l&rsquo;effet multiplicateur.<\/p>\n<div id=\"metaslider-id-1835\" style=\"max-width: 600px; margin: 0 auto;\" class=\"ml-slider-3-108-0 metaslider metaslider-flex metaslider-1835 ml-slider has-dots-nav ms-theme-default\" role=\"region\" aria-label=\"Diskussionsveranstaltung 2022\" data-height=\"600\" data-width=\"600\">\n    <div id=\"metaslider_container_1835\">\n        <div id=\"metaslider_1835\">\n            <ul class='slides'>\n                <li style=\"display: block; width: 100%;\" class=\"slide-1836 ms-image \" aria-roledescription=\"slide\" data-date=\"2023-03-25 15:09:44\" data-filename=\"Woka-Kuma_7BFF-027-min-600x600.jpg\" data-slide-type=\"image\"><img decoding=\"async\" src=\"https:\/\/woka-kuma.de\/wp-content\/uploads\/2023\/03\/Woka-Kuma_7BFF-027-min-600x600.jpg\" height=\"600\" width=\"600\" alt=\"Referierende Diskussionsveranstaltung &quot;Wie kann Tanz zum Frieden beitragen&quot;\" class=\"slider-1835 slide-1836 msDefaultImage\" title=\"Woka Kuma_7BFF 027-min\" \/><div class=\"caption-wrap\"><div class=\"caption\">Referierende Diskussionsveranstaltung \"Wie kann Tanz zum Frieden beitragen\"<\/div><\/div><\/li>\n                <li style=\"display: none; width: 100%;\" class=\"slide-1837 ms-image \" aria-roledescription=\"slide\" data-date=\"2023-03-25 15:10:03\" data-filename=\"Woka-Kuma_7BFF-060-min-600x600.jpg\" data-slide-type=\"image\"><img decoding=\"async\" src=\"https:\/\/woka-kuma.de\/wp-content\/uploads\/2023\/03\/Woka-Kuma_7BFF-060-min-600x600.jpg\" height=\"600\" width=\"600\" alt=\"Referierende Diskussionsveranstaltung &quot;Wie kann Tanz zum Frieden beitragen&quot;\" class=\"slider-1835 slide-1837 msDefaultImage\" title=\"Woka Kuma_\" \/><div class=\"caption-wrap\"><div class=\"caption\">Referierende Diskussionsveranstaltung \"Wie kann Tanz zum Frieden beitragen\"<\/div><\/div><\/li>\n                <li style=\"display: none; width: 100%;\" class=\"slide-1838 ms-image \" aria-roledescription=\"slide\" data-date=\"2023-03-25 15:10:25\" data-filename=\"Woka-Kuma_7BFF-034-min-600x600.jpg\" data-slide-type=\"image\"><img decoding=\"async\" src=\"https:\/\/woka-kuma.de\/wp-content\/uploads\/2023\/03\/Woka-Kuma_7BFF-034-min-600x600.jpg\" height=\"600\" width=\"600\" alt=\"Referierende Diskussionsveranstaltung &quot;Wie kann Tanz zum Frieden beitragen&quot;\" class=\"slider-1835 slide-1838 msDefaultImage\" title=\"Woka Kuma_\" \/><div class=\"caption-wrap\"><div class=\"caption\">Referierende Diskussionsveranstaltung \"Wie kann Tanz zum Frieden beitragen\"<\/div><\/div><\/li>\n                <li style=\"display: none; width: 100%;\" class=\"slide-1839 ms-image \" aria-roledescription=\"slide\" data-date=\"2023-03-25 15:10:43\" data-filename=\"Woka-Kuma_7BFF-213-min-600x600.jpg\" data-slide-type=\"image\"><img decoding=\"async\" src=\"https:\/\/woka-kuma.de\/wp-content\/uploads\/2023\/03\/Woka-Kuma_7BFF-213-min-600x600.jpg\" height=\"600\" width=\"600\" alt=\"Diskussionsveranstaltung &quot;Wie kann Tanz zum Frieden beitragen&quot;\" class=\"slider-1835 slide-1839 msDefaultImage\" title=\"Woka Kuma_7BFF 213-min\" \/><div class=\"caption-wrap\"><div class=\"caption\">Diskussionsveranstaltung \"Wie kann Tanz zum Frieden beitragen\"<\/div><\/div><\/li>\n            <\/ul>\n        <\/div>\n        \n    <\/div>\n<\/div>\n<p>La manifestation a \u00e9t\u00e9 soutenue par l&rsquo;Agence nationale pour la coop\u00e9ration au d\u00e9veloppement.<\/p>\n<p>Landesstelle f\u00fcr Entwicklungszusammenarbeit<\/p>\n<p>&nbsp;<\/p>","protected":false},"excerpt":{"rendered":"<p>Conf\u00e9rence-d\u00e9bat sur le th\u00e8me \u00ab\u00a0Main dans la main au-del\u00e0 des fronti\u00e8res &#8211; comment la danse peut contribuer \u00e0 la paix\u00a0\u00bb. avec Lisandra Cervantes, danseuse et professeur de danse de Cuba et Serges Som\u00e9 danseur et professeur de danse de Ouagadougou Tant de d\u00e9fis La paix et la stabilit\u00e9 sont les pierres angulaires d&rsquo;une soci\u00e9t\u00e9 qui [&hellip;]<\/p>\n","protected":false},"author":3,"featured_media":1832,"parent":1671,"menu_order":3,"comment_status":"closed","ping_status":"closed","template":"","meta":{"footnotes":""},"class_list":["post-1825","page","type-page","status-publish","has-post-thumbnail","hentry"],"yoast_head":"<!-- This site is optimized with the Yoast SEO plugin v27.4 - https:\/\/yoast.com\/product\/yoast-seo-wordpress\/ -->\n<title>Discussion Panel 2022 - Woka-Kuma Deutschland e.V.<\/title>\n<meta name=\"description\" content=\"Diskussionsveranstaltung zu dem Thema &quot;Hand-in-Hand \u00fcber Grenzen hinweg - wie Tanz zum Frieden beitragen kann&quot; mit Lisandra Cervantes, T\u00e4nzerin und Tanzlehrerin aus Kuba und Serges Som\u00e9 T\u00e4nzer und Tanzlehrer aus Ouagadougou\" \/>\n<meta name=\"robots\" content=\"index, follow, max-snippet:-1, max-image-preview:large, max-video-preview:-1\" \/>\n<link rel=\"canonical\" href=\"https:\/\/woka-kuma.de\/wokakuma-festival\/festival-2022\/diskussionsveranstaltung-2023\/\" \/>\n<meta property=\"og:locale\" content=\"fr_FR\" \/>\n<meta property=\"og:type\" content=\"article\" \/>\n<meta property=\"og:title\" content=\"[:de]Diskussionsveranstaltung 2022[:en]Panel discussion - how dance can contribute to peace[:fr]Discussion Panel 2022[:] - Woka-Kuma Deutschland e.V.\" \/>\n<meta property=\"og:description\" content=\"Diskussionsveranstaltung zu dem Thema &quot;Hand-in-Hand \u00fcber Grenzen hinweg - wie Tanz zum Frieden beitragen kann&quot; mit Lisandra Cervantes, T\u00e4nzerin und Tanzlehrerin aus Kuba und Serges Som\u00e9 T\u00e4nzer und Tanzlehrer aus Ouagadougou\" \/>\n<meta property=\"og:url\" content=\"https:\/\/woka-kuma.de\/wokakuma-festival\/festival-2022\/diskussionsveranstaltung-2023\/\" \/>\n<meta property=\"og:site_name\" content=\"Woka-Kuma Deutschland e.V.\" \/>\n<meta property=\"article:modified_time\" content=\"2023-03-25T15:26:30+00:00\" \/>\n<meta property=\"og:image\" content=\"https:\/\/woka-kuma.de\/wp-content\/uploads\/2023\/03\/Woka-Kuma_7BFF-027-min.jpg\" \/>\n\t<meta property=\"og:image:width\" content=\"1920\" \/>\n\t<meta property=\"og:image:height\" content=\"1280\" \/>\n\t<meta property=\"og:image:type\" content=\"image\/jpeg\" \/>\n<meta name=\"twitter:card\" content=\"summary_large_image\" \/>\n<meta name=\"twitter:label1\" content=\"Dur\u00e9e de lecture estim\u00e9e\" \/>\n\t<meta name=\"twitter:data1\" content=\"4 minutes\" \/>\n<script type=\"application\/ld+json\" class=\"yoast-schema-graph\">{\"@context\":\"https:\\\/\\\/schema.org\",\"@graph\":[{\"@type\":\"WebPage\",\"@id\":\"https:\\\/\\\/woka-kuma.de\\\/wokakuma-festival\\\/festival-2022\\\/diskussionsveranstaltung-2023\\\/\",\"url\":\"https:\\\/\\\/woka-kuma.de\\\/wokakuma-festival\\\/festival-2022\\\/diskussionsveranstaltung-2023\\\/\",\"name\":\"[:de]Diskussionsveranstaltung 2022[:en]Panel discussion - how dance can contribute to peace[:fr]Discussion Panel 2022[:] - Woka-Kuma Deutschland e.V.\",\"isPartOf\":{\"@id\":\"https:\\\/\\\/woka-kuma.de\\\/#website\"},\"primaryImageOfPage\":{\"@id\":\"https:\\\/\\\/woka-kuma.de\\\/wokakuma-festival\\\/festival-2022\\\/diskussionsveranstaltung-2023\\\/#primaryimage\"},\"image\":{\"@id\":\"https:\\\/\\\/woka-kuma.de\\\/wokakuma-festival\\\/festival-2022\\\/diskussionsveranstaltung-2023\\\/#primaryimage\"},\"thumbnailUrl\":\"https:\\\/\\\/woka-kuma.de\\\/wp-content\\\/uploads\\\/2023\\\/03\\\/Woka-Kuma_7BFF-027-min.jpg\",\"datePublished\":\"2023-03-25T15:04:15+00:00\",\"dateModified\":\"2023-03-25T15:26:30+00:00\",\"description\":\"Diskussionsveranstaltung zu dem Thema \\\"Hand-in-Hand \u00fcber Grenzen hinweg - wie Tanz zum Frieden beitragen kann\\\" mit Lisandra Cervantes, T\u00e4nzerin und Tanzlehrerin aus Kuba und Serges Som\u00e9 T\u00e4nzer und Tanzlehrer aus Ouagadougou\",\"breadcrumb\":{\"@id\":\"https:\\\/\\\/woka-kuma.de\\\/wokakuma-festival\\\/festival-2022\\\/diskussionsveranstaltung-2023\\\/#breadcrumb\"},\"inLanguage\":\"fr-FR\",\"potentialAction\":[{\"@type\":\"ReadAction\",\"target\":[\"https:\\\/\\\/woka-kuma.de\\\/wokakuma-festival\\\/festival-2022\\\/diskussionsveranstaltung-2023\\\/\"]}]},{\"@type\":\"ImageObject\",\"inLanguage\":\"fr-FR\",\"@id\":\"https:\\\/\\\/woka-kuma.de\\\/wokakuma-festival\\\/festival-2022\\\/diskussionsveranstaltung-2023\\\/#primaryimage\",\"url\":\"https:\\\/\\\/woka-kuma.de\\\/wp-content\\\/uploads\\\/2023\\\/03\\\/Woka-Kuma_7BFF-027-min.jpg\",\"contentUrl\":\"https:\\\/\\\/woka-kuma.de\\\/wp-content\\\/uploads\\\/2023\\\/03\\\/Woka-Kuma_7BFF-027-min.jpg\",\"width\":1920,\"height\":1280,\"caption\":\"Referierende Diskussionsveranstaltung \\\"Wie kann Tanz zum Frieden beitragen\\\"\"},{\"@type\":\"BreadcrumbList\",\"@id\":\"https:\\\/\\\/woka-kuma.de\\\/wokakuma-festival\\\/festival-2022\\\/diskussionsveranstaltung-2023\\\/#breadcrumb\",\"itemListElement\":[{\"@type\":\"ListItem\",\"position\":1,\"name\":\"Startseite\",\"item\":\"https:\\\/\\\/woka-kuma.de\\\/\"},{\"@type\":\"ListItem\",\"position\":2,\"name\":\"Woka Kuma Festival\",\"item\":\"https:\\\/\\\/woka-kuma.de\\\/wokakuma-festival\\\/\"},{\"@type\":\"ListItem\",\"position\":3,\"name\":\"Festival 2022\",\"item\":\"https:\\\/\\\/woka-kuma.de\\\/wokakuma-festival\\\/festival-2022\\\/\"},{\"@type\":\"ListItem\",\"position\":4,\"name\":\"Diskussionsveranstaltung 2022\"}]},{\"@type\":\"WebSite\",\"@id\":\"https:\\\/\\\/woka-kuma.de\\\/#website\",\"url\":\"https:\\\/\\\/woka-kuma.de\\\/\",\"name\":\"Woka-Kuma Deutschland e.V.\",\"description\":\"\",\"publisher\":{\"@id\":\"https:\\\/\\\/woka-kuma.de\\\/#organization\"},\"potentialAction\":[{\"@type\":\"SearchAction\",\"target\":{\"@type\":\"EntryPoint\",\"urlTemplate\":\"https:\\\/\\\/woka-kuma.de\\\/?s={search_term_string}\"},\"query-input\":{\"@type\":\"PropertyValueSpecification\",\"valueRequired\":true,\"valueName\":\"search_term_string\"}}],\"inLanguage\":\"fr-FR\"},{\"@type\":\"Organization\",\"@id\":\"https:\\\/\\\/woka-kuma.de\\\/#organization\",\"name\":\"Woka-Kuma Deutschland e.V.\",\"url\":\"https:\\\/\\\/woka-kuma.de\\\/\",\"logo\":{\"@type\":\"ImageObject\",\"inLanguage\":\"fr-FR\",\"@id\":\"https:\\\/\\\/woka-kuma.de\\\/#\\\/schema\\\/logo\\\/image\\\/\",\"url\":\"https:\\\/\\\/woka-kuma.de\\\/wp-content\\\/uploads\\\/2020\\\/07\\\/Logo-Verein-2020-rund.png\",\"contentUrl\":\"https:\\\/\\\/woka-kuma.de\\\/wp-content\\\/uploads\\\/2020\\\/07\\\/Logo-Verein-2020-rund.png\",\"width\":1920,\"height\":1918,\"caption\":\"Woka-Kuma Deutschland e.V.\"},\"image\":{\"@id\":\"https:\\\/\\\/woka-kuma.de\\\/#\\\/schema\\\/logo\\\/image\\\/\"}}]}<\/script>\n<!-- \/ Yoast SEO plugin. -->","yoast_head_json":{"title":"[:de]Diskussionsveranstaltung 2022[:en]Panel discussion - how dance can contribute to peace[:fr]Discussion Panel 2022[:] - Woka-Kuma Deutschland e.V.","description":"Diskussionsveranstaltung zu dem Thema \"Hand-in-Hand \u00fcber Grenzen hinweg - wie Tanz zum Frieden beitragen kann\" mit Lisandra Cervantes, T\u00e4nzerin und Tanzlehrerin aus Kuba und Serges Som\u00e9 T\u00e4nzer und Tanzlehrer aus Ouagadougou","robots":{"index":"index","follow":"follow","max-snippet":"max-snippet:-1","max-image-preview":"max-image-preview:large","max-video-preview":"max-video-preview:-1"},"canonical":"https:\/\/woka-kuma.de\/wokakuma-festival\/festival-2022\/diskussionsveranstaltung-2023\/","og_locale":"fr_FR","og_type":"article","og_title":"[:de]Diskussionsveranstaltung 2022[:en]Panel discussion - how dance can contribute to peace[:fr]Discussion Panel 2022[:] - Woka-Kuma Deutschland e.V.","og_description":"Diskussionsveranstaltung zu dem Thema \"Hand-in-Hand \u00fcber Grenzen hinweg - wie Tanz zum Frieden beitragen kann\" mit Lisandra Cervantes, T\u00e4nzerin und Tanzlehrerin aus Kuba und Serges Som\u00e9 T\u00e4nzer und Tanzlehrer aus Ouagadougou","og_url":"https:\/\/woka-kuma.de\/wokakuma-festival\/festival-2022\/diskussionsveranstaltung-2023\/","og_site_name":"Woka-Kuma Deutschland e.V.","article_modified_time":"2023-03-25T15:26:30+00:00","og_image":[{"width":1920,"height":1280,"url":"https:\/\/woka-kuma.de\/wp-content\/uploads\/2023\/03\/Woka-Kuma_7BFF-027-min.jpg","type":"image\/jpeg"}],"twitter_card":"summary_large_image","twitter_misc":{"Dur\u00e9e de lecture estim\u00e9e":"4 minutes"},"schema":{"@context":"https:\/\/schema.org","@graph":[{"@type":"WebPage","@id":"https:\/\/woka-kuma.de\/wokakuma-festival\/festival-2022\/diskussionsveranstaltung-2023\/","url":"https:\/\/woka-kuma.de\/wokakuma-festival\/festival-2022\/diskussionsveranstaltung-2023\/","name":"[:de]Diskussionsveranstaltung 2022[:en]Panel discussion - how dance can contribute to peace[:fr]Discussion Panel 2022[:] - Woka-Kuma Deutschland e.V.","isPartOf":{"@id":"https:\/\/woka-kuma.de\/#website"},"primaryImageOfPage":{"@id":"https:\/\/woka-kuma.de\/wokakuma-festival\/festival-2022\/diskussionsveranstaltung-2023\/#primaryimage"},"image":{"@id":"https:\/\/woka-kuma.de\/wokakuma-festival\/festival-2022\/diskussionsveranstaltung-2023\/#primaryimage"},"thumbnailUrl":"https:\/\/woka-kuma.de\/wp-content\/uploads\/2023\/03\/Woka-Kuma_7BFF-027-min.jpg","datePublished":"2023-03-25T15:04:15+00:00","dateModified":"2023-03-25T15:26:30+00:00","description":"Diskussionsveranstaltung zu dem Thema \"Hand-in-Hand \u00fcber Grenzen hinweg - wie Tanz zum Frieden beitragen kann\" mit Lisandra Cervantes, T\u00e4nzerin und Tanzlehrerin aus Kuba und Serges Som\u00e9 T\u00e4nzer und Tanzlehrer aus Ouagadougou","breadcrumb":{"@id":"https:\/\/woka-kuma.de\/wokakuma-festival\/festival-2022\/diskussionsveranstaltung-2023\/#breadcrumb"},"inLanguage":"fr-FR","potentialAction":[{"@type":"ReadAction","target":["https:\/\/woka-kuma.de\/wokakuma-festival\/festival-2022\/diskussionsveranstaltung-2023\/"]}]},{"@type":"ImageObject","inLanguage":"fr-FR","@id":"https:\/\/woka-kuma.de\/wokakuma-festival\/festival-2022\/diskussionsveranstaltung-2023\/#primaryimage","url":"https:\/\/woka-kuma.de\/wp-content\/uploads\/2023\/03\/Woka-Kuma_7BFF-027-min.jpg","contentUrl":"https:\/\/woka-kuma.de\/wp-content\/uploads\/2023\/03\/Woka-Kuma_7BFF-027-min.jpg","width":1920,"height":1280,"caption":"Referierende Diskussionsveranstaltung \"Wie kann Tanz zum Frieden beitragen\""},{"@type":"BreadcrumbList","@id":"https:\/\/woka-kuma.de\/wokakuma-festival\/festival-2022\/diskussionsveranstaltung-2023\/#breadcrumb","itemListElement":[{"@type":"ListItem","position":1,"name":"Startseite","item":"https:\/\/woka-kuma.de\/"},{"@type":"ListItem","position":2,"name":"Woka Kuma Festival","item":"https:\/\/woka-kuma.de\/wokakuma-festival\/"},{"@type":"ListItem","position":3,"name":"Festival 2022","item":"https:\/\/woka-kuma.de\/wokakuma-festival\/festival-2022\/"},{"@type":"ListItem","position":4,"name":"Diskussionsveranstaltung 2022"}]},{"@type":"WebSite","@id":"https:\/\/woka-kuma.de\/#website","url":"https:\/\/woka-kuma.de\/","name":"Woka-Kuma Deutschland e.V.","description":"","publisher":{"@id":"https:\/\/woka-kuma.de\/#organization"},"potentialAction":[{"@type":"SearchAction","target":{"@type":"EntryPoint","urlTemplate":"https:\/\/woka-kuma.de\/?s={search_term_string}"},"query-input":{"@type":"PropertyValueSpecification","valueRequired":true,"valueName":"search_term_string"}}],"inLanguage":"fr-FR"},{"@type":"Organization","@id":"https:\/\/woka-kuma.de\/#organization","name":"Woka-Kuma Deutschland e.V.","url":"https:\/\/woka-kuma.de\/","logo":{"@type":"ImageObject","inLanguage":"fr-FR","@id":"https:\/\/woka-kuma.de\/#\/schema\/logo\/image\/","url":"https:\/\/woka-kuma.de\/wp-content\/uploads\/2020\/07\/Logo-Verein-2020-rund.png","contentUrl":"https:\/\/woka-kuma.de\/wp-content\/uploads\/2020\/07\/Logo-Verein-2020-rund.png","width":1920,"height":1918,"caption":"Woka-Kuma Deutschland e.V."},"image":{"@id":"https:\/\/woka-kuma.de\/#\/schema\/logo\/image\/"}}]}},"_links":{"self":[{"href":"https:\/\/woka-kuma.de\/fr\/wp-json\/wp\/v2\/pages\/1825","targetHints":{"allow":["GET"]}}],"collection":[{"href":"https:\/\/woka-kuma.de\/fr\/wp-json\/wp\/v2\/pages"}],"about":[{"href":"https:\/\/woka-kuma.de\/fr\/wp-json\/wp\/v2\/types\/page"}],"author":[{"embeddable":true,"href":"https:\/\/woka-kuma.de\/fr\/wp-json\/wp\/v2\/users\/3"}],"replies":[{"embeddable":true,"href":"https:\/\/woka-kuma.de\/fr\/wp-json\/wp\/v2\/comments?post=1825"}],"version-history":[{"count":11,"href":"https:\/\/woka-kuma.de\/fr\/wp-json\/wp\/v2\/pages\/1825\/revisions"}],"predecessor-version":[{"id":1846,"href":"https:\/\/woka-kuma.de\/fr\/wp-json\/wp\/v2\/pages\/1825\/revisions\/1846"}],"up":[{"embeddable":true,"href":"https:\/\/woka-kuma.de\/fr\/wp-json\/wp\/v2\/pages\/1671"}],"wp:featuredmedia":[{"embeddable":true,"href":"https:\/\/woka-kuma.de\/fr\/wp-json\/wp\/v2\/media\/1832"}],"wp:attachment":[{"href":"https:\/\/woka-kuma.de\/fr\/wp-json\/wp\/v2\/media?parent=1825"}],"curies":[{"name":"wp","href":"https:\/\/api.w.org\/{rel}","templated":true}]}}