{"id":1682,"date":"2022-06-29T08:48:56","date_gmt":"2022-06-29T08:48:56","guid":{"rendered":"https:\/\/woka-kuma.de\/?page_id=1682"},"modified":"2025-02-08T08:07:17","modified_gmt":"2025-02-08T08:07:17","slug":"burkinischer-tanz-fuer-kinder-und-jugendliche","status":"publish","type":"page","link":"https:\/\/woka-kuma.de\/fr\/wokakuma-festival\/festival-2022\/burkinischer-tanz-fuer-kinder-und-jugendliche\/","title":{"rendered":"danse burkinab\u00e8 pour enfants et adolescents"},"content":{"rendered":"<p>Ateliers de danse pour enfants et adolescents 2022<\/p>\n<p>Dans le cadre de trois projets limit\u00e9s dans le temps, environ 10-15 enfants et jeunes de diff\u00e9rents groupes d&rsquo;\u00e2ge doivent vivre des ateliers de danses contemporaines et traditionnelles du Burkina Faso. Les ateliers sont consid\u00e9r\u00e9s comme des s\u00e9ances d&rsquo;essai et doivent donner aux enfants l&rsquo;envie de bouger librement et de d\u00e9couvrir une autre culture. Le style de danse joue ici un r\u00f4le particulier. Les artistes de danse transmettent, \u00e0 travers le style de l&rsquo;afrocontemporain \/ danse traditionnelle du Burkina Faso, un aper\u00e7u des mouvements des danses traditionnelles des diff\u00e9rents groupes ethniques du Burkina Faso (comme par exemple Moussi, Dosso, Bobo). En m\u00eame temps, les enfants et les jeunes doivent avoir la possibilit\u00e9 de s&rsquo;essayer \u00e0 de nouveaux mouvements. Sous le th\u00e8me \u00ab\u00a0Main dans la main au-del\u00e0 des fronti\u00e8res\u00a0\u00bb, nous proposons une rencontre et un espace de cr\u00e9ativit\u00e9 physique et musicale. L&rsquo;accompagnement rythmique sera assur\u00e9 par de la musique live au tambour d&rsquo;Afrique de l&rsquo;Ouest (djemb\u00e9), le musicien donnera le rythme et des impulsions gr\u00e2ce \u00e0 l&rsquo;instrument. En outre, pour chaque groupe, la m\u00e9thodologie et la didactique seront adapt\u00e9es \u00e0 l&rsquo;\u00e2ge des enfants gr\u00e2ce \u00e0 diff\u00e9rents exercices p\u00e9dagogiques sur le th\u00e8me. Les projets seront accompagn\u00e9s par une autre personne qui, avec le partenaire de coop\u00e9ration, assurera la coordination linguistique et l&rsquo;accessibilit\u00e9. Les ateliers seront document\u00e9s par photo\/vid\u00e9o en accord avec les personnes responsables de l&rsquo;enfant et les r\u00e9sultats pourront \u00eatre expos\u00e9s en guise de souvenir.<\/p>\n<p>Nous sommes tr\u00e8s heureux de la coop\u00e9ration et de l&rsquo;autorisation de Chance Tanz cette ann\u00e9e.<\/p>\n<p><img decoding=\"async\" class=\"alignnone size-medium wp-image-1683\" src=\"https:\/\/woka-kuma.de\/wp-content\/uploads\/2022\/06\/Logo-_Chance-Tanz-300x120.jpg\" alt=\"\" width=\"300\" height=\"120\" srcset=\"https:\/\/woka-kuma.de\/wp-content\/uploads\/2022\/06\/Logo-_Chance-Tanz-300x120.jpg 300w, https:\/\/woka-kuma.de\/wp-content\/uploads\/2022\/06\/Logo-_Chance-Tanz.jpg 459w\" sizes=\"(max-width: 300px) 100vw, 300px\" \/><\/p>\n<p><img decoding=\"async\" class=\"alignnone size-medium wp-image-1684\" src=\"https:\/\/woka-kuma.de\/wp-content\/uploads\/2022\/06\/Logo_Kumasta-300x128.png\" alt=\"\" width=\"300\" height=\"128\" srcset=\"https:\/\/woka-kuma.de\/wp-content\/uploads\/2022\/06\/Logo_Kumasta-300x128.png 300w, https:\/\/woka-kuma.de\/wp-content\/uploads\/2022\/06\/Logo_Kumasta.png 510w\" sizes=\"(max-width: 300px) 100vw, 300px\" \/><\/p>\n<p>Trois \u00ab\u00a0\u00e9clats de danse\u00a0\u00bb sont pr\u00e9vus pour l&rsquo;\u00e9t\u00e9 2022 :<\/p>\n<p>&nbsp;<\/p>\n<p>Juillet 2022 : En coop\u00e9ration avec la cr\u00e8che inclusive \u00ab\u00a0Hand in Hand\u00a0\u00bb \u00e0 K\u00f6penick et le cercle \u00e9conomique de M\u00fcggelheim.<br \/>\nAteliers de danse pour les enfants de la cr\u00e8che dans la semaine du 04.07.-08.07.2022<br \/>\nManifestation de cl\u00f4ture le 09.09. \u00e0 la maison des associations \u00e0 M\u00fcggelheim &#8211; vous \u00eates cordialement invit\u00e9s !<\/p>\n<p><img decoding=\"async\" class=\"alignnone size-medium wp-image-1786\" src=\"https:\/\/woka-kuma.de\/wp-content\/uploads\/2022\/08\/Flyer-Abschlussveranstaltung-09.09.-Bild-212x300.jpeg\" alt=\"\" width=\"212\" height=\"300\" srcset=\"https:\/\/woka-kuma.de\/wp-content\/uploads\/2022\/08\/Flyer-Abschlussveranstaltung-09.09.-Bild-212x300.jpeg 212w, https:\/\/woka-kuma.de\/wp-content\/uploads\/2022\/08\/Flyer-Abschlussveranstaltung-09.09.-Bild-724x1024.jpeg 724w, https:\/\/woka-kuma.de\/wp-content\/uploads\/2022\/08\/Flyer-Abschlussveranstaltung-09.09.-Bild-768x1086.jpeg 768w, https:\/\/woka-kuma.de\/wp-content\/uploads\/2022\/08\/Flyer-Abschlussveranstaltung-09.09.-Bild-1086x1536.jpeg 1086w, https:\/\/woka-kuma.de\/wp-content\/uploads\/2022\/08\/Flyer-Abschlussveranstaltung-09.09.-Bild-1448x2048.jpeg 1448w, https:\/\/woka-kuma.de\/wp-content\/uploads\/2022\/08\/Flyer-Abschlussveranstaltung-09.09.-Bild-1200x1697.jpeg 1200w, https:\/\/woka-kuma.de\/wp-content\/uploads\/2022\/08\/Flyer-Abschlussveranstaltung-09.09.-Bild.jpeg 1358w\" sizes=\"(max-width: 212px) 100vw, 212px\" \/><\/p>\n<p>Juillet 2022 : En coop\u00e9ration avec l&rsquo;\u00e9cole primaire Campus R\u00fctli \u00e0 Neuk\u00f6lln et la garderie Nansenstra\u00dfe (Jugendwohnen im Kiez), nous proposons des ateliers de danse comme programme de vacances.<br \/>\n22.07.2022 \u00e0 partir de 14:00h dans la cour de l&rsquo;\u00e9cole du campus : repr\u00e9sentation et rencontre.<\/p>\n<p>Septembre 2022 : en coop\u00e9ration avec le Afrika-Center \u00e0 Sch\u00f6neberg : danse burkinab\u00e9 pour les enfants de la cr\u00e8che et les enfants int\u00e9ress\u00e9s de la diaspora africaine.<\/p>\n<p>Une invitation chaleureuse !<\/p>\n<p><img decoding=\"async\" class=\"alignnone size-medium wp-image-1787\" src=\"https:\/\/woka-kuma.de\/wp-content\/uploads\/2022\/08\/Off-Workshops-Woka-Kuma-Afrika-Center-22-212x300.jpg\" alt=\"\" width=\"212\" height=\"300\" srcset=\"https:\/\/woka-kuma.de\/wp-content\/uploads\/2022\/08\/Off-Workshops-Woka-Kuma-Afrika-Center-22-212x300.jpg 212w, https:\/\/woka-kuma.de\/wp-content\/uploads\/2022\/08\/Off-Workshops-Woka-Kuma-Afrika-Center-22-724x1024.jpg 724w, https:\/\/woka-kuma.de\/wp-content\/uploads\/2022\/08\/Off-Workshops-Woka-Kuma-Afrika-Center-22-768x1087.jpg 768w, https:\/\/woka-kuma.de\/wp-content\/uploads\/2022\/08\/Off-Workshops-Woka-Kuma-Afrika-Center-22-1085x1536.jpg 1085w, https:\/\/woka-kuma.de\/wp-content\/uploads\/2022\/08\/Off-Workshops-Woka-Kuma-Afrika-Center-22-1200x1698.jpg 1200w, https:\/\/woka-kuma.de\/wp-content\/uploads\/2022\/08\/Off-Workshops-Woka-Kuma-Afrika-Center-22.jpg 1447w\" sizes=\"(max-width: 212px) 100vw, 212px\" \/><\/p>\n<p>le 03.09. et le 10.09. de 11.00 -13.00h au<\/p>\n<p>Afrika-Center, Hohenstaufenstr. 3, 10781 Berlin<\/p>\n<p>Avec Alani Abdoussamadou<\/p>\n<p>&nbsp;<\/p>","protected":false},"excerpt":{"rendered":"<p>Ateliers de danse pour enfants et adolescents 2022 Dans le cadre de trois projets limit\u00e9s dans le temps, environ 10-15 enfants et jeunes de diff\u00e9rents groupes d&rsquo;\u00e2ge doivent vivre des ateliers de danses contemporaines et traditionnelles du Burkina Faso. Les ateliers sont consid\u00e9r\u00e9s comme des s\u00e9ances d&rsquo;essai et doivent donner aux enfants l&rsquo;envie de bouger [&hellip;]<\/p>\n","protected":false},"author":3,"featured_media":0,"parent":1671,"menu_order":0,"comment_status":"closed","ping_status":"closed","template":"templates\/template-full-width.php","meta":{"footnotes":""},"class_list":["post-1682","page","type-page","status-publish","hentry"],"yoast_head":"<!-- This site is optimized with the Yoast SEO plugin v27.4 - https:\/\/yoast.com\/product\/yoast-seo-wordpress\/ -->\n<title>danse burkinab\u00e8 pour enfants et adolescents - Woka-Kuma Deutschland e.V.<\/title>\n<meta name=\"description\" content=\"Workshop Tanz f\u00fcr Kinder und Jugendliche Burkina Faso Berlin Afrika Center Projekt\" \/>\n<meta name=\"robots\" content=\"index, follow, max-snippet:-1, max-image-preview:large, max-video-preview:-1\" \/>\n<link rel=\"canonical\" href=\"https:\/\/woka-kuma.de\/wokakuma-festival\/festival-2022\/burkinischer-tanz-fuer-kinder-und-jugendliche\/\" \/>\n<meta property=\"og:locale\" content=\"fr_FR\" \/>\n<meta property=\"og:type\" content=\"article\" \/>\n<meta property=\"og:title\" content=\"[:de]burkinischer Tanz f\u00fcr Kinder und Jugendliche [:en]Burkinabe dance for children and young people[:fr]danse burkinab\u00e8 pour enfants et adolescents[:] - Woka-Kuma Deutschland e.V.\" \/>\n<meta property=\"og:description\" content=\"Workshop Tanz f\u00fcr Kinder und Jugendliche Burkina Faso Berlin Afrika Center Projekt\" \/>\n<meta property=\"og:url\" content=\"https:\/\/woka-kuma.de\/wokakuma-festival\/festival-2022\/burkinischer-tanz-fuer-kinder-und-jugendliche\/\" \/>\n<meta property=\"og:site_name\" content=\"Woka-Kuma Deutschland e.V.\" \/>\n<meta property=\"article:modified_time\" content=\"2025-02-08T08:07:17+00:00\" \/>\n<meta property=\"og:image\" content=\"https:\/\/woka-kuma.de\/wp-content\/uploads\/2022\/06\/Logo-_Chance-Tanz.jpg\" \/>\n\t<meta property=\"og:image:width\" content=\"459\" \/>\n\t<meta property=\"og:image:height\" content=\"183\" \/>\n\t<meta property=\"og:image:type\" content=\"image\/jpeg\" \/>\n<meta name=\"twitter:card\" content=\"summary_large_image\" \/>\n<meta name=\"twitter:label1\" content=\"Dur\u00e9e de lecture estim\u00e9e\" \/>\n\t<meta name=\"twitter:data1\" content=\"3 minutes\" \/>\n<script type=\"application\/ld+json\" class=\"yoast-schema-graph\">{\"@context\":\"https:\\\/\\\/schema.org\",\"@graph\":[{\"@type\":\"WebPage\",\"@id\":\"https:\\\/\\\/woka-kuma.de\\\/wokakuma-festival\\\/festival-2022\\\/burkinischer-tanz-fuer-kinder-und-jugendliche\\\/\",\"url\":\"https:\\\/\\\/woka-kuma.de\\\/wokakuma-festival\\\/festival-2022\\\/burkinischer-tanz-fuer-kinder-und-jugendliche\\\/\",\"name\":\"[:de]burkinischer Tanz f\u00fcr Kinder und Jugendliche [:en]Burkinabe dance for children and young people[:fr]danse burkinab\u00e8 pour enfants et adolescents[:] - Woka-Kuma Deutschland e.V.\",\"isPartOf\":{\"@id\":\"https:\\\/\\\/woka-kuma.de\\\/#website\"},\"primaryImageOfPage\":{\"@id\":\"https:\\\/\\\/woka-kuma.de\\\/wokakuma-festival\\\/festival-2022\\\/burkinischer-tanz-fuer-kinder-und-jugendliche\\\/#primaryimage\"},\"image\":{\"@id\":\"https:\\\/\\\/woka-kuma.de\\\/wokakuma-festival\\\/festival-2022\\\/burkinischer-tanz-fuer-kinder-und-jugendliche\\\/#primaryimage\"},\"thumbnailUrl\":\"https:\\\/\\\/woka-kuma.de\\\/wp-content\\\/uploads\\\/2022\\\/06\\\/Logo-_Chance-Tanz-300x120.jpg\",\"datePublished\":\"2022-06-29T08:48:56+00:00\",\"dateModified\":\"2025-02-08T08:07:17+00:00\",\"description\":\"Workshop Tanz f\u00fcr Kinder und Jugendliche Burkina Faso Berlin Afrika Center Projekt\",\"breadcrumb\":{\"@id\":\"https:\\\/\\\/woka-kuma.de\\\/wokakuma-festival\\\/festival-2022\\\/burkinischer-tanz-fuer-kinder-und-jugendliche\\\/#breadcrumb\"},\"inLanguage\":\"fr-FR\",\"potentialAction\":[{\"@type\":\"ReadAction\",\"target\":[\"https:\\\/\\\/woka-kuma.de\\\/wokakuma-festival\\\/festival-2022\\\/burkinischer-tanz-fuer-kinder-und-jugendliche\\\/\"]}]},{\"@type\":\"ImageObject\",\"inLanguage\":\"fr-FR\",\"@id\":\"https:\\\/\\\/woka-kuma.de\\\/wokakuma-festival\\\/festival-2022\\\/burkinischer-tanz-fuer-kinder-und-jugendliche\\\/#primaryimage\",\"url\":\"https:\\\/\\\/woka-kuma.de\\\/wp-content\\\/uploads\\\/2022\\\/06\\\/Logo-_Chance-Tanz-300x120.jpg\",\"contentUrl\":\"https:\\\/\\\/woka-kuma.de\\\/wp-content\\\/uploads\\\/2022\\\/06\\\/Logo-_Chance-Tanz-300x120.jpg\"},{\"@type\":\"BreadcrumbList\",\"@id\":\"https:\\\/\\\/woka-kuma.de\\\/wokakuma-festival\\\/festival-2022\\\/burkinischer-tanz-fuer-kinder-und-jugendliche\\\/#breadcrumb\",\"itemListElement\":[{\"@type\":\"ListItem\",\"position\":1,\"name\":\"Startseite\",\"item\":\"https:\\\/\\\/woka-kuma.de\\\/\"},{\"@type\":\"ListItem\",\"position\":2,\"name\":\"Woka Kuma Festival\",\"item\":\"https:\\\/\\\/woka-kuma.de\\\/wokakuma-festival\\\/\"},{\"@type\":\"ListItem\",\"position\":3,\"name\":\"Festival 2022\",\"item\":\"https:\\\/\\\/woka-kuma.de\\\/wokakuma-festival\\\/festival-2022\\\/\"},{\"@type\":\"ListItem\",\"position\":4,\"name\":\"burkinischer Tanz f\u00fcr Kinder und Jugendliche\"}]},{\"@type\":\"WebSite\",\"@id\":\"https:\\\/\\\/woka-kuma.de\\\/#website\",\"url\":\"https:\\\/\\\/woka-kuma.de\\\/\",\"name\":\"Woka-Kuma Deutschland e.V.\",\"description\":\"\",\"publisher\":{\"@id\":\"https:\\\/\\\/woka-kuma.de\\\/#organization\"},\"potentialAction\":[{\"@type\":\"SearchAction\",\"target\":{\"@type\":\"EntryPoint\",\"urlTemplate\":\"https:\\\/\\\/woka-kuma.de\\\/?s={search_term_string}\"},\"query-input\":{\"@type\":\"PropertyValueSpecification\",\"valueRequired\":true,\"valueName\":\"search_term_string\"}}],\"inLanguage\":\"fr-FR\"},{\"@type\":\"Organization\",\"@id\":\"https:\\\/\\\/woka-kuma.de\\\/#organization\",\"name\":\"Woka-Kuma Deutschland e.V.\",\"url\":\"https:\\\/\\\/woka-kuma.de\\\/\",\"logo\":{\"@type\":\"ImageObject\",\"inLanguage\":\"fr-FR\",\"@id\":\"https:\\\/\\\/woka-kuma.de\\\/#\\\/schema\\\/logo\\\/image\\\/\",\"url\":\"https:\\\/\\\/woka-kuma.de\\\/wp-content\\\/uploads\\\/2020\\\/07\\\/Logo-Verein-2020-rund.png\",\"contentUrl\":\"https:\\\/\\\/woka-kuma.de\\\/wp-content\\\/uploads\\\/2020\\\/07\\\/Logo-Verein-2020-rund.png\",\"width\":1920,\"height\":1918,\"caption\":\"Woka-Kuma Deutschland e.V.\"},\"image\":{\"@id\":\"https:\\\/\\\/woka-kuma.de\\\/#\\\/schema\\\/logo\\\/image\\\/\"}}]}<\/script>\n<!-- \/ Yoast SEO plugin. -->","yoast_head_json":{"title":"[:de]burkinischer Tanz f\u00fcr Kinder und Jugendliche [:en]Burkinabe dance for children and young people[:fr]danse burkinab\u00e8 pour enfants et adolescents[:] - Woka-Kuma Deutschland e.V.","description":"Workshop Tanz f\u00fcr Kinder und Jugendliche Burkina Faso Berlin Afrika Center Projekt","robots":{"index":"index","follow":"follow","max-snippet":"max-snippet:-1","max-image-preview":"max-image-preview:large","max-video-preview":"max-video-preview:-1"},"canonical":"https:\/\/woka-kuma.de\/wokakuma-festival\/festival-2022\/burkinischer-tanz-fuer-kinder-und-jugendliche\/","og_locale":"fr_FR","og_type":"article","og_title":"[:de]burkinischer Tanz f\u00fcr Kinder und Jugendliche [:en]Burkinabe dance for children and young people[:fr]danse burkinab\u00e8 pour enfants et adolescents[:] - Woka-Kuma Deutschland e.V.","og_description":"Workshop Tanz f\u00fcr Kinder und Jugendliche Burkina Faso Berlin Afrika Center Projekt","og_url":"https:\/\/woka-kuma.de\/wokakuma-festival\/festival-2022\/burkinischer-tanz-fuer-kinder-und-jugendliche\/","og_site_name":"Woka-Kuma Deutschland e.V.","article_modified_time":"2025-02-08T08:07:17+00:00","og_image":[{"width":459,"height":183,"url":"https:\/\/woka-kuma.de\/wp-content\/uploads\/2022\/06\/Logo-_Chance-Tanz.jpg","type":"image\/jpeg"}],"twitter_card":"summary_large_image","twitter_misc":{"Dur\u00e9e de lecture estim\u00e9e":"3 minutes"},"schema":{"@context":"https:\/\/schema.org","@graph":[{"@type":"WebPage","@id":"https:\/\/woka-kuma.de\/wokakuma-festival\/festival-2022\/burkinischer-tanz-fuer-kinder-und-jugendliche\/","url":"https:\/\/woka-kuma.de\/wokakuma-festival\/festival-2022\/burkinischer-tanz-fuer-kinder-und-jugendliche\/","name":"[:de]burkinischer Tanz f\u00fcr Kinder und Jugendliche [:en]Burkinabe dance for children and young people[:fr]danse burkinab\u00e8 pour enfants et adolescents[:] - Woka-Kuma Deutschland e.V.","isPartOf":{"@id":"https:\/\/woka-kuma.de\/#website"},"primaryImageOfPage":{"@id":"https:\/\/woka-kuma.de\/wokakuma-festival\/festival-2022\/burkinischer-tanz-fuer-kinder-und-jugendliche\/#primaryimage"},"image":{"@id":"https:\/\/woka-kuma.de\/wokakuma-festival\/festival-2022\/burkinischer-tanz-fuer-kinder-und-jugendliche\/#primaryimage"},"thumbnailUrl":"https:\/\/woka-kuma.de\/wp-content\/uploads\/2022\/06\/Logo-_Chance-Tanz-300x120.jpg","datePublished":"2022-06-29T08:48:56+00:00","dateModified":"2025-02-08T08:07:17+00:00","description":"Workshop Tanz f\u00fcr Kinder und Jugendliche Burkina Faso Berlin Afrika Center Projekt","breadcrumb":{"@id":"https:\/\/woka-kuma.de\/wokakuma-festival\/festival-2022\/burkinischer-tanz-fuer-kinder-und-jugendliche\/#breadcrumb"},"inLanguage":"fr-FR","potentialAction":[{"@type":"ReadAction","target":["https:\/\/woka-kuma.de\/wokakuma-festival\/festival-2022\/burkinischer-tanz-fuer-kinder-und-jugendliche\/"]}]},{"@type":"ImageObject","inLanguage":"fr-FR","@id":"https:\/\/woka-kuma.de\/wokakuma-festival\/festival-2022\/burkinischer-tanz-fuer-kinder-und-jugendliche\/#primaryimage","url":"https:\/\/woka-kuma.de\/wp-content\/uploads\/2022\/06\/Logo-_Chance-Tanz-300x120.jpg","contentUrl":"https:\/\/woka-kuma.de\/wp-content\/uploads\/2022\/06\/Logo-_Chance-Tanz-300x120.jpg"},{"@type":"BreadcrumbList","@id":"https:\/\/woka-kuma.de\/wokakuma-festival\/festival-2022\/burkinischer-tanz-fuer-kinder-und-jugendliche\/#breadcrumb","itemListElement":[{"@type":"ListItem","position":1,"name":"Startseite","item":"https:\/\/woka-kuma.de\/"},{"@type":"ListItem","position":2,"name":"Woka Kuma Festival","item":"https:\/\/woka-kuma.de\/wokakuma-festival\/"},{"@type":"ListItem","position":3,"name":"Festival 2022","item":"https:\/\/woka-kuma.de\/wokakuma-festival\/festival-2022\/"},{"@type":"ListItem","position":4,"name":"burkinischer Tanz f\u00fcr Kinder und Jugendliche"}]},{"@type":"WebSite","@id":"https:\/\/woka-kuma.de\/#website","url":"https:\/\/woka-kuma.de\/","name":"Woka-Kuma Deutschland e.V.","description":"","publisher":{"@id":"https:\/\/woka-kuma.de\/#organization"},"potentialAction":[{"@type":"SearchAction","target":{"@type":"EntryPoint","urlTemplate":"https:\/\/woka-kuma.de\/?s={search_term_string}"},"query-input":{"@type":"PropertyValueSpecification","valueRequired":true,"valueName":"search_term_string"}}],"inLanguage":"fr-FR"},{"@type":"Organization","@id":"https:\/\/woka-kuma.de\/#organization","name":"Woka-Kuma Deutschland e.V.","url":"https:\/\/woka-kuma.de\/","logo":{"@type":"ImageObject","inLanguage":"fr-FR","@id":"https:\/\/woka-kuma.de\/#\/schema\/logo\/image\/","url":"https:\/\/woka-kuma.de\/wp-content\/uploads\/2020\/07\/Logo-Verein-2020-rund.png","contentUrl":"https:\/\/woka-kuma.de\/wp-content\/uploads\/2020\/07\/Logo-Verein-2020-rund.png","width":1920,"height":1918,"caption":"Woka-Kuma Deutschland e.V."},"image":{"@id":"https:\/\/woka-kuma.de\/#\/schema\/logo\/image\/"}}]}},"_links":{"self":[{"href":"https:\/\/woka-kuma.de\/fr\/wp-json\/wp\/v2\/pages\/1682","targetHints":{"allow":["GET"]}}],"collection":[{"href":"https:\/\/woka-kuma.de\/fr\/wp-json\/wp\/v2\/pages"}],"about":[{"href":"https:\/\/woka-kuma.de\/fr\/wp-json\/wp\/v2\/types\/page"}],"author":[{"embeddable":true,"href":"https:\/\/woka-kuma.de\/fr\/wp-json\/wp\/v2\/users\/3"}],"replies":[{"embeddable":true,"href":"https:\/\/woka-kuma.de\/fr\/wp-json\/wp\/v2\/comments?post=1682"}],"version-history":[{"count":9,"href":"https:\/\/woka-kuma.de\/fr\/wp-json\/wp\/v2\/pages\/1682\/revisions"}],"predecessor-version":[{"id":2010,"href":"https:\/\/woka-kuma.de\/fr\/wp-json\/wp\/v2\/pages\/1682\/revisions\/2010"}],"up":[{"embeddable":true,"href":"https:\/\/woka-kuma.de\/fr\/wp-json\/wp\/v2\/pages\/1671"}],"wp:attachment":[{"href":"https:\/\/woka-kuma.de\/fr\/wp-json\/wp\/v2\/media?parent=1682"}],"curies":[{"name":"wp","href":"https:\/\/api.w.org\/{rel}","templated":true}]}}