{"id":1671,"date":"2022-06-06T16:19:35","date_gmt":"2022-06-06T16:19:35","guid":{"rendered":"https:\/\/woka-kuma.de\/?page_id=1671"},"modified":"2024-03-10T09:22:27","modified_gmt":"2024-03-10T09:22:27","slug":"festival-2022","status":"publish","type":"page","link":"https:\/\/woka-kuma.de\/fr\/wokakuma-festival\/festival-2022\/","title":{"rendered":"Festival 2022"},"content":{"rendered":"<p>17 + 18 septembre 2022<br \/>\nWoka-Kuma Deutschland e.V. vous invite \u00e0 la 7\u00e8me \u00e9dition du festival WOKA KUMA \u00e0 Berlin.<br \/>\nLe festival pour la diffusion de l&rsquo;art &amp; de la culture du Burkina Faso en Allemagne pr\u00e9sente des concerts, du slam po\u00e9tique &amp; de la danse, une table ronde, une exposition de photos, un buffet africain et des ateliers de danse.<br \/>\nLe Grand Faso Orkestra montre la diversit\u00e9 de l&rsquo;univers musical et entra\u00eene les visiteurs dans des sonorit\u00e9s traditionnelles entra\u00eenantes avec balafon, djemb\u00e9 et n&rsquo;goni. Cette ann\u00e9e, l&rsquo;orchestre est compos\u00e9 d&rsquo;un grand nombre de chanteurs : Rama N&rsquo;goni, Sako Wana, Djah Barro et Jimas Sanwidi.<br \/>\nDes experts en danse du Burkina Faso et d&rsquo;Allemagne inviteront \u00e0 une table ronde intitul\u00e9e \u00ab\u00a0Hand-in-Hand \u00fcber Grenzen hinweg hinweg &#8211; Wie Tanz zum Frieden beitragen kann\u00a0\u00bb.<br \/>\nExposition de photos de B\u00e4rbel Maessen &amp; Gustav Rausch de notre partenaire du festival WOKA KUMA \u00e0 Bobo-Dioulasso 2019.<br \/>\nNous vous attendons avec impatience !<\/p>\n<p><a href=\"https:\/\/woka-kuma.de\/wp-content\/uploads\/2022\/08\/Facebook-Querformat-Artists-scaled.jpeg\"><img decoding=\"async\" class=\"alignnone wp-image-1762 size-large\" src=\"https:\/\/woka-kuma.de\/wp-content\/uploads\/2022\/08\/Facebook-Querformat-Artists-1024x512.jpeg\" alt=\"\" width=\"580\" height=\"290\" srcset=\"https:\/\/woka-kuma.de\/wp-content\/uploads\/2022\/08\/Facebook-Querformat-Artists-1024x512.jpeg 1024w, https:\/\/woka-kuma.de\/wp-content\/uploads\/2022\/08\/Facebook-Querformat-Artists-300x150.jpeg 300w, https:\/\/woka-kuma.de\/wp-content\/uploads\/2022\/08\/Facebook-Querformat-Artists-768x384.jpeg 768w, https:\/\/woka-kuma.de\/wp-content\/uploads\/2022\/08\/Facebook-Querformat-Artists-1536x768.jpeg 1536w, https:\/\/woka-kuma.de\/wp-content\/uploads\/2022\/08\/Facebook-Querformat-Artists-2048x1024.jpeg 2048w, https:\/\/woka-kuma.de\/wp-content\/uploads\/2022\/08\/Facebook-Querformat-Artists-1200x600.jpeg 1200w, https:\/\/woka-kuma.de\/wp-content\/uploads\/2022\/08\/Facebook-Querformat-Artists-1980x990.jpeg 1980w, https:\/\/woka-kuma.de\/wp-content\/uploads\/2022\/08\/Facebook-Querformat-Artists-scaled.jpeg 1920w\" sizes=\"(max-width: 580px) 100vw, 580px\" \/><\/a><\/p>\n<p>Le 17 septembre 2022 :<\/p>\n<p>Ouverture des portes : 18:00h<br \/>\nau FORUM FACTORY<br \/>\nBesselstr. 13-14, 10969 Berlin, U-Kochstr.<\/p>\n<p>Billets :<br \/>\nPr\u00e9vente 11,-\u20ac plus frais<br \/>\n15,-\u20ac, 12,-\u20ac r\u00e9duit<\/p>\n<p><a href=\"https:\/\/www.eventbrite.de\/e\/woka-kuma-festival-burkina-faso-tickets-397783209287\">Tickets ici : https:\/\/www.eventbrite.de\/e\/woka-kuma-festival-burkina-faso-tickets-397783209287<\/a><\/p>\n<p>19:00h Discussion<br \/>\n\u00ab\u00a0Main dans la main au-del\u00e0 des fronti\u00e8res &#8211; comment la danse peut contribuer \u00e0 la paix\u00a0\u00bb.<br \/>\nMod\u00e9rateur : Djif Djimeli &#8211; Burkina Faso, avec Serges Som\u00e9 &#8211; Burkina Faso, Lisandra Cervantes Fernandez &#8211; Cuba &amp; Expert:in d&rsquo;Allemagne<\/p>\n<p>20.45h Alani Abdoussamadou &amp; Serges Som\u00e9<br \/>\nSlam po\u00e9tique &amp; danse<\/p>\n<p>21:30h Grand Faso Orkestra<br \/>\nInvit\u00e9s sp\u00e9ciaux : Jimas Sanwidi, Rama N&rsquo;goni, Djah Barro, Sako Wana<\/p>\n<p>Exposition de photos<br \/>\nde B\u00e4rbel Maessen &amp; Gustav Rausch<br \/>\nFestival partenaire WOKA KUMA \u00e0 Bobo Dioulasso 2019<\/p>\n<p>Art textile &amp; accessoires africains Vente<br \/>\nRepas africain<br \/>\n+<br \/>\n17 + 18 sept.<br \/>\nAteliers de danse avec Serge Som\u00e9, danse afrocontemporaine\/traditionnelle<br \/>\nau GROOVE &#8211; Centre de percussion<br \/>\nNeuk\u00f6llnische Allee 6-8, 12057 Berlin<br \/>\nsam. 10:00-11:30h D\u00e9butants<br \/>\n____11:30-13:00h Fortgeschrittene<br \/>\ndim. 14:00-16:00h D\u00e9butants<br \/>\n____16:00-18:00h Fortgeschrittene<br \/>\nPrix :<br \/>\n1 cours 30,-\u20ac, 2 cours 55,-\u20ac.<br \/>\n3 cours 75,-\u20ac, 4 cours 90,-\u20ac.<br \/>\nInscription : wokakuma1@gmail.com<\/p>\n<p>En collaboration avec : AHOI-kultur<\/p>\n<p>&nbsp;<\/p>","protected":false},"excerpt":{"rendered":"<p>17 + 18 septembre 2022 Woka-Kuma Deutschland e.V. vous invite \u00e0 la 7\u00e8me \u00e9dition du festival WOKA KUMA \u00e0 Berlin. Le festival pour la diffusion de l&rsquo;art &amp; de la culture du Burkina Faso en Allemagne pr\u00e9sente des concerts, du slam po\u00e9tique &amp; de la danse, une table ronde, une exposition de photos, un buffet [&hellip;]<\/p>\n","protected":false},"author":3,"featured_media":1101,"parent":10,"menu_order":0,"comment_status":"closed","ping_status":"closed","template":"templates\/template-full-width.php","meta":{"footnotes":""},"class_list":["post-1671","page","type-page","status-publish","has-post-thumbnail","hentry"],"yoast_head":"<!-- This site is optimized with the Yoast SEO plugin v27.3 - https:\/\/yoast.com\/product\/yoast-seo-wordpress\/ -->\n<title>Festival 2022 - Woka-Kuma Deutschland e.V.<\/title>\n<meta name=\"robots\" content=\"index, follow, max-snippet:-1, max-image-preview:large, max-video-preview:-1\" \/>\n<link rel=\"canonical\" href=\"https:\/\/woka-kuma.de\/wokakuma-festival\/festival-2022\/\" \/>\n<meta property=\"og:locale\" content=\"fr_FR\" \/>\n<meta property=\"og:type\" content=\"article\" \/>\n<meta property=\"og:title\" content=\"[:de]Festival 2022 [:en]Festival 2022[:fr]Festival 2022[:] - Woka-Kuma Deutschland e.V.\" \/>\n<meta property=\"og:description\" content=\"17 + 18 septembre 2022 Woka-Kuma Deutschland e.V. vous invite \u00e0 la 7\u00e8me \u00e9dition du festival WOKA KUMA \u00e0 Berlin. Le festival pour la diffusion de l&rsquo;art &amp; de la culture du Burkina Faso en Allemagne pr\u00e9sente des concerts, du slam po\u00e9tique &amp; de la danse, une table ronde, une exposition de photos, un buffet [&hellip;]\" \/>\n<meta property=\"og:url\" content=\"https:\/\/woka-kuma.de\/wokakuma-festival\/festival-2022\/\" \/>\n<meta property=\"og:site_name\" content=\"Woka-Kuma Deutschland e.V.\" \/>\n<meta property=\"article:modified_time\" content=\"2024-03-10T09:22:27+00:00\" \/>\n<meta property=\"og:image\" content=\"https:\/\/woka-kuma.de\/wp-content\/uploads\/2021\/02\/WKF@Oyoun-2020-LQ-284-scaled.jpg\" \/>\n\t<meta property=\"og:image:width\" content=\"1920\" \/>\n\t<meta property=\"og:image:height\" content=\"1277\" \/>\n\t<meta property=\"og:image:type\" content=\"image\/jpeg\" \/>\n<meta name=\"twitter:card\" content=\"summary_large_image\" \/>\n<meta name=\"twitter:label1\" content=\"Dur\u00e9e de lecture estim\u00e9e\" \/>\n\t<meta name=\"twitter:data1\" content=\"3 minutes\" \/>\n<script type=\"application\/ld+json\" class=\"yoast-schema-graph\">{\"@context\":\"https:\\\/\\\/schema.org\",\"@graph\":[{\"@type\":\"WebPage\",\"@id\":\"https:\\\/\\\/woka-kuma.de\\\/wokakuma-festival\\\/festival-2022\\\/\",\"url\":\"https:\\\/\\\/woka-kuma.de\\\/wokakuma-festival\\\/festival-2022\\\/\",\"name\":\"[:de]Festival 2022 [:en]Festival 2022[:fr]Festival 2022[:] - Woka-Kuma Deutschland e.V.\",\"isPartOf\":{\"@id\":\"https:\\\/\\\/woka-kuma.de\\\/#website\"},\"primaryImageOfPage\":{\"@id\":\"https:\\\/\\\/woka-kuma.de\\\/wokakuma-festival\\\/festival-2022\\\/#primaryimage\"},\"image\":{\"@id\":\"https:\\\/\\\/woka-kuma.de\\\/wokakuma-festival\\\/festival-2022\\\/#primaryimage\"},\"thumbnailUrl\":\"https:\\\/\\\/woka-kuma.de\\\/wp-content\\\/uploads\\\/2021\\\/02\\\/WKF@Oyoun-2020-LQ-284-scaled.jpg\",\"datePublished\":\"2022-06-06T16:19:35+00:00\",\"dateModified\":\"2024-03-10T09:22:27+00:00\",\"breadcrumb\":{\"@id\":\"https:\\\/\\\/woka-kuma.de\\\/wokakuma-festival\\\/festival-2022\\\/#breadcrumb\"},\"inLanguage\":\"fr-FR\",\"potentialAction\":[{\"@type\":\"ReadAction\",\"target\":[\"https:\\\/\\\/woka-kuma.de\\\/wokakuma-festival\\\/festival-2022\\\/\"]}]},{\"@type\":\"ImageObject\",\"inLanguage\":\"fr-FR\",\"@id\":\"https:\\\/\\\/woka-kuma.de\\\/wokakuma-festival\\\/festival-2022\\\/#primaryimage\",\"url\":\"https:\\\/\\\/woka-kuma.de\\\/wp-content\\\/uploads\\\/2021\\\/02\\\/WKF@Oyoun-2020-LQ-284-scaled.jpg\",\"contentUrl\":\"https:\\\/\\\/woka-kuma.de\\\/wp-content\\\/uploads\\\/2021\\\/02\\\/WKF@Oyoun-2020-LQ-284-scaled.jpg\",\"width\":1920,\"height\":1277,\"caption\":\"Woka Kuma Festival @Oyoun Konzertabend\"},{\"@type\":\"BreadcrumbList\",\"@id\":\"https:\\\/\\\/woka-kuma.de\\\/wokakuma-festival\\\/festival-2022\\\/#breadcrumb\",\"itemListElement\":[{\"@type\":\"ListItem\",\"position\":1,\"name\":\"Startseite\",\"item\":\"https:\\\/\\\/woka-kuma.de\\\/\"},{\"@type\":\"ListItem\",\"position\":2,\"name\":\"Woka Kuma Festival\",\"item\":\"https:\\\/\\\/woka-kuma.de\\\/wokakuma-festival\\\/\"},{\"@type\":\"ListItem\",\"position\":3,\"name\":\"Festival 2022\"}]},{\"@type\":\"WebSite\",\"@id\":\"https:\\\/\\\/woka-kuma.de\\\/#website\",\"url\":\"https:\\\/\\\/woka-kuma.de\\\/\",\"name\":\"Woka-Kuma Deutschland e.V.\",\"description\":\"\",\"publisher\":{\"@id\":\"https:\\\/\\\/woka-kuma.de\\\/#organization\"},\"potentialAction\":[{\"@type\":\"SearchAction\",\"target\":{\"@type\":\"EntryPoint\",\"urlTemplate\":\"https:\\\/\\\/woka-kuma.de\\\/?s={search_term_string}\"},\"query-input\":{\"@type\":\"PropertyValueSpecification\",\"valueRequired\":true,\"valueName\":\"search_term_string\"}}],\"inLanguage\":\"fr-FR\"},{\"@type\":\"Organization\",\"@id\":\"https:\\\/\\\/woka-kuma.de\\\/#organization\",\"name\":\"Woka-Kuma Deutschland e.V.\",\"url\":\"https:\\\/\\\/woka-kuma.de\\\/\",\"logo\":{\"@type\":\"ImageObject\",\"inLanguage\":\"fr-FR\",\"@id\":\"https:\\\/\\\/woka-kuma.de\\\/#\\\/schema\\\/logo\\\/image\\\/\",\"url\":\"https:\\\/\\\/woka-kuma.de\\\/wp-content\\\/uploads\\\/2020\\\/07\\\/Logo-Verein-2020-rund.png\",\"contentUrl\":\"https:\\\/\\\/woka-kuma.de\\\/wp-content\\\/uploads\\\/2020\\\/07\\\/Logo-Verein-2020-rund.png\",\"width\":1920,\"height\":1918,\"caption\":\"Woka-Kuma Deutschland e.V.\"},\"image\":{\"@id\":\"https:\\\/\\\/woka-kuma.de\\\/#\\\/schema\\\/logo\\\/image\\\/\"}}]}<\/script>\n<!-- \/ Yoast SEO plugin. -->","yoast_head_json":{"title":"[:de]Festival 2022 [:en]Festival 2022[:fr]Festival 2022[:] - Woka-Kuma Deutschland e.V.","robots":{"index":"index","follow":"follow","max-snippet":"max-snippet:-1","max-image-preview":"max-image-preview:large","max-video-preview":"max-video-preview:-1"},"canonical":"https:\/\/woka-kuma.de\/wokakuma-festival\/festival-2022\/","og_locale":"fr_FR","og_type":"article","og_title":"[:de]Festival 2022 [:en]Festival 2022[:fr]Festival 2022[:] - Woka-Kuma Deutschland e.V.","og_description":"17 + 18 septembre 2022 Woka-Kuma Deutschland e.V. vous invite \u00e0 la 7\u00e8me \u00e9dition du festival WOKA KUMA \u00e0 Berlin. Le festival pour la diffusion de l&rsquo;art &amp; de la culture du Burkina Faso en Allemagne pr\u00e9sente des concerts, du slam po\u00e9tique &amp; de la danse, une table ronde, une exposition de photos, un buffet [&hellip;]","og_url":"https:\/\/woka-kuma.de\/wokakuma-festival\/festival-2022\/","og_site_name":"Woka-Kuma Deutschland e.V.","article_modified_time":"2024-03-10T09:22:27+00:00","og_image":[{"width":1920,"height":1277,"url":"https:\/\/woka-kuma.de\/wp-content\/uploads\/2021\/02\/WKF@Oyoun-2020-LQ-284-scaled.jpg","type":"image\/jpeg"}],"twitter_card":"summary_large_image","twitter_misc":{"Dur\u00e9e de lecture estim\u00e9e":"3 minutes"},"schema":{"@context":"https:\/\/schema.org","@graph":[{"@type":"WebPage","@id":"https:\/\/woka-kuma.de\/wokakuma-festival\/festival-2022\/","url":"https:\/\/woka-kuma.de\/wokakuma-festival\/festival-2022\/","name":"[:de]Festival 2022 [:en]Festival 2022[:fr]Festival 2022[:] - Woka-Kuma Deutschland e.V.","isPartOf":{"@id":"https:\/\/woka-kuma.de\/#website"},"primaryImageOfPage":{"@id":"https:\/\/woka-kuma.de\/wokakuma-festival\/festival-2022\/#primaryimage"},"image":{"@id":"https:\/\/woka-kuma.de\/wokakuma-festival\/festival-2022\/#primaryimage"},"thumbnailUrl":"https:\/\/woka-kuma.de\/wp-content\/uploads\/2021\/02\/WKF@Oyoun-2020-LQ-284-scaled.jpg","datePublished":"2022-06-06T16:19:35+00:00","dateModified":"2024-03-10T09:22:27+00:00","breadcrumb":{"@id":"https:\/\/woka-kuma.de\/wokakuma-festival\/festival-2022\/#breadcrumb"},"inLanguage":"fr-FR","potentialAction":[{"@type":"ReadAction","target":["https:\/\/woka-kuma.de\/wokakuma-festival\/festival-2022\/"]}]},{"@type":"ImageObject","inLanguage":"fr-FR","@id":"https:\/\/woka-kuma.de\/wokakuma-festival\/festival-2022\/#primaryimage","url":"https:\/\/woka-kuma.de\/wp-content\/uploads\/2021\/02\/WKF@Oyoun-2020-LQ-284-scaled.jpg","contentUrl":"https:\/\/woka-kuma.de\/wp-content\/uploads\/2021\/02\/WKF@Oyoun-2020-LQ-284-scaled.jpg","width":1920,"height":1277,"caption":"Woka Kuma Festival @Oyoun Konzertabend"},{"@type":"BreadcrumbList","@id":"https:\/\/woka-kuma.de\/wokakuma-festival\/festival-2022\/#breadcrumb","itemListElement":[{"@type":"ListItem","position":1,"name":"Startseite","item":"https:\/\/woka-kuma.de\/"},{"@type":"ListItem","position":2,"name":"Woka Kuma Festival","item":"https:\/\/woka-kuma.de\/wokakuma-festival\/"},{"@type":"ListItem","position":3,"name":"Festival 2022"}]},{"@type":"WebSite","@id":"https:\/\/woka-kuma.de\/#website","url":"https:\/\/woka-kuma.de\/","name":"Woka-Kuma Deutschland e.V.","description":"","publisher":{"@id":"https:\/\/woka-kuma.de\/#organization"},"potentialAction":[{"@type":"SearchAction","target":{"@type":"EntryPoint","urlTemplate":"https:\/\/woka-kuma.de\/?s={search_term_string}"},"query-input":{"@type":"PropertyValueSpecification","valueRequired":true,"valueName":"search_term_string"}}],"inLanguage":"fr-FR"},{"@type":"Organization","@id":"https:\/\/woka-kuma.de\/#organization","name":"Woka-Kuma Deutschland e.V.","url":"https:\/\/woka-kuma.de\/","logo":{"@type":"ImageObject","inLanguage":"fr-FR","@id":"https:\/\/woka-kuma.de\/#\/schema\/logo\/image\/","url":"https:\/\/woka-kuma.de\/wp-content\/uploads\/2020\/07\/Logo-Verein-2020-rund.png","contentUrl":"https:\/\/woka-kuma.de\/wp-content\/uploads\/2020\/07\/Logo-Verein-2020-rund.png","width":1920,"height":1918,"caption":"Woka-Kuma Deutschland e.V."},"image":{"@id":"https:\/\/woka-kuma.de\/#\/schema\/logo\/image\/"}}]}},"_links":{"self":[{"href":"https:\/\/woka-kuma.de\/fr\/wp-json\/wp\/v2\/pages\/1671","targetHints":{"allow":["GET"]}}],"collection":[{"href":"https:\/\/woka-kuma.de\/fr\/wp-json\/wp\/v2\/pages"}],"about":[{"href":"https:\/\/woka-kuma.de\/fr\/wp-json\/wp\/v2\/types\/page"}],"author":[{"embeddable":true,"href":"https:\/\/woka-kuma.de\/fr\/wp-json\/wp\/v2\/users\/3"}],"replies":[{"embeddable":true,"href":"https:\/\/woka-kuma.de\/fr\/wp-json\/wp\/v2\/comments?post=1671"}],"version-history":[{"count":41,"href":"https:\/\/woka-kuma.de\/fr\/wp-json\/wp\/v2\/pages\/1671\/revisions"}],"predecessor-version":[{"id":1943,"href":"https:\/\/woka-kuma.de\/fr\/wp-json\/wp\/v2\/pages\/1671\/revisions\/1943"}],"up":[{"embeddable":true,"href":"https:\/\/woka-kuma.de\/fr\/wp-json\/wp\/v2\/pages\/10"}],"wp:featuredmedia":[{"embeddable":true,"href":"https:\/\/woka-kuma.de\/fr\/wp-json\/wp\/v2\/media\/1101"}],"wp:attachment":[{"href":"https:\/\/woka-kuma.de\/fr\/wp-json\/wp\/v2\/media?parent=1671"}],"curies":[{"name":"wp","href":"https:\/\/api.w.org\/{rel}","templated":true}]}}