{"id":1649,"date":"2022-03-29T14:19:14","date_gmt":"2022-03-29T14:19:14","guid":{"rendered":"https:\/\/woka-kuma.de\/?page_id=1649"},"modified":"2025-11-30T18:54:25","modified_gmt":"2025-11-30T18:54:25","slug":"aktuelle-spendenaktion","status":"publish","type":"page","link":"https:\/\/woka-kuma.de\/fr\/projekte\/aktuelle-spendenaktion\/","title":{"rendered":"Action de don"},"content":{"rendered":"<p>Nos collectes de fonds 2024\/25<\/p>\n<p>Pour les mois \u00e0 venir, nous avons pr\u00e9vu deux projets concrets pour lesquels nous avons besoin de votre aide :<\/p>\n<p>Soutien au tournoi de football local \u00ab Belleville Cup \u00bb Le tournoi existe depuis 3 ans gr\u00e2ce au soutien de l&#8217;association Woka &#8211; Kuma Deutschland e.V. Il rassemble les enfants et les jeunes de la r\u00e9gion, favorise la coh\u00e9sion sociale et le fair-play et cr\u00e9e des espaces de rencontre positifs \u2013 un projet qui peut avoir un impact consid\u00e9rable avec peu de moyens.<\/p>\n<p>Ach\u00e8vement du forage d&#8217;un puits dans le quartier de Kiri<br \/>\nL&#8217;acc\u00e8s \u00e0 l&#8217;eau potable est une condition pr\u00e9alable fondamentale \u00e0 la sant\u00e9 et au d\u00e9veloppement. Le forage a d\u00e9j\u00e0 bien avanc\u00e9 gr\u00e2ce \u00e0 la campagne r\u00e9ussie de l&#8217;ann\u00e9e derni\u00e8re, mais nous avons encore besoin d&#8217;un soutien financier pour l&#8217;achever et acc\u00e9der \u00e0 la pompe.<\/p>\n<p>Afin de pouvoir r\u00e9aliser ces deux projets importants, nous vous demandons cordialement de faire un don. Chaque contribution, petite ou grande, nous aide \u00e0 offrir aux habitants des r\u00e9gions o\u00f9 nous menons nos projets la possibilit\u00e9 d&#8217;avoir une vie meilleure. Nous appr\u00e9cions tout soutien, et vous pouvez \u00e9galement partager les flyers ou les informations autour de vous !<\/p>\n<p>Vous trouverez plus d&#8217;informations \u00e0 lire et \u00e0 diffuser dans notre flyer :<\/p>\n<p>WKD e.V._Flyer Spendenaktionen_2025-2026<\/p>","protected":false},"excerpt":{"rendered":"<p>Nos collectes de fonds 2024\/25 Pour les mois \u00e0 venir, nous avons pr\u00e9vu deux projets concrets pour lesquels nous avons besoin de votre aide : Soutien au tournoi de football local \u00ab Belleville Cup \u00bb Le tournoi existe depuis 3 ans gr\u00e2ce au soutien de l&#8217;association Woka &#8211; Kuma Deutschland e.V. Il rassemble les enfants [&hellip;]<\/p>\n","protected":false},"author":4,"featured_media":0,"parent":106,"menu_order":0,"comment_status":"closed","ping_status":"closed","template":"templates\/template-full-width.php","meta":{"footnotes":""},"class_list":["post-1649","page","type-page","status-publish","hentry"],"yoast_head":"<!-- This site is optimized with the Yoast SEO plugin v27.5 - https:\/\/yoast.com\/product\/yoast-seo-wordpress\/ -->\n<title>Action de don - Woka-Kuma Deutschland e.V.<\/title>\n<meta name=\"robots\" content=\"index, follow, max-snippet:-1, max-image-preview:large, max-video-preview:-1\" \/>\n<link rel=\"canonical\" href=\"https:\/\/woka-kuma.de\/projekte\/aktuelle-spendenaktion\/\" \/>\n<meta property=\"og:locale\" content=\"fr_FR\" \/>\n<meta property=\"og:type\" content=\"article\" \/>\n<meta property=\"og:title\" content=\"[:de]Aktuelle Spendenaktion[:en]Action de dons[:fr]Action de don[:] - Woka-Kuma Deutschland e.V.\" \/>\n<meta property=\"og:description\" content=\"Nos collectes de fonds 2024\/25 Pour les mois \u00e0 venir, nous avons pr\u00e9vu deux projets concrets pour lesquels nous avons besoin de votre aide : Soutien au tournoi de football local \u00ab Belleville Cup \u00bb Le tournoi existe depuis 3 ans gr\u00e2ce au soutien de l&#8217;association Woka &#8211; Kuma Deutschland e.V. Il rassemble les enfants [&hellip;]\" \/>\n<meta property=\"og:url\" content=\"https:\/\/woka-kuma.de\/projekte\/aktuelle-spendenaktion\/\" \/>\n<meta property=\"og:site_name\" content=\"Woka-Kuma Deutschland e.V.\" \/>\n<meta property=\"article:modified_time\" content=\"2025-11-30T18:54:25+00:00\" \/>\n<meta name=\"twitter:card\" content=\"summary_large_image\" \/>\n<meta name=\"twitter:label1\" content=\"Dur\u00e9e de lecture estim\u00e9e\" \/>\n\t<meta name=\"twitter:data1\" content=\"4 minutes\" \/>\n<script type=\"application\/ld+json\" class=\"yoast-schema-graph\">{\"@context\":\"https:\\\/\\\/schema.org\",\"@graph\":[{\"@type\":\"WebPage\",\"@id\":\"https:\\\/\\\/woka-kuma.de\\\/projekte\\\/aktuelle-spendenaktion\\\/\",\"url\":\"https:\\\/\\\/woka-kuma.de\\\/projekte\\\/aktuelle-spendenaktion\\\/\",\"name\":\"[:de]Aktuelle Spendenaktion[:en]Action de dons[:fr]Action de don[:] - Woka-Kuma Deutschland e.V.\",\"isPartOf\":{\"@id\":\"https:\\\/\\\/woka-kuma.de\\\/#website\"},\"datePublished\":\"2022-03-29T14:19:14+00:00\",\"dateModified\":\"2025-11-30T18:54:25+00:00\",\"breadcrumb\":{\"@id\":\"https:\\\/\\\/woka-kuma.de\\\/projekte\\\/aktuelle-spendenaktion\\\/#breadcrumb\"},\"inLanguage\":\"fr-FR\",\"potentialAction\":[{\"@type\":\"ReadAction\",\"target\":[\"https:\\\/\\\/woka-kuma.de\\\/projekte\\\/aktuelle-spendenaktion\\\/\"]}]},{\"@type\":\"BreadcrumbList\",\"@id\":\"https:\\\/\\\/woka-kuma.de\\\/projekte\\\/aktuelle-spendenaktion\\\/#breadcrumb\",\"itemListElement\":[{\"@type\":\"ListItem\",\"position\":1,\"name\":\"Startseite\",\"item\":\"https:\\\/\\\/woka-kuma.de\\\/\"},{\"@type\":\"ListItem\",\"position\":2,\"name\":\"Projekte\",\"item\":\"https:\\\/\\\/woka-kuma.de\\\/projekte\\\/\"},{\"@type\":\"ListItem\",\"position\":3,\"name\":\"Aktuell Spendenaktion\"}]},{\"@type\":\"WebSite\",\"@id\":\"https:\\\/\\\/woka-kuma.de\\\/#website\",\"url\":\"https:\\\/\\\/woka-kuma.de\\\/\",\"name\":\"Woka-Kuma Deutschland e.V.\",\"description\":\"\",\"publisher\":{\"@id\":\"https:\\\/\\\/woka-kuma.de\\\/#organization\"},\"potentialAction\":[{\"@type\":\"SearchAction\",\"target\":{\"@type\":\"EntryPoint\",\"urlTemplate\":\"https:\\\/\\\/woka-kuma.de\\\/?s={search_term_string}\"},\"query-input\":{\"@type\":\"PropertyValueSpecification\",\"valueRequired\":true,\"valueName\":\"search_term_string\"}}],\"inLanguage\":\"fr-FR\"},{\"@type\":\"Organization\",\"@id\":\"https:\\\/\\\/woka-kuma.de\\\/#organization\",\"name\":\"Woka-Kuma Deutschland e.V.\",\"url\":\"https:\\\/\\\/woka-kuma.de\\\/\",\"logo\":{\"@type\":\"ImageObject\",\"inLanguage\":\"fr-FR\",\"@id\":\"https:\\\/\\\/woka-kuma.de\\\/#\\\/schema\\\/logo\\\/image\\\/\",\"url\":\"https:\\\/\\\/woka-kuma.de\\\/wp-content\\\/uploads\\\/2020\\\/07\\\/Logo-Verein-2020-rund.png\",\"contentUrl\":\"https:\\\/\\\/woka-kuma.de\\\/wp-content\\\/uploads\\\/2020\\\/07\\\/Logo-Verein-2020-rund.png\",\"width\":1920,\"height\":1918,\"caption\":\"Woka-Kuma Deutschland e.V.\"},\"image\":{\"@id\":\"https:\\\/\\\/woka-kuma.de\\\/#\\\/schema\\\/logo\\\/image\\\/\"}}]}<\/script>\n<!-- \/ Yoast SEO plugin. -->","yoast_head_json":{"title":"[:de]Aktuelle Spendenaktion[:en]Action de dons[:fr]Action de don[:] - Woka-Kuma Deutschland e.V.","robots":{"index":"index","follow":"follow","max-snippet":"max-snippet:-1","max-image-preview":"max-image-preview:large","max-video-preview":"max-video-preview:-1"},"canonical":"https:\/\/woka-kuma.de\/projekte\/aktuelle-spendenaktion\/","og_locale":"fr_FR","og_type":"article","og_title":"[:de]Aktuelle Spendenaktion[:en]Action de dons[:fr]Action de don[:] - Woka-Kuma Deutschland e.V.","og_description":"Nos collectes de fonds 2024\/25 Pour les mois \u00e0 venir, nous avons pr\u00e9vu deux projets concrets pour lesquels nous avons besoin de votre aide : Soutien au tournoi de football local \u00ab Belleville Cup \u00bb Le tournoi existe depuis 3 ans gr\u00e2ce au soutien de l&#8217;association Woka &#8211; Kuma Deutschland e.V. Il rassemble les enfants [&hellip;]","og_url":"https:\/\/woka-kuma.de\/projekte\/aktuelle-spendenaktion\/","og_site_name":"Woka-Kuma Deutschland e.V.","article_modified_time":"2025-11-30T18:54:25+00:00","twitter_card":"summary_large_image","twitter_misc":{"Dur\u00e9e de lecture estim\u00e9e":"4 minutes"},"schema":{"@context":"https:\/\/schema.org","@graph":[{"@type":"WebPage","@id":"https:\/\/woka-kuma.de\/projekte\/aktuelle-spendenaktion\/","url":"https:\/\/woka-kuma.de\/projekte\/aktuelle-spendenaktion\/","name":"[:de]Aktuelle Spendenaktion[:en]Action de dons[:fr]Action de don[:] - Woka-Kuma Deutschland e.V.","isPartOf":{"@id":"https:\/\/woka-kuma.de\/#website"},"datePublished":"2022-03-29T14:19:14+00:00","dateModified":"2025-11-30T18:54:25+00:00","breadcrumb":{"@id":"https:\/\/woka-kuma.de\/projekte\/aktuelle-spendenaktion\/#breadcrumb"},"inLanguage":"fr-FR","potentialAction":[{"@type":"ReadAction","target":["https:\/\/woka-kuma.de\/projekte\/aktuelle-spendenaktion\/"]}]},{"@type":"BreadcrumbList","@id":"https:\/\/woka-kuma.de\/projekte\/aktuelle-spendenaktion\/#breadcrumb","itemListElement":[{"@type":"ListItem","position":1,"name":"Startseite","item":"https:\/\/woka-kuma.de\/"},{"@type":"ListItem","position":2,"name":"Projekte","item":"https:\/\/woka-kuma.de\/projekte\/"},{"@type":"ListItem","position":3,"name":"Aktuell Spendenaktion"}]},{"@type":"WebSite","@id":"https:\/\/woka-kuma.de\/#website","url":"https:\/\/woka-kuma.de\/","name":"Woka-Kuma Deutschland e.V.","description":"","publisher":{"@id":"https:\/\/woka-kuma.de\/#organization"},"potentialAction":[{"@type":"SearchAction","target":{"@type":"EntryPoint","urlTemplate":"https:\/\/woka-kuma.de\/?s={search_term_string}"},"query-input":{"@type":"PropertyValueSpecification","valueRequired":true,"valueName":"search_term_string"}}],"inLanguage":"fr-FR"},{"@type":"Organization","@id":"https:\/\/woka-kuma.de\/#organization","name":"Woka-Kuma Deutschland e.V.","url":"https:\/\/woka-kuma.de\/","logo":{"@type":"ImageObject","inLanguage":"fr-FR","@id":"https:\/\/woka-kuma.de\/#\/schema\/logo\/image\/","url":"https:\/\/woka-kuma.de\/wp-content\/uploads\/2020\/07\/Logo-Verein-2020-rund.png","contentUrl":"https:\/\/woka-kuma.de\/wp-content\/uploads\/2020\/07\/Logo-Verein-2020-rund.png","width":1920,"height":1918,"caption":"Woka-Kuma Deutschland e.V."},"image":{"@id":"https:\/\/woka-kuma.de\/#\/schema\/logo\/image\/"}}]}},"_links":{"self":[{"href":"https:\/\/woka-kuma.de\/fr\/wp-json\/wp\/v2\/pages\/1649","targetHints":{"allow":["GET"]}}],"collection":[{"href":"https:\/\/woka-kuma.de\/fr\/wp-json\/wp\/v2\/pages"}],"about":[{"href":"https:\/\/woka-kuma.de\/fr\/wp-json\/wp\/v2\/types\/page"}],"author":[{"embeddable":true,"href":"https:\/\/woka-kuma.de\/fr\/wp-json\/wp\/v2\/users\/4"}],"replies":[{"embeddable":true,"href":"https:\/\/woka-kuma.de\/fr\/wp-json\/wp\/v2\/comments?post=1649"}],"version-history":[{"count":15,"href":"https:\/\/woka-kuma.de\/fr\/wp-json\/wp\/v2\/pages\/1649\/revisions"}],"predecessor-version":[{"id":2091,"href":"https:\/\/woka-kuma.de\/fr\/wp-json\/wp\/v2\/pages\/1649\/revisions\/2091"}],"up":[{"embeddable":true,"href":"https:\/\/woka-kuma.de\/fr\/wp-json\/wp\/v2\/pages\/106"}],"wp:attachment":[{"href":"https:\/\/woka-kuma.de\/fr\/wp-json\/wp\/v2\/media?parent=1649"}],"curies":[{"name":"wp","href":"https:\/\/api.w.org\/{rel}","templated":true}]}}