{"id":16,"date":"2016-06-01T07:44:37","date_gmt":"2016-06-01T07:44:37","guid":{"rendered":"https:\/\/woka-kuma.de\/?page_id=16"},"modified":"2022-08-09T08:50:08","modified_gmt":"2022-08-09T08:50:08","slug":"bilder-und-video","status":"publish","type":"page","link":"https:\/\/woka-kuma.de\/fr\/wokakuma-festival\/festival-2018\/bilder-und-video\/","title":{"rendered":"Photos et vid\u00e9os"},"content":{"rendered":"<p>En 2018<\/p>\n<p><span class=\"text_exposed_show\"><strong>Retour sur le Festival Woka Kuma 2018 :<br \/>\n<\/strong><\/span><span class=\"text_exposed_show\"><a href=\"https:\/\/www.facebook.com\/WokaKumaFestival\/videos\/235498077315963\/?eid=ARCYIwMLm_H1GVLkoO-CpEU2QCg4uWKTHQVDD3-5T6WYFU3m8W3SJBjD0ghAoAZj7Dokktrfu4lvvOLN\">Voici la vid\u00e9o du Festival, avec les belles images de l\u2019\u00e9v\u00e9nement de cette ann\u00e9e 2018 !<br \/>\nOn remercie encore tous ceux qui l&rsquo;ont rendu possible !<\/a><\/span><\/p>\n<p>Photos 2018 :<\/p>\n<p><a href=\"https:\/\/woka-kuma.de\/wp-content\/uploads\/2019\/04\/DSC8023.jpg\"><img decoding=\"async\" class=\"alignnone size-medium wp-image-565\" src=\"https:\/\/woka-kuma.de\/wp-content\/uploads\/2019\/04\/DSC8023-200x300.jpg\" alt=\"\" width=\"200\" height=\"300\" srcset=\"https:\/\/woka-kuma.de\/wp-content\/uploads\/2019\/04\/DSC8023-200x300.jpg 200w, https:\/\/woka-kuma.de\/wp-content\/uploads\/2019\/04\/DSC8023-768x1150.jpg 768w, https:\/\/woka-kuma.de\/wp-content\/uploads\/2019\/04\/DSC8023-684x1024.jpg 684w, https:\/\/woka-kuma.de\/wp-content\/uploads\/2019\/04\/DSC8023.jpg 1282w\" sizes=\"(max-width: 200px) 100vw, 200px\" \/><\/a><\/p>\n<p><a href=\"https:\/\/woka-kuma.de\/wp-content\/uploads\/2019\/04\/DSC7912.jpg\"><img decoding=\"async\" class=\"alignnone size-medium wp-image-563\" src=\"https:\/\/woka-kuma.de\/wp-content\/uploads\/2019\/04\/DSC7912-300x200.jpg\" alt=\"\" width=\"300\" height=\"200\" srcset=\"https:\/\/woka-kuma.de\/wp-content\/uploads\/2019\/04\/DSC7912-300x200.jpg 300w, https:\/\/woka-kuma.de\/wp-content\/uploads\/2019\/04\/DSC7912-768x513.jpg 768w, https:\/\/woka-kuma.de\/wp-content\/uploads\/2019\/04\/DSC7912-1024x684.jpg 1024w, https:\/\/woka-kuma.de\/wp-content\/uploads\/2019\/04\/DSC7912.jpg 1920w\" sizes=\"(max-width: 300px) 100vw, 300px\" \/><\/a><\/p>\n<p><a href=\"https:\/\/woka-kuma.de\/wp-content\/uploads\/2019\/04\/DSC7859.jpg\"><img decoding=\"async\" class=\"alignnone size-medium wp-image-562\" src=\"https:\/\/woka-kuma.de\/wp-content\/uploads\/2019\/04\/DSC7859-300x200.jpg\" alt=\"\" width=\"300\" height=\"200\" srcset=\"https:\/\/woka-kuma.de\/wp-content\/uploads\/2019\/04\/DSC7859-300x200.jpg 300w, https:\/\/woka-kuma.de\/wp-content\/uploads\/2019\/04\/DSC7859-768x513.jpg 768w, https:\/\/woka-kuma.de\/wp-content\/uploads\/2019\/04\/DSC7859-1024x684.jpg 1024w, https:\/\/woka-kuma.de\/wp-content\/uploads\/2019\/04\/DSC7859.jpg 1920w\" sizes=\"(max-width: 300px) 100vw, 300px\" \/><\/a><\/p>\n<p><a href=\"https:\/\/woka-kuma.de\/wp-content\/uploads\/2019\/04\/DSC8116.jpg\"><img decoding=\"async\" class=\"alignnone wp-image-566 size-medium\" src=\"https:\/\/woka-kuma.de\/wp-content\/uploads\/2019\/04\/DSC8116-300x200.jpg\" alt=\"\" width=\"300\" height=\"200\" srcset=\"https:\/\/woka-kuma.de\/wp-content\/uploads\/2019\/04\/DSC8116-300x200.jpg 300w, https:\/\/woka-kuma.de\/wp-content\/uploads\/2019\/04\/DSC8116-768x513.jpg 768w, https:\/\/woka-kuma.de\/wp-content\/uploads\/2019\/04\/DSC8116-1024x684.jpg 1024w, https:\/\/woka-kuma.de\/wp-content\/uploads\/2019\/04\/DSC8116.jpg 1920w\" sizes=\"(max-width: 300px) 100vw, 300px\" \/><\/a><\/p>\n<p><a href=\"https:\/\/woka-kuma.de\/wp-content\/uploads\/2019\/04\/DSC7939.jpg\"><img decoding=\"async\" class=\"alignnone wp-image-587 size-medium\" src=\"https:\/\/woka-kuma.de\/wp-content\/uploads\/2019\/04\/DSC7939-200x300.jpg\" alt=\"\" width=\"200\" height=\"300\" srcset=\"https:\/\/woka-kuma.de\/wp-content\/uploads\/2019\/04\/DSC7939-200x300.jpg 200w, https:\/\/woka-kuma.de\/wp-content\/uploads\/2019\/04\/DSC7939-768x1150.jpg 768w, https:\/\/woka-kuma.de\/wp-content\/uploads\/2019\/04\/DSC7939-684x1024.jpg 684w, https:\/\/woka-kuma.de\/wp-content\/uploads\/2019\/04\/DSC7939.jpg 1283w\" sizes=\"(max-width: 200px) 100vw, 200px\" \/><\/a>En 2018<\/p>\n<p><span class=\"text_exposed_show\"><strong>Retour sur le Festival Woka Kuma 2018 :<br \/>\n<\/strong><\/span><span class=\"text_exposed_show\"><a href=\"https:\/\/www.facebook.com\/WokaKumaFestival\/videos\/235498077315963\/?eid=ARCYIwMLm_H1GVLkoO-CpEU2QCg4uWKTHQVDD3-5T6WYFU3m8W3SJBjD0ghAoAZj7Dokktrfu4lvvOLN\">Voici la vid\u00e9o du Festival, avec les belles images de l\u2019\u00e9v\u00e9nement de cette ann\u00e9e 2018 !<br \/>\nOn remercie encore tous ceux qui l&rsquo;ont rendu possible !<\/a><\/span><\/p>\n<p>Photos 2018 :<\/p>\n<p><a href=\"https:\/\/woka-kuma.de\/wp-content\/uploads\/2019\/04\/DSC8023.jpg\"><img decoding=\"async\" class=\"alignnone size-medium wp-image-565\" src=\"https:\/\/woka-kuma.de\/wp-content\/uploads\/2019\/04\/DSC8023-200x300.jpg\" alt=\"\" width=\"200\" height=\"300\" srcset=\"https:\/\/woka-kuma.de\/wp-content\/uploads\/2019\/04\/DSC8023-200x300.jpg 200w, https:\/\/woka-kuma.de\/wp-content\/uploads\/2019\/04\/DSC8023-768x1150.jpg 768w, https:\/\/woka-kuma.de\/wp-content\/uploads\/2019\/04\/DSC8023-684x1024.jpg 684w, https:\/\/woka-kuma.de\/wp-content\/uploads\/2019\/04\/DSC8023.jpg 1282w\" sizes=\"(max-width: 200px) 100vw, 200px\" \/><\/a><\/p>\n<p><a href=\"https:\/\/woka-kuma.de\/wp-content\/uploads\/2019\/04\/DSC7912.jpg\"><img decoding=\"async\" class=\"alignnone size-medium wp-image-563\" src=\"https:\/\/woka-kuma.de\/wp-content\/uploads\/2019\/04\/DSC7912-300x200.jpg\" alt=\"\" width=\"300\" height=\"200\" srcset=\"https:\/\/woka-kuma.de\/wp-content\/uploads\/2019\/04\/DSC7912-300x200.jpg 300w, https:\/\/woka-kuma.de\/wp-content\/uploads\/2019\/04\/DSC7912-768x513.jpg 768w, https:\/\/woka-kuma.de\/wp-content\/uploads\/2019\/04\/DSC7912-1024x684.jpg 1024w, https:\/\/woka-kuma.de\/wp-content\/uploads\/2019\/04\/DSC7912.jpg 1920w\" sizes=\"(max-width: 300px) 100vw, 300px\" \/><\/a><\/p>\n<p><a href=\"https:\/\/woka-kuma.de\/wp-content\/uploads\/2019\/04\/DSC7859.jpg\"><img decoding=\"async\" class=\"alignnone size-medium wp-image-562\" src=\"https:\/\/woka-kuma.de\/wp-content\/uploads\/2019\/04\/DSC7859-300x200.jpg\" alt=\"\" width=\"300\" height=\"200\" srcset=\"https:\/\/woka-kuma.de\/wp-content\/uploads\/2019\/04\/DSC7859-300x200.jpg 300w, https:\/\/woka-kuma.de\/wp-content\/uploads\/2019\/04\/DSC7859-768x513.jpg 768w, https:\/\/woka-kuma.de\/wp-content\/uploads\/2019\/04\/DSC7859-1024x684.jpg 1024w, https:\/\/woka-kuma.de\/wp-content\/uploads\/2019\/04\/DSC7859.jpg 1920w\" sizes=\"(max-width: 300px) 100vw, 300px\" \/><\/a><\/p>\n<p><a href=\"https:\/\/woka-kuma.de\/wp-content\/uploads\/2019\/04\/DSC8116.jpg\"><img decoding=\"async\" class=\"alignnone wp-image-566 size-medium\" src=\"https:\/\/woka-kuma.de\/wp-content\/uploads\/2019\/04\/DSC8116-300x200.jpg\" alt=\"\" width=\"300\" height=\"200\" srcset=\"https:\/\/woka-kuma.de\/wp-content\/uploads\/2019\/04\/DSC8116-300x200.jpg 300w, https:\/\/woka-kuma.de\/wp-content\/uploads\/2019\/04\/DSC8116-768x513.jpg 768w, https:\/\/woka-kuma.de\/wp-content\/uploads\/2019\/04\/DSC8116-1024x684.jpg 1024w, https:\/\/woka-kuma.de\/wp-content\/uploads\/2019\/04\/DSC8116.jpg 1920w\" sizes=\"(max-width: 300px) 100vw, 300px\" \/><\/a><\/p>\n<p><a href=\"https:\/\/woka-kuma.de\/wp-content\/uploads\/2019\/04\/DSC7939.jpg\"><img decoding=\"async\" class=\"alignnone wp-image-587 size-medium\" src=\"https:\/\/woka-kuma.de\/wp-content\/uploads\/2019\/04\/DSC7939-200x300.jpg\" alt=\"\" width=\"200\" height=\"300\" srcset=\"https:\/\/woka-kuma.de\/wp-content\/uploads\/2019\/04\/DSC7939-200x300.jpg 200w, https:\/\/woka-kuma.de\/wp-content\/uploads\/2019\/04\/DSC7939-768x1150.jpg 768w, https:\/\/woka-kuma.de\/wp-content\/uploads\/2019\/04\/DSC7939-684x1024.jpg 684w, https:\/\/woka-kuma.de\/wp-content\/uploads\/2019\/04\/DSC7939.jpg 1283w\" sizes=\"(max-width: 200px) 100vw, 200px\" \/><\/a><\/p>","protected":false},"excerpt":{"rendered":"<p>En 2018 Retour sur le Festival Woka Kuma 2018 : Voici la vid\u00e9o du Festival, avec les belles images de l\u2019\u00e9v\u00e9nement de cette ann\u00e9e 2018 ! On remercie encore tous ceux qui l&rsquo;ont rendu possible ! Photos 2018 : En 2018 Retour sur le Festival Woka Kuma 2018 : Voici la vid\u00e9o du Festival, avec [&hellip;]<\/p>\n","protected":false},"author":2,"featured_media":0,"parent":472,"menu_order":0,"comment_status":"closed","ping_status":"closed","template":"templates\/template-full-width.php","meta":{"footnotes":""},"class_list":["post-16","page","type-page","status-publish","hentry"],"yoast_head":"<!-- This site is optimized with the Yoast SEO plugin v27.4 - https:\/\/yoast.com\/product\/yoast-seo-wordpress\/ -->\n<title>Photos et vid\u00e9os - Woka-Kuma Deutschland e.V.<\/title>\n<meta name=\"robots\" content=\"index, follow, max-snippet:-1, max-image-preview:large, max-video-preview:-1\" \/>\n<link rel=\"canonical\" href=\"https:\/\/woka-kuma.de\/wokakuma-festival\/festival-2018\/bilder-und-video\/\" \/>\n<meta property=\"og:locale\" content=\"fr_FR\" \/>\n<meta property=\"og:type\" content=\"article\" \/>\n<meta property=\"og:title\" content=\"[:de]Bilder und Video[:en]Pictures and videos[:fr]Photos et vid\u00e9os[:] - Woka-Kuma Deutschland e.V.\" \/>\n<meta property=\"og:description\" content=\"En 2018 Retour sur le Festival Woka Kuma 2018 : Voici la vid\u00e9o du Festival, avec les belles images de l\u2019\u00e9v\u00e9nement de cette ann\u00e9e 2018 ! On remercie encore tous ceux qui l&rsquo;ont rendu possible ! Photos 2018 : En 2018 Retour sur le Festival Woka Kuma 2018 : Voici la vid\u00e9o du Festival, avec [&hellip;]\" \/>\n<meta property=\"og:url\" content=\"https:\/\/woka-kuma.de\/wokakuma-festival\/festival-2018\/bilder-und-video\/\" \/>\n<meta property=\"og:site_name\" content=\"Woka-Kuma Deutschland e.V.\" \/>\n<meta property=\"article:modified_time\" content=\"2022-08-09T08:50:08+00:00\" \/>\n<meta property=\"og:image\" content=\"https:\/\/woka-kuma.de\/wp-content\/uploads\/2019\/04\/DSC8116-300x200.jpg\" \/>\n<meta name=\"twitter:card\" content=\"summary_large_image\" \/>\n<meta name=\"twitter:label1\" content=\"Dur\u00e9e de lecture estim\u00e9e\" \/>\n\t<meta name=\"twitter:data1\" content=\"1 minute\" \/>\n<script type=\"application\/ld+json\" class=\"yoast-schema-graph\">{\"@context\":\"https:\\\/\\\/schema.org\",\"@graph\":[{\"@type\":\"WebPage\",\"@id\":\"https:\\\/\\\/woka-kuma.de\\\/wokakuma-festival\\\/festival-2018\\\/bilder-und-video\\\/\",\"url\":\"https:\\\/\\\/woka-kuma.de\\\/wokakuma-festival\\\/festival-2018\\\/bilder-und-video\\\/\",\"name\":\"[:de]Bilder und Video[:en]Pictures and videos[:fr]Photos et vid\u00e9os[:] - Woka-Kuma Deutschland e.V.\",\"isPartOf\":{\"@id\":\"https:\\\/\\\/woka-kuma.de\\\/#website\"},\"primaryImageOfPage\":{\"@id\":\"https:\\\/\\\/woka-kuma.de\\\/wokakuma-festival\\\/festival-2018\\\/bilder-und-video\\\/#primaryimage\"},\"image\":{\"@id\":\"https:\\\/\\\/woka-kuma.de\\\/wokakuma-festival\\\/festival-2018\\\/bilder-und-video\\\/#primaryimage\"},\"thumbnailUrl\":\"https:\\\/\\\/woka-kuma.de\\\/wp-content\\\/uploads\\\/2019\\\/04\\\/DSC8116-300x200.jpg\",\"datePublished\":\"2016-06-01T07:44:37+00:00\",\"dateModified\":\"2022-08-09T08:50:08+00:00\",\"breadcrumb\":{\"@id\":\"https:\\\/\\\/woka-kuma.de\\\/wokakuma-festival\\\/festival-2018\\\/bilder-und-video\\\/#breadcrumb\"},\"inLanguage\":\"fr-FR\",\"potentialAction\":[{\"@type\":\"ReadAction\",\"target\":[\"https:\\\/\\\/woka-kuma.de\\\/wokakuma-festival\\\/festival-2018\\\/bilder-und-video\\\/\"]}]},{\"@type\":\"ImageObject\",\"inLanguage\":\"fr-FR\",\"@id\":\"https:\\\/\\\/woka-kuma.de\\\/wokakuma-festival\\\/festival-2018\\\/bilder-und-video\\\/#primaryimage\",\"url\":\"https:\\\/\\\/woka-kuma.de\\\/wp-content\\\/uploads\\\/2019\\\/04\\\/DSC8116-300x200.jpg\",\"contentUrl\":\"https:\\\/\\\/woka-kuma.de\\\/wp-content\\\/uploads\\\/2019\\\/04\\\/DSC8116-300x200.jpg\"},{\"@type\":\"BreadcrumbList\",\"@id\":\"https:\\\/\\\/woka-kuma.de\\\/wokakuma-festival\\\/festival-2018\\\/bilder-und-video\\\/#breadcrumb\",\"itemListElement\":[{\"@type\":\"ListItem\",\"position\":1,\"name\":\"Startseite\",\"item\":\"https:\\\/\\\/woka-kuma.de\\\/\"},{\"@type\":\"ListItem\",\"position\":2,\"name\":\"Woka Kuma Festival\",\"item\":\"https:\\\/\\\/woka-kuma.de\\\/wokakuma-festival\\\/\"},{\"@type\":\"ListItem\",\"position\":3,\"name\":\"Festival 2018\",\"item\":\"https:\\\/\\\/woka-kuma.de\\\/wokakuma-festival\\\/festival-2018\\\/\"},{\"@type\":\"ListItem\",\"position\":4,\"name\":\"Bilder und Video\"}]},{\"@type\":\"WebSite\",\"@id\":\"https:\\\/\\\/woka-kuma.de\\\/#website\",\"url\":\"https:\\\/\\\/woka-kuma.de\\\/\",\"name\":\"Woka-Kuma Deutschland e.V.\",\"description\":\"\",\"publisher\":{\"@id\":\"https:\\\/\\\/woka-kuma.de\\\/#organization\"},\"potentialAction\":[{\"@type\":\"SearchAction\",\"target\":{\"@type\":\"EntryPoint\",\"urlTemplate\":\"https:\\\/\\\/woka-kuma.de\\\/?s={search_term_string}\"},\"query-input\":{\"@type\":\"PropertyValueSpecification\",\"valueRequired\":true,\"valueName\":\"search_term_string\"}}],\"inLanguage\":\"fr-FR\"},{\"@type\":\"Organization\",\"@id\":\"https:\\\/\\\/woka-kuma.de\\\/#organization\",\"name\":\"Woka-Kuma Deutschland e.V.\",\"url\":\"https:\\\/\\\/woka-kuma.de\\\/\",\"logo\":{\"@type\":\"ImageObject\",\"inLanguage\":\"fr-FR\",\"@id\":\"https:\\\/\\\/woka-kuma.de\\\/#\\\/schema\\\/logo\\\/image\\\/\",\"url\":\"https:\\\/\\\/woka-kuma.de\\\/wp-content\\\/uploads\\\/2020\\\/07\\\/Logo-Verein-2020-rund.png\",\"contentUrl\":\"https:\\\/\\\/woka-kuma.de\\\/wp-content\\\/uploads\\\/2020\\\/07\\\/Logo-Verein-2020-rund.png\",\"width\":1920,\"height\":1918,\"caption\":\"Woka-Kuma Deutschland e.V.\"},\"image\":{\"@id\":\"https:\\\/\\\/woka-kuma.de\\\/#\\\/schema\\\/logo\\\/image\\\/\"}}]}<\/script>\n<!-- \/ Yoast SEO plugin. -->","yoast_head_json":{"title":"[:de]Bilder und Video[:en]Pictures and videos[:fr]Photos et vid\u00e9os[:] - Woka-Kuma Deutschland e.V.","robots":{"index":"index","follow":"follow","max-snippet":"max-snippet:-1","max-image-preview":"max-image-preview:large","max-video-preview":"max-video-preview:-1"},"canonical":"https:\/\/woka-kuma.de\/wokakuma-festival\/festival-2018\/bilder-und-video\/","og_locale":"fr_FR","og_type":"article","og_title":"[:de]Bilder und Video[:en]Pictures and videos[:fr]Photos et vid\u00e9os[:] - Woka-Kuma Deutschland e.V.","og_description":"En 2018 Retour sur le Festival Woka Kuma 2018 : Voici la vid\u00e9o du Festival, avec les belles images de l\u2019\u00e9v\u00e9nement de cette ann\u00e9e 2018 ! On remercie encore tous ceux qui l&rsquo;ont rendu possible ! Photos 2018 : En 2018 Retour sur le Festival Woka Kuma 2018 : Voici la vid\u00e9o du Festival, avec [&hellip;]","og_url":"https:\/\/woka-kuma.de\/wokakuma-festival\/festival-2018\/bilder-und-video\/","og_site_name":"Woka-Kuma Deutschland e.V.","article_modified_time":"2022-08-09T08:50:08+00:00","og_image":[{"url":"https:\/\/woka-kuma.de\/wp-content\/uploads\/2019\/04\/DSC8116-300x200.jpg","type":"","width":"","height":""}],"twitter_card":"summary_large_image","twitter_misc":{"Dur\u00e9e de lecture estim\u00e9e":"1 minute"},"schema":{"@context":"https:\/\/schema.org","@graph":[{"@type":"WebPage","@id":"https:\/\/woka-kuma.de\/wokakuma-festival\/festival-2018\/bilder-und-video\/","url":"https:\/\/woka-kuma.de\/wokakuma-festival\/festival-2018\/bilder-und-video\/","name":"[:de]Bilder und Video[:en]Pictures and videos[:fr]Photos et vid\u00e9os[:] - Woka-Kuma Deutschland e.V.","isPartOf":{"@id":"https:\/\/woka-kuma.de\/#website"},"primaryImageOfPage":{"@id":"https:\/\/woka-kuma.de\/wokakuma-festival\/festival-2018\/bilder-und-video\/#primaryimage"},"image":{"@id":"https:\/\/woka-kuma.de\/wokakuma-festival\/festival-2018\/bilder-und-video\/#primaryimage"},"thumbnailUrl":"https:\/\/woka-kuma.de\/wp-content\/uploads\/2019\/04\/DSC8116-300x200.jpg","datePublished":"2016-06-01T07:44:37+00:00","dateModified":"2022-08-09T08:50:08+00:00","breadcrumb":{"@id":"https:\/\/woka-kuma.de\/wokakuma-festival\/festival-2018\/bilder-und-video\/#breadcrumb"},"inLanguage":"fr-FR","potentialAction":[{"@type":"ReadAction","target":["https:\/\/woka-kuma.de\/wokakuma-festival\/festival-2018\/bilder-und-video\/"]}]},{"@type":"ImageObject","inLanguage":"fr-FR","@id":"https:\/\/woka-kuma.de\/wokakuma-festival\/festival-2018\/bilder-und-video\/#primaryimage","url":"https:\/\/woka-kuma.de\/wp-content\/uploads\/2019\/04\/DSC8116-300x200.jpg","contentUrl":"https:\/\/woka-kuma.de\/wp-content\/uploads\/2019\/04\/DSC8116-300x200.jpg"},{"@type":"BreadcrumbList","@id":"https:\/\/woka-kuma.de\/wokakuma-festival\/festival-2018\/bilder-und-video\/#breadcrumb","itemListElement":[{"@type":"ListItem","position":1,"name":"Startseite","item":"https:\/\/woka-kuma.de\/"},{"@type":"ListItem","position":2,"name":"Woka Kuma Festival","item":"https:\/\/woka-kuma.de\/wokakuma-festival\/"},{"@type":"ListItem","position":3,"name":"Festival 2018","item":"https:\/\/woka-kuma.de\/wokakuma-festival\/festival-2018\/"},{"@type":"ListItem","position":4,"name":"Bilder und Video"}]},{"@type":"WebSite","@id":"https:\/\/woka-kuma.de\/#website","url":"https:\/\/woka-kuma.de\/","name":"Woka-Kuma Deutschland e.V.","description":"","publisher":{"@id":"https:\/\/woka-kuma.de\/#organization"},"potentialAction":[{"@type":"SearchAction","target":{"@type":"EntryPoint","urlTemplate":"https:\/\/woka-kuma.de\/?s={search_term_string}"},"query-input":{"@type":"PropertyValueSpecification","valueRequired":true,"valueName":"search_term_string"}}],"inLanguage":"fr-FR"},{"@type":"Organization","@id":"https:\/\/woka-kuma.de\/#organization","name":"Woka-Kuma Deutschland e.V.","url":"https:\/\/woka-kuma.de\/","logo":{"@type":"ImageObject","inLanguage":"fr-FR","@id":"https:\/\/woka-kuma.de\/#\/schema\/logo\/image\/","url":"https:\/\/woka-kuma.de\/wp-content\/uploads\/2020\/07\/Logo-Verein-2020-rund.png","contentUrl":"https:\/\/woka-kuma.de\/wp-content\/uploads\/2020\/07\/Logo-Verein-2020-rund.png","width":1920,"height":1918,"caption":"Woka-Kuma Deutschland e.V."},"image":{"@id":"https:\/\/woka-kuma.de\/#\/schema\/logo\/image\/"}}]}},"_links":{"self":[{"href":"https:\/\/woka-kuma.de\/fr\/wp-json\/wp\/v2\/pages\/16","targetHints":{"allow":["GET"]}}],"collection":[{"href":"https:\/\/woka-kuma.de\/fr\/wp-json\/wp\/v2\/pages"}],"about":[{"href":"https:\/\/woka-kuma.de\/fr\/wp-json\/wp\/v2\/types\/page"}],"author":[{"embeddable":true,"href":"https:\/\/woka-kuma.de\/fr\/wp-json\/wp\/v2\/users\/2"}],"replies":[{"embeddable":true,"href":"https:\/\/woka-kuma.de\/fr\/wp-json\/wp\/v2\/comments?post=16"}],"version-history":[{"count":13,"href":"https:\/\/woka-kuma.de\/fr\/wp-json\/wp\/v2\/pages\/16\/revisions"}],"predecessor-version":[{"id":1731,"href":"https:\/\/woka-kuma.de\/fr\/wp-json\/wp\/v2\/pages\/16\/revisions\/1731"}],"up":[{"embeddable":true,"href":"https:\/\/woka-kuma.de\/fr\/wp-json\/wp\/v2\/pages\/472"}],"wp:attachment":[{"href":"https:\/\/woka-kuma.de\/fr\/wp-json\/wp\/v2\/media?parent=16"}],"curies":[{"name":"wp","href":"https:\/\/api.w.org\/{rel}","templated":true}]}}