{"id":1216,"date":"2021-09-10T08:53:49","date_gmt":"2021-09-10T08:53:49","guid":{"rendered":"https:\/\/woka-kuma.de\/?page_id=1216"},"modified":"2022-08-31T09:42:29","modified_gmt":"2022-08-31T09:42:29","slug":"festival-2021","status":"publish","type":"page","link":"https:\/\/woka-kuma.de\/fr\/wokakuma-festival\/festival-2021\/","title":{"rendered":"Festival 2021"},"content":{"rendered":"<p>Woka Kuma Festival 2021! La 7\u00e8me \u00e9dition \u00e0 Oyoun!<\/p>\n<p>Au programme:<\/p>\n<p>20h : Projection du film \u00ab\u00a0Burkinab\u00e9 Bounty\u00a0\u00bb de Iara Lee ( Cultures of Resistances) (2018).<\/p>\n<p>Burkinab\u00e8 Bounty est une chronique de la r\u00e9sistance agricole et de la lutte pour la souverainet\u00e9 alimentaire au Burkina Faso<br \/>\nun petit pays enclav\u00e9 d&rsquo;Afrique occidentale. Par l&rsquo;interm\u00e9diaire de militants, d&rsquo;\u00e9tudiants, d&rsquo;artistes et de leaders du mouvement local Slow Food, le film montre comment le peuple burkinab\u00e9 r\u00e9cup\u00e8re ses terres et d\u00e9fend ses traditions contre l&rsquo;invasion de l&rsquo;agrobusiness. Qu&rsquo;il s&rsquo;agisse de femmes qui gagnent leur ind\u00e9pendance \u00e9conomique en vendant de la bi\u00e8re artisanale \u00ab\u00a0dolo\u00a0\u00bb, de jeunes qui descendent dans la rue pour s&rsquo;opposer \u00e0 des entreprises comme Monsanto, de musiciens hip-hop qui cr\u00e9ent leur propre ferme et font revivre l&rsquo;esprit r\u00e9volutionnaire de Thomas Sankara, BURKINAB\u00c8 BOUNTY montre les tactiques cr\u00e9atives que les Burkinab\u00e8 utilisent pour reprendre le contr\u00f4le de leur alimentation, de leurs semences et de leur avenir.<br \/>\nBurkinabe Bounty (TRAILER) &#8211; YouTube<\/p>\n<p>20.30h &#8211; 21.15h Discussion et \u00e9change avec une d\u00e9l\u00e9gation du minist\u00e8re de la culture burkinab\u00e9.<br \/>\nInvit\u00e9s :<br \/>\nTougouma, Alphonse du FDCT: Fond de d\u00e9veloppement de la culture et le tourisme.<br \/>\nTa\u00efta, Salifou, du Cabinet du minist\u00e8re de la culture<\/p>\n<p>21.30 Concert :<br \/>\nLine -Up : Rama N&rsquo;goni et Faso Orkestra<\/p>\n<p>&nbsp;<\/p>\n<p><iframe loading=\"lazy\" title=\"RAMA N&#039;GONI - Burkina Dambe - (clip officiel )\" width=\"580\" height=\"326\" src=\"https:\/\/www.youtube.com\/embed\/0DDzvFreaWQ?feature=oembed\" frameborder=\"0\" allow=\"accelerometer; autoplay; clipboard-write; encrypted-media; gyroscope; picture-in-picture; web-share\" referrerpolicy=\"strict-origin-when-cross-origin\" allowfullscreen><\/iframe><br \/>\n@Rama N&rsquo;GONI<\/p>\n<p>Tickets: 10- 15 \u20ac unter oyoun.de<br \/>\nEinlass: ab 19.30uhr<br \/>\nCorona: entsprechend aktueller Bestimmungen, bedeutet 3G f\u00fcrs Oyoun!<\/p>","protected":false},"excerpt":{"rendered":"<p>Woka Kuma Festival 2021! La 7\u00e8me \u00e9dition \u00e0 Oyoun! Au programme: 20h : Projection du film \u00ab\u00a0Burkinab\u00e9 Bounty\u00a0\u00bb de Iara Lee ( Cultures of Resistances) (2018). Burkinab\u00e8 Bounty est une chronique de la r\u00e9sistance agricole et de la lutte pour la souverainet\u00e9 alimentaire au Burkina Faso un petit pays enclav\u00e9 d&rsquo;Afrique occidentale. Par l&rsquo;interm\u00e9diaire de [&hellip;]<\/p>\n","protected":false},"author":4,"featured_media":1287,"parent":10,"menu_order":0,"comment_status":"closed","ping_status":"closed","template":"templates\/template-full-width.php","meta":{"footnotes":""},"class_list":["post-1216","page","type-page","status-publish","has-post-thumbnail","hentry"],"yoast_head":"<!-- This site is optimized with the Yoast SEO plugin v27.4 - https:\/\/yoast.com\/product\/yoast-seo-wordpress\/ -->\n<title>Festival 2021 - Woka-Kuma Deutschland e.V.<\/title>\n<meta name=\"robots\" content=\"index, follow, max-snippet:-1, max-image-preview:large, max-video-preview:-1\" \/>\n<link rel=\"canonical\" href=\"https:\/\/woka-kuma.de\/wokakuma-festival\/festival-2021\/\" \/>\n<meta property=\"og:locale\" content=\"fr_FR\" \/>\n<meta property=\"og:type\" content=\"article\" \/>\n<meta property=\"og:title\" content=\"Festival 2021 - Woka-Kuma Deutschland e.V.\" \/>\n<meta property=\"og:description\" content=\"Woka Kuma Festival 2021! La 7\u00e8me \u00e9dition \u00e0 Oyoun! Au programme: 20h : Projection du film \u00ab\u00a0Burkinab\u00e9 Bounty\u00a0\u00bb de Iara Lee ( Cultures of Resistances) (2018). Burkinab\u00e8 Bounty est une chronique de la r\u00e9sistance agricole et de la lutte pour la souverainet\u00e9 alimentaire au Burkina Faso un petit pays enclav\u00e9 d&rsquo;Afrique occidentale. Par l&rsquo;interm\u00e9diaire de [&hellip;]\" \/>\n<meta property=\"og:url\" content=\"https:\/\/woka-kuma.de\/wokakuma-festival\/festival-2021\/\" \/>\n<meta property=\"og:site_name\" content=\"Woka-Kuma Deutschland e.V.\" \/>\n<meta property=\"article:modified_time\" content=\"2022-08-31T09:42:29+00:00\" \/>\n<meta property=\"og:image\" content=\"https:\/\/woka-kuma.de\/wp-content\/uploads\/2021\/10\/Titelbild-Facebook1.jpg\" \/>\n\t<meta property=\"og:image:width\" content=\"820\" \/>\n\t<meta property=\"og:image:height\" content=\"312\" \/>\n\t<meta property=\"og:image:type\" content=\"image\/jpeg\" \/>\n<meta name=\"twitter:card\" content=\"summary_large_image\" \/>\n<meta name=\"twitter:label1\" content=\"Dur\u00e9e de lecture estim\u00e9e\" \/>\n\t<meta name=\"twitter:data1\" content=\"3 minutes\" \/>\n<script type=\"application\/ld+json\" class=\"yoast-schema-graph\">{\"@context\":\"https:\\\/\\\/schema.org\",\"@graph\":[{\"@type\":\"WebPage\",\"@id\":\"https:\\\/\\\/woka-kuma.de\\\/wokakuma-festival\\\/festival-2021\\\/\",\"url\":\"https:\\\/\\\/woka-kuma.de\\\/wokakuma-festival\\\/festival-2021\\\/\",\"name\":\"Festival 2021 - Woka-Kuma Deutschland e.V.\",\"isPartOf\":{\"@id\":\"https:\\\/\\\/woka-kuma.de\\\/#website\"},\"primaryImageOfPage\":{\"@id\":\"https:\\\/\\\/woka-kuma.de\\\/wokakuma-festival\\\/festival-2021\\\/#primaryimage\"},\"image\":{\"@id\":\"https:\\\/\\\/woka-kuma.de\\\/wokakuma-festival\\\/festival-2021\\\/#primaryimage\"},\"thumbnailUrl\":\"https:\\\/\\\/woka-kuma.de\\\/wp-content\\\/uploads\\\/2021\\\/10\\\/Titelbild-Facebook1.jpg\",\"datePublished\":\"2021-09-10T08:53:49+00:00\",\"dateModified\":\"2022-08-31T09:42:29+00:00\",\"breadcrumb\":{\"@id\":\"https:\\\/\\\/woka-kuma.de\\\/wokakuma-festival\\\/festival-2021\\\/#breadcrumb\"},\"inLanguage\":\"fr-FR\",\"potentialAction\":[{\"@type\":\"ReadAction\",\"target\":[\"https:\\\/\\\/woka-kuma.de\\\/wokakuma-festival\\\/festival-2021\\\/\"]}]},{\"@type\":\"ImageObject\",\"inLanguage\":\"fr-FR\",\"@id\":\"https:\\\/\\\/woka-kuma.de\\\/wokakuma-festival\\\/festival-2021\\\/#primaryimage\",\"url\":\"https:\\\/\\\/woka-kuma.de\\\/wp-content\\\/uploads\\\/2021\\\/10\\\/Titelbild-Facebook1.jpg\",\"contentUrl\":\"https:\\\/\\\/woka-kuma.de\\\/wp-content\\\/uploads\\\/2021\\\/10\\\/Titelbild-Facebook1.jpg\",\"width\":820,\"height\":312},{\"@type\":\"BreadcrumbList\",\"@id\":\"https:\\\/\\\/woka-kuma.de\\\/wokakuma-festival\\\/festival-2021\\\/#breadcrumb\",\"itemListElement\":[{\"@type\":\"ListItem\",\"position\":1,\"name\":\"Startseite\",\"item\":\"https:\\\/\\\/woka-kuma.de\\\/\"},{\"@type\":\"ListItem\",\"position\":2,\"name\":\"Woka Kuma Festival\",\"item\":\"https:\\\/\\\/woka-kuma.de\\\/wokakuma-festival\\\/\"},{\"@type\":\"ListItem\",\"position\":3,\"name\":\"Festival 2021\"}]},{\"@type\":\"WebSite\",\"@id\":\"https:\\\/\\\/woka-kuma.de\\\/#website\",\"url\":\"https:\\\/\\\/woka-kuma.de\\\/\",\"name\":\"Woka-Kuma Deutschland e.V.\",\"description\":\"\",\"publisher\":{\"@id\":\"https:\\\/\\\/woka-kuma.de\\\/#organization\"},\"potentialAction\":[{\"@type\":\"SearchAction\",\"target\":{\"@type\":\"EntryPoint\",\"urlTemplate\":\"https:\\\/\\\/woka-kuma.de\\\/?s={search_term_string}\"},\"query-input\":{\"@type\":\"PropertyValueSpecification\",\"valueRequired\":true,\"valueName\":\"search_term_string\"}}],\"inLanguage\":\"fr-FR\"},{\"@type\":\"Organization\",\"@id\":\"https:\\\/\\\/woka-kuma.de\\\/#organization\",\"name\":\"Woka-Kuma Deutschland e.V.\",\"url\":\"https:\\\/\\\/woka-kuma.de\\\/\",\"logo\":{\"@type\":\"ImageObject\",\"inLanguage\":\"fr-FR\",\"@id\":\"https:\\\/\\\/woka-kuma.de\\\/#\\\/schema\\\/logo\\\/image\\\/\",\"url\":\"https:\\\/\\\/woka-kuma.de\\\/wp-content\\\/uploads\\\/2020\\\/07\\\/Logo-Verein-2020-rund.png\",\"contentUrl\":\"https:\\\/\\\/woka-kuma.de\\\/wp-content\\\/uploads\\\/2020\\\/07\\\/Logo-Verein-2020-rund.png\",\"width\":1920,\"height\":1918,\"caption\":\"Woka-Kuma Deutschland e.V.\"},\"image\":{\"@id\":\"https:\\\/\\\/woka-kuma.de\\\/#\\\/schema\\\/logo\\\/image\\\/\"}}]}<\/script>\n<!-- \/ Yoast SEO plugin. -->","yoast_head_json":{"title":"Festival 2021 - Woka-Kuma Deutschland e.V.","robots":{"index":"index","follow":"follow","max-snippet":"max-snippet:-1","max-image-preview":"max-image-preview:large","max-video-preview":"max-video-preview:-1"},"canonical":"https:\/\/woka-kuma.de\/wokakuma-festival\/festival-2021\/","og_locale":"fr_FR","og_type":"article","og_title":"Festival 2021 - Woka-Kuma Deutschland e.V.","og_description":"Woka Kuma Festival 2021! La 7\u00e8me \u00e9dition \u00e0 Oyoun! Au programme: 20h : Projection du film \u00ab\u00a0Burkinab\u00e9 Bounty\u00a0\u00bb de Iara Lee ( Cultures of Resistances) (2018). Burkinab\u00e8 Bounty est une chronique de la r\u00e9sistance agricole et de la lutte pour la souverainet\u00e9 alimentaire au Burkina Faso un petit pays enclav\u00e9 d&rsquo;Afrique occidentale. Par l&rsquo;interm\u00e9diaire de [&hellip;]","og_url":"https:\/\/woka-kuma.de\/wokakuma-festival\/festival-2021\/","og_site_name":"Woka-Kuma Deutschland e.V.","article_modified_time":"2022-08-31T09:42:29+00:00","og_image":[{"width":820,"height":312,"url":"https:\/\/woka-kuma.de\/wp-content\/uploads\/2021\/10\/Titelbild-Facebook1.jpg","type":"image\/jpeg"}],"twitter_card":"summary_large_image","twitter_misc":{"Dur\u00e9e de lecture estim\u00e9e":"3 minutes"},"schema":{"@context":"https:\/\/schema.org","@graph":[{"@type":"WebPage","@id":"https:\/\/woka-kuma.de\/wokakuma-festival\/festival-2021\/","url":"https:\/\/woka-kuma.de\/wokakuma-festival\/festival-2021\/","name":"Festival 2021 - Woka-Kuma Deutschland e.V.","isPartOf":{"@id":"https:\/\/woka-kuma.de\/#website"},"primaryImageOfPage":{"@id":"https:\/\/woka-kuma.de\/wokakuma-festival\/festival-2021\/#primaryimage"},"image":{"@id":"https:\/\/woka-kuma.de\/wokakuma-festival\/festival-2021\/#primaryimage"},"thumbnailUrl":"https:\/\/woka-kuma.de\/wp-content\/uploads\/2021\/10\/Titelbild-Facebook1.jpg","datePublished":"2021-09-10T08:53:49+00:00","dateModified":"2022-08-31T09:42:29+00:00","breadcrumb":{"@id":"https:\/\/woka-kuma.de\/wokakuma-festival\/festival-2021\/#breadcrumb"},"inLanguage":"fr-FR","potentialAction":[{"@type":"ReadAction","target":["https:\/\/woka-kuma.de\/wokakuma-festival\/festival-2021\/"]}]},{"@type":"ImageObject","inLanguage":"fr-FR","@id":"https:\/\/woka-kuma.de\/wokakuma-festival\/festival-2021\/#primaryimage","url":"https:\/\/woka-kuma.de\/wp-content\/uploads\/2021\/10\/Titelbild-Facebook1.jpg","contentUrl":"https:\/\/woka-kuma.de\/wp-content\/uploads\/2021\/10\/Titelbild-Facebook1.jpg","width":820,"height":312},{"@type":"BreadcrumbList","@id":"https:\/\/woka-kuma.de\/wokakuma-festival\/festival-2021\/#breadcrumb","itemListElement":[{"@type":"ListItem","position":1,"name":"Startseite","item":"https:\/\/woka-kuma.de\/"},{"@type":"ListItem","position":2,"name":"Woka Kuma Festival","item":"https:\/\/woka-kuma.de\/wokakuma-festival\/"},{"@type":"ListItem","position":3,"name":"Festival 2021"}]},{"@type":"WebSite","@id":"https:\/\/woka-kuma.de\/#website","url":"https:\/\/woka-kuma.de\/","name":"Woka-Kuma Deutschland e.V.","description":"","publisher":{"@id":"https:\/\/woka-kuma.de\/#organization"},"potentialAction":[{"@type":"SearchAction","target":{"@type":"EntryPoint","urlTemplate":"https:\/\/woka-kuma.de\/?s={search_term_string}"},"query-input":{"@type":"PropertyValueSpecification","valueRequired":true,"valueName":"search_term_string"}}],"inLanguage":"fr-FR"},{"@type":"Organization","@id":"https:\/\/woka-kuma.de\/#organization","name":"Woka-Kuma Deutschland e.V.","url":"https:\/\/woka-kuma.de\/","logo":{"@type":"ImageObject","inLanguage":"fr-FR","@id":"https:\/\/woka-kuma.de\/#\/schema\/logo\/image\/","url":"https:\/\/woka-kuma.de\/wp-content\/uploads\/2020\/07\/Logo-Verein-2020-rund.png","contentUrl":"https:\/\/woka-kuma.de\/wp-content\/uploads\/2020\/07\/Logo-Verein-2020-rund.png","width":1920,"height":1918,"caption":"Woka-Kuma Deutschland e.V."},"image":{"@id":"https:\/\/woka-kuma.de\/#\/schema\/logo\/image\/"}}]}},"_links":{"self":[{"href":"https:\/\/woka-kuma.de\/fr\/wp-json\/wp\/v2\/pages\/1216","targetHints":{"allow":["GET"]}}],"collection":[{"href":"https:\/\/woka-kuma.de\/fr\/wp-json\/wp\/v2\/pages"}],"about":[{"href":"https:\/\/woka-kuma.de\/fr\/wp-json\/wp\/v2\/types\/page"}],"author":[{"embeddable":true,"href":"https:\/\/woka-kuma.de\/fr\/wp-json\/wp\/v2\/users\/4"}],"replies":[{"embeddable":true,"href":"https:\/\/woka-kuma.de\/fr\/wp-json\/wp\/v2\/comments?post=1216"}],"version-history":[{"count":14,"href":"https:\/\/woka-kuma.de\/fr\/wp-json\/wp\/v2\/pages\/1216\/revisions"}],"predecessor-version":[{"id":1782,"href":"https:\/\/woka-kuma.de\/fr\/wp-json\/wp\/v2\/pages\/1216\/revisions\/1782"}],"up":[{"embeddable":true,"href":"https:\/\/woka-kuma.de\/fr\/wp-json\/wp\/v2\/pages\/10"}],"wp:featuredmedia":[{"embeddable":true,"href":"https:\/\/woka-kuma.de\/fr\/wp-json\/wp\/v2\/media\/1287"}],"wp:attachment":[{"href":"https:\/\/woka-kuma.de\/fr\/wp-json\/wp\/v2\/media?parent=1216"}],"curies":[{"name":"wp","href":"https:\/\/api.w.org\/{rel}","templated":true}]}}