{"id":12,"date":"2016-06-01T07:43:05","date_gmt":"2016-06-01T07:43:05","guid":{"rendered":"https:\/\/woka-kuma.de\/?page_id=12"},"modified":"2025-12-22T11:50:51","modified_gmt":"2025-12-22T11:50:51","slug":"festico-burkina-faso","status":"publish","type":"page","link":"https:\/\/woka-kuma.de\/fr\/association-woka-kuma-burkina-faso\/festico-burkina-faso\/","title":{"rendered":"Festico Burkina Faso"},"content":{"rendered":"<p><\/p>\n<p style=\"text-align: center;\"><strong>\u00a0Festival FESTICO \u00e0 Bobo-Dioulasso, Burkina Faso<\/strong><\/p>\n<p style=\"text-align: center;\">Festival de Danse et de Musique traditionnelle de Colsama<\/p>\n<p><a href=\"https:\/\/woka-kuma.de\/wp-content\/uploads\/2019\/03\/52319840_286651358669336_7946528575295848448_n.jpg\"><img decoding=\"async\" class=\"aligncenter wp-image-541 size-medium\" src=\"https:\/\/woka-kuma.de\/wp-content\/uploads\/2019\/03\/52319840_286651358669336_7946528575295848448_n-212x300.jpg\" alt=\"\" width=\"212\" height=\"300\" srcset=\"https:\/\/woka-kuma.de\/wp-content\/uploads\/2019\/03\/52319840_286651358669336_7946528575295848448_n-212x300.jpg 212w, https:\/\/woka-kuma.de\/wp-content\/uploads\/2019\/03\/52319840_286651358669336_7946528575295848448_n.jpg 453w\" sizes=\"(max-width: 212px) 100vw, 212px\" \/><\/a><\/p>\n<p>FESTICO, Festival de Danse et de Musique traditionnelles de Colsama \u00e0 Bobo Dioulasso est organis\u00e9 par\u00a0Mahamadi &amp; Abdoul Aziz Sinka, l&rsquo;association\u00a0WOKA KUMA et l&rsquo;arrondissement n\u00b07\u00a0 de la ville.<br \/>\nAu programme : danses, musiques, table rondes et bien plus !<\/p>\n<p>Voyage de la d\u00e9l\u00e9gation au <strong>FESTICO Burkina Faso 2024<\/strong><br \/>\nDu 25 f\u00e9vrier au 10 mars, des membres de l&rsquo;association (Heike Schaaf, Nora Palm, Christoph Koch, Aziz Sinka ) se sont rendus \u00e0 Bobo Dioulasso pour visiter le festival partenaire FESTICO et nos partenaires de coop\u00e9ration sur place.<\/p>\n<p>Nous avons pass\u00e9 un bon moment tous ensemble et avons pu nous adonner \u00e0 quelques activit\u00e9s associatives.<br \/>\nFestival culturel FESTICO 01.03.-02.03.<br \/>\nComme \u00e0 chaque fois, le festival culturel s&rsquo;est d\u00e9roul\u00e9 dans l&rsquo;arrondissement n\u00b07 \/ Belleville. Deux jours de concerts, de spectacles, de performances ont anim\u00e9 la place am\u00e9nag\u00e9e \u00e0 cet effet, les si\u00e8ges \u00e9taient pleins de gens du quartier, surtout beaucoup de jeunes et d&rsquo;enfants, impatients de voir leurs musiciens* pr\u00e9f\u00e9r\u00e9s en live. Quelques autorit\u00e9s invit\u00e9es \u00e9taient pr\u00e9sentes, comme le chef traditionnel du quartier, le maire de l&rsquo;arrondissement et le maire de la ville, ainsi qu&rsquo;un repr\u00e9sentant du minist\u00e8re de la culture, qui ont pris la parole le premier soir pour remercier et saluer les participants. Les prestations de Rama N&rsquo;goni et Faity Baby, qui avaient d\u00e9j\u00e0 particip\u00e9 au festival Woka-Kuma \u00e0 Berlin, ont \u00e9t\u00e9 le point fort de la soir\u00e9e. Nous ne pouvons que f\u00e9liciter l&rsquo;\u00e9quipe organisatrice de l&rsquo;association Woka-Kuma Burkina Faso pour ce beau et important festival. En effet, bien que le pays soit confront\u00e9 \u00e0 la guerre, aux probl\u00e8mes de s\u00e9curit\u00e9 et \u00e0 une situation politique tendue, comme le mentionnent si souvent les discours et les m\u00e9dias des autorit\u00e9s, il est d&rsquo;autant plus important de soutenir la population et les personnes d\u00e9plac\u00e9es \u00e0 l&rsquo;int\u00e9rieur du pays.<\/p>\n<p><strong>Tournoi de football Belleville Cup 2024 02.03. et 03.03. 2024<\/strong><br \/>\nLes 02.03 et 03.03, un total de 6 \u00e9quipes de jeunes issus des diff\u00e9rents quartiers de la ville ont pu s&rsquo;affronter lors de la quatri\u00e8me \u00e9dition de la \u00ab Belleville Cup \u00bb. Le tout a \u00e9t\u00e9 organis\u00e9 par l&rsquo;\u00e9quipe b\u00e9n\u00e9vole de longue date et les habitants et amis engag\u00e9s Baba et Moctar, ainsi que quelques invit\u00e9s d&rsquo;honneur invit\u00e9s pour la finale et la remise des prix. Le deuxi\u00e8me jour, la finale a \u00e9t\u00e9 c\u00e9l\u00e9br\u00e9e et il y a m\u00eame eu un d\u00e9fil\u00e9 de mode d&rsquo;un cr\u00e9ateur local et une prestation musicale du chanteur Djeli Karim. L&rsquo;ambiance \u00e9tait super, beaucoup de gens, surtout des enfants et des jeunes, sont venus du quartier pour regarder et encourager leur \u00e9quipe pr\u00e9f\u00e9r\u00e9e. L&rsquo;impact positif de cet \u00e9v\u00e9nement a \u00e9t\u00e9 clairement ressenti. L&rsquo;\u00e9quipe \u00ab sans piti\u00e9 \u00bb a gagn\u00e9 et a \u00e9t\u00e9 honor\u00e9e aux c\u00f4t\u00e9s du meilleur joueur et du meilleur buteur. Chaque ann\u00e9e, le tournoi de football est un moment fort pour le travail de l&rsquo;association et pour le voisinage. Outre les festivals culturels \u00e0 forte visibilit\u00e9, il s&rsquo;agit d&rsquo;organiser un \u00e9v\u00e9nement pour la population directe du quartier, o\u00f9 il s&rsquo;agit avant tout de renforcer la coh\u00e9sion sociale et la communaut\u00e9 par le biais du sport et des rencontres.<\/p>\n<p><strong>Visites et travail de mise en r\u00e9seau 2024<\/strong><br \/>\nPar ailleurs, nous avons profit\u00e9 de cette p\u00e9riode pour faire avancer les activit\u00e9s de l&rsquo;association non seulement dans le domaine culturel et avec les collectes de fonds, mais aussi pour les faire conna\u00eetre au niveau politique. A Ouagadougou, les membres de l&rsquo;association Abdoul Aziz Sinka, Nora Palm et Mahamadi Sinka ont pu rendre des visites d&rsquo;audience au ministre de la culture M. E. Ouedraogo, au directeur de l&rsquo;ambassade d&rsquo;Allemagne M. M\u00fcnchow-Pohl et au directeur du Goethe Institut M. Pockrandt. Il s&rsquo;agissait surtout de rendre compte des activit\u00e9s des deux associations partenaires et d&rsquo;introduire l&rsquo;id\u00e9e de futures possibilit\u00e9s de coop\u00e9ration.<\/p>\n<p><strong>Bobo Dioulasso 2024<\/strong><br \/>\nA Bobo-Dioulasso \u00e9galement, nous avons pu, en tant que d\u00e9l\u00e9gation de l&rsquo;association et avec quelques repr\u00e9sentants de l&rsquo;association partenaire Association Woka-Kuma, rendre visite aux autorit\u00e9s locales de la ville.<br \/>\nEntre autres, nous nous sommes rendus \u00e0 la mairie de l&rsquo;arrondissement num\u00e9ro 7, avec laquelle nous coop\u00e9rons depuis des ann\u00e9es, notamment pour le FESTICO et les diff\u00e9rentes actions de dons dans les quartiers affili\u00e9s de l&rsquo;arrondissement. Nous avons \u00e9t\u00e9 chaleureusement accueillis par le maire de l&rsquo;arrondissement 7, M. Souleyman Sanon, pr\u00e9sident de la d\u00e9l\u00e9gation sp\u00e9ciale depuis le dernier changement de gouvernement. Nous avons \u00e9galement pu rencontrer le maire de l&rsquo;arrondissement n\u00b01, dans le quartier de Kiri duquel nous avons pu mener ces derni\u00e8res ann\u00e9es plusieurs actions de collecte de fonds, notamment pour le dispensaire, et o\u00f9 nous poss\u00e9dons d\u00e9sormais un terrain sur lequel doit \u00eatre construit le \u00ab Centre culturel germano-burkinab\u00e9 \u00bb pour les \u00e9changes culturels, l&rsquo;\u00e9ducation et la danse. Nous avons \u00e9galement \u00e9t\u00e9 invit\u00e9s pour la premi\u00e8re fois par le maire de la ville \u00ab Pr\u00e9sident de la D\u00e9l\u00e9gation Sp\u00e9ciale de la Commune Bobo Dioulasso \u00bb Laurent Kontogom, ainsi que par le chef traditionnel du quartier de Belleville, qui appr\u00e9cie beaucoup notre travail et notre engagement et vient toujours au festival avec des amis.<\/p>\n<p><strong>FESTICO 2023 :<\/strong> 25.02.-29.02.2023 Pour la toute premi\u00e8re fois, le FESTICO n&rsquo;a pas eu lieu dans le quartier de Colsama, devant le grand stade de Lamezere, mais en plein centre-ville &#8211; \u00e0 c\u00f4t\u00e9 de la station Total, non loin du petit march\u00e9. Cela a eu pour effet de permettre \u00e0 un grand nombre de personnes du voisinage imm\u00e9diat d&rsquo;y participer. Le site \u00e9tait plein et l&rsquo;\u00e9v\u00e9nement a re\u00e7u de nombreux \u00e9chos positifs de la part des gens &#8211; enfin un festival juste \u00e0 c\u00f4t\u00e9, accessible aux gens qui vivent l\u00e0 et qui ne peuvent pas traverser la ville pour profiter de la culture. Les enfants et les jeunes en particulier ont \u00e9t\u00e9 ravis de voir leurs stars de la musique &#8211; Djeli Karim, Rama N&rsquo;goni mais aussi le groupe de cirque d&rsquo;une association de cirque locale qui travaille avec des jeunes vuln\u00e9rables se sont produits et ont mis beaucoup d&rsquo;ambiance. Les autorit\u00e9s invit\u00e9es ont \u00e9galement salu\u00e9 le nouvel emplacement du FESTICOS, le chef coutumier du quartier s&rsquo;est particuli\u00e8rement r\u00e9joui de l&rsquo;enrichissement et des repr\u00e9sentations culturelles dans son quartier. Le festival comprenait \u00e9galement une table ronde sur les d\u00e9fis et les obligations des acteurs culturels face \u00e0 la situation s\u00e9curitaire au Burkina Faso et un atelier de danse pour adultes au Centre Siraba, anim\u00e9 par Serges Som\u00e9.<\/p>\n<p>FESTICO 2022 : malheureusement, le FESTICO n&rsquo;a pas pu avoir lieu en raison de la situation politique apr\u00e8s deux empires successifs et de la crise s\u00e9curitaire.<\/p>\n<p><strong>FESTICO 2021<\/strong> : rapport coming soon<\/p>\n<p><strong>FESTICO 2020:<br \/>\n26 f\u00e9vrier -02. mars 2020<br \/>\n<\/strong><\/p>\n<p><strong>FESTICO 2019:<br \/>\n<\/strong>20 au 24. Fevrier 2019 \u00ab\u00a0Culture, facteur de paix et de coh\u00e9sion sociale\u00a0\u00bb<\/p>\n<p><strong>FESTICO 2018:\u00a0<\/strong><\/p>\n<p>18.-24. f\u00e9vrier 2018<\/p>\n<p>LANAYA Production presents:<br \/>\n<strong>\u201cKreative Br\u00fccke mit Burkina Faso\u201d<\/strong><br \/>\n<strong>beim <a title=\"blocked::https:\/\/woka-kuma.de\/festico\" href=\"https:\/\/woka-kuma.de\/festico\" target=\"_blank\" rel=\"noopener\">FESTICO<\/a> in Burkina Faso<\/strong><br \/>\nTraditionelles Musik- &amp; Tanz-Festival in Colsama<\/p>\n<p><strong><a href=\"http:\/\/www.ahoi-kultur.de\" target=\"_blank\" rel=\"noopener\">AHOI<\/a> \u00fcbernahm dabei die k\u00fcnstlerische Leitung f\u00fcr die \u00ab\u00a0KREATIVE BR\u00dcCKE MIT BURKINA FASO\u00a0\u00bb<\/strong><br \/>\nKultur und sozialer Zusammenhalt f\u00fcr Schulkinder und Erwachsene<\/p>\n<p><strong>Retour sur le voyage du 18 f\u00e9vrier au 4 mars 2019 :<\/strong><\/p>\n<p><a href=\"https:\/\/woka-kuma.de\/wp-content\/uploads\/2019\/04\/52597934_2354164731272255_3520158215163609088_n.jpg\"><img decoding=\"async\" class=\"alignnone wp-image-556 size-medium\" src=\"https:\/\/woka-kuma.de\/wp-content\/uploads\/2019\/04\/52597934_2354164731272255_3520158215163609088_n-300x225.jpg\" alt=\"\" width=\"300\" height=\"225\" srcset=\"https:\/\/woka-kuma.de\/wp-content\/uploads\/2019\/04\/52597934_2354164731272255_3520158215163609088_n-300x225.jpg 300w, https:\/\/woka-kuma.de\/wp-content\/uploads\/2019\/04\/52597934_2354164731272255_3520158215163609088_n-768x576.jpg 768w, https:\/\/woka-kuma.de\/wp-content\/uploads\/2019\/04\/52597934_2354164731272255_3520158215163609088_n.jpg 960w\" sizes=\"(max-width: 300px) 100vw, 300px\" \/><\/a><\/p>\n<p><a href=\"https:\/\/woka-kuma.de\/wp-content\/uploads\/2019\/04\/52789752_287716218562850_3599997276329607168_n-1.jpg\"><img decoding=\"async\" class=\"alignnone wp-image-557 size-medium\" src=\"https:\/\/woka-kuma.de\/wp-content\/uploads\/2019\/04\/52789752_287716218562850_3599997276329607168_n-1-300x146.jpg\" alt=\"\" width=\"300\" height=\"146\" srcset=\"https:\/\/woka-kuma.de\/wp-content\/uploads\/2019\/04\/52789752_287716218562850_3599997276329607168_n-1-300x146.jpg 300w, https:\/\/woka-kuma.de\/wp-content\/uploads\/2019\/04\/52789752_287716218562850_3599997276329607168_n-1.jpg 640w\" sizes=\"(max-width: 300px) 100vw, 300px\" \/><\/a><\/p>\n<p><a href=\"https:\/\/woka-kuma.de\/wp-content\/uploads\/2019\/04\/wdYgBug.jpeg\"><img decoding=\"async\" class=\"alignnone wp-image-558 size-medium\" src=\"https:\/\/woka-kuma.de\/wp-content\/uploads\/2019\/04\/wdYgBug-300x225.jpeg\" alt=\"\" width=\"300\" height=\"225\" srcset=\"https:\/\/woka-kuma.de\/wp-content\/uploads\/2019\/04\/wdYgBug-300x225.jpeg 300w, https:\/\/woka-kuma.de\/wp-content\/uploads\/2019\/04\/wdYgBug-768x576.jpeg 768w, https:\/\/woka-kuma.de\/wp-content\/uploads\/2019\/04\/wdYgBug-1024x768.jpeg 1024w, https:\/\/woka-kuma.de\/wp-content\/uploads\/2019\/04\/wdYgBug.jpeg 1280w\" sizes=\"(max-width: 300px) 100vw, 300px\" \/><\/a><\/p>\n<p><strong>FESTICO 2014:<\/strong><br \/>\n<a href=\"http:\/\/lefaso.net\/spip.php?article57353&amp;rubrique18\" target=\"_blank\" rel=\"noopener\">Artikel \u00fcber FESTICO 2014<\/a> auf: www.lefaso.net<br \/>\n<a href=\"https:\/\/www.youtube.com\/watch?v=edqflCt5JKk\" target=\"_blank\" rel=\"noopener\">Troupe Orodara Sidiki d&rsquo;Orodara live\u00a0<\/a> &#8211; FESTICO 2014.<br \/>\n<a href=\"https:\/\/www.youtube.com\/watch?v=-PobS-npAEs\" target=\"_blank\" rel=\"noopener\">Salimata Diabate live<\/a> &#8211; FESTICO 2014<\/p>\n<p style=\"text-align: center;\"><strong>\u00a0<\/strong><\/p>\n<p><\/p>","protected":false},"excerpt":{"rendered":"<p>\u00a0Festival FESTICO \u00e0 Bobo-Dioulasso, Burkina Faso Festival de Danse et de Musique traditionnelle de Colsama FESTICO, Festival de Danse et de Musique traditionnelles de Colsama \u00e0 Bobo Dioulasso est organis\u00e9 par\u00a0Mahamadi &amp; Abdoul Aziz Sinka, l&rsquo;association\u00a0WOKA KUMA et l&rsquo;arrondissement n\u00b07\u00a0 de la ville. Au programme : danses, musiques, table rondes et bien plus ! Voyage [&hellip;]<\/p>\n","protected":false},"author":2,"featured_media":0,"parent":493,"menu_order":0,"comment_status":"closed","ping_status":"closed","template":"templates\/template-full-width.php","meta":{"footnotes":""},"class_list":["post-12","page","type-page","status-publish","hentry"],"yoast_head":"<!-- This site is optimized with the Yoast SEO plugin v27.3 - https:\/\/yoast.com\/product\/yoast-seo-wordpress\/ -->\n<title>Festico Burkina Faso - Woka-Kuma Deutschland e.V.<\/title>\n<meta name=\"robots\" content=\"index, follow, max-snippet:-1, max-image-preview:large, max-video-preview:-1\" \/>\n<link rel=\"canonical\" href=\"https:\/\/woka-kuma.de\/association-woka-kuma-burkina-faso\/festico-burkina-faso\/\" \/>\n<meta property=\"og:locale\" content=\"fr_FR\" \/>\n<meta property=\"og:type\" content=\"article\" \/>\n<meta property=\"og:title\" content=\"Festico Burkina Faso - Woka-Kuma Deutschland e.V.\" \/>\n<meta property=\"og:description\" content=\"\u00a0Festival FESTICO \u00e0 Bobo-Dioulasso, Burkina Faso Festival de Danse et de Musique traditionnelle de Colsama FESTICO, Festival de Danse et de Musique traditionnelles de Colsama \u00e0 Bobo Dioulasso est organis\u00e9 par\u00a0Mahamadi &amp; Abdoul Aziz Sinka, l&rsquo;association\u00a0WOKA KUMA et l&rsquo;arrondissement n\u00b07\u00a0 de la ville. Au programme : danses, musiques, table rondes et bien plus ! Voyage [&hellip;]\" \/>\n<meta property=\"og:url\" content=\"https:\/\/woka-kuma.de\/association-woka-kuma-burkina-faso\/festico-burkina-faso\/\" \/>\n<meta property=\"og:site_name\" content=\"Woka-Kuma Deutschland e.V.\" \/>\n<meta property=\"article:modified_time\" content=\"2025-12-22T11:50:51+00:00\" \/>\n<meta property=\"og:image\" content=\"https:\/\/woka-kuma.de\/wp-content\/uploads\/2019\/04\/wdYgBug.jpeg\" \/>\n\t<meta property=\"og:image:width\" content=\"1280\" \/>\n\t<meta property=\"og:image:height\" content=\"960\" \/>\n\t<meta property=\"og:image:type\" content=\"image\/jpeg\" \/>\n<meta name=\"twitter:card\" content=\"summary_large_image\" \/>\n<meta name=\"twitter:label1\" content=\"Dur\u00e9e de lecture estim\u00e9e\" \/>\n\t<meta name=\"twitter:data1\" content=\"19 minutes\" \/>\n<script type=\"application\/ld+json\" class=\"yoast-schema-graph\">{\"@context\":\"https:\\\/\\\/schema.org\",\"@graph\":[{\"@type\":\"WebPage\",\"@id\":\"https:\\\/\\\/woka-kuma.de\\\/association-woka-kuma-burkina-faso\\\/festico-burkina-faso\\\/\",\"url\":\"https:\\\/\\\/woka-kuma.de\\\/association-woka-kuma-burkina-faso\\\/festico-burkina-faso\\\/\",\"name\":\"Festico Burkina Faso - Woka-Kuma Deutschland e.V.\",\"isPartOf\":{\"@id\":\"https:\\\/\\\/woka-kuma.de\\\/#website\"},\"primaryImageOfPage\":{\"@id\":\"https:\\\/\\\/woka-kuma.de\\\/association-woka-kuma-burkina-faso\\\/festico-burkina-faso\\\/#primaryimage\"},\"image\":{\"@id\":\"https:\\\/\\\/woka-kuma.de\\\/association-woka-kuma-burkina-faso\\\/festico-burkina-faso\\\/#primaryimage\"},\"thumbnailUrl\":\"https:\\\/\\\/woka-kuma.de\\\/wp-content\\\/uploads\\\/2019\\\/04\\\/wdYgBug-300x225.jpeg\",\"datePublished\":\"2016-06-01T07:43:05+00:00\",\"dateModified\":\"2025-12-22T11:50:51+00:00\",\"breadcrumb\":{\"@id\":\"https:\\\/\\\/woka-kuma.de\\\/association-woka-kuma-burkina-faso\\\/festico-burkina-faso\\\/#breadcrumb\"},\"inLanguage\":\"fr-FR\",\"potentialAction\":[{\"@type\":\"ReadAction\",\"target\":[\"https:\\\/\\\/woka-kuma.de\\\/association-woka-kuma-burkina-faso\\\/festico-burkina-faso\\\/\"]}]},{\"@type\":\"ImageObject\",\"inLanguage\":\"fr-FR\",\"@id\":\"https:\\\/\\\/woka-kuma.de\\\/association-woka-kuma-burkina-faso\\\/festico-burkina-faso\\\/#primaryimage\",\"url\":\"https:\\\/\\\/woka-kuma.de\\\/wp-content\\\/uploads\\\/2019\\\/04\\\/wdYgBug-300x225.jpeg\",\"contentUrl\":\"https:\\\/\\\/woka-kuma.de\\\/wp-content\\\/uploads\\\/2019\\\/04\\\/wdYgBug-300x225.jpeg\"},{\"@type\":\"BreadcrumbList\",\"@id\":\"https:\\\/\\\/woka-kuma.de\\\/association-woka-kuma-burkina-faso\\\/festico-burkina-faso\\\/#breadcrumb\",\"itemListElement\":[{\"@type\":\"ListItem\",\"position\":1,\"name\":\"Startseite\",\"item\":\"https:\\\/\\\/woka-kuma.de\\\/\"},{\"@type\":\"ListItem\",\"position\":2,\"name\":\"Partnerverein Association Woka Kuma Burkina Faso\",\"item\":\"https:\\\/\\\/woka-kuma.de\\\/association-woka-kuma-burkina-faso\\\/\"},{\"@type\":\"ListItem\",\"position\":3,\"name\":\"Festico Burkina Faso\"}]},{\"@type\":\"WebSite\",\"@id\":\"https:\\\/\\\/woka-kuma.de\\\/#website\",\"url\":\"https:\\\/\\\/woka-kuma.de\\\/\",\"name\":\"Woka-Kuma Deutschland e.V.\",\"description\":\"\",\"publisher\":{\"@id\":\"https:\\\/\\\/woka-kuma.de\\\/#organization\"},\"potentialAction\":[{\"@type\":\"SearchAction\",\"target\":{\"@type\":\"EntryPoint\",\"urlTemplate\":\"https:\\\/\\\/woka-kuma.de\\\/?s={search_term_string}\"},\"query-input\":{\"@type\":\"PropertyValueSpecification\",\"valueRequired\":true,\"valueName\":\"search_term_string\"}}],\"inLanguage\":\"fr-FR\"},{\"@type\":\"Organization\",\"@id\":\"https:\\\/\\\/woka-kuma.de\\\/#organization\",\"name\":\"Woka-Kuma Deutschland e.V.\",\"url\":\"https:\\\/\\\/woka-kuma.de\\\/\",\"logo\":{\"@type\":\"ImageObject\",\"inLanguage\":\"fr-FR\",\"@id\":\"https:\\\/\\\/woka-kuma.de\\\/#\\\/schema\\\/logo\\\/image\\\/\",\"url\":\"https:\\\/\\\/woka-kuma.de\\\/wp-content\\\/uploads\\\/2020\\\/07\\\/Logo-Verein-2020-rund.png\",\"contentUrl\":\"https:\\\/\\\/woka-kuma.de\\\/wp-content\\\/uploads\\\/2020\\\/07\\\/Logo-Verein-2020-rund.png\",\"width\":1920,\"height\":1918,\"caption\":\"Woka-Kuma Deutschland e.V.\"},\"image\":{\"@id\":\"https:\\\/\\\/woka-kuma.de\\\/#\\\/schema\\\/logo\\\/image\\\/\"}}]}<\/script>\n<!-- \/ Yoast SEO plugin. -->","yoast_head_json":{"title":"Festico Burkina Faso - Woka-Kuma Deutschland e.V.","robots":{"index":"index","follow":"follow","max-snippet":"max-snippet:-1","max-image-preview":"max-image-preview:large","max-video-preview":"max-video-preview:-1"},"canonical":"https:\/\/woka-kuma.de\/association-woka-kuma-burkina-faso\/festico-burkina-faso\/","og_locale":"fr_FR","og_type":"article","og_title":"Festico Burkina Faso - Woka-Kuma Deutschland e.V.","og_description":"\u00a0Festival FESTICO \u00e0 Bobo-Dioulasso, Burkina Faso Festival de Danse et de Musique traditionnelle de Colsama FESTICO, Festival de Danse et de Musique traditionnelles de Colsama \u00e0 Bobo Dioulasso est organis\u00e9 par\u00a0Mahamadi &amp; Abdoul Aziz Sinka, l&rsquo;association\u00a0WOKA KUMA et l&rsquo;arrondissement n\u00b07\u00a0 de la ville. Au programme : danses, musiques, table rondes et bien plus ! Voyage [&hellip;]","og_url":"https:\/\/woka-kuma.de\/association-woka-kuma-burkina-faso\/festico-burkina-faso\/","og_site_name":"Woka-Kuma Deutschland e.V.","article_modified_time":"2025-12-22T11:50:51+00:00","og_image":[{"width":1280,"height":960,"url":"https:\/\/woka-kuma.de\/wp-content\/uploads\/2019\/04\/wdYgBug.jpeg","type":"image\/jpeg"}],"twitter_card":"summary_large_image","twitter_misc":{"Dur\u00e9e de lecture estim\u00e9e":"19 minutes"},"schema":{"@context":"https:\/\/schema.org","@graph":[{"@type":"WebPage","@id":"https:\/\/woka-kuma.de\/association-woka-kuma-burkina-faso\/festico-burkina-faso\/","url":"https:\/\/woka-kuma.de\/association-woka-kuma-burkina-faso\/festico-burkina-faso\/","name":"Festico Burkina Faso - Woka-Kuma Deutschland e.V.","isPartOf":{"@id":"https:\/\/woka-kuma.de\/#website"},"primaryImageOfPage":{"@id":"https:\/\/woka-kuma.de\/association-woka-kuma-burkina-faso\/festico-burkina-faso\/#primaryimage"},"image":{"@id":"https:\/\/woka-kuma.de\/association-woka-kuma-burkina-faso\/festico-burkina-faso\/#primaryimage"},"thumbnailUrl":"https:\/\/woka-kuma.de\/wp-content\/uploads\/2019\/04\/wdYgBug-300x225.jpeg","datePublished":"2016-06-01T07:43:05+00:00","dateModified":"2025-12-22T11:50:51+00:00","breadcrumb":{"@id":"https:\/\/woka-kuma.de\/association-woka-kuma-burkina-faso\/festico-burkina-faso\/#breadcrumb"},"inLanguage":"fr-FR","potentialAction":[{"@type":"ReadAction","target":["https:\/\/woka-kuma.de\/association-woka-kuma-burkina-faso\/festico-burkina-faso\/"]}]},{"@type":"ImageObject","inLanguage":"fr-FR","@id":"https:\/\/woka-kuma.de\/association-woka-kuma-burkina-faso\/festico-burkina-faso\/#primaryimage","url":"https:\/\/woka-kuma.de\/wp-content\/uploads\/2019\/04\/wdYgBug-300x225.jpeg","contentUrl":"https:\/\/woka-kuma.de\/wp-content\/uploads\/2019\/04\/wdYgBug-300x225.jpeg"},{"@type":"BreadcrumbList","@id":"https:\/\/woka-kuma.de\/association-woka-kuma-burkina-faso\/festico-burkina-faso\/#breadcrumb","itemListElement":[{"@type":"ListItem","position":1,"name":"Startseite","item":"https:\/\/woka-kuma.de\/"},{"@type":"ListItem","position":2,"name":"Partnerverein Association Woka Kuma Burkina Faso","item":"https:\/\/woka-kuma.de\/association-woka-kuma-burkina-faso\/"},{"@type":"ListItem","position":3,"name":"Festico Burkina Faso"}]},{"@type":"WebSite","@id":"https:\/\/woka-kuma.de\/#website","url":"https:\/\/woka-kuma.de\/","name":"Woka-Kuma Deutschland e.V.","description":"","publisher":{"@id":"https:\/\/woka-kuma.de\/#organization"},"potentialAction":[{"@type":"SearchAction","target":{"@type":"EntryPoint","urlTemplate":"https:\/\/woka-kuma.de\/?s={search_term_string}"},"query-input":{"@type":"PropertyValueSpecification","valueRequired":true,"valueName":"search_term_string"}}],"inLanguage":"fr-FR"},{"@type":"Organization","@id":"https:\/\/woka-kuma.de\/#organization","name":"Woka-Kuma Deutschland e.V.","url":"https:\/\/woka-kuma.de\/","logo":{"@type":"ImageObject","inLanguage":"fr-FR","@id":"https:\/\/woka-kuma.de\/#\/schema\/logo\/image\/","url":"https:\/\/woka-kuma.de\/wp-content\/uploads\/2020\/07\/Logo-Verein-2020-rund.png","contentUrl":"https:\/\/woka-kuma.de\/wp-content\/uploads\/2020\/07\/Logo-Verein-2020-rund.png","width":1920,"height":1918,"caption":"Woka-Kuma Deutschland e.V."},"image":{"@id":"https:\/\/woka-kuma.de\/#\/schema\/logo\/image\/"}}]}},"_links":{"self":[{"href":"https:\/\/woka-kuma.de\/fr\/wp-json\/wp\/v2\/pages\/12","targetHints":{"allow":["GET"]}}],"collection":[{"href":"https:\/\/woka-kuma.de\/fr\/wp-json\/wp\/v2\/pages"}],"about":[{"href":"https:\/\/woka-kuma.de\/fr\/wp-json\/wp\/v2\/types\/page"}],"author":[{"embeddable":true,"href":"https:\/\/woka-kuma.de\/fr\/wp-json\/wp\/v2\/users\/2"}],"replies":[{"embeddable":true,"href":"https:\/\/woka-kuma.de\/fr\/wp-json\/wp\/v2\/comments?post=12"}],"version-history":[{"count":99,"href":"https:\/\/woka-kuma.de\/fr\/wp-json\/wp\/v2\/pages\/12\/revisions"}],"predecessor-version":[{"id":2109,"href":"https:\/\/woka-kuma.de\/fr\/wp-json\/wp\/v2\/pages\/12\/revisions\/2109"}],"up":[{"embeddable":true,"href":"https:\/\/woka-kuma.de\/fr\/wp-json\/wp\/v2\/pages\/493"}],"wp:attachment":[{"href":"https:\/\/woka-kuma.de\/fr\/wp-json\/wp\/v2\/media?parent=12"}],"curies":[{"name":"wp","href":"https:\/\/api.w.org\/{rel}","templated":true}]}}