{"id":112,"date":"2016-06-01T15:45:58","date_gmt":"2016-06-01T15:45:58","guid":{"rendered":"https:\/\/woka-kuma.de\/?page_id=112"},"modified":"2022-08-09T08:48:34","modified_gmt":"2022-08-09T08:48:34","slug":"tanz-trommel-workshops","status":"publish","type":"page","link":"https:\/\/woka-kuma.de\/fr\/wokakuma-festival\/festival-2018\/tanz-trommel-workshops\/","title":{"rendered":"Ateliers de djemb\u00e9 et de danse"},"content":{"rendered":"<p><a href=\"https:\/\/www.facebook.com\/events\/198653314189927\/\"><strong>Atelier Djemb\u00e9 avec M\u00e9lissa Hi\u00e9<\/strong><\/a><br \/>\nin Berlin am 8. und 9. September 2018.<br \/>\nAn beiden Tagen:<br \/>\n12.00 -13.30 Uhr Anf\u00e4nger*Innen<br \/>\n14.00 &#8211; 15.30 Uhr Fortgeschrittene<\/p>\n<p>Im Afrika Center.<br \/>\nHohenstaufenstr 3, 10781 Berlin<br \/>\nF\u00fcr mehr Informationen und Anmeldung f\u00fcr den Workshop: wokakuma1@gmail.com oder +49 172 9474390<\/p>\n<p><strong>Atelier de danse avec Ahmed Soura &#8211;\u00a0<\/strong>Afrocontemporary Dance<br \/>\nSamstag , 08.09.<br \/>\n13.30 -15.15 Uhr Anf\u00e4nger*innen<br \/>\n15.30 &#8211; 17.30 Uhr Fortgeschrittene<br \/>\nSonntag, 09.09.<br \/>\n11.30-13.15 Uhr Anf\u00e4nger*innen<br \/>\n13.30 &#8211; 15.30 Uhr Fortgeschrittene<\/p>\n<p>Papillon Tanzstudios am Ostkreuz<br \/>\nG\u00fcrtelstr. 25, 10247 Berlin<br \/>\nwww.papillon-tanz.de<\/p>\n<p>Teilnahmegeb\u00fchr:<br \/>\n1 Kurs 30,-\u20ac; 2 Kurse 55,-\u20ac<br \/>\n3 Kurse 70,-\u20ac; 4 Kurse 90,-\u20ac<\/p>\n<p>Anmeldungen bei wokakuma1@gmail.com<\/p>\n<p><strong>Ahmed Soura &#8211; T\u00e4nzer<\/strong><br \/>\nStudium Institut National de Formation Artistique et Culturelle (INAFAC) vom National Ballet of Burkina Faso<br \/>\nEr arbeitete mit Salia Sanou, Seydou Boro, Angelin Preljocaj, Carolyn Carlson, Gregory Maqoma, Krisztina de Chatel, Mathilde Monnier, Christina de Smedt, Xavier Le Roy, Jan Ristema, Loic Touze, Mette Ingvarsten, Andros Zinsbrowne, Claude Espinassier und Anna Falcidia. Seit 2006 k\u00fcnstlerischer Leiter der traditionellen Tanzkompagnie \u00ab\u00a0K\u00d4RO\u201d.<br \/>\n2011 gewann er den 3. Preis \u00ab\u00a0Internationalen Solo-Tanz-Theater Festival\u201d Stuttgart. 2014 Tanztage Berlin mit Solo \u00ab\u00a0AU PRET DU TEMPS\u00a0\u00bb und Monsun-Theater Hamburg.<br \/>\n2010 &#8211; 15 tourt er mit Christoph Schlingensiefs \u00ab\u00a0Via Intolleranza II\u201d durch Europa und pendelt zwischen den Kontinenten.<br \/>\n<a href=\"https:\/\/www.youtube.com\/watch?v=5WBncjGPuZg\">Youtube-Ausschnitt: Afro Tanzmarathon 2015 &#8211; Live Tanz-Perkussion Ahmed Soura .<\/a><\/p>","protected":false},"excerpt":{"rendered":"<p>Atelier Djemb\u00e9 avec M\u00e9lissa Hi\u00e9 in Berlin am 8. und 9. September 2018. An beiden Tagen: 12.00 -13.30 Uhr Anf\u00e4nger*Innen 14.00 &#8211; 15.30 Uhr Fortgeschrittene Im Afrika Center. Hohenstaufenstr 3, 10781 Berlin F\u00fcr mehr Informationen und Anmeldung f\u00fcr den Workshop: wokakuma1@gmail.com oder +49 172 9474390 Atelier de danse avec Ahmed Soura &#8211;\u00a0Afrocontemporary Dance Samstag , [&hellip;]<\/p>\n","protected":false},"author":2,"featured_media":0,"parent":472,"menu_order":0,"comment_status":"closed","ping_status":"closed","template":"templates\/template-full-width.php","meta":{"footnotes":""},"class_list":["post-112","page","type-page","status-publish","hentry"],"yoast_head":"<!-- This site is optimized with the Yoast SEO plugin v27.3 - https:\/\/yoast.com\/product\/yoast-seo-wordpress\/ -->\n<title>Ateliers de djemb\u00e9 et de danse - Woka-Kuma Deutschland e.V.<\/title>\n<meta name=\"robots\" content=\"index, follow, max-snippet:-1, max-image-preview:large, max-video-preview:-1\" \/>\n<link rel=\"canonical\" href=\"https:\/\/woka-kuma.de\/wokakuma-festival\/festival-2018\/tanz-trommel-workshops\/\" \/>\n<meta property=\"og:locale\" content=\"fr_FR\" \/>\n<meta property=\"og:type\" content=\"article\" \/>\n<meta property=\"og:title\" content=\"[:de]Tanz &amp; Trommel - Workshops[:en]Djembe and dance workshops[:fr]Ateliers de djemb\u00e9 et de danse[:] - Woka-Kuma Deutschland e.V.\" \/>\n<meta property=\"og:description\" content=\"Atelier Djemb\u00e9 avec M\u00e9lissa Hi\u00e9 in Berlin am 8. und 9. September 2018. An beiden Tagen: 12.00 -13.30 Uhr Anf\u00e4nger*Innen 14.00 &#8211; 15.30 Uhr Fortgeschrittene Im Afrika Center. Hohenstaufenstr 3, 10781 Berlin F\u00fcr mehr Informationen und Anmeldung f\u00fcr den Workshop: wokakuma1@gmail.com oder +49 172 9474390 Atelier de danse avec Ahmed Soura &#8211;\u00a0Afrocontemporary Dance Samstag , [&hellip;]\" \/>\n<meta property=\"og:url\" content=\"https:\/\/woka-kuma.de\/wokakuma-festival\/festival-2018\/tanz-trommel-workshops\/\" \/>\n<meta property=\"og:site_name\" content=\"Woka-Kuma Deutschland e.V.\" \/>\n<meta property=\"article:modified_time\" content=\"2022-08-09T08:48:34+00:00\" \/>\n<meta name=\"twitter:card\" content=\"summary_large_image\" \/>\n<meta name=\"twitter:label1\" content=\"Dur\u00e9e de lecture estim\u00e9e\" \/>\n\t<meta name=\"twitter:data1\" content=\"4 minutes\" \/>\n<script type=\"application\/ld+json\" class=\"yoast-schema-graph\">{\"@context\":\"https:\\\/\\\/schema.org\",\"@graph\":[{\"@type\":\"WebPage\",\"@id\":\"https:\\\/\\\/woka-kuma.de\\\/wokakuma-festival\\\/festival-2018\\\/tanz-trommel-workshops\\\/\",\"url\":\"https:\\\/\\\/woka-kuma.de\\\/wokakuma-festival\\\/festival-2018\\\/tanz-trommel-workshops\\\/\",\"name\":\"[:de]Tanz & Trommel - Workshops[:en]Djembe and dance workshops[:fr]Ateliers de djemb\u00e9 et de danse[:] - Woka-Kuma Deutschland e.V.\",\"isPartOf\":{\"@id\":\"https:\\\/\\\/woka-kuma.de\\\/#website\"},\"datePublished\":\"2016-06-01T15:45:58+00:00\",\"dateModified\":\"2022-08-09T08:48:34+00:00\",\"breadcrumb\":{\"@id\":\"https:\\\/\\\/woka-kuma.de\\\/wokakuma-festival\\\/festival-2018\\\/tanz-trommel-workshops\\\/#breadcrumb\"},\"inLanguage\":\"fr-FR\",\"potentialAction\":[{\"@type\":\"ReadAction\",\"target\":[\"https:\\\/\\\/woka-kuma.de\\\/wokakuma-festival\\\/festival-2018\\\/tanz-trommel-workshops\\\/\"]}]},{\"@type\":\"BreadcrumbList\",\"@id\":\"https:\\\/\\\/woka-kuma.de\\\/wokakuma-festival\\\/festival-2018\\\/tanz-trommel-workshops\\\/#breadcrumb\",\"itemListElement\":[{\"@type\":\"ListItem\",\"position\":1,\"name\":\"Startseite\",\"item\":\"https:\\\/\\\/woka-kuma.de\\\/\"},{\"@type\":\"ListItem\",\"position\":2,\"name\":\"Woka Kuma Festival\",\"item\":\"https:\\\/\\\/woka-kuma.de\\\/wokakuma-festival\\\/\"},{\"@type\":\"ListItem\",\"position\":3,\"name\":\"Festival 2018\",\"item\":\"https:\\\/\\\/woka-kuma.de\\\/wokakuma-festival\\\/festival-2018\\\/\"},{\"@type\":\"ListItem\",\"position\":4,\"name\":\"Tanz &#038; Trommel &#8211; Workshops\"}]},{\"@type\":\"WebSite\",\"@id\":\"https:\\\/\\\/woka-kuma.de\\\/#website\",\"url\":\"https:\\\/\\\/woka-kuma.de\\\/\",\"name\":\"Woka-Kuma Deutschland e.V.\",\"description\":\"\",\"publisher\":{\"@id\":\"https:\\\/\\\/woka-kuma.de\\\/#organization\"},\"potentialAction\":[{\"@type\":\"SearchAction\",\"target\":{\"@type\":\"EntryPoint\",\"urlTemplate\":\"https:\\\/\\\/woka-kuma.de\\\/?s={search_term_string}\"},\"query-input\":{\"@type\":\"PropertyValueSpecification\",\"valueRequired\":true,\"valueName\":\"search_term_string\"}}],\"inLanguage\":\"fr-FR\"},{\"@type\":\"Organization\",\"@id\":\"https:\\\/\\\/woka-kuma.de\\\/#organization\",\"name\":\"Woka-Kuma Deutschland e.V.\",\"url\":\"https:\\\/\\\/woka-kuma.de\\\/\",\"logo\":{\"@type\":\"ImageObject\",\"inLanguage\":\"fr-FR\",\"@id\":\"https:\\\/\\\/woka-kuma.de\\\/#\\\/schema\\\/logo\\\/image\\\/\",\"url\":\"https:\\\/\\\/woka-kuma.de\\\/wp-content\\\/uploads\\\/2020\\\/07\\\/Logo-Verein-2020-rund.png\",\"contentUrl\":\"https:\\\/\\\/woka-kuma.de\\\/wp-content\\\/uploads\\\/2020\\\/07\\\/Logo-Verein-2020-rund.png\",\"width\":1920,\"height\":1918,\"caption\":\"Woka-Kuma Deutschland e.V.\"},\"image\":{\"@id\":\"https:\\\/\\\/woka-kuma.de\\\/#\\\/schema\\\/logo\\\/image\\\/\"}}]}<\/script>\n<!-- \/ Yoast SEO plugin. -->","yoast_head_json":{"title":"[:de]Tanz & Trommel - Workshops[:en]Djembe and dance workshops[:fr]Ateliers de djemb\u00e9 et de danse[:] - Woka-Kuma Deutschland e.V.","robots":{"index":"index","follow":"follow","max-snippet":"max-snippet:-1","max-image-preview":"max-image-preview:large","max-video-preview":"max-video-preview:-1"},"canonical":"https:\/\/woka-kuma.de\/wokakuma-festival\/festival-2018\/tanz-trommel-workshops\/","og_locale":"fr_FR","og_type":"article","og_title":"[:de]Tanz & Trommel - Workshops[:en]Djembe and dance workshops[:fr]Ateliers de djemb\u00e9 et de danse[:] - Woka-Kuma Deutschland e.V.","og_description":"Atelier Djemb\u00e9 avec M\u00e9lissa Hi\u00e9 in Berlin am 8. und 9. September 2018. An beiden Tagen: 12.00 -13.30 Uhr Anf\u00e4nger*Innen 14.00 &#8211; 15.30 Uhr Fortgeschrittene Im Afrika Center. Hohenstaufenstr 3, 10781 Berlin F\u00fcr mehr Informationen und Anmeldung f\u00fcr den Workshop: wokakuma1@gmail.com oder +49 172 9474390 Atelier de danse avec Ahmed Soura &#8211;\u00a0Afrocontemporary Dance Samstag , [&hellip;]","og_url":"https:\/\/woka-kuma.de\/wokakuma-festival\/festival-2018\/tanz-trommel-workshops\/","og_site_name":"Woka-Kuma Deutschland e.V.","article_modified_time":"2022-08-09T08:48:34+00:00","twitter_card":"summary_large_image","twitter_misc":{"Dur\u00e9e de lecture estim\u00e9e":"4 minutes"},"schema":{"@context":"https:\/\/schema.org","@graph":[{"@type":"WebPage","@id":"https:\/\/woka-kuma.de\/wokakuma-festival\/festival-2018\/tanz-trommel-workshops\/","url":"https:\/\/woka-kuma.de\/wokakuma-festival\/festival-2018\/tanz-trommel-workshops\/","name":"[:de]Tanz & Trommel - Workshops[:en]Djembe and dance workshops[:fr]Ateliers de djemb\u00e9 et de danse[:] - Woka-Kuma Deutschland e.V.","isPartOf":{"@id":"https:\/\/woka-kuma.de\/#website"},"datePublished":"2016-06-01T15:45:58+00:00","dateModified":"2022-08-09T08:48:34+00:00","breadcrumb":{"@id":"https:\/\/woka-kuma.de\/wokakuma-festival\/festival-2018\/tanz-trommel-workshops\/#breadcrumb"},"inLanguage":"fr-FR","potentialAction":[{"@type":"ReadAction","target":["https:\/\/woka-kuma.de\/wokakuma-festival\/festival-2018\/tanz-trommel-workshops\/"]}]},{"@type":"BreadcrumbList","@id":"https:\/\/woka-kuma.de\/wokakuma-festival\/festival-2018\/tanz-trommel-workshops\/#breadcrumb","itemListElement":[{"@type":"ListItem","position":1,"name":"Startseite","item":"https:\/\/woka-kuma.de\/"},{"@type":"ListItem","position":2,"name":"Woka Kuma Festival","item":"https:\/\/woka-kuma.de\/wokakuma-festival\/"},{"@type":"ListItem","position":3,"name":"Festival 2018","item":"https:\/\/woka-kuma.de\/wokakuma-festival\/festival-2018\/"},{"@type":"ListItem","position":4,"name":"Tanz &#038; Trommel &#8211; Workshops"}]},{"@type":"WebSite","@id":"https:\/\/woka-kuma.de\/#website","url":"https:\/\/woka-kuma.de\/","name":"Woka-Kuma Deutschland e.V.","description":"","publisher":{"@id":"https:\/\/woka-kuma.de\/#organization"},"potentialAction":[{"@type":"SearchAction","target":{"@type":"EntryPoint","urlTemplate":"https:\/\/woka-kuma.de\/?s={search_term_string}"},"query-input":{"@type":"PropertyValueSpecification","valueRequired":true,"valueName":"search_term_string"}}],"inLanguage":"fr-FR"},{"@type":"Organization","@id":"https:\/\/woka-kuma.de\/#organization","name":"Woka-Kuma Deutschland e.V.","url":"https:\/\/woka-kuma.de\/","logo":{"@type":"ImageObject","inLanguage":"fr-FR","@id":"https:\/\/woka-kuma.de\/#\/schema\/logo\/image\/","url":"https:\/\/woka-kuma.de\/wp-content\/uploads\/2020\/07\/Logo-Verein-2020-rund.png","contentUrl":"https:\/\/woka-kuma.de\/wp-content\/uploads\/2020\/07\/Logo-Verein-2020-rund.png","width":1920,"height":1918,"caption":"Woka-Kuma Deutschland e.V."},"image":{"@id":"https:\/\/woka-kuma.de\/#\/schema\/logo\/image\/"}}]}},"_links":{"self":[{"href":"https:\/\/woka-kuma.de\/fr\/wp-json\/wp\/v2\/pages\/112","targetHints":{"allow":["GET"]}}],"collection":[{"href":"https:\/\/woka-kuma.de\/fr\/wp-json\/wp\/v2\/pages"}],"about":[{"href":"https:\/\/woka-kuma.de\/fr\/wp-json\/wp\/v2\/types\/page"}],"author":[{"embeddable":true,"href":"https:\/\/woka-kuma.de\/fr\/wp-json\/wp\/v2\/users\/2"}],"replies":[{"embeddable":true,"href":"https:\/\/woka-kuma.de\/fr\/wp-json\/wp\/v2\/comments?post=112"}],"version-history":[{"count":20,"href":"https:\/\/woka-kuma.de\/fr\/wp-json\/wp\/v2\/pages\/112\/revisions"}],"predecessor-version":[{"id":499,"href":"https:\/\/woka-kuma.de\/fr\/wp-json\/wp\/v2\/pages\/112\/revisions\/499"}],"up":[{"embeddable":true,"href":"https:\/\/woka-kuma.de\/fr\/wp-json\/wp\/v2\/pages\/472"}],"wp:attachment":[{"href":"https:\/\/woka-kuma.de\/fr\/wp-json\/wp\/v2\/media?parent=112"}],"curies":[{"name":"wp","href":"https:\/\/api.w.org\/{rel}","templated":true}]}}