{"id":106,"date":"2016-06-01T15:10:04","date_gmt":"2016-06-01T15:10:04","guid":{"rendered":"https:\/\/woka-kuma.de\/?page_id=106"},"modified":"2023-11-11T11:22:37","modified_gmt":"2023-11-11T11:22:37","slug":"projekte","status":"publish","type":"page","link":"https:\/\/woka-kuma.de\/fr\/projekte\/","title":{"rendered":"Projets"},"content":{"rendered":"<p>Woka-Kuma Deutschland e.V. est une association de promotion des projets et des besoins de la premi\u00e8re base au Burkina Faso, surtout dans la r\u00e9gion de Bobo-Dioulasso, o\u00f9 est organis\u00e9e notre association partenaire Association Woka-Kuma Burkina Faso. Selon ses statuts, l&rsquo;association agit surtout dans les domaines de la sant\u00e9, de l&rsquo;\u00e9ducation et de la culture.<\/p>\n<p>Nos actions de collecte de fonds sont toujours \u00e9troitement coordonn\u00e9es avec notre association partenaire et la commune sur place, de sorte que les besoins soient clarifi\u00e9s \u00e0 l&rsquo;avance.<\/p>\n<p>Si tu connais des personnes dans ton entourage qui s&rsquo;int\u00e9ressent \u00e0 notre engagement et qui souhaitent soutenir notre projet de dons, nous serions heureux de recevoir un message ou un don sur le compte de notre association.<\/p>\n<p>Titulaire du compte : Woka-Kuma Deutschland e.V.<br \/>\nIBAN : DE11 1009 0000 2768 8690 09<br \/>\nBIC : BEVODEBB<\/p>\n<p>Motif du virement : don Burkina Faso<\/p>\n<p>En cas de participation et si l&rsquo;adresse est indiqu\u00e9e, un re\u00e7u de don sera d\u00e9livr\u00e9.<\/p>","protected":false},"excerpt":{"rendered":"<p>Woka-Kuma Deutschland e.V. est une association de promotion des projets et des besoins de la premi\u00e8re base au Burkina Faso, surtout dans la r\u00e9gion de Bobo-Dioulasso, o\u00f9 est organis\u00e9e notre association partenaire Association Woka-Kuma Burkina Faso. Selon ses statuts, l&rsquo;association agit surtout dans les domaines de la sant\u00e9, de l&rsquo;\u00e9ducation et de la culture. Nos [&hellip;]<\/p>\n","protected":false},"author":2,"featured_media":0,"parent":0,"menu_order":2,"comment_status":"closed","ping_status":"closed","template":"templates\/template-full-width.php","meta":{"footnotes":""},"class_list":["post-106","page","type-page","status-publish","hentry"],"yoast_head":"<!-- This site is optimized with the Yoast SEO plugin v27.4 - https:\/\/yoast.com\/product\/yoast-seo-wordpress\/ -->\n<title>Projets - Woka-Kuma Deutschland e.V.<\/title>\n<meta name=\"description\" content=\"\u00dcbersicht \u00fcber Projekte in Burkina Faso, Woka Kuma Deutschland e.V. engagiert sich, F\u00f6rderverein [:de]Projekte[:en]Projects[:fr]Projets[:]\" \/>\n<meta name=\"robots\" content=\"index, follow, max-snippet:-1, max-image-preview:large, max-video-preview:-1\" \/>\n<link rel=\"canonical\" href=\"https:\/\/woka-kuma.de\/projekte\/\" \/>\n<meta property=\"og:locale\" content=\"fr_FR\" \/>\n<meta property=\"og:type\" content=\"article\" \/>\n<meta property=\"og:title\" content=\"[:de]Projekte[:en]Projects[:fr]Projets[:] - Woka-Kuma Deutschland e.V.\" \/>\n<meta property=\"og:description\" content=\"\u00dcbersicht \u00fcber Projekte in Burkina Faso, Woka Kuma Deutschland e.V. engagiert sich, F\u00f6rderverein [:de]Projekte[:en]Projects[:fr]Projets[:]\" \/>\n<meta property=\"og:url\" content=\"https:\/\/woka-kuma.de\/projekte\/\" \/>\n<meta property=\"og:site_name\" content=\"Woka-Kuma Deutschland e.V.\" \/>\n<meta property=\"article:modified_time\" content=\"2023-11-11T11:22:37+00:00\" \/>\n<meta name=\"twitter:card\" content=\"summary_large_image\" \/>\n<meta name=\"twitter:label1\" content=\"Dur\u00e9e de lecture estim\u00e9e\" \/>\n\t<meta name=\"twitter:data1\" content=\"1 minute\" \/>\n<script type=\"application\/ld+json\" class=\"yoast-schema-graph\">{\"@context\":\"https:\\\/\\\/schema.org\",\"@graph\":[{\"@type\":\"WebPage\",\"@id\":\"https:\\\/\\\/woka-kuma.de\\\/projekte\\\/\",\"url\":\"https:\\\/\\\/woka-kuma.de\\\/projekte\\\/\",\"name\":\"[:de]Projekte[:en]Projects[:fr]Projets[:] - Woka-Kuma Deutschland e.V.\",\"isPartOf\":{\"@id\":\"https:\\\/\\\/woka-kuma.de\\\/#website\"},\"datePublished\":\"2016-06-01T15:10:04+00:00\",\"dateModified\":\"2023-11-11T11:22:37+00:00\",\"description\":\"\u00dcbersicht \u00fcber Projekte in Burkina Faso, Woka Kuma Deutschland e.V. engagiert sich, F\u00f6rderverein [:de]Projekte[:en]Projects[:fr]Projets[:]\",\"breadcrumb\":{\"@id\":\"https:\\\/\\\/woka-kuma.de\\\/projekte\\\/#breadcrumb\"},\"inLanguage\":\"fr-FR\",\"potentialAction\":[{\"@type\":\"ReadAction\",\"target\":[\"https:\\\/\\\/woka-kuma.de\\\/projekte\\\/\"]}]},{\"@type\":\"BreadcrumbList\",\"@id\":\"https:\\\/\\\/woka-kuma.de\\\/projekte\\\/#breadcrumb\",\"itemListElement\":[{\"@type\":\"ListItem\",\"position\":1,\"name\":\"Startseite\",\"item\":\"https:\\\/\\\/woka-kuma.de\\\/\"},{\"@type\":\"ListItem\",\"position\":2,\"name\":\"Projekte\"}]},{\"@type\":\"WebSite\",\"@id\":\"https:\\\/\\\/woka-kuma.de\\\/#website\",\"url\":\"https:\\\/\\\/woka-kuma.de\\\/\",\"name\":\"Woka-Kuma Deutschland e.V.\",\"description\":\"\",\"publisher\":{\"@id\":\"https:\\\/\\\/woka-kuma.de\\\/#organization\"},\"potentialAction\":[{\"@type\":\"SearchAction\",\"target\":{\"@type\":\"EntryPoint\",\"urlTemplate\":\"https:\\\/\\\/woka-kuma.de\\\/?s={search_term_string}\"},\"query-input\":{\"@type\":\"PropertyValueSpecification\",\"valueRequired\":true,\"valueName\":\"search_term_string\"}}],\"inLanguage\":\"fr-FR\"},{\"@type\":\"Organization\",\"@id\":\"https:\\\/\\\/woka-kuma.de\\\/#organization\",\"name\":\"Woka-Kuma Deutschland e.V.\",\"url\":\"https:\\\/\\\/woka-kuma.de\\\/\",\"logo\":{\"@type\":\"ImageObject\",\"inLanguage\":\"fr-FR\",\"@id\":\"https:\\\/\\\/woka-kuma.de\\\/#\\\/schema\\\/logo\\\/image\\\/\",\"url\":\"https:\\\/\\\/woka-kuma.de\\\/wp-content\\\/uploads\\\/2020\\\/07\\\/Logo-Verein-2020-rund.png\",\"contentUrl\":\"https:\\\/\\\/woka-kuma.de\\\/wp-content\\\/uploads\\\/2020\\\/07\\\/Logo-Verein-2020-rund.png\",\"width\":1920,\"height\":1918,\"caption\":\"Woka-Kuma Deutschland e.V.\"},\"image\":{\"@id\":\"https:\\\/\\\/woka-kuma.de\\\/#\\\/schema\\\/logo\\\/image\\\/\"}}]}<\/script>\n<!-- \/ Yoast SEO plugin. -->","yoast_head_json":{"title":"[:de]Projekte[:en]Projects[:fr]Projets[:] - Woka-Kuma Deutschland e.V.","description":"\u00dcbersicht \u00fcber Projekte in Burkina Faso, Woka Kuma Deutschland e.V. engagiert sich, F\u00f6rderverein [:de]Projekte[:en]Projects[:fr]Projets[:]","robots":{"index":"index","follow":"follow","max-snippet":"max-snippet:-1","max-image-preview":"max-image-preview:large","max-video-preview":"max-video-preview:-1"},"canonical":"https:\/\/woka-kuma.de\/projekte\/","og_locale":"fr_FR","og_type":"article","og_title":"[:de]Projekte[:en]Projects[:fr]Projets[:] - Woka-Kuma Deutschland e.V.","og_description":"\u00dcbersicht \u00fcber Projekte in Burkina Faso, Woka Kuma Deutschland e.V. engagiert sich, F\u00f6rderverein [:de]Projekte[:en]Projects[:fr]Projets[:]","og_url":"https:\/\/woka-kuma.de\/projekte\/","og_site_name":"Woka-Kuma Deutschland e.V.","article_modified_time":"2023-11-11T11:22:37+00:00","twitter_card":"summary_large_image","twitter_misc":{"Dur\u00e9e de lecture estim\u00e9e":"1 minute"},"schema":{"@context":"https:\/\/schema.org","@graph":[{"@type":"WebPage","@id":"https:\/\/woka-kuma.de\/projekte\/","url":"https:\/\/woka-kuma.de\/projekte\/","name":"[:de]Projekte[:en]Projects[:fr]Projets[:] - Woka-Kuma Deutschland e.V.","isPartOf":{"@id":"https:\/\/woka-kuma.de\/#website"},"datePublished":"2016-06-01T15:10:04+00:00","dateModified":"2023-11-11T11:22:37+00:00","description":"\u00dcbersicht \u00fcber Projekte in Burkina Faso, Woka Kuma Deutschland e.V. engagiert sich, F\u00f6rderverein [:de]Projekte[:en]Projects[:fr]Projets[:]","breadcrumb":{"@id":"https:\/\/woka-kuma.de\/projekte\/#breadcrumb"},"inLanguage":"fr-FR","potentialAction":[{"@type":"ReadAction","target":["https:\/\/woka-kuma.de\/projekte\/"]}]},{"@type":"BreadcrumbList","@id":"https:\/\/woka-kuma.de\/projekte\/#breadcrumb","itemListElement":[{"@type":"ListItem","position":1,"name":"Startseite","item":"https:\/\/woka-kuma.de\/"},{"@type":"ListItem","position":2,"name":"Projekte"}]},{"@type":"WebSite","@id":"https:\/\/woka-kuma.de\/#website","url":"https:\/\/woka-kuma.de\/","name":"Woka-Kuma Deutschland e.V.","description":"","publisher":{"@id":"https:\/\/woka-kuma.de\/#organization"},"potentialAction":[{"@type":"SearchAction","target":{"@type":"EntryPoint","urlTemplate":"https:\/\/woka-kuma.de\/?s={search_term_string}"},"query-input":{"@type":"PropertyValueSpecification","valueRequired":true,"valueName":"search_term_string"}}],"inLanguage":"fr-FR"},{"@type":"Organization","@id":"https:\/\/woka-kuma.de\/#organization","name":"Woka-Kuma Deutschland e.V.","url":"https:\/\/woka-kuma.de\/","logo":{"@type":"ImageObject","inLanguage":"fr-FR","@id":"https:\/\/woka-kuma.de\/#\/schema\/logo\/image\/","url":"https:\/\/woka-kuma.de\/wp-content\/uploads\/2020\/07\/Logo-Verein-2020-rund.png","contentUrl":"https:\/\/woka-kuma.de\/wp-content\/uploads\/2020\/07\/Logo-Verein-2020-rund.png","width":1920,"height":1918,"caption":"Woka-Kuma Deutschland e.V."},"image":{"@id":"https:\/\/woka-kuma.de\/#\/schema\/logo\/image\/"}}]}},"_links":{"self":[{"href":"https:\/\/woka-kuma.de\/fr\/wp-json\/wp\/v2\/pages\/106","targetHints":{"allow":["GET"]}}],"collection":[{"href":"https:\/\/woka-kuma.de\/fr\/wp-json\/wp\/v2\/pages"}],"about":[{"href":"https:\/\/woka-kuma.de\/fr\/wp-json\/wp\/v2\/types\/page"}],"author":[{"embeddable":true,"href":"https:\/\/woka-kuma.de\/fr\/wp-json\/wp\/v2\/users\/2"}],"replies":[{"embeddable":true,"href":"https:\/\/woka-kuma.de\/fr\/wp-json\/wp\/v2\/comments?post=106"}],"version-history":[{"count":25,"href":"https:\/\/woka-kuma.de\/fr\/wp-json\/wp\/v2\/pages\/106\/revisions"}],"predecessor-version":[{"id":1879,"href":"https:\/\/woka-kuma.de\/fr\/wp-json\/wp\/v2\/pages\/106\/revisions\/1879"}],"wp:attachment":[{"href":"https:\/\/woka-kuma.de\/fr\/wp-json\/wp\/v2\/media?parent=106"}],"curies":[{"name":"wp","href":"https:\/\/api.w.org\/{rel}","templated":true}]}}