{"id":618,"date":"2019-06-10T12:21:01","date_gmt":"2019-06-10T12:21:01","guid":{"rendered":"https:\/\/woka-kuma.de\/?page_id=618"},"modified":"2022-08-09T08:53:23","modified_gmt":"2022-08-09T08:53:23","slug":"kuenstlerinnen","status":"publish","type":"page","link":"https:\/\/woka-kuma.de\/en\/wokakuma-festival\/festival-2019\/kuenstlerinnen\/","title":{"rendered":"Artists"},"content":{"rendered":"<p><span style=\"font-family: Arial, sans-serif;\"><span style=\"font-size: medium;\"><strong><span style=\"color: #000000;\"><span style=\"font-size: large;\"><b>Alani Abdoussamadou<\/b><\/span><\/span><\/strong><\/span><\/span><\/p>\n<figure id=\"attachment_634\" aria-describedby=\"caption-attachment-634\" style=\"width: 226px\" class=\"wp-caption alignnone\"><a href=\"https:\/\/woka-kuma.de\/wp-content\/uploads\/2019\/06\/Alani.jpg\"><img decoding=\"async\" class=\" wp-image-634\" src=\"https:\/\/woka-kuma.de\/wp-content\/uploads\/2019\/06\/Alani-300x300.jpg\" alt=\"\" width=\"226\" height=\"215\" \/><\/a><figcaption id=\"caption-attachment-634\" class=\"wp-caption-text\">Alani<\/figcaption><\/figure>\n<hr \/>\n<p><strong><span style=\"color: #000000;\"><span style=\"font-family: Arial, sans-serif;\"><span style=\"font-size: medium;\">Ma\u00ef Lingani<\/span><\/span><\/span><\/strong><a href=\"https:\/\/woka-kuma.de\/wp-content\/uploads\/2019\/06\/60116708_2137026969729620_3315709555601571840_n.jpg\"><img decoding=\"async\" class=\"wp-image-619 alignright\" src=\"https:\/\/woka-kuma.de\/wp-content\/uploads\/2019\/06\/60116708_2137026969729620_3315709555601571840_n-288x300.jpg\" alt=\"\" width=\"175\" height=\"171\" \/><\/a><\/p>\n<p><span style=\"color: #000000;\"><span style=\"font-family: Arial, sans-serif;\"><span style=\"font-size: medium;\">Ma\u00ef Lingani est une chanteuse, auteur-compositeur et danseuse burkinab\u00e9.\u00a0<\/span><\/span><\/span><span style=\"color: #000000;\"><span style=\"font-family: Arial, sans-serif;\"><span style=\"font-size: medium;\">Elle est la pr\u00e9sidente de l&#8217;ABFAM\u00a0: Association burkinab\u00e9 des femmes artistes musiciennes.<\/span><\/span><\/span><\/p>\n<p><span style=\"color: #000000;\"><span style=\"font-family: Arial, sans-serif;\"><span style=\"font-size: medium;\">N\u00e9e au Burkina Faso, elle a grandi en C\u00f4te d&#8217;Ivoire o\u00f9 elle se forme \u00e0 la sc\u00e8ne \u00e0<\/span><\/span><\/span><span style=\"color: #000000;\"><span style=\"font-family: Arial, sans-serif;\"><span style=\"font-size: medium;\"> l\u2019Institut National des Arts et des Actions Culturelles (INSAAC) d\u2019Abidjan. De retour au Burkina Faso, elle<\/span><\/span><\/span><span style=\"color: #000000;\"><span style=\"font-family: Arial, sans-serif;\"><span style=\"font-size: medium;\"> entame rapidement une carri\u00e8re internationale.<br \/>\n<\/span><\/span><\/span><span style=\"color: #000000;\"><span style=\"font-family: Arial, sans-serif;\"><span style=\"font-size: medium;\">En 2000, elle enregistre son 1er album solo \u00abEntrons dans la danse\u00bb. Cet\u00a0album,\u00a0chant\u00e9 en mor\u00e9, dioula, bissa et fran\u00e7ais rencontre un vif succ\u00e8s<br \/>\n<\/span><\/span><\/span><span style=\"color: #000000;\"><span style=\"font-family: Arial, sans-serif;\"><span style=\"font-size: medium;\">En 2004, elle cr\u00e9e le groupe Burkina Electric avec\u00a0<\/span><\/span><\/span><span style=\"color: #000000;\"><span style=\"font-family: Arial, sans-serif;\"><span style=\"font-size: medium;\">Lukas Ligeti batteur et compositeur autrichien install\u00e9 \u00e0 New-York et Kurt Dahlke alias Pyrolator, actif sur la sc\u00e8ne \u00e9lectro allemande depuis le d\u00e9but des ann\u00e9es 80.<\/span><\/span><\/span><\/p>\n<p><span style=\"color: #000000;\"><span style=\"font-family: Arial, sans-serif;\"><span style=\"font-size: medium;\">Depuis 2014 Mai Lingani a tourn\u00e9 en Europe et en Afrique au Burkina o\u00f9 elle r\u00e9alise des prestations sc\u00e9nique dans les Instituts Fran\u00e7ais, au Festival panafricain de Film le FESPACO en collaboration avec la grande chor\u00e9graphe et danseuse Irene Tassembedo et avec sa formation le Tangare band.<\/span><\/span><\/span><\/p>\n<p><span style=\"font-family: Arial, sans-serif; font-size: medium;\">Plus d&#8217;informations sur la carri\u00e8re\u00a0de Ma\u00ef Lingani sur <a href=\"https:\/\/www.mailingani.com\/\">son site internet.<\/a><\/span><\/p>\n<hr \/>\n<p><strong>Kanazo\u00e9 Orkestra<\/strong><strong><a href=\"https:\/\/woka-kuma.de\/wp-content\/uploads\/2019\/06\/60220472_669154896877509_9092524698540965888_n.jpg\"><img decoding=\"async\" class=\"wp-image-625 alignright\" src=\"https:\/\/woka-kuma.de\/wp-content\/uploads\/2019\/06\/60220472_669154896877509_9092524698540965888_n-300x200.jpg\" alt=\"\" width=\"257\" height=\"151\" \/><\/a><\/strong><\/p>\n<div><span lang=\"en-US\">This is the story of a traveling griot who, during his exile, takes the sound from tradition to magnify it through encounters. Born and raised in Burkina Faso, Seydou Diabat\u00e9, also known as, Kanazo\u00e9, and his balafon come together as one and his instrument becomes the voice of his stories. Exalted by his six musicians, he shines with his smile and generosity and his sticks become invisible they bounce so fast. Kanazo\u00e9 and his bandmates give us a powerful and moving music to dance to. With this second album, Kanazo\u00e9 Orkestra asserts itself as one of the pillars of West African music.<\/span><\/div>\n<div><span lang=\"en-US\">Alongside virtuoso Seydou \u201cKanazo\u00e9\u201d Diabat\u00e9, the band offers us a current and urban vision of the ancestral balafon rhythms.<\/span><\/div>\n<div><span lang=\"en-US\">TOLON SO [where we celebrate] TOLON SO [Kanazo\u00e9\u2019s birth place]<\/span><\/div>\n<div><span lang=\"en-US\">This double meaning reflects both the festive and dancing spirit of Kanazoe Orkestra&#8217;s music and the desire to claim ever more its African identity through the Sambla, Mandingo or Bambara sonority and the committed texts appealing to the union and independence of peoples.<\/span><\/div>\n<div><\/div>\n<div>\n<hr \/>\n<\/div>\n<div>\n<p><strong>Katouma Danse<\/strong><\/p>\n<figure id=\"attachment_628\" aria-describedby=\"caption-attachment-628\" style=\"width: 300px\" class=\"wp-caption alignright\"><a href=\"https:\/\/woka-kuma.de\/wp-content\/uploads\/2019\/06\/60345100_2169094343205495_5331211817827958784_n.jpg\"><img decoding=\"async\" class=\"size-medium wp-image-628\" src=\"https:\/\/woka-kuma.de\/wp-content\/uploads\/2019\/06\/60345100_2169094343205495_5331211817827958784_n-300x225.jpg\" alt=\"\" width=\"300\" height=\"225\" srcset=\"https:\/\/woka-kuma.de\/wp-content\/uploads\/2019\/06\/60345100_2169094343205495_5331211817827958784_n-300x225.jpg 300w, https:\/\/woka-kuma.de\/wp-content\/uploads\/2019\/06\/60345100_2169094343205495_5331211817827958784_n-768x576.jpg 768w, https:\/\/woka-kuma.de\/wp-content\/uploads\/2019\/06\/60345100_2169094343205495_5331211817827958784_n.jpg 960w\" sizes=\"(max-width: 300px) 100vw, 300px\" \/><\/a><figcaption id=\"caption-attachment-628\" class=\"wp-caption-text\">Katouma Danse<\/figcaption><\/figure>\n<p>Noumoutie Reggae Ouattara, n\u00e9 au village de Logofourousso, Burkina Faso, en 1971, est un chor\u00e9graphe renomm\u00e9 qui depuis 12 ans travaille entre l\u2019Italie et le Burkina pour valoriser et faire conna\u00eetre sa culture.<\/p>\n<p>Racin\u00e9 dans la culture Bobo, en 2008 Noumouti\u00e9 a fond\u00e9 une association qui s\u2019appelle\u00a0Katouma, \u00e9levez-vous en langue Bobo, qui a si\u00e8ge \u00e0 Turin, en Italie et \u00e0 Bobo-Dioulasso, dans l\u2019Espace Rencontre Culturel de Belleville, \u00e0 Bobo.<\/p>\n<p><em>Katouma danse\u00a0<\/em>est aussi le nom de sa compagnie de danse traditionnelle qui r\u00e9side \u00e0 Bobo-Dioulasso et qui a particip\u00e9 dans les derniers deux ans \u00e0 plusieurs festivals internationaux.<\/p>\n<p>Plus d&#8217;informations sur <a href=\"https:\/\/katoumadanse.wordpress.com\/2018\/10\/22\/projet-farafi-danza-et-lassociation-katouma\/\">katoumadanse.wordpress.com<\/a><\/p>\n<\/div>\n<div><\/div>\n<p><\/p>","protected":false},"excerpt":{"rendered":"<p>Alani Abdoussamadou Ma\u00ef Lingani Ma\u00ef Lingani est une chanteuse, auteur-compositeur et danseuse burkinab\u00e9.\u00a0Elle est la pr\u00e9sidente de l&#8217;ABFAM\u00a0: Association burkinab\u00e9 des femmes artistes musiciennes. N\u00e9e au Burkina Faso, elle a grandi en C\u00f4te d&#8217;Ivoire o\u00f9 elle se forme \u00e0 la sc\u00e8ne \u00e0 l\u2019Institut National des Arts et des Actions Culturelles (INSAAC) d\u2019Abidjan. De retour au [&hellip;]<\/p>\n","protected":false},"author":4,"featured_media":0,"parent":597,"menu_order":0,"comment_status":"closed","ping_status":"closed","template":"templates\/template-full-width.php","meta":{"footnotes":""},"class_list":["post-618","page","type-page","status-publish","hentry"],"yoast_head":"<!-- This site is optimized with the Yoast SEO plugin v27.4 - https:\/\/yoast.com\/product\/yoast-seo-wordpress\/ -->\n<title>Artists - Woka-Kuma Deutschland e.V.<\/title>\n<meta name=\"robots\" content=\"index, follow, max-snippet:-1, max-image-preview:large, max-video-preview:-1\" \/>\n<link rel=\"canonical\" href=\"https:\/\/woka-kuma.de\/wokakuma-festival\/festival-2019\/kuenstlerinnen\/\" \/>\n<meta property=\"og:locale\" content=\"en_US\" \/>\n<meta property=\"og:type\" content=\"article\" \/>\n<meta property=\"og:title\" content=\"[:de]K\u00fcnstlerinnen und K\u00fcnstler[:en]Artists[:fr]Artistes[:] - Woka-Kuma Deutschland e.V.\" \/>\n<meta property=\"og:description\" content=\"Alani Abdoussamadou Ma\u00ef Lingani Ma\u00ef Lingani est une chanteuse, auteur-compositeur et danseuse burkinab\u00e9.\u00a0Elle est la pr\u00e9sidente de l&#8217;ABFAM\u00a0: Association burkinab\u00e9 des femmes artistes musiciennes. N\u00e9e au Burkina Faso, elle a grandi en C\u00f4te d&#8217;Ivoire o\u00f9 elle se forme \u00e0 la sc\u00e8ne \u00e0 l\u2019Institut National des Arts et des Actions Culturelles (INSAAC) d\u2019Abidjan. De retour au [&hellip;]\" \/>\n<meta property=\"og:url\" content=\"https:\/\/woka-kuma.de\/wokakuma-festival\/festival-2019\/kuenstlerinnen\/\" \/>\n<meta property=\"og:site_name\" content=\"Woka-Kuma Deutschland e.V.\" \/>\n<meta property=\"article:modified_time\" content=\"2022-08-09T08:53:23+00:00\" \/>\n<meta property=\"og:image\" content=\"https:\/\/woka-kuma.de\/wp-content\/uploads\/2019\/06\/60116708_2137026969729620_3315709555601571840_n-288x300.jpg\" \/>\n<meta name=\"twitter:card\" content=\"summary_large_image\" \/>\n<meta name=\"twitter:label1\" content=\"Est. reading time\" \/>\n\t<meta name=\"twitter:data1\" content=\"13 minutes\" \/>\n<script type=\"application\/ld+json\" class=\"yoast-schema-graph\">{\"@context\":\"https:\\\/\\\/schema.org\",\"@graph\":[{\"@type\":\"WebPage\",\"@id\":\"https:\\\/\\\/woka-kuma.de\\\/wokakuma-festival\\\/festival-2019\\\/kuenstlerinnen\\\/\",\"url\":\"https:\\\/\\\/woka-kuma.de\\\/wokakuma-festival\\\/festival-2019\\\/kuenstlerinnen\\\/\",\"name\":\"[:de]K\u00fcnstlerinnen und K\u00fcnstler[:en]Artists[:fr]Artistes[:] - Woka-Kuma Deutschland e.V.\",\"isPartOf\":{\"@id\":\"https:\\\/\\\/woka-kuma.de\\\/#website\"},\"primaryImageOfPage\":{\"@id\":\"https:\\\/\\\/woka-kuma.de\\\/wokakuma-festival\\\/festival-2019\\\/kuenstlerinnen\\\/#primaryimage\"},\"image\":{\"@id\":\"https:\\\/\\\/woka-kuma.de\\\/wokakuma-festival\\\/festival-2019\\\/kuenstlerinnen\\\/#primaryimage\"},\"thumbnailUrl\":\"https:\\\/\\\/woka-kuma.de\\\/wp-content\\\/uploads\\\/2019\\\/06\\\/60116708_2137026969729620_3315709555601571840_n-288x300.jpg\",\"datePublished\":\"2019-06-10T12:21:01+00:00\",\"dateModified\":\"2022-08-09T08:53:23+00:00\",\"breadcrumb\":{\"@id\":\"https:\\\/\\\/woka-kuma.de\\\/wokakuma-festival\\\/festival-2019\\\/kuenstlerinnen\\\/#breadcrumb\"},\"inLanguage\":\"en-US\",\"potentialAction\":[{\"@type\":\"ReadAction\",\"target\":[\"https:\\\/\\\/woka-kuma.de\\\/wokakuma-festival\\\/festival-2019\\\/kuenstlerinnen\\\/\"]}]},{\"@type\":\"ImageObject\",\"inLanguage\":\"en-US\",\"@id\":\"https:\\\/\\\/woka-kuma.de\\\/wokakuma-festival\\\/festival-2019\\\/kuenstlerinnen\\\/#primaryimage\",\"url\":\"https:\\\/\\\/woka-kuma.de\\\/wp-content\\\/uploads\\\/2019\\\/06\\\/60116708_2137026969729620_3315709555601571840_n-288x300.jpg\",\"contentUrl\":\"https:\\\/\\\/woka-kuma.de\\\/wp-content\\\/uploads\\\/2019\\\/06\\\/60116708_2137026969729620_3315709555601571840_n-288x300.jpg\"},{\"@type\":\"BreadcrumbList\",\"@id\":\"https:\\\/\\\/woka-kuma.de\\\/wokakuma-festival\\\/festival-2019\\\/kuenstlerinnen\\\/#breadcrumb\",\"itemListElement\":[{\"@type\":\"ListItem\",\"position\":1,\"name\":\"Startseite\",\"item\":\"https:\\\/\\\/woka-kuma.de\\\/\"},{\"@type\":\"ListItem\",\"position\":2,\"name\":\"Woka Kuma Festival\",\"item\":\"https:\\\/\\\/woka-kuma.de\\\/wokakuma-festival\\\/\"},{\"@type\":\"ListItem\",\"position\":3,\"name\":\"Festival 2019\",\"item\":\"https:\\\/\\\/woka-kuma.de\\\/wokakuma-festival\\\/festival-2019\\\/\"},{\"@type\":\"ListItem\",\"position\":4,\"name\":\"K\u00fcnstlerinnen und K\u00fcnstler\"}]},{\"@type\":\"WebSite\",\"@id\":\"https:\\\/\\\/woka-kuma.de\\\/#website\",\"url\":\"https:\\\/\\\/woka-kuma.de\\\/\",\"name\":\"Woka-Kuma Deutschland e.V.\",\"description\":\"\",\"publisher\":{\"@id\":\"https:\\\/\\\/woka-kuma.de\\\/#organization\"},\"potentialAction\":[{\"@type\":\"SearchAction\",\"target\":{\"@type\":\"EntryPoint\",\"urlTemplate\":\"https:\\\/\\\/woka-kuma.de\\\/?s={search_term_string}\"},\"query-input\":{\"@type\":\"PropertyValueSpecification\",\"valueRequired\":true,\"valueName\":\"search_term_string\"}}],\"inLanguage\":\"en-US\"},{\"@type\":\"Organization\",\"@id\":\"https:\\\/\\\/woka-kuma.de\\\/#organization\",\"name\":\"Woka-Kuma Deutschland e.V.\",\"url\":\"https:\\\/\\\/woka-kuma.de\\\/\",\"logo\":{\"@type\":\"ImageObject\",\"inLanguage\":\"en-US\",\"@id\":\"https:\\\/\\\/woka-kuma.de\\\/#\\\/schema\\\/logo\\\/image\\\/\",\"url\":\"https:\\\/\\\/woka-kuma.de\\\/wp-content\\\/uploads\\\/2020\\\/07\\\/Logo-Verein-2020-rund.png\",\"contentUrl\":\"https:\\\/\\\/woka-kuma.de\\\/wp-content\\\/uploads\\\/2020\\\/07\\\/Logo-Verein-2020-rund.png\",\"width\":1920,\"height\":1918,\"caption\":\"Woka-Kuma Deutschland e.V.\"},\"image\":{\"@id\":\"https:\\\/\\\/woka-kuma.de\\\/#\\\/schema\\\/logo\\\/image\\\/\"}}]}<\/script>\n<!-- \/ Yoast SEO plugin. -->","yoast_head_json":{"title":"[:de]K\u00fcnstlerinnen und K\u00fcnstler[:en]Artists[:fr]Artistes[:] - Woka-Kuma Deutschland e.V.","robots":{"index":"index","follow":"follow","max-snippet":"max-snippet:-1","max-image-preview":"max-image-preview:large","max-video-preview":"max-video-preview:-1"},"canonical":"https:\/\/woka-kuma.de\/wokakuma-festival\/festival-2019\/kuenstlerinnen\/","og_locale":"en_US","og_type":"article","og_title":"[:de]K\u00fcnstlerinnen und K\u00fcnstler[:en]Artists[:fr]Artistes[:] - Woka-Kuma Deutschland e.V.","og_description":"Alani Abdoussamadou Ma\u00ef Lingani Ma\u00ef Lingani est une chanteuse, auteur-compositeur et danseuse burkinab\u00e9.\u00a0Elle est la pr\u00e9sidente de l&#8217;ABFAM\u00a0: Association burkinab\u00e9 des femmes artistes musiciennes. N\u00e9e au Burkina Faso, elle a grandi en C\u00f4te d&#8217;Ivoire o\u00f9 elle se forme \u00e0 la sc\u00e8ne \u00e0 l\u2019Institut National des Arts et des Actions Culturelles (INSAAC) d\u2019Abidjan. De retour au [&hellip;]","og_url":"https:\/\/woka-kuma.de\/wokakuma-festival\/festival-2019\/kuenstlerinnen\/","og_site_name":"Woka-Kuma Deutschland e.V.","article_modified_time":"2022-08-09T08:53:23+00:00","og_image":[{"url":"https:\/\/woka-kuma.de\/wp-content\/uploads\/2019\/06\/60116708_2137026969729620_3315709555601571840_n-288x300.jpg","type":"","width":"","height":""}],"twitter_card":"summary_large_image","twitter_misc":{"Est. reading time":"13 minutes"},"schema":{"@context":"https:\/\/schema.org","@graph":[{"@type":"WebPage","@id":"https:\/\/woka-kuma.de\/wokakuma-festival\/festival-2019\/kuenstlerinnen\/","url":"https:\/\/woka-kuma.de\/wokakuma-festival\/festival-2019\/kuenstlerinnen\/","name":"[:de]K\u00fcnstlerinnen und K\u00fcnstler[:en]Artists[:fr]Artistes[:] - Woka-Kuma Deutschland e.V.","isPartOf":{"@id":"https:\/\/woka-kuma.de\/#website"},"primaryImageOfPage":{"@id":"https:\/\/woka-kuma.de\/wokakuma-festival\/festival-2019\/kuenstlerinnen\/#primaryimage"},"image":{"@id":"https:\/\/woka-kuma.de\/wokakuma-festival\/festival-2019\/kuenstlerinnen\/#primaryimage"},"thumbnailUrl":"https:\/\/woka-kuma.de\/wp-content\/uploads\/2019\/06\/60116708_2137026969729620_3315709555601571840_n-288x300.jpg","datePublished":"2019-06-10T12:21:01+00:00","dateModified":"2022-08-09T08:53:23+00:00","breadcrumb":{"@id":"https:\/\/woka-kuma.de\/wokakuma-festival\/festival-2019\/kuenstlerinnen\/#breadcrumb"},"inLanguage":"en-US","potentialAction":[{"@type":"ReadAction","target":["https:\/\/woka-kuma.de\/wokakuma-festival\/festival-2019\/kuenstlerinnen\/"]}]},{"@type":"ImageObject","inLanguage":"en-US","@id":"https:\/\/woka-kuma.de\/wokakuma-festival\/festival-2019\/kuenstlerinnen\/#primaryimage","url":"https:\/\/woka-kuma.de\/wp-content\/uploads\/2019\/06\/60116708_2137026969729620_3315709555601571840_n-288x300.jpg","contentUrl":"https:\/\/woka-kuma.de\/wp-content\/uploads\/2019\/06\/60116708_2137026969729620_3315709555601571840_n-288x300.jpg"},{"@type":"BreadcrumbList","@id":"https:\/\/woka-kuma.de\/wokakuma-festival\/festival-2019\/kuenstlerinnen\/#breadcrumb","itemListElement":[{"@type":"ListItem","position":1,"name":"Startseite","item":"https:\/\/woka-kuma.de\/"},{"@type":"ListItem","position":2,"name":"Woka Kuma Festival","item":"https:\/\/woka-kuma.de\/wokakuma-festival\/"},{"@type":"ListItem","position":3,"name":"Festival 2019","item":"https:\/\/woka-kuma.de\/wokakuma-festival\/festival-2019\/"},{"@type":"ListItem","position":4,"name":"K\u00fcnstlerinnen und K\u00fcnstler"}]},{"@type":"WebSite","@id":"https:\/\/woka-kuma.de\/#website","url":"https:\/\/woka-kuma.de\/","name":"Woka-Kuma Deutschland e.V.","description":"","publisher":{"@id":"https:\/\/woka-kuma.de\/#organization"},"potentialAction":[{"@type":"SearchAction","target":{"@type":"EntryPoint","urlTemplate":"https:\/\/woka-kuma.de\/?s={search_term_string}"},"query-input":{"@type":"PropertyValueSpecification","valueRequired":true,"valueName":"search_term_string"}}],"inLanguage":"en-US"},{"@type":"Organization","@id":"https:\/\/woka-kuma.de\/#organization","name":"Woka-Kuma Deutschland e.V.","url":"https:\/\/woka-kuma.de\/","logo":{"@type":"ImageObject","inLanguage":"en-US","@id":"https:\/\/woka-kuma.de\/#\/schema\/logo\/image\/","url":"https:\/\/woka-kuma.de\/wp-content\/uploads\/2020\/07\/Logo-Verein-2020-rund.png","contentUrl":"https:\/\/woka-kuma.de\/wp-content\/uploads\/2020\/07\/Logo-Verein-2020-rund.png","width":1920,"height":1918,"caption":"Woka-Kuma Deutschland e.V."},"image":{"@id":"https:\/\/woka-kuma.de\/#\/schema\/logo\/image\/"}}]}},"_links":{"self":[{"href":"https:\/\/woka-kuma.de\/en\/wp-json\/wp\/v2\/pages\/618","targetHints":{"allow":["GET"]}}],"collection":[{"href":"https:\/\/woka-kuma.de\/en\/wp-json\/wp\/v2\/pages"}],"about":[{"href":"https:\/\/woka-kuma.de\/en\/wp-json\/wp\/v2\/types\/page"}],"author":[{"embeddable":true,"href":"https:\/\/woka-kuma.de\/en\/wp-json\/wp\/v2\/users\/4"}],"replies":[{"embeddable":true,"href":"https:\/\/woka-kuma.de\/en\/wp-json\/wp\/v2\/comments?post=618"}],"version-history":[{"count":29,"href":"https:\/\/woka-kuma.de\/en\/wp-json\/wp\/v2\/pages\/618\/revisions"}],"predecessor-version":[{"id":743,"href":"https:\/\/woka-kuma.de\/en\/wp-json\/wp\/v2\/pages\/618\/revisions\/743"}],"up":[{"embeddable":true,"href":"https:\/\/woka-kuma.de\/en\/wp-json\/wp\/v2\/pages\/597"}],"wp:attachment":[{"href":"https:\/\/woka-kuma.de\/en\/wp-json\/wp\/v2\/media?parent=618"}],"curies":[{"name":"wp","href":"https:\/\/api.w.org\/{rel}","templated":true}]}}