{"id":578,"date":"2019-04-17T21:03:23","date_gmt":"2019-04-17T21:03:23","guid":{"rendered":"https:\/\/woka-kuma.de\/?page_id=578"},"modified":"2022-08-09T09:08:39","modified_gmt":"2022-08-09T09:08:39","slug":"woka-kuma-e-v","status":"publish","type":"page","link":"https:\/\/woka-kuma.de\/en\/woka-kuma-e-v\/","title":{"rendered":"Woka Kuma association"},"content":{"rendered":"<p><span style=\"font-family: Calibri, sans-serif;\">Der Verein Woka-Kuma Deutschland e.V. wurde am 08. September 2018 gegr\u00fcndet, seit dem 11. Dezember 2018 ist der Verein im Vereinsregister eingetragen und hat die Gemeinn\u00fctzigkeit erlangt. Woka Kuma bedeutet \u201eHand in Hand\u201c auf Bissa, einer der lokalen Sprachen in Burkina Faso. Zweck des Vereins ist die F\u00f6rderung von Kunst und Kultur, Erziehung, Volks- und Berufsbildung, F\u00f6rderung des Umweltschutzes, F\u00f6rderung der Entwicklungszusammenarbeit und internationaler Gesinnung sowie die Toleranz auf allen Gebieten der Kultur und des V\u00f6lkerverst\u00e4ndigungsgedankens. <\/span><\/p>\n<p><b>Die allgemeinen Ziele der Initiative<\/b><\/p>\n<p><span style=\"font-family: Calibri, sans-serif;\">Zur Verwirklichung der gemeinn\u00fctzigen Zwecke vermittelt der Verein Begegnungen zwischen Menschen aus beiden L\u00e4ndern, betreibt \u00d6ffentlichkeitsarbeit und arbeitet mit Vereinen und \u00f6ffentlichen K\u00f6rperschaften in Burkina Faso und Deutschland zusammen. Unter diese Aktivit\u00e4ten fallen ebenfalls die Organisation und Veranstaltung des Woka-Kuma Festivals in Berlin, ein Festival zur Verbreitung und Darstellung von Kunst und Kultur aus Burkina Faso, das in den vorangegangenen Jahren bereits auf ehrenamtlicher Basis von Gr\u00fcndungsmitglied Abdoul Aziz Sinka und anderen ehrenamtlichen HelferInnen organisiert wurde.<\/span><\/p>","protected":false},"excerpt":{"rendered":"<p>Der Verein Woka-Kuma Deutschland e.V. wurde am 08. September 2018 gegr\u00fcndet, seit dem 11. Dezember 2018 ist der Verein im Vereinsregister eingetragen und hat die Gemeinn\u00fctzigkeit erlangt. Woka Kuma bedeutet \u201eHand in Hand\u201c auf Bissa, einer der lokalen Sprachen in Burkina Faso. Zweck des Vereins ist die F\u00f6rderung von Kunst und Kultur, Erziehung, Volks- und [&hellip;]<\/p>\n","protected":false},"author":4,"featured_media":750,"parent":0,"menu_order":2,"comment_status":"closed","ping_status":"closed","template":"templates\/template-full-width.php","meta":{"footnotes":""},"class_list":["post-578","page","type-page","status-publish","has-post-thumbnail","hentry"],"yoast_head":"<!-- This site is optimized with the Yoast SEO plugin v27.3 - https:\/\/yoast.com\/product\/yoast-seo-wordpress\/ -->\n<title>Woka Kuma association - Woka-Kuma Deutschland e.V.<\/title>\n<meta name=\"robots\" content=\"index, follow, max-snippet:-1, max-image-preview:large, max-video-preview:-1\" \/>\n<link rel=\"canonical\" href=\"https:\/\/woka-kuma.de\/woka-kuma-e-v\/\" \/>\n<meta property=\"og:locale\" content=\"en_US\" \/>\n<meta property=\"og:type\" content=\"article\" \/>\n<meta property=\"og:title\" content=\"[:de]Woka Kuma e.V.[:en]Woka Kuma association[:fr]Association Woka Kuma Deutschland[:] - Woka-Kuma Deutschland e.V.\" \/>\n<meta property=\"og:description\" content=\"Der Verein Woka-Kuma Deutschland e.V. wurde am 08. September 2018 gegr\u00fcndet, seit dem 11. Dezember 2018 ist der Verein im Vereinsregister eingetragen und hat die Gemeinn\u00fctzigkeit erlangt. Woka Kuma bedeutet \u201eHand in Hand\u201c auf Bissa, einer der lokalen Sprachen in Burkina Faso. Zweck des Vereins ist die F\u00f6rderung von Kunst und Kultur, Erziehung, Volks- und [&hellip;]\" \/>\n<meta property=\"og:url\" content=\"https:\/\/woka-kuma.de\/woka-kuma-e-v\/\" \/>\n<meta property=\"og:site_name\" content=\"Woka-Kuma Deutschland e.V.\" \/>\n<meta property=\"article:modified_time\" content=\"2022-08-09T09:08:39+00:00\" \/>\n<meta property=\"og:image\" content=\"https:\/\/woka-kuma.de\/wp-content\/uploads\/2019\/10\/Flyer-verein-21.09.jpg\" \/>\n\t<meta property=\"og:image:width\" content=\"525\" \/>\n\t<meta property=\"og:image:height\" content=\"742\" \/>\n\t<meta property=\"og:image:type\" content=\"image\/jpeg\" \/>\n<meta name=\"twitter:card\" content=\"summary_large_image\" \/>\n<meta name=\"twitter:label1\" content=\"Est. reading time\" \/>\n\t<meta name=\"twitter:data1\" content=\"2 minutes\" \/>\n<script type=\"application\/ld+json\" class=\"yoast-schema-graph\">{\"@context\":\"https:\\\/\\\/schema.org\",\"@graph\":[{\"@type\":\"WebPage\",\"@id\":\"https:\\\/\\\/woka-kuma.de\\\/woka-kuma-e-v\\\/\",\"url\":\"https:\\\/\\\/woka-kuma.de\\\/woka-kuma-e-v\\\/\",\"name\":\"[:de]Woka Kuma e.V.[:en]Woka Kuma association[:fr]Association Woka Kuma Deutschland[:] - Woka-Kuma Deutschland e.V.\",\"isPartOf\":{\"@id\":\"https:\\\/\\\/woka-kuma.de\\\/#website\"},\"primaryImageOfPage\":{\"@id\":\"https:\\\/\\\/woka-kuma.de\\\/woka-kuma-e-v\\\/#primaryimage\"},\"image\":{\"@id\":\"https:\\\/\\\/woka-kuma.de\\\/woka-kuma-e-v\\\/#primaryimage\"},\"thumbnailUrl\":\"https:\\\/\\\/woka-kuma.de\\\/wp-content\\\/uploads\\\/2019\\\/10\\\/Flyer-verein-21.09.jpg\",\"datePublished\":\"2019-04-17T21:03:23+00:00\",\"dateModified\":\"2022-08-09T09:08:39+00:00\",\"breadcrumb\":{\"@id\":\"https:\\\/\\\/woka-kuma.de\\\/woka-kuma-e-v\\\/#breadcrumb\"},\"inLanguage\":\"en-US\",\"potentialAction\":[{\"@type\":\"ReadAction\",\"target\":[\"https:\\\/\\\/woka-kuma.de\\\/woka-kuma-e-v\\\/\"]}]},{\"@type\":\"ImageObject\",\"inLanguage\":\"en-US\",\"@id\":\"https:\\\/\\\/woka-kuma.de\\\/woka-kuma-e-v\\\/#primaryimage\",\"url\":\"https:\\\/\\\/woka-kuma.de\\\/wp-content\\\/uploads\\\/2019\\\/10\\\/Flyer-verein-21.09.jpg\",\"contentUrl\":\"https:\\\/\\\/woka-kuma.de\\\/wp-content\\\/uploads\\\/2019\\\/10\\\/Flyer-verein-21.09.jpg\",\"width\":525,\"height\":742},{\"@type\":\"BreadcrumbList\",\"@id\":\"https:\\\/\\\/woka-kuma.de\\\/woka-kuma-e-v\\\/#breadcrumb\",\"itemListElement\":[{\"@type\":\"ListItem\",\"position\":1,\"name\":\"Startseite\",\"item\":\"https:\\\/\\\/woka-kuma.de\\\/\"},{\"@type\":\"ListItem\",\"position\":2,\"name\":\"Woka Kuma e.V.\"}]},{\"@type\":\"WebSite\",\"@id\":\"https:\\\/\\\/woka-kuma.de\\\/#website\",\"url\":\"https:\\\/\\\/woka-kuma.de\\\/\",\"name\":\"Woka-Kuma Deutschland e.V.\",\"description\":\"\",\"publisher\":{\"@id\":\"https:\\\/\\\/woka-kuma.de\\\/#organization\"},\"potentialAction\":[{\"@type\":\"SearchAction\",\"target\":{\"@type\":\"EntryPoint\",\"urlTemplate\":\"https:\\\/\\\/woka-kuma.de\\\/?s={search_term_string}\"},\"query-input\":{\"@type\":\"PropertyValueSpecification\",\"valueRequired\":true,\"valueName\":\"search_term_string\"}}],\"inLanguage\":\"en-US\"},{\"@type\":\"Organization\",\"@id\":\"https:\\\/\\\/woka-kuma.de\\\/#organization\",\"name\":\"Woka-Kuma Deutschland e.V.\",\"url\":\"https:\\\/\\\/woka-kuma.de\\\/\",\"logo\":{\"@type\":\"ImageObject\",\"inLanguage\":\"en-US\",\"@id\":\"https:\\\/\\\/woka-kuma.de\\\/#\\\/schema\\\/logo\\\/image\\\/\",\"url\":\"https:\\\/\\\/woka-kuma.de\\\/wp-content\\\/uploads\\\/2020\\\/07\\\/Logo-Verein-2020-rund.png\",\"contentUrl\":\"https:\\\/\\\/woka-kuma.de\\\/wp-content\\\/uploads\\\/2020\\\/07\\\/Logo-Verein-2020-rund.png\",\"width\":1920,\"height\":1918,\"caption\":\"Woka-Kuma Deutschland e.V.\"},\"image\":{\"@id\":\"https:\\\/\\\/woka-kuma.de\\\/#\\\/schema\\\/logo\\\/image\\\/\"}}]}<\/script>\n<!-- \/ Yoast SEO plugin. -->","yoast_head_json":{"title":"[:de]Woka Kuma e.V.[:en]Woka Kuma association[:fr]Association Woka Kuma Deutschland[:] - Woka-Kuma Deutschland e.V.","robots":{"index":"index","follow":"follow","max-snippet":"max-snippet:-1","max-image-preview":"max-image-preview:large","max-video-preview":"max-video-preview:-1"},"canonical":"https:\/\/woka-kuma.de\/woka-kuma-e-v\/","og_locale":"en_US","og_type":"article","og_title":"[:de]Woka Kuma e.V.[:en]Woka Kuma association[:fr]Association Woka Kuma Deutschland[:] - Woka-Kuma Deutschland e.V.","og_description":"Der Verein Woka-Kuma Deutschland e.V. wurde am 08. September 2018 gegr\u00fcndet, seit dem 11. Dezember 2018 ist der Verein im Vereinsregister eingetragen und hat die Gemeinn\u00fctzigkeit erlangt. Woka Kuma bedeutet \u201eHand in Hand\u201c auf Bissa, einer der lokalen Sprachen in Burkina Faso. Zweck des Vereins ist die F\u00f6rderung von Kunst und Kultur, Erziehung, Volks- und [&hellip;]","og_url":"https:\/\/woka-kuma.de\/woka-kuma-e-v\/","og_site_name":"Woka-Kuma Deutschland e.V.","article_modified_time":"2022-08-09T09:08:39+00:00","og_image":[{"width":525,"height":742,"url":"https:\/\/woka-kuma.de\/wp-content\/uploads\/2019\/10\/Flyer-verein-21.09.jpg","type":"image\/jpeg"}],"twitter_card":"summary_large_image","twitter_misc":{"Est. reading time":"2 minutes"},"schema":{"@context":"https:\/\/schema.org","@graph":[{"@type":"WebPage","@id":"https:\/\/woka-kuma.de\/woka-kuma-e-v\/","url":"https:\/\/woka-kuma.de\/woka-kuma-e-v\/","name":"[:de]Woka Kuma e.V.[:en]Woka Kuma association[:fr]Association Woka Kuma Deutschland[:] - Woka-Kuma Deutschland e.V.","isPartOf":{"@id":"https:\/\/woka-kuma.de\/#website"},"primaryImageOfPage":{"@id":"https:\/\/woka-kuma.de\/woka-kuma-e-v\/#primaryimage"},"image":{"@id":"https:\/\/woka-kuma.de\/woka-kuma-e-v\/#primaryimage"},"thumbnailUrl":"https:\/\/woka-kuma.de\/wp-content\/uploads\/2019\/10\/Flyer-verein-21.09.jpg","datePublished":"2019-04-17T21:03:23+00:00","dateModified":"2022-08-09T09:08:39+00:00","breadcrumb":{"@id":"https:\/\/woka-kuma.de\/woka-kuma-e-v\/#breadcrumb"},"inLanguage":"en-US","potentialAction":[{"@type":"ReadAction","target":["https:\/\/woka-kuma.de\/woka-kuma-e-v\/"]}]},{"@type":"ImageObject","inLanguage":"en-US","@id":"https:\/\/woka-kuma.de\/woka-kuma-e-v\/#primaryimage","url":"https:\/\/woka-kuma.de\/wp-content\/uploads\/2019\/10\/Flyer-verein-21.09.jpg","contentUrl":"https:\/\/woka-kuma.de\/wp-content\/uploads\/2019\/10\/Flyer-verein-21.09.jpg","width":525,"height":742},{"@type":"BreadcrumbList","@id":"https:\/\/woka-kuma.de\/woka-kuma-e-v\/#breadcrumb","itemListElement":[{"@type":"ListItem","position":1,"name":"Startseite","item":"https:\/\/woka-kuma.de\/"},{"@type":"ListItem","position":2,"name":"Woka Kuma e.V."}]},{"@type":"WebSite","@id":"https:\/\/woka-kuma.de\/#website","url":"https:\/\/woka-kuma.de\/","name":"Woka-Kuma Deutschland e.V.","description":"","publisher":{"@id":"https:\/\/woka-kuma.de\/#organization"},"potentialAction":[{"@type":"SearchAction","target":{"@type":"EntryPoint","urlTemplate":"https:\/\/woka-kuma.de\/?s={search_term_string}"},"query-input":{"@type":"PropertyValueSpecification","valueRequired":true,"valueName":"search_term_string"}}],"inLanguage":"en-US"},{"@type":"Organization","@id":"https:\/\/woka-kuma.de\/#organization","name":"Woka-Kuma Deutschland e.V.","url":"https:\/\/woka-kuma.de\/","logo":{"@type":"ImageObject","inLanguage":"en-US","@id":"https:\/\/woka-kuma.de\/#\/schema\/logo\/image\/","url":"https:\/\/woka-kuma.de\/wp-content\/uploads\/2020\/07\/Logo-Verein-2020-rund.png","contentUrl":"https:\/\/woka-kuma.de\/wp-content\/uploads\/2020\/07\/Logo-Verein-2020-rund.png","width":1920,"height":1918,"caption":"Woka-Kuma Deutschland e.V."},"image":{"@id":"https:\/\/woka-kuma.de\/#\/schema\/logo\/image\/"}}]}},"_links":{"self":[{"href":"https:\/\/woka-kuma.de\/en\/wp-json\/wp\/v2\/pages\/578","targetHints":{"allow":["GET"]}}],"collection":[{"href":"https:\/\/woka-kuma.de\/en\/wp-json\/wp\/v2\/pages"}],"about":[{"href":"https:\/\/woka-kuma.de\/en\/wp-json\/wp\/v2\/types\/page"}],"author":[{"embeddable":true,"href":"https:\/\/woka-kuma.de\/en\/wp-json\/wp\/v2\/users\/4"}],"replies":[{"embeddable":true,"href":"https:\/\/woka-kuma.de\/en\/wp-json\/wp\/v2\/comments?post=578"}],"version-history":[{"count":10,"href":"https:\/\/woka-kuma.de\/en\/wp-json\/wp\/v2\/pages\/578\/revisions"}],"predecessor-version":[{"id":1202,"href":"https:\/\/woka-kuma.de\/en\/wp-json\/wp\/v2\/pages\/578\/revisions\/1202"}],"wp:featuredmedia":[{"embeddable":true,"href":"https:\/\/woka-kuma.de\/en\/wp-json\/wp\/v2\/media\/750"}],"wp:attachment":[{"href":"https:\/\/woka-kuma.de\/en\/wp-json\/wp\/v2\/media?parent=578"}],"curies":[{"name":"wp","href":"https:\/\/api.w.org\/{rel}","templated":true}]}}