{"id":37,"date":"2016-06-01T09:06:20","date_gmt":"2016-06-01T09:06:20","guid":{"rendered":"https:\/\/woka-kuma.de\/?page_id=37"},"modified":"2022-08-09T08:47:08","modified_gmt":"2022-08-09T08:47:08","slug":"programm","status":"publish","type":"page","link":"https:\/\/woka-kuma.de\/en\/wokakuma-festival\/festival-2018\/programm\/","title":{"rendered":"Program"},"content":{"rendered":"<p><strong>Saturday. 8. Sept. 2018<\/strong><\/p>\n<p>19.00h Fotoausstellung vor M\u00fcnzbergsaal<br \/>\n19.30h Burkinisches Buffet im Lichthof<br \/>\n20.00h Filmvorf\u00fchrung im Lichthof<br \/>\n21.15h Willkommen des Schirmherrn Sgr. <strong>Honor\u00e9 Guibila<\/strong><br \/>\n21.30h Konzerte mit K\u00fcnstler*innen aus Burkina Faso:<br \/>\n<strong>Melissa Hie <\/strong>\u2013 Djembefola (auch Workshops s.u.)<br \/>\n<strong>Thaliane <\/strong>(Nathalie Traor\u00e9), Pop &amp; Soul<br \/>\n<strong>Malika la Slameuse <\/strong>&amp; Band, HipHop, PoetrySlam<br \/>\n<strong>Burkina Faso Orchester<\/strong><br \/>\nanschl. Party<\/p>\n<p><strong>Tickets<\/strong> 15,-\u20ac, erm\u00e4ssigt 10,-\u20ac<\/p>\n<p><a href=\"https:\/\/www.franzmehringplatz.de\/\">FMP 1<\/a><strong>\u00a0\u2013 M\u00fcnzbergsaal &amp; Lichthof<br \/>\n<\/strong>ehemalig <strong>DEUTSCHLAND-HAUS<br \/>\n<\/strong>Franz-Mehring-Platz 1,\u00a010243 Berlin<br \/>\n\u2013 rollstuhlgerecht \u2013<br \/>\n<strong>\u00a0U-Weberwiese + S-Ostbahnhof + Bus 240 + 347<\/strong><\/p>","protected":false},"excerpt":{"rendered":"<p>Saturday. 8. Sept. 2018 19.00h Fotoausstellung vor M\u00fcnzbergsaal 19.30h Burkinisches Buffet im Lichthof 20.00h Filmvorf\u00fchrung im Lichthof 21.15h Willkommen des Schirmherrn Sgr. Honor\u00e9 Guibila 21.30h Konzerte mit K\u00fcnstler*innen aus Burkina Faso: Melissa Hie \u2013 Djembefola (auch Workshops s.u.) Thaliane (Nathalie Traor\u00e9), Pop &amp; Soul Malika la Slameuse &amp; Band, HipHop, PoetrySlam Burkina Faso Orchester anschl. [&hellip;]<\/p>\n","protected":false},"author":2,"featured_media":0,"parent":472,"menu_order":0,"comment_status":"closed","ping_status":"closed","template":"templates\/template-full-width.php","meta":{"footnotes":""},"class_list":["post-37","page","type-page","status-publish","hentry"],"yoast_head":"<!-- This site is optimized with the Yoast SEO plugin v27.4 - https:\/\/yoast.com\/product\/yoast-seo-wordpress\/ -->\n<title>Program - Woka-Kuma Deutschland e.V.<\/title>\n<meta name=\"robots\" content=\"index, follow, max-snippet:-1, max-image-preview:large, max-video-preview:-1\" \/>\n<link rel=\"canonical\" href=\"https:\/\/woka-kuma.de\/wokakuma-festival\/festival-2018\/programm\/\" \/>\n<meta property=\"og:locale\" content=\"en_US\" \/>\n<meta property=\"og:type\" content=\"article\" \/>\n<meta property=\"og:title\" content=\"[:de]Abendprogramm[:en]Program[:fr]Concerts[:] - Woka-Kuma Deutschland e.V.\" \/>\n<meta property=\"og:description\" content=\"Saturday. 8. Sept. 2018 19.00h Fotoausstellung vor M\u00fcnzbergsaal 19.30h Burkinisches Buffet im Lichthof 20.00h Filmvorf\u00fchrung im Lichthof 21.15h Willkommen des Schirmherrn Sgr. Honor\u00e9 Guibila 21.30h Konzerte mit K\u00fcnstler*innen aus Burkina Faso: Melissa Hie \u2013 Djembefola (auch Workshops s.u.) Thaliane (Nathalie Traor\u00e9), Pop &amp; Soul Malika la Slameuse &amp; Band, HipHop, PoetrySlam Burkina Faso Orchester anschl. [&hellip;]\" \/>\n<meta property=\"og:url\" content=\"https:\/\/woka-kuma.de\/wokakuma-festival\/festival-2018\/programm\/\" \/>\n<meta property=\"og:site_name\" content=\"Woka-Kuma Deutschland e.V.\" \/>\n<meta property=\"article:modified_time\" content=\"2022-08-09T08:47:08+00:00\" \/>\n<meta name=\"twitter:card\" content=\"summary_large_image\" \/>\n<meta name=\"twitter:label1\" content=\"Est. reading time\" \/>\n\t<meta name=\"twitter:data1\" content=\"2 minutes\" \/>\n<script type=\"application\/ld+json\" class=\"yoast-schema-graph\">{\"@context\":\"https:\\\/\\\/schema.org\",\"@graph\":[{\"@type\":\"WebPage\",\"@id\":\"https:\\\/\\\/woka-kuma.de\\\/wokakuma-festival\\\/festival-2018\\\/programm\\\/\",\"url\":\"https:\\\/\\\/woka-kuma.de\\\/wokakuma-festival\\\/festival-2018\\\/programm\\\/\",\"name\":\"[:de]Abendprogramm[:en]Program[:fr]Concerts[:] - Woka-Kuma Deutschland e.V.\",\"isPartOf\":{\"@id\":\"https:\\\/\\\/woka-kuma.de\\\/#website\"},\"datePublished\":\"2016-06-01T09:06:20+00:00\",\"dateModified\":\"2022-08-09T08:47:08+00:00\",\"breadcrumb\":{\"@id\":\"https:\\\/\\\/woka-kuma.de\\\/wokakuma-festival\\\/festival-2018\\\/programm\\\/#breadcrumb\"},\"inLanguage\":\"en-US\",\"potentialAction\":[{\"@type\":\"ReadAction\",\"target\":[\"https:\\\/\\\/woka-kuma.de\\\/wokakuma-festival\\\/festival-2018\\\/programm\\\/\"]}]},{\"@type\":\"BreadcrumbList\",\"@id\":\"https:\\\/\\\/woka-kuma.de\\\/wokakuma-festival\\\/festival-2018\\\/programm\\\/#breadcrumb\",\"itemListElement\":[{\"@type\":\"ListItem\",\"position\":1,\"name\":\"Startseite\",\"item\":\"https:\\\/\\\/woka-kuma.de\\\/\"},{\"@type\":\"ListItem\",\"position\":2,\"name\":\"Woka Kuma Festival\",\"item\":\"https:\\\/\\\/woka-kuma.de\\\/wokakuma-festival\\\/\"},{\"@type\":\"ListItem\",\"position\":3,\"name\":\"Festival 2018\",\"item\":\"https:\\\/\\\/woka-kuma.de\\\/wokakuma-festival\\\/festival-2018\\\/\"},{\"@type\":\"ListItem\",\"position\":4,\"name\":\"Abendprogramm\"}]},{\"@type\":\"WebSite\",\"@id\":\"https:\\\/\\\/woka-kuma.de\\\/#website\",\"url\":\"https:\\\/\\\/woka-kuma.de\\\/\",\"name\":\"Woka-Kuma Deutschland e.V.\",\"description\":\"\",\"publisher\":{\"@id\":\"https:\\\/\\\/woka-kuma.de\\\/#organization\"},\"potentialAction\":[{\"@type\":\"SearchAction\",\"target\":{\"@type\":\"EntryPoint\",\"urlTemplate\":\"https:\\\/\\\/woka-kuma.de\\\/?s={search_term_string}\"},\"query-input\":{\"@type\":\"PropertyValueSpecification\",\"valueRequired\":true,\"valueName\":\"search_term_string\"}}],\"inLanguage\":\"en-US\"},{\"@type\":\"Organization\",\"@id\":\"https:\\\/\\\/woka-kuma.de\\\/#organization\",\"name\":\"Woka-Kuma Deutschland e.V.\",\"url\":\"https:\\\/\\\/woka-kuma.de\\\/\",\"logo\":{\"@type\":\"ImageObject\",\"inLanguage\":\"en-US\",\"@id\":\"https:\\\/\\\/woka-kuma.de\\\/#\\\/schema\\\/logo\\\/image\\\/\",\"url\":\"https:\\\/\\\/woka-kuma.de\\\/wp-content\\\/uploads\\\/2020\\\/07\\\/Logo-Verein-2020-rund.png\",\"contentUrl\":\"https:\\\/\\\/woka-kuma.de\\\/wp-content\\\/uploads\\\/2020\\\/07\\\/Logo-Verein-2020-rund.png\",\"width\":1920,\"height\":1918,\"caption\":\"Woka-Kuma Deutschland e.V.\"},\"image\":{\"@id\":\"https:\\\/\\\/woka-kuma.de\\\/#\\\/schema\\\/logo\\\/image\\\/\"}}]}<\/script>\n<!-- \/ Yoast SEO plugin. -->","yoast_head_json":{"title":"[:de]Abendprogramm[:en]Program[:fr]Concerts[:] - Woka-Kuma Deutschland e.V.","robots":{"index":"index","follow":"follow","max-snippet":"max-snippet:-1","max-image-preview":"max-image-preview:large","max-video-preview":"max-video-preview:-1"},"canonical":"https:\/\/woka-kuma.de\/wokakuma-festival\/festival-2018\/programm\/","og_locale":"en_US","og_type":"article","og_title":"[:de]Abendprogramm[:en]Program[:fr]Concerts[:] - Woka-Kuma Deutschland e.V.","og_description":"Saturday. 8. Sept. 2018 19.00h Fotoausstellung vor M\u00fcnzbergsaal 19.30h Burkinisches Buffet im Lichthof 20.00h Filmvorf\u00fchrung im Lichthof 21.15h Willkommen des Schirmherrn Sgr. Honor\u00e9 Guibila 21.30h Konzerte mit K\u00fcnstler*innen aus Burkina Faso: Melissa Hie \u2013 Djembefola (auch Workshops s.u.) Thaliane (Nathalie Traor\u00e9), Pop &amp; Soul Malika la Slameuse &amp; Band, HipHop, PoetrySlam Burkina Faso Orchester anschl. [&hellip;]","og_url":"https:\/\/woka-kuma.de\/wokakuma-festival\/festival-2018\/programm\/","og_site_name":"Woka-Kuma Deutschland e.V.","article_modified_time":"2022-08-09T08:47:08+00:00","twitter_card":"summary_large_image","twitter_misc":{"Est. reading time":"2 minutes"},"schema":{"@context":"https:\/\/schema.org","@graph":[{"@type":"WebPage","@id":"https:\/\/woka-kuma.de\/wokakuma-festival\/festival-2018\/programm\/","url":"https:\/\/woka-kuma.de\/wokakuma-festival\/festival-2018\/programm\/","name":"[:de]Abendprogramm[:en]Program[:fr]Concerts[:] - Woka-Kuma Deutschland e.V.","isPartOf":{"@id":"https:\/\/woka-kuma.de\/#website"},"datePublished":"2016-06-01T09:06:20+00:00","dateModified":"2022-08-09T08:47:08+00:00","breadcrumb":{"@id":"https:\/\/woka-kuma.de\/wokakuma-festival\/festival-2018\/programm\/#breadcrumb"},"inLanguage":"en-US","potentialAction":[{"@type":"ReadAction","target":["https:\/\/woka-kuma.de\/wokakuma-festival\/festival-2018\/programm\/"]}]},{"@type":"BreadcrumbList","@id":"https:\/\/woka-kuma.de\/wokakuma-festival\/festival-2018\/programm\/#breadcrumb","itemListElement":[{"@type":"ListItem","position":1,"name":"Startseite","item":"https:\/\/woka-kuma.de\/"},{"@type":"ListItem","position":2,"name":"Woka Kuma Festival","item":"https:\/\/woka-kuma.de\/wokakuma-festival\/"},{"@type":"ListItem","position":3,"name":"Festival 2018","item":"https:\/\/woka-kuma.de\/wokakuma-festival\/festival-2018\/"},{"@type":"ListItem","position":4,"name":"Abendprogramm"}]},{"@type":"WebSite","@id":"https:\/\/woka-kuma.de\/#website","url":"https:\/\/woka-kuma.de\/","name":"Woka-Kuma Deutschland e.V.","description":"","publisher":{"@id":"https:\/\/woka-kuma.de\/#organization"},"potentialAction":[{"@type":"SearchAction","target":{"@type":"EntryPoint","urlTemplate":"https:\/\/woka-kuma.de\/?s={search_term_string}"},"query-input":{"@type":"PropertyValueSpecification","valueRequired":true,"valueName":"search_term_string"}}],"inLanguage":"en-US"},{"@type":"Organization","@id":"https:\/\/woka-kuma.de\/#organization","name":"Woka-Kuma Deutschland e.V.","url":"https:\/\/woka-kuma.de\/","logo":{"@type":"ImageObject","inLanguage":"en-US","@id":"https:\/\/woka-kuma.de\/#\/schema\/logo\/image\/","url":"https:\/\/woka-kuma.de\/wp-content\/uploads\/2020\/07\/Logo-Verein-2020-rund.png","contentUrl":"https:\/\/woka-kuma.de\/wp-content\/uploads\/2020\/07\/Logo-Verein-2020-rund.png","width":1920,"height":1918,"caption":"Woka-Kuma Deutschland e.V."},"image":{"@id":"https:\/\/woka-kuma.de\/#\/schema\/logo\/image\/"}}]}},"_links":{"self":[{"href":"https:\/\/woka-kuma.de\/en\/wp-json\/wp\/v2\/pages\/37","targetHints":{"allow":["GET"]}}],"collection":[{"href":"https:\/\/woka-kuma.de\/en\/wp-json\/wp\/v2\/pages"}],"about":[{"href":"https:\/\/woka-kuma.de\/en\/wp-json\/wp\/v2\/types\/page"}],"author":[{"embeddable":true,"href":"https:\/\/woka-kuma.de\/en\/wp-json\/wp\/v2\/users\/2"}],"replies":[{"embeddable":true,"href":"https:\/\/woka-kuma.de\/en\/wp-json\/wp\/v2\/comments?post=37"}],"version-history":[{"count":26,"href":"https:\/\/woka-kuma.de\/en\/wp-json\/wp\/v2\/pages\/37\/revisions"}],"predecessor-version":[{"id":824,"href":"https:\/\/woka-kuma.de\/en\/wp-json\/wp\/v2\/pages\/37\/revisions\/824"}],"up":[{"embeddable":true,"href":"https:\/\/woka-kuma.de\/en\/wp-json\/wp\/v2\/pages\/472"}],"wp:attachment":[{"href":"https:\/\/woka-kuma.de\/en\/wp-json\/wp\/v2\/media?parent=37"}],"curies":[{"name":"wp","href":"https:\/\/api.w.org\/{rel}","templated":true}]}}