{"id":225,"date":"2016-06-05T12:29:03","date_gmt":"2016-06-05T12:29:03","guid":{"rendered":"https:\/\/woka-kuma.de\/?page_id=225"},"modified":"2021-03-01T15:51:24","modified_gmt":"2021-03-01T15:51:24","slug":"2016-2","status":"publish","type":"page","link":"https:\/\/woka-kuma.de\/en\/wokakuma-festival\/2016-2\/","title":{"rendered":"Festival 2016"},"content":{"rendered":"<p><strong>WOKA KUMA\u00a0 \u2013 \u201eZusammenkommen\u201c<\/strong><br \/>\n<strong>3. Burkina Faso Festival in Berlin vom 16. \u2013 23. Juni 2016<\/strong><\/p>\n<p><a href=\"https:\/\/woka-kuma.de\/wp-content\/uploads\/2016\/06\/WOKA-KUMA_web_flyer.jpg\"><img decoding=\"async\" class=\"alignnone wp-image-231 size-medium\" src=\"https:\/\/woka-kuma.de\/wp-content\/uploads\/2016\/06\/WOKA-KUMA_web_flyer-212x300.jpg\" alt=\"\" width=\"212\" height=\"300\" srcset=\"https:\/\/woka-kuma.de\/wp-content\/uploads\/2016\/06\/WOKA-KUMA_web_flyer-212x300.jpg 212w, https:\/\/woka-kuma.de\/wp-content\/uploads\/2016\/06\/WOKA-KUMA_web_flyer-768x1089.jpg 768w, https:\/\/woka-kuma.de\/wp-content\/uploads\/2016\/06\/WOKA-KUMA_web_flyer-722x1024.jpg 722w, https:\/\/woka-kuma.de\/wp-content\/uploads\/2016\/06\/WOKA-KUMA_web_flyer.jpg 886w\" sizes=\"(max-width: 212px) 100vw, 212px\" \/><\/a><\/p>\n<p><strong>Programm\u00fcbersicht vom 3.Burkina Faso Festival 2016<\/strong><\/p>\n<p>Donnerstag, 16.6., Podiumsdiskussion zum Thema &#8220;Gewalt und Bildung&#8221; von Mahamadi Sinka<\/p>\n<p>Die Podiumsdiskussion &amp; Workshops dienten dem gesamten Charakter und dem wesentlichen kommunikativen Ziel des WOKA KUMA Festivals, Kunst, Bildung und Menschenrechtsthemen zu verbinden.<\/p>\n<p><strong>Immer mehr Gewalt entsteht durch den Zerfall traditioneller Sozialstrukturen sowohl in Westafrika als\u00a0 auch in Europa.<\/strong><br \/>\nIn Deutschland gewinnen nationalistische, religi\u00f6s fundamentalistische und zum Teil gewaltbereite politische Str\u00f6mungen an Einfluss.<br \/>\nIn Westafrika erstarken islamistische milit\u00e4rische Bewegungen.<br \/>\nDie Angeh\u00f6rigen rassistischer, sexistischer Bewegungen vereint der Mangel an Bildung.<br \/>\nSchulen und andere Bildungseinrichtungen sind zunehmend \u00fcberfordert von sozialen Konflikten, die sich zwischen Jugendlichen mit unterschiedlichen ethnischen und sozialen Hintergr\u00fcnden ergeben.<\/p>\n<p>Sind unsere Bildungseinrichtungen noch sicher und welche Ma\u00dfnahmen sind f\u00fcr ein friedliches, angstfreies Miteinander notwendig?<\/p>\n<p>Podiumsteilnehmer-innen waren:<br \/>\n<strong>Inte<\/strong><strong>rkunst e.V.<\/strong>, Til Dellers<br \/>\n<strong>StreetUniverCity<\/strong> Robert Andjelkovic aka Drob Dynamic<br \/>\n<strong>Alte Feuerwache, Jugendzentrum Musikbereich<\/strong>, Flo Steindle (camp:cypha \/ edit ent.)<br \/>\n<strong>JOLIBA<\/strong>, Katharina Oguntoye<br \/>\nModeration: Mansour Yacoub<\/p>\n<p>Gast und Moderation: Mahamadi Sinka<\/p>\n<p><strong>Mahamadi Sinka<\/strong>: Produzent \u201eKongresse aller Westafrikanischen Lehrer f\u00fcr Integration und Frieden\u201c, Leiter FESTICO in Burkina Faso, Assistent der St\u00e4dtischen Kultur, Pr\u00e4sident Woka-Kuma Verein in Burkina Faso, Mitglied der Organisation \u201eWerkstatt und Forum\u201c, die sich mit Erziehung und Menschen-rechten, der Vernetzung der sportlichen und kulturellen Aktivit\u00e4ten und deren Planumsetzung von Jugendlichen in Westafrika und der Baumbew\u00e4sserung in D\u00fcrregebieten besch\u00e4ftigt.<br \/>\nDer Menschenrechtler deutet das soziale Leben seiner Heimat und Westafrika und analysiert Familienstrukturen in Burkina Faso mit PodiumsteilnehmerInnen in Deutschland.<br \/>\nGewalt existiert auf Grund vielschichtiger Ursachen und wir sollten sie nicht ignorieren! Sie entsteht durch eine immer mehr isolierte Gesellschaft. Unsere Umgebung, insbes. Sch\u00fcler-innen, Auszubildende, Student-innen, Lehrer-innen und Arbeitsvermittler-innen, sind immer \u00f6fter Konfliktsituationen ausgesetzt, dessen Ursachen aus rassistischen, religi\u00f6sen, sozialen, p\u00e4dagogischen, institutionellen oder integrativen Problemen entstanden.<br \/>\nDie Arbeitsbedingungen der Lehrer-innen stellen sich als schwierig dar, sind sie doch teilweise vom Zufluss der Sch\u00fcler- und StudentInnen \u00fcberfordert und k\u00f6nnen daher die gew\u00fcnschte Vertrauenssituation, zwischen Sch\u00fcler-Lehrer nicht mehr gew\u00e4hrleisten.<br \/>\nWie begegnet man heute, sozial unbewusstem Verhalten und Disziplinlosigkeit, bei einer so hohen Arbeitslosigkeit der Jugend? Welche Tendenzen hat diese Gewalt?<br \/>\nEr geht dabei auf das Thema Erziehung mit ihren f\u00fcr uns unvorstellbaren K\u00f6rperstrafen ein, welche durch Religion und Tradition gerechtfertigt werden. Sie werden immer noch an Grundschulen praktiziert und dienen letztendlich dem Glauben, einen Charakter zu schmieden.<br \/>\nIn seinem Vortrag, wird auch \u201eSexuelle Gewalt\u201c angesprochen, die haupts\u00e4chlich junge M\u00e4dchen und Frauen aus kleineren St\u00e4dten und den l\u00e4ndlichen Gegenden betrifft. T\u00e4ter stammen vorwiegend aus den n\u00e4chsten Familienkreisen und entsprechen einer schlechten Berichterstattung. Informative Texte \u00fcber die institutionelle Bildung in Burkina Faso werden gezeigt!<br \/>\nwww.facebook.com\/mahamadi.sinka<\/p>\n<p>___________________________________________________________________________________________<br \/>\nSamstag, 18.6. und Sonntag 19.06.2016<\/p>\n<p>Tanzworkshops mit Ahmed Soura und Serge Som\u00e9<br \/>\nTrommel-Workshop f\u00fcr Anf\u00e4nger und Fortgeschrittene mit Abdoul Aziz Sinka<\/p>\n<p>in der Werkstatt der Kulturen, Wissmannstr. 32, 12049 Berlin<\/p>\n<p><strong>Ahmed Soura \u2013 T\u00e4nzer<\/strong><br \/>\nStudium Institut National de Formation Artistique et Culturelle (INAFAC) vom National Ballet of Burkina Faso<br \/>\nEr arbeitete mit Salia Sanou, Seydou Boro, Angelin Preljocaj, Carolyn Carlson, Gregory Maqoma, Krisztina de Chatel, Mathilde Monnier, Christina de Smedt, Xavier Le Roy, Jan Ristema, Loic Touze, Mette Ingvarsten, Andros Zinsbrowne, Claude Espinassier und Anna Falcidia. Seit 2006 k\u00fcnstlerischer Leiter der traditionellen Tanzkompagnie \u201eK\u00d4RO\u201d.<br \/>\n2011 gewann er den 3. Preis \u201eInternationalen Solo-Tanz-Theater Festival\u201d Stuttgart. 2014 Tanztage Berlin mit Solo \u201eAU PRET DU TEMPS\u201c und Monsun-Theater Hamburg.<br \/>\n2010 \u2013 15 tourt er mit Christoph Schlingensiefs \u201eVia Intolleranza II\u201d durch Europa und pendelt zwischen den Kontinenten.<br \/>\nYoutube-Ausschnitt: Afro Tanzmarathon 2015 \u2013 Live Tanz-Perkussion Ahmed Soura .<\/p>\n<p>__________________________________________________________________________________________<\/p>\n<p>Samstag 18.06.2016 :<\/p>\n<p>18.00h Willkommen, Essen &amp; Getr\u00e4nke<br \/>\n19.00 \u2013 19.30h Er\u00f6ffnung der Foto-Ausstellung \u201epoverty is not a fatality\u201c von J\u00e9rome Bachelier<br \/>\n19.30 \u2013 20.30h Podiumsdiskussion: \u201eGewalt &amp; Bildung\u201c Mahamadi Sinka u.a.<\/p>\n<p>P A U S E<\/p>\n<p>21.15 \u2013 21.45h Tanz-Performance Ahmed Soura &amp; Serge Som\u00e9<br \/>\n21.45 \u2013 23.00h Konzert LANAYA feat. ARGILE: COLLECTIF FOLI<br \/>\n23.00 \u2013 01.00h Party DJ Matar \u2013 Global Beatz<br \/>\nB\u00fchnenbild: Maira Cristela Gomez aus Argentinien &amp; Bassirou Sarr aus Senegal<\/p>\n<p><strong><a href=\"http:\/\/www.lanaya-denou.de\" target=\"_blank\" rel=\"noopener noreferrer\">LANAYA<\/a> feat. ARGILE: COLLECTIF FOLI<\/strong><br \/>\nMama Sanou \u2013 Vocal &amp; Tanz<br \/>\nAziz Sinka \u2013DounDoun, Calabasse, Burkina Faso<br \/>\nGofefo Konate \u2013 Balafon, Burkina Faso<br \/>\nIbrahim Sinka \u2013 Percussion &amp; Tanz, Burkina Faso<br \/>\nDjelifily Sako \u2013 Kora, Mali<br \/>\nArcadius Divadi \u2013 Bass, Benin<br \/>\nDaniel Lorenz \u2013 Geige, Dtld<br \/>\nDieter Weberpals \u2013 Fl\u00f6te &amp; Vibrafon, Deutschland<\/p>\n<p>Es entsteht ein neuer musikalischer Kosmos zwischen hypnotisierenden Beatz aus Burkina Faso und modernen Trance-Grooves. Westafrikanische Djembe-Power trifft mit h\u00f6chstem Niveau auf Balafon und Kora!<br \/>\nLANAYA aus Burkina Faso spielen weltbekannte, kraftvolle, furiose Rhythmen, Lieder und T\u00e4nze der Manding-V\u00f6lker mit modernen Stil-Elementen, groovenden Melodien, rhythmische Improvisationen, ein ganz neues Licht\u00a0 auf teilweise uralte Volksweisen.<br \/>\n2013 bekamen sie den 1. Preis der CREOLE Berlin\/Brandenburg + 1. Preis Sharq Taronalari, Usbekistan.<br \/>\nDieter Weberpals geh\u00f6rt mit seinem Musikprojekt ARGILE seit \u00fcber zwanzig Jahren zu den international renommierten Worldmusic-Acts in Deutschland. Konzerte auf gro\u00dfen Festivals in ganz Europa (London, Paris, Rom) und in Afrika (Abidjan, Ouagadougou, Lome), 5 CDs und viele bekannte (Gast-)Musiker (Famoudou Konate, Mansa Camio, Sona Diabate, Ramesh Shotham u.v.a.).<br \/>\nYoutube-Ausschnitt: Afrika Kulturtage N\u00fcrnberg 2015 \u2013 <a href=\"https:\/\/www.youtube.com\/watch?v=m9Cx6onSHq4&amp;feature=youtu.be &lt;file:\/\/localhost\/watch&gt;\" target=\"_blank\" rel=\"noopener noreferrer\">Lanaya Part I.<\/a><\/p>\n<p>__________________________________________________________________________________________<br \/>\nMontag, 20.6. und Donnerstag 23.06.<\/p>\n<p>gab es \u201eGewalt und Bildung\u201c \u2013 Workshop mit Mahamadi Sinka<\/p>\n<p>im Centre Fran\u00e7ais de Berlin M\u00fcllerstr. 74, 13349 Berlin<\/p>\n<p>und<\/p>\n<p>Fuchsbau Jugendzentrum Thurgauer Str. 66, 13407 Berlin<\/p>","protected":false},"excerpt":{"rendered":"<p>WOKA KUMA\u00a0 \u2013 \u201eZusammenkommen\u201c 3. Burkina Faso Festival in Berlin vom 16. \u2013 23. Juni 2016 Programm\u00fcbersicht vom 3.Burkina Faso Festival 2016 Donnerstag, 16.6., Podiumsdiskussion zum Thema &#8220;Gewalt und Bildung&#8221; von Mahamadi Sinka Die Podiumsdiskussion &amp; Workshops dienten dem gesamten Charakter und dem wesentlichen kommunikativen Ziel des WOKA KUMA Festivals, Kunst, Bildung und Menschenrechtsthemen zu [&hellip;]<\/p>\n","protected":false},"author":2,"featured_media":0,"parent":10,"menu_order":0,"comment_status":"closed","ping_status":"closed","template":"","meta":{"footnotes":""},"class_list":["post-225","page","type-page","status-publish","hentry"],"yoast_head":"<!-- This site is optimized with the Yoast SEO plugin v27.4 - https:\/\/yoast.com\/product\/yoast-seo-wordpress\/ -->\n<title>Festival 2016 - Woka-Kuma Deutschland e.V.<\/title>\n<meta name=\"robots\" content=\"index, follow, max-snippet:-1, max-image-preview:large, max-video-preview:-1\" \/>\n<link rel=\"canonical\" href=\"https:\/\/woka-kuma.de\/wokakuma-festival\/2016-2\/\" \/>\n<meta property=\"og:locale\" content=\"en_US\" \/>\n<meta property=\"og:type\" content=\"article\" \/>\n<meta property=\"og:title\" content=\"Festival 2016 - Woka-Kuma Deutschland e.V.\" \/>\n<meta property=\"og:description\" content=\"WOKA KUMA\u00a0 \u2013 \u201eZusammenkommen\u201c 3. Burkina Faso Festival in Berlin vom 16. \u2013 23. Juni 2016 Programm\u00fcbersicht vom 3.Burkina Faso Festival 2016 Donnerstag, 16.6., Podiumsdiskussion zum Thema &#8220;Gewalt und Bildung&#8221; von Mahamadi Sinka Die Podiumsdiskussion &amp; Workshops dienten dem gesamten Charakter und dem wesentlichen kommunikativen Ziel des WOKA KUMA Festivals, Kunst, Bildung und Menschenrechtsthemen zu [&hellip;]\" \/>\n<meta property=\"og:url\" content=\"https:\/\/woka-kuma.de\/wokakuma-festival\/2016-2\/\" \/>\n<meta property=\"og:site_name\" content=\"Woka-Kuma Deutschland e.V.\" \/>\n<meta property=\"article:modified_time\" content=\"2021-03-01T15:51:24+00:00\" \/>\n<meta property=\"og:image\" content=\"https:\/\/woka-kuma.de\/wp-content\/uploads\/2016\/06\/WOKA-KUMA_web_flyer-212x300.jpg\" \/>\n<meta name=\"twitter:card\" content=\"summary_large_image\" \/>\n<meta name=\"twitter:label1\" content=\"Est. reading time\" \/>\n\t<meta name=\"twitter:data1\" content=\"13 minutes\" \/>\n<script type=\"application\/ld+json\" class=\"yoast-schema-graph\">{\"@context\":\"https:\\\/\\\/schema.org\",\"@graph\":[{\"@type\":\"WebPage\",\"@id\":\"https:\\\/\\\/woka-kuma.de\\\/wokakuma-festival\\\/2016-2\\\/\",\"url\":\"https:\\\/\\\/woka-kuma.de\\\/wokakuma-festival\\\/2016-2\\\/\",\"name\":\"Festival 2016 - Woka-Kuma Deutschland e.V.\",\"isPartOf\":{\"@id\":\"https:\\\/\\\/woka-kuma.de\\\/#website\"},\"primaryImageOfPage\":{\"@id\":\"https:\\\/\\\/woka-kuma.de\\\/wokakuma-festival\\\/2016-2\\\/#primaryimage\"},\"image\":{\"@id\":\"https:\\\/\\\/woka-kuma.de\\\/wokakuma-festival\\\/2016-2\\\/#primaryimage\"},\"thumbnailUrl\":\"https:\\\/\\\/woka-kuma.de\\\/wp-content\\\/uploads\\\/2016\\\/06\\\/WOKA-KUMA_web_flyer-212x300.jpg\",\"datePublished\":\"2016-06-05T12:29:03+00:00\",\"dateModified\":\"2021-03-01T15:51:24+00:00\",\"breadcrumb\":{\"@id\":\"https:\\\/\\\/woka-kuma.de\\\/wokakuma-festival\\\/2016-2\\\/#breadcrumb\"},\"inLanguage\":\"en-US\",\"potentialAction\":[{\"@type\":\"ReadAction\",\"target\":[\"https:\\\/\\\/woka-kuma.de\\\/wokakuma-festival\\\/2016-2\\\/\"]}]},{\"@type\":\"ImageObject\",\"inLanguage\":\"en-US\",\"@id\":\"https:\\\/\\\/woka-kuma.de\\\/wokakuma-festival\\\/2016-2\\\/#primaryimage\",\"url\":\"https:\\\/\\\/woka-kuma.de\\\/wp-content\\\/uploads\\\/2016\\\/06\\\/WOKA-KUMA_web_flyer-212x300.jpg\",\"contentUrl\":\"https:\\\/\\\/woka-kuma.de\\\/wp-content\\\/uploads\\\/2016\\\/06\\\/WOKA-KUMA_web_flyer-212x300.jpg\"},{\"@type\":\"BreadcrumbList\",\"@id\":\"https:\\\/\\\/woka-kuma.de\\\/wokakuma-festival\\\/2016-2\\\/#breadcrumb\",\"itemListElement\":[{\"@type\":\"ListItem\",\"position\":1,\"name\":\"Startseite\",\"item\":\"https:\\\/\\\/woka-kuma.de\\\/\"},{\"@type\":\"ListItem\",\"position\":2,\"name\":\"Woka Kuma Festival\",\"item\":\"https:\\\/\\\/woka-kuma.de\\\/wokakuma-festival\\\/\"},{\"@type\":\"ListItem\",\"position\":3,\"name\":\"Festival 2016\"}]},{\"@type\":\"WebSite\",\"@id\":\"https:\\\/\\\/woka-kuma.de\\\/#website\",\"url\":\"https:\\\/\\\/woka-kuma.de\\\/\",\"name\":\"Woka-Kuma Deutschland e.V.\",\"description\":\"\",\"publisher\":{\"@id\":\"https:\\\/\\\/woka-kuma.de\\\/#organization\"},\"potentialAction\":[{\"@type\":\"SearchAction\",\"target\":{\"@type\":\"EntryPoint\",\"urlTemplate\":\"https:\\\/\\\/woka-kuma.de\\\/?s={search_term_string}\"},\"query-input\":{\"@type\":\"PropertyValueSpecification\",\"valueRequired\":true,\"valueName\":\"search_term_string\"}}],\"inLanguage\":\"en-US\"},{\"@type\":\"Organization\",\"@id\":\"https:\\\/\\\/woka-kuma.de\\\/#organization\",\"name\":\"Woka-Kuma Deutschland e.V.\",\"url\":\"https:\\\/\\\/woka-kuma.de\\\/\",\"logo\":{\"@type\":\"ImageObject\",\"inLanguage\":\"en-US\",\"@id\":\"https:\\\/\\\/woka-kuma.de\\\/#\\\/schema\\\/logo\\\/image\\\/\",\"url\":\"https:\\\/\\\/woka-kuma.de\\\/wp-content\\\/uploads\\\/2020\\\/07\\\/Logo-Verein-2020-rund.png\",\"contentUrl\":\"https:\\\/\\\/woka-kuma.de\\\/wp-content\\\/uploads\\\/2020\\\/07\\\/Logo-Verein-2020-rund.png\",\"width\":1920,\"height\":1918,\"caption\":\"Woka-Kuma Deutschland e.V.\"},\"image\":{\"@id\":\"https:\\\/\\\/woka-kuma.de\\\/#\\\/schema\\\/logo\\\/image\\\/\"}}]}<\/script>\n<!-- \/ Yoast SEO plugin. -->","yoast_head_json":{"title":"Festival 2016 - Woka-Kuma Deutschland e.V.","robots":{"index":"index","follow":"follow","max-snippet":"max-snippet:-1","max-image-preview":"max-image-preview:large","max-video-preview":"max-video-preview:-1"},"canonical":"https:\/\/woka-kuma.de\/wokakuma-festival\/2016-2\/","og_locale":"en_US","og_type":"article","og_title":"Festival 2016 - Woka-Kuma Deutschland e.V.","og_description":"WOKA KUMA\u00a0 \u2013 \u201eZusammenkommen\u201c 3. Burkina Faso Festival in Berlin vom 16. \u2013 23. Juni 2016 Programm\u00fcbersicht vom 3.Burkina Faso Festival 2016 Donnerstag, 16.6., Podiumsdiskussion zum Thema &#8220;Gewalt und Bildung&#8221; von Mahamadi Sinka Die Podiumsdiskussion &amp; Workshops dienten dem gesamten Charakter und dem wesentlichen kommunikativen Ziel des WOKA KUMA Festivals, Kunst, Bildung und Menschenrechtsthemen zu [&hellip;]","og_url":"https:\/\/woka-kuma.de\/wokakuma-festival\/2016-2\/","og_site_name":"Woka-Kuma Deutschland e.V.","article_modified_time":"2021-03-01T15:51:24+00:00","og_image":[{"url":"https:\/\/woka-kuma.de\/wp-content\/uploads\/2016\/06\/WOKA-KUMA_web_flyer-212x300.jpg","type":"","width":"","height":""}],"twitter_card":"summary_large_image","twitter_misc":{"Est. reading time":"13 minutes"},"schema":{"@context":"https:\/\/schema.org","@graph":[{"@type":"WebPage","@id":"https:\/\/woka-kuma.de\/wokakuma-festival\/2016-2\/","url":"https:\/\/woka-kuma.de\/wokakuma-festival\/2016-2\/","name":"Festival 2016 - Woka-Kuma Deutschland e.V.","isPartOf":{"@id":"https:\/\/woka-kuma.de\/#website"},"primaryImageOfPage":{"@id":"https:\/\/woka-kuma.de\/wokakuma-festival\/2016-2\/#primaryimage"},"image":{"@id":"https:\/\/woka-kuma.de\/wokakuma-festival\/2016-2\/#primaryimage"},"thumbnailUrl":"https:\/\/woka-kuma.de\/wp-content\/uploads\/2016\/06\/WOKA-KUMA_web_flyer-212x300.jpg","datePublished":"2016-06-05T12:29:03+00:00","dateModified":"2021-03-01T15:51:24+00:00","breadcrumb":{"@id":"https:\/\/woka-kuma.de\/wokakuma-festival\/2016-2\/#breadcrumb"},"inLanguage":"en-US","potentialAction":[{"@type":"ReadAction","target":["https:\/\/woka-kuma.de\/wokakuma-festival\/2016-2\/"]}]},{"@type":"ImageObject","inLanguage":"en-US","@id":"https:\/\/woka-kuma.de\/wokakuma-festival\/2016-2\/#primaryimage","url":"https:\/\/woka-kuma.de\/wp-content\/uploads\/2016\/06\/WOKA-KUMA_web_flyer-212x300.jpg","contentUrl":"https:\/\/woka-kuma.de\/wp-content\/uploads\/2016\/06\/WOKA-KUMA_web_flyer-212x300.jpg"},{"@type":"BreadcrumbList","@id":"https:\/\/woka-kuma.de\/wokakuma-festival\/2016-2\/#breadcrumb","itemListElement":[{"@type":"ListItem","position":1,"name":"Startseite","item":"https:\/\/woka-kuma.de\/"},{"@type":"ListItem","position":2,"name":"Woka Kuma Festival","item":"https:\/\/woka-kuma.de\/wokakuma-festival\/"},{"@type":"ListItem","position":3,"name":"Festival 2016"}]},{"@type":"WebSite","@id":"https:\/\/woka-kuma.de\/#website","url":"https:\/\/woka-kuma.de\/","name":"Woka-Kuma Deutschland e.V.","description":"","publisher":{"@id":"https:\/\/woka-kuma.de\/#organization"},"potentialAction":[{"@type":"SearchAction","target":{"@type":"EntryPoint","urlTemplate":"https:\/\/woka-kuma.de\/?s={search_term_string}"},"query-input":{"@type":"PropertyValueSpecification","valueRequired":true,"valueName":"search_term_string"}}],"inLanguage":"en-US"},{"@type":"Organization","@id":"https:\/\/woka-kuma.de\/#organization","name":"Woka-Kuma Deutschland e.V.","url":"https:\/\/woka-kuma.de\/","logo":{"@type":"ImageObject","inLanguage":"en-US","@id":"https:\/\/woka-kuma.de\/#\/schema\/logo\/image\/","url":"https:\/\/woka-kuma.de\/wp-content\/uploads\/2020\/07\/Logo-Verein-2020-rund.png","contentUrl":"https:\/\/woka-kuma.de\/wp-content\/uploads\/2020\/07\/Logo-Verein-2020-rund.png","width":1920,"height":1918,"caption":"Woka-Kuma Deutschland e.V."},"image":{"@id":"https:\/\/woka-kuma.de\/#\/schema\/logo\/image\/"}}]}},"_links":{"self":[{"href":"https:\/\/woka-kuma.de\/en\/wp-json\/wp\/v2\/pages\/225","targetHints":{"allow":["GET"]}}],"collection":[{"href":"https:\/\/woka-kuma.de\/en\/wp-json\/wp\/v2\/pages"}],"about":[{"href":"https:\/\/woka-kuma.de\/en\/wp-json\/wp\/v2\/types\/page"}],"author":[{"embeddable":true,"href":"https:\/\/woka-kuma.de\/en\/wp-json\/wp\/v2\/users\/2"}],"replies":[{"embeddable":true,"href":"https:\/\/woka-kuma.de\/en\/wp-json\/wp\/v2\/comments?post=225"}],"version-history":[{"count":9,"href":"https:\/\/woka-kuma.de\/en\/wp-json\/wp\/v2\/pages\/225\/revisions"}],"predecessor-version":[{"id":1170,"href":"https:\/\/woka-kuma.de\/en\/wp-json\/wp\/v2\/pages\/225\/revisions\/1170"}],"up":[{"embeddable":true,"href":"https:\/\/woka-kuma.de\/en\/wp-json\/wp\/v2\/pages\/10"}],"wp:attachment":[{"href":"https:\/\/woka-kuma.de\/en\/wp-json\/wp\/v2\/media?parent=225"}],"curies":[{"name":"wp","href":"https:\/\/api.w.org\/{rel}","templated":true}]}}