{"id":1825,"date":"2023-03-25T15:04:15","date_gmt":"2023-03-25T15:04:15","guid":{"rendered":"https:\/\/woka-kuma.de\/?page_id=1825"},"modified":"2023-03-25T15:26:30","modified_gmt":"2023-03-25T15:26:30","slug":"diskussionsveranstaltung-2023","status":"publish","type":"page","link":"https:\/\/woka-kuma.de\/en\/wokakuma-festival\/festival-2022\/diskussionsveranstaltung-2023\/","title":{"rendered":"Panel discussion &#8211; how dance can contribute to peace"},"content":{"rendered":"<p><strong>Discussion event on the topic &#8220;Hand-in-Hand across borders &#8211; how dance can contribute to peace&#8221;.<\/strong><br \/>\n<strong>with Lisandra Cervantes, dancer and dance teacher from Cuba, and Serges Som\u00e9 dancer and dance teacher from Ouagadougou.<\/strong><\/p>\n<p><strong>So many challenges<\/strong><\/p>\n<p>Peace and stability are cornerstones of a functioning society. Thus, it is always a political challenge to strengthen social cohesion.<br \/>\nUnfortunately, cultural actors are often not involved when it comes to creating understanding for each other and promoting social cohesion.<br \/>\nCulture, art, dance is often not perceived as a political instrument, but only as a creative expression of traditions, personality or competencies. The importance of cultural activities and cultural actors, especially in times of war and crisis, is underestimated. The effectiveness of cultural actors in building, maintaining and spreading peace in a society, or even social cohesion is not (yet) sufficiently taken into account in national or global crisis situations.<\/p>\n<p>Our activity: Talking about it<\/p>\n<p>At our discussion event, two speakers were invited to talk about their experiences and realities of life, Serges Som\u00e9 from Burkina Faso and Lisandra Cervantes from Germany\/Cuba, moderated by Peguy Taku, writer from Cameroon. For inclusive understanding, the discussion was simultaneously translated into German and French for all participants, and there was also a whispered translation from Spanish into German for the speaker Fr Cervantes. There were 65 participants in total. After the event there was space for an informal exchange over drinks and finger food to give the participants as well as the speakers space to network and give feedback beyond what was said publicly.<\/p>\n<p>Exchange in the audience<\/p>\n<p>&#8220;The international perspective of the two speakers also made me aware of the transnational reality&#8221; said one participant of the event. &#8220;If you know a little bit about the current challenges of society in Germany, but then hear similar demands voiced by people from abroad, then you realize how universal these issues are, and how much you could actually learn from each other.&#8221;<br \/>\nLisandra Cervantes, for example, originally from Cuba, is a dancer and dance teacher in Berlin. She was able to bring another perspective to this, not only from her professional experience in Berlin but also from her project experiences from her home country.<\/p>\n<p>With effect<br \/>\nIn the informal feedback, two visitors stated afterwards, independently of each other, that they especially kept their clear appeal &#8220;to make art and dance accessible for children&#8221; and will take it with them. In this context, Ms. Cervantes told about her experiences with dance projects with street children in Cuba, where she noticed a personal change and development of the children in contrast to other children. Her insight is mainly related to the investment in the children and young people, and here also draws an appeal to the local political level to create projects in order to invest sustainably in the future. Serges Som\u00e9 reported complementary beside his current projects above all from his own experience, how dance and the dance teacher training positively influenced his life and he can draw also by the multiplication effect in his teaching very much strength.<\/p>\n<div id=\"metaslider-id-1835\" style=\"max-width: 600px; margin: 0 auto;\" class=\"ml-slider-3-108-0 metaslider metaslider-flex metaslider-1835 ml-slider has-dots-nav ms-theme-default\" role=\"region\" aria-label=\"Diskussionsveranstaltung 2022\" data-height=\"600\" data-width=\"600\">\n    <div id=\"metaslider_container_1835\">\n        <div id=\"metaslider_1835\">\n            <ul class='slides'>\n                <li style=\"display: block; width: 100%;\" class=\"slide-1836 ms-image \" aria-roledescription=\"slide\" data-date=\"2023-03-25 15:09:44\" data-filename=\"Woka-Kuma_7BFF-027-min-600x600.jpg\" data-slide-type=\"image\"><img decoding=\"async\" src=\"https:\/\/woka-kuma.de\/wp-content\/uploads\/2023\/03\/Woka-Kuma_7BFF-027-min-600x600.jpg\" height=\"600\" width=\"600\" alt=\"Referierende Diskussionsveranstaltung &quot;Wie kann Tanz zum Frieden beitragen&quot;\" class=\"slider-1835 slide-1836 msDefaultImage\" title=\"Woka Kuma_7BFF 027-min\" \/><div class=\"caption-wrap\"><div class=\"caption\">Referierende Diskussionsveranstaltung \"Wie kann Tanz zum Frieden beitragen\"<\/div><\/div><\/li>\n                <li style=\"display: none; width: 100%;\" class=\"slide-1837 ms-image \" aria-roledescription=\"slide\" data-date=\"2023-03-25 15:10:03\" data-filename=\"Woka-Kuma_7BFF-060-min-600x600.jpg\" data-slide-type=\"image\"><img decoding=\"async\" src=\"https:\/\/woka-kuma.de\/wp-content\/uploads\/2023\/03\/Woka-Kuma_7BFF-060-min-600x600.jpg\" height=\"600\" width=\"600\" alt=\"Referierende Diskussionsveranstaltung &quot;Wie kann Tanz zum Frieden beitragen&quot;\" class=\"slider-1835 slide-1837 msDefaultImage\" title=\"Woka Kuma_\" \/><div class=\"caption-wrap\"><div class=\"caption\">Referierende Diskussionsveranstaltung \"Wie kann Tanz zum Frieden beitragen\"<\/div><\/div><\/li>\n                <li style=\"display: none; width: 100%;\" class=\"slide-1838 ms-image \" aria-roledescription=\"slide\" data-date=\"2023-03-25 15:10:25\" data-filename=\"Woka-Kuma_7BFF-034-min-600x600.jpg\" data-slide-type=\"image\"><img decoding=\"async\" src=\"https:\/\/woka-kuma.de\/wp-content\/uploads\/2023\/03\/Woka-Kuma_7BFF-034-min-600x600.jpg\" height=\"600\" width=\"600\" alt=\"Referierende Diskussionsveranstaltung &quot;Wie kann Tanz zum Frieden beitragen&quot;\" class=\"slider-1835 slide-1838 msDefaultImage\" title=\"Woka Kuma_\" \/><div class=\"caption-wrap\"><div class=\"caption\">Referierende Diskussionsveranstaltung \"Wie kann Tanz zum Frieden beitragen\"<\/div><\/div><\/li>\n                <li style=\"display: none; width: 100%;\" class=\"slide-1839 ms-image \" aria-roledescription=\"slide\" data-date=\"2023-03-25 15:10:43\" data-filename=\"Woka-Kuma_7BFF-213-min-600x600.jpg\" data-slide-type=\"image\"><img decoding=\"async\" src=\"https:\/\/woka-kuma.de\/wp-content\/uploads\/2023\/03\/Woka-Kuma_7BFF-213-min-600x600.jpg\" height=\"600\" width=\"600\" alt=\"Diskussionsveranstaltung &quot;Wie kann Tanz zum Frieden beitragen&quot;\" class=\"slider-1835 slide-1839 msDefaultImage\" title=\"Woka Kuma_7BFF 213-min\" \/><div class=\"caption-wrap\"><div class=\"caption\">Diskussionsveranstaltung \"Wie kann Tanz zum Frieden beitragen\"<\/div><\/div><\/li>\n            <\/ul>\n        <\/div>\n        \n    <\/div>\n<\/div>\n<p>The event was sponsored by the Landesstelle f\u00fcr Entwicklungszusammenarbeit<\/p>\n<p>&nbsp;<\/p>","protected":false},"excerpt":{"rendered":"<p>Discussion event on the topic &#8220;Hand-in-Hand across borders &#8211; how dance can contribute to peace&#8221;. with Lisandra Cervantes, dancer and dance teacher from Cuba, and Serges Som\u00e9 dancer and dance teacher from Ouagadougou. So many challenges Peace and stability are cornerstones of a functioning society. Thus, it is always a political challenge to strengthen social [&hellip;]<\/p>\n","protected":false},"author":3,"featured_media":1832,"parent":1671,"menu_order":3,"comment_status":"closed","ping_status":"closed","template":"","meta":{"footnotes":""},"class_list":["post-1825","page","type-page","status-publish","has-post-thumbnail","hentry"],"yoast_head":"<!-- This site is optimized with the Yoast SEO plugin v27.4 - https:\/\/yoast.com\/product\/yoast-seo-wordpress\/ -->\n<title>Panel discussion - how dance can contribute to peace - Woka-Kuma Deutschland e.V.<\/title>\n<meta name=\"description\" content=\"Diskussionsveranstaltung zu dem Thema &quot;Hand-in-Hand \u00fcber Grenzen hinweg - wie Tanz zum Frieden beitragen kann&quot; mit Lisandra Cervantes, T\u00e4nzerin und Tanzlehrerin aus Kuba und Serges Som\u00e9 T\u00e4nzer und Tanzlehrer aus Ouagadougou\" \/>\n<meta name=\"robots\" content=\"index, follow, max-snippet:-1, max-image-preview:large, max-video-preview:-1\" \/>\n<link rel=\"canonical\" href=\"https:\/\/woka-kuma.de\/wokakuma-festival\/festival-2022\/diskussionsveranstaltung-2023\/\" \/>\n<meta property=\"og:locale\" content=\"en_US\" \/>\n<meta property=\"og:type\" content=\"article\" \/>\n<meta property=\"og:title\" content=\"[:de]Diskussionsveranstaltung 2022[:en]Panel discussion - how dance can contribute to peace[:fr]Discussion Panel 2022[:] - Woka-Kuma Deutschland e.V.\" \/>\n<meta property=\"og:description\" content=\"Diskussionsveranstaltung zu dem Thema &quot;Hand-in-Hand \u00fcber Grenzen hinweg - wie Tanz zum Frieden beitragen kann&quot; mit Lisandra Cervantes, T\u00e4nzerin und Tanzlehrerin aus Kuba und Serges Som\u00e9 T\u00e4nzer und Tanzlehrer aus Ouagadougou\" \/>\n<meta property=\"og:url\" content=\"https:\/\/woka-kuma.de\/wokakuma-festival\/festival-2022\/diskussionsveranstaltung-2023\/\" \/>\n<meta property=\"og:site_name\" content=\"Woka-Kuma Deutschland e.V.\" \/>\n<meta property=\"article:modified_time\" content=\"2023-03-25T15:26:30+00:00\" \/>\n<meta property=\"og:image\" content=\"https:\/\/woka-kuma.de\/wp-content\/uploads\/2023\/03\/Woka-Kuma_7BFF-027-min.jpg\" \/>\n\t<meta property=\"og:image:width\" content=\"1920\" \/>\n\t<meta property=\"og:image:height\" content=\"1280\" \/>\n\t<meta property=\"og:image:type\" content=\"image\/jpeg\" \/>\n<meta name=\"twitter:card\" content=\"summary_large_image\" \/>\n<meta name=\"twitter:label1\" content=\"Est. reading time\" \/>\n\t<meta name=\"twitter:data1\" content=\"4 minutes\" \/>\n<script type=\"application\/ld+json\" class=\"yoast-schema-graph\">{\"@context\":\"https:\\\/\\\/schema.org\",\"@graph\":[{\"@type\":\"WebPage\",\"@id\":\"https:\\\/\\\/woka-kuma.de\\\/wokakuma-festival\\\/festival-2022\\\/diskussionsveranstaltung-2023\\\/\",\"url\":\"https:\\\/\\\/woka-kuma.de\\\/wokakuma-festival\\\/festival-2022\\\/diskussionsveranstaltung-2023\\\/\",\"name\":\"[:de]Diskussionsveranstaltung 2022[:en]Panel discussion - how dance can contribute to peace[:fr]Discussion Panel 2022[:] - Woka-Kuma Deutschland e.V.\",\"isPartOf\":{\"@id\":\"https:\\\/\\\/woka-kuma.de\\\/#website\"},\"primaryImageOfPage\":{\"@id\":\"https:\\\/\\\/woka-kuma.de\\\/wokakuma-festival\\\/festival-2022\\\/diskussionsveranstaltung-2023\\\/#primaryimage\"},\"image\":{\"@id\":\"https:\\\/\\\/woka-kuma.de\\\/wokakuma-festival\\\/festival-2022\\\/diskussionsveranstaltung-2023\\\/#primaryimage\"},\"thumbnailUrl\":\"https:\\\/\\\/woka-kuma.de\\\/wp-content\\\/uploads\\\/2023\\\/03\\\/Woka-Kuma_7BFF-027-min.jpg\",\"datePublished\":\"2023-03-25T15:04:15+00:00\",\"dateModified\":\"2023-03-25T15:26:30+00:00\",\"description\":\"Diskussionsveranstaltung zu dem Thema \\\"Hand-in-Hand \u00fcber Grenzen hinweg - wie Tanz zum Frieden beitragen kann\\\" mit Lisandra Cervantes, T\u00e4nzerin und Tanzlehrerin aus Kuba und Serges Som\u00e9 T\u00e4nzer und Tanzlehrer aus Ouagadougou\",\"breadcrumb\":{\"@id\":\"https:\\\/\\\/woka-kuma.de\\\/wokakuma-festival\\\/festival-2022\\\/diskussionsveranstaltung-2023\\\/#breadcrumb\"},\"inLanguage\":\"en-US\",\"potentialAction\":[{\"@type\":\"ReadAction\",\"target\":[\"https:\\\/\\\/woka-kuma.de\\\/wokakuma-festival\\\/festival-2022\\\/diskussionsveranstaltung-2023\\\/\"]}]},{\"@type\":\"ImageObject\",\"inLanguage\":\"en-US\",\"@id\":\"https:\\\/\\\/woka-kuma.de\\\/wokakuma-festival\\\/festival-2022\\\/diskussionsveranstaltung-2023\\\/#primaryimage\",\"url\":\"https:\\\/\\\/woka-kuma.de\\\/wp-content\\\/uploads\\\/2023\\\/03\\\/Woka-Kuma_7BFF-027-min.jpg\",\"contentUrl\":\"https:\\\/\\\/woka-kuma.de\\\/wp-content\\\/uploads\\\/2023\\\/03\\\/Woka-Kuma_7BFF-027-min.jpg\",\"width\":1920,\"height\":1280,\"caption\":\"Referierende Diskussionsveranstaltung \\\"Wie kann Tanz zum Frieden beitragen\\\"\"},{\"@type\":\"BreadcrumbList\",\"@id\":\"https:\\\/\\\/woka-kuma.de\\\/wokakuma-festival\\\/festival-2022\\\/diskussionsveranstaltung-2023\\\/#breadcrumb\",\"itemListElement\":[{\"@type\":\"ListItem\",\"position\":1,\"name\":\"Startseite\",\"item\":\"https:\\\/\\\/woka-kuma.de\\\/\"},{\"@type\":\"ListItem\",\"position\":2,\"name\":\"Woka Kuma Festival\",\"item\":\"https:\\\/\\\/woka-kuma.de\\\/wokakuma-festival\\\/\"},{\"@type\":\"ListItem\",\"position\":3,\"name\":\"Festival 2022\",\"item\":\"https:\\\/\\\/woka-kuma.de\\\/wokakuma-festival\\\/festival-2022\\\/\"},{\"@type\":\"ListItem\",\"position\":4,\"name\":\"Diskussionsveranstaltung 2022\"}]},{\"@type\":\"WebSite\",\"@id\":\"https:\\\/\\\/woka-kuma.de\\\/#website\",\"url\":\"https:\\\/\\\/woka-kuma.de\\\/\",\"name\":\"Woka-Kuma Deutschland e.V.\",\"description\":\"\",\"publisher\":{\"@id\":\"https:\\\/\\\/woka-kuma.de\\\/#organization\"},\"potentialAction\":[{\"@type\":\"SearchAction\",\"target\":{\"@type\":\"EntryPoint\",\"urlTemplate\":\"https:\\\/\\\/woka-kuma.de\\\/?s={search_term_string}\"},\"query-input\":{\"@type\":\"PropertyValueSpecification\",\"valueRequired\":true,\"valueName\":\"search_term_string\"}}],\"inLanguage\":\"en-US\"},{\"@type\":\"Organization\",\"@id\":\"https:\\\/\\\/woka-kuma.de\\\/#organization\",\"name\":\"Woka-Kuma Deutschland e.V.\",\"url\":\"https:\\\/\\\/woka-kuma.de\\\/\",\"logo\":{\"@type\":\"ImageObject\",\"inLanguage\":\"en-US\",\"@id\":\"https:\\\/\\\/woka-kuma.de\\\/#\\\/schema\\\/logo\\\/image\\\/\",\"url\":\"https:\\\/\\\/woka-kuma.de\\\/wp-content\\\/uploads\\\/2020\\\/07\\\/Logo-Verein-2020-rund.png\",\"contentUrl\":\"https:\\\/\\\/woka-kuma.de\\\/wp-content\\\/uploads\\\/2020\\\/07\\\/Logo-Verein-2020-rund.png\",\"width\":1920,\"height\":1918,\"caption\":\"Woka-Kuma Deutschland e.V.\"},\"image\":{\"@id\":\"https:\\\/\\\/woka-kuma.de\\\/#\\\/schema\\\/logo\\\/image\\\/\"}}]}<\/script>\n<!-- \/ Yoast SEO plugin. -->","yoast_head_json":{"title":"[:de]Diskussionsveranstaltung 2022[:en]Panel discussion - how dance can contribute to peace[:fr]Discussion Panel 2022[:] - Woka-Kuma Deutschland e.V.","description":"Diskussionsveranstaltung zu dem Thema \"Hand-in-Hand \u00fcber Grenzen hinweg - wie Tanz zum Frieden beitragen kann\" mit Lisandra Cervantes, T\u00e4nzerin und Tanzlehrerin aus Kuba und Serges Som\u00e9 T\u00e4nzer und Tanzlehrer aus Ouagadougou","robots":{"index":"index","follow":"follow","max-snippet":"max-snippet:-1","max-image-preview":"max-image-preview:large","max-video-preview":"max-video-preview:-1"},"canonical":"https:\/\/woka-kuma.de\/wokakuma-festival\/festival-2022\/diskussionsveranstaltung-2023\/","og_locale":"en_US","og_type":"article","og_title":"[:de]Diskussionsveranstaltung 2022[:en]Panel discussion - how dance can contribute to peace[:fr]Discussion Panel 2022[:] - Woka-Kuma Deutschland e.V.","og_description":"Diskussionsveranstaltung zu dem Thema \"Hand-in-Hand \u00fcber Grenzen hinweg - wie Tanz zum Frieden beitragen kann\" mit Lisandra Cervantes, T\u00e4nzerin und Tanzlehrerin aus Kuba und Serges Som\u00e9 T\u00e4nzer und Tanzlehrer aus Ouagadougou","og_url":"https:\/\/woka-kuma.de\/wokakuma-festival\/festival-2022\/diskussionsveranstaltung-2023\/","og_site_name":"Woka-Kuma Deutschland e.V.","article_modified_time":"2023-03-25T15:26:30+00:00","og_image":[{"width":1920,"height":1280,"url":"https:\/\/woka-kuma.de\/wp-content\/uploads\/2023\/03\/Woka-Kuma_7BFF-027-min.jpg","type":"image\/jpeg"}],"twitter_card":"summary_large_image","twitter_misc":{"Est. reading time":"4 minutes"},"schema":{"@context":"https:\/\/schema.org","@graph":[{"@type":"WebPage","@id":"https:\/\/woka-kuma.de\/wokakuma-festival\/festival-2022\/diskussionsveranstaltung-2023\/","url":"https:\/\/woka-kuma.de\/wokakuma-festival\/festival-2022\/diskussionsveranstaltung-2023\/","name":"[:de]Diskussionsveranstaltung 2022[:en]Panel discussion - how dance can contribute to peace[:fr]Discussion Panel 2022[:] - Woka-Kuma Deutschland e.V.","isPartOf":{"@id":"https:\/\/woka-kuma.de\/#website"},"primaryImageOfPage":{"@id":"https:\/\/woka-kuma.de\/wokakuma-festival\/festival-2022\/diskussionsveranstaltung-2023\/#primaryimage"},"image":{"@id":"https:\/\/woka-kuma.de\/wokakuma-festival\/festival-2022\/diskussionsveranstaltung-2023\/#primaryimage"},"thumbnailUrl":"https:\/\/woka-kuma.de\/wp-content\/uploads\/2023\/03\/Woka-Kuma_7BFF-027-min.jpg","datePublished":"2023-03-25T15:04:15+00:00","dateModified":"2023-03-25T15:26:30+00:00","description":"Diskussionsveranstaltung zu dem Thema \"Hand-in-Hand \u00fcber Grenzen hinweg - wie Tanz zum Frieden beitragen kann\" mit Lisandra Cervantes, T\u00e4nzerin und Tanzlehrerin aus Kuba und Serges Som\u00e9 T\u00e4nzer und Tanzlehrer aus Ouagadougou","breadcrumb":{"@id":"https:\/\/woka-kuma.de\/wokakuma-festival\/festival-2022\/diskussionsveranstaltung-2023\/#breadcrumb"},"inLanguage":"en-US","potentialAction":[{"@type":"ReadAction","target":["https:\/\/woka-kuma.de\/wokakuma-festival\/festival-2022\/diskussionsveranstaltung-2023\/"]}]},{"@type":"ImageObject","inLanguage":"en-US","@id":"https:\/\/woka-kuma.de\/wokakuma-festival\/festival-2022\/diskussionsveranstaltung-2023\/#primaryimage","url":"https:\/\/woka-kuma.de\/wp-content\/uploads\/2023\/03\/Woka-Kuma_7BFF-027-min.jpg","contentUrl":"https:\/\/woka-kuma.de\/wp-content\/uploads\/2023\/03\/Woka-Kuma_7BFF-027-min.jpg","width":1920,"height":1280,"caption":"Referierende Diskussionsveranstaltung \"Wie kann Tanz zum Frieden beitragen\""},{"@type":"BreadcrumbList","@id":"https:\/\/woka-kuma.de\/wokakuma-festival\/festival-2022\/diskussionsveranstaltung-2023\/#breadcrumb","itemListElement":[{"@type":"ListItem","position":1,"name":"Startseite","item":"https:\/\/woka-kuma.de\/"},{"@type":"ListItem","position":2,"name":"Woka Kuma Festival","item":"https:\/\/woka-kuma.de\/wokakuma-festival\/"},{"@type":"ListItem","position":3,"name":"Festival 2022","item":"https:\/\/woka-kuma.de\/wokakuma-festival\/festival-2022\/"},{"@type":"ListItem","position":4,"name":"Diskussionsveranstaltung 2022"}]},{"@type":"WebSite","@id":"https:\/\/woka-kuma.de\/#website","url":"https:\/\/woka-kuma.de\/","name":"Woka-Kuma Deutschland e.V.","description":"","publisher":{"@id":"https:\/\/woka-kuma.de\/#organization"},"potentialAction":[{"@type":"SearchAction","target":{"@type":"EntryPoint","urlTemplate":"https:\/\/woka-kuma.de\/?s={search_term_string}"},"query-input":{"@type":"PropertyValueSpecification","valueRequired":true,"valueName":"search_term_string"}}],"inLanguage":"en-US"},{"@type":"Organization","@id":"https:\/\/woka-kuma.de\/#organization","name":"Woka-Kuma Deutschland e.V.","url":"https:\/\/woka-kuma.de\/","logo":{"@type":"ImageObject","inLanguage":"en-US","@id":"https:\/\/woka-kuma.de\/#\/schema\/logo\/image\/","url":"https:\/\/woka-kuma.de\/wp-content\/uploads\/2020\/07\/Logo-Verein-2020-rund.png","contentUrl":"https:\/\/woka-kuma.de\/wp-content\/uploads\/2020\/07\/Logo-Verein-2020-rund.png","width":1920,"height":1918,"caption":"Woka-Kuma Deutschland e.V."},"image":{"@id":"https:\/\/woka-kuma.de\/#\/schema\/logo\/image\/"}}]}},"_links":{"self":[{"href":"https:\/\/woka-kuma.de\/en\/wp-json\/wp\/v2\/pages\/1825","targetHints":{"allow":["GET"]}}],"collection":[{"href":"https:\/\/woka-kuma.de\/en\/wp-json\/wp\/v2\/pages"}],"about":[{"href":"https:\/\/woka-kuma.de\/en\/wp-json\/wp\/v2\/types\/page"}],"author":[{"embeddable":true,"href":"https:\/\/woka-kuma.de\/en\/wp-json\/wp\/v2\/users\/3"}],"replies":[{"embeddable":true,"href":"https:\/\/woka-kuma.de\/en\/wp-json\/wp\/v2\/comments?post=1825"}],"version-history":[{"count":11,"href":"https:\/\/woka-kuma.de\/en\/wp-json\/wp\/v2\/pages\/1825\/revisions"}],"predecessor-version":[{"id":1846,"href":"https:\/\/woka-kuma.de\/en\/wp-json\/wp\/v2\/pages\/1825\/revisions\/1846"}],"up":[{"embeddable":true,"href":"https:\/\/woka-kuma.de\/en\/wp-json\/wp\/v2\/pages\/1671"}],"wp:featuredmedia":[{"embeddable":true,"href":"https:\/\/woka-kuma.de\/en\/wp-json\/wp\/v2\/media\/1832"}],"wp:attachment":[{"href":"https:\/\/woka-kuma.de\/en\/wp-json\/wp\/v2\/media?parent=1825"}],"curies":[{"name":"wp","href":"https:\/\/api.w.org\/{rel}","templated":true}]}}