{"id":1682,"date":"2022-06-29T08:48:56","date_gmt":"2022-06-29T08:48:56","guid":{"rendered":"https:\/\/woka-kuma.de\/?page_id=1682"},"modified":"2025-02-08T08:07:17","modified_gmt":"2025-02-08T08:07:17","slug":"burkinischer-tanz-fuer-kinder-und-jugendliche","status":"publish","type":"page","link":"https:\/\/woka-kuma.de\/en\/wokakuma-festival\/festival-2022\/burkinischer-tanz-fuer-kinder-und-jugendliche\/","title":{"rendered":"Burkinabe dance for children and young people"},"content":{"rendered":"<p>Dance workshops for children and young people 2022<\/p>\n<p>In three time-limited projects, approx. 10-15 children and young people from different age groups are to experience workshops on contemporary and traditional dances from Burkina Faso. Here, the workshops are considered taster sessions and are intended to encourage the children&#8217;s desire for freedom of movement and a sense of a different culture. The dance style plays a special role here. The dance artists convey through the style of Afrocontemporary \/ traditional dance from Burkina Faso an insight into the movements of the traditional dances of the various ethnic groups in Burkina Faso ( such as Moussi, Dosso, Bobo). At the same time, the children and young people will be given the opportunity to try out new movements. Under the theme &#8220;Hand in Hand across Borders&#8221; we offer encounters and space for physical and musical creativity. This will be rhythmically accompanied by live music on the West African drum (Djemb\u00e9), the musician will indicate the rhythm through the instrument and give impulses. In addition, the methodology and didactics of the individual groups will be adapted to the age of the children with various pedagogical exercises on the topic. The projects will be accompanied by another person who, together with the cooperation partner, will ensure linguistic coordination and accessibility. The workshops are to be documented by photo\/video in consultation with the legal guardians, and the results can then be exhibited as a nice souvenir.<\/p>\n<p>We are very happy about this year&#8217;s cooperation and approval by Chance Tanz.<\/p>\n<p>A total of three &#8220;dance splinters&#8221; are planned for the summer of 2022:<\/p>\n<p>&nbsp;<\/p>\n<p>July 2022: In cooperation with the inclusion daycare &#8220;Hand in Hand&#8221; in K\u00f6penick and the Wirtschaftskreis M\u00fcggelheim.<br \/>\nDance workshops for the Kitakinder in the week of 04.07.-08.07.2022<br \/>\nFinal event on 09.09. in the clubhouse in M\u00fcggelheim &#8211; you are cordially invited!<\/p>\n<p><img decoding=\"async\" class=\"alignnone size-medium wp-image-1786\" src=\"https:\/\/woka-kuma.de\/wp-content\/uploads\/2022\/08\/Flyer-Abschlussveranstaltung-09.09.-Bild-212x300.jpeg\" alt=\"\" width=\"212\" height=\"300\" srcset=\"https:\/\/woka-kuma.de\/wp-content\/uploads\/2022\/08\/Flyer-Abschlussveranstaltung-09.09.-Bild-212x300.jpeg 212w, https:\/\/woka-kuma.de\/wp-content\/uploads\/2022\/08\/Flyer-Abschlussveranstaltung-09.09.-Bild-724x1024.jpeg 724w, https:\/\/woka-kuma.de\/wp-content\/uploads\/2022\/08\/Flyer-Abschlussveranstaltung-09.09.-Bild-768x1086.jpeg 768w, https:\/\/woka-kuma.de\/wp-content\/uploads\/2022\/08\/Flyer-Abschlussveranstaltung-09.09.-Bild-1086x1536.jpeg 1086w, https:\/\/woka-kuma.de\/wp-content\/uploads\/2022\/08\/Flyer-Abschlussveranstaltung-09.09.-Bild-1448x2048.jpeg 1448w, https:\/\/woka-kuma.de\/wp-content\/uploads\/2022\/08\/Flyer-Abschlussveranstaltung-09.09.-Bild-1200x1697.jpeg 1200w, https:\/\/woka-kuma.de\/wp-content\/uploads\/2022\/08\/Flyer-Abschlussveranstaltung-09.09.-Bild.jpeg 1358w\" sizes=\"(max-width: 212px) 100vw, 212px\" \/><\/p>\n<p>July 2022: In cooperation with the elementary school Campus R\u00fctli in Neuk\u00f6lln and the after-school care center Nansenstra\u00dfe ( Jugendwohnen im Kiez) we offer dance workshops as a vacation program<br \/>\n22.07.2022 from 14:00uhr on the schoolyard of the Campus: performance and gettogether<\/p>\n<p>September 2022: In cooperation with the Afrika-Center in Sch\u00f6neberg: Burkinabe dance for Kitakinder and interested children from the African diaspora families.<\/p>\n<p>Cordial invitation !<\/p>\n<p><img decoding=\"async\" class=\"alignnone size-medium wp-image-1787\" src=\"https:\/\/woka-kuma.de\/wp-content\/uploads\/2022\/08\/Off-Workshops-Woka-Kuma-Afrika-Center-22-212x300.jpg\" alt=\"\" width=\"212\" height=\"300\" srcset=\"https:\/\/woka-kuma.de\/wp-content\/uploads\/2022\/08\/Off-Workshops-Woka-Kuma-Afrika-Center-22-212x300.jpg 212w, https:\/\/woka-kuma.de\/wp-content\/uploads\/2022\/08\/Off-Workshops-Woka-Kuma-Afrika-Center-22-724x1024.jpg 724w, https:\/\/woka-kuma.de\/wp-content\/uploads\/2022\/08\/Off-Workshops-Woka-Kuma-Afrika-Center-22-768x1087.jpg 768w, https:\/\/woka-kuma.de\/wp-content\/uploads\/2022\/08\/Off-Workshops-Woka-Kuma-Afrika-Center-22-1085x1536.jpg 1085w, https:\/\/woka-kuma.de\/wp-content\/uploads\/2022\/08\/Off-Workshops-Woka-Kuma-Afrika-Center-22-1200x1698.jpg 1200w, https:\/\/woka-kuma.de\/wp-content\/uploads\/2022\/08\/Off-Workshops-Woka-Kuma-Afrika-Center-22.jpg 1447w\" sizes=\"(max-width: 212px) 100vw, 212px\" \/><\/p>\n<p>on 03.09. and on 10.09. from 11.00 -13.00Uhr in the<\/p>\n<p>Afrika-Center, Hohenstaufenstr. 3, 10781 Berlin, Germany<\/p>\n<p>With Alani Abdoussamadou<\/p>\n<p>&nbsp;<\/p>","protected":false},"excerpt":{"rendered":"<p>Dance workshops for children and young people 2022 In three time-limited projects, approx. 10-15 children and young people from different age groups are to experience workshops on contemporary and traditional dances from Burkina Faso. Here, the workshops are considered taster sessions and are intended to encourage the children&#8217;s desire for freedom of movement and a [&hellip;]<\/p>\n","protected":false},"author":3,"featured_media":0,"parent":1671,"menu_order":0,"comment_status":"closed","ping_status":"closed","template":"templates\/template-full-width.php","meta":{"footnotes":""},"class_list":["post-1682","page","type-page","status-publish","hentry"],"yoast_head":"<!-- This site is optimized with the Yoast SEO plugin v27.3 - https:\/\/yoast.com\/product\/yoast-seo-wordpress\/ -->\n<title>Burkinabe dance for children and young people - Woka-Kuma Deutschland e.V.<\/title>\n<meta name=\"description\" content=\"Workshop Tanz f\u00fcr Kinder und Jugendliche Burkina Faso Berlin Afrika Center Projekt\" \/>\n<meta name=\"robots\" content=\"index, follow, max-snippet:-1, max-image-preview:large, max-video-preview:-1\" \/>\n<link rel=\"canonical\" href=\"https:\/\/woka-kuma.de\/wokakuma-festival\/festival-2022\/burkinischer-tanz-fuer-kinder-und-jugendliche\/\" \/>\n<meta property=\"og:locale\" content=\"en_US\" \/>\n<meta property=\"og:type\" content=\"article\" \/>\n<meta property=\"og:title\" content=\"[:de]burkinischer Tanz f\u00fcr Kinder und Jugendliche [:en]Burkinabe dance for children and young people[:fr]danse burkinab\u00e8 pour enfants et adolescents[:] - Woka-Kuma Deutschland e.V.\" \/>\n<meta property=\"og:description\" content=\"Workshop Tanz f\u00fcr Kinder und Jugendliche Burkina Faso Berlin Afrika Center Projekt\" \/>\n<meta property=\"og:url\" content=\"https:\/\/woka-kuma.de\/wokakuma-festival\/festival-2022\/burkinischer-tanz-fuer-kinder-und-jugendliche\/\" \/>\n<meta property=\"og:site_name\" content=\"Woka-Kuma Deutschland e.V.\" \/>\n<meta property=\"article:modified_time\" content=\"2025-02-08T08:07:17+00:00\" \/>\n<meta property=\"og:image\" content=\"https:\/\/woka-kuma.de\/wp-content\/uploads\/2022\/06\/Logo-_Chance-Tanz.jpg\" \/>\n\t<meta property=\"og:image:width\" content=\"459\" \/>\n\t<meta property=\"og:image:height\" content=\"183\" \/>\n\t<meta property=\"og:image:type\" content=\"image\/jpeg\" \/>\n<meta name=\"twitter:card\" content=\"summary_large_image\" \/>\n<meta name=\"twitter:label1\" content=\"Est. reading time\" \/>\n\t<meta name=\"twitter:data1\" content=\"3 minutes\" \/>\n<script type=\"application\/ld+json\" class=\"yoast-schema-graph\">{\"@context\":\"https:\\\/\\\/schema.org\",\"@graph\":[{\"@type\":\"WebPage\",\"@id\":\"https:\\\/\\\/woka-kuma.de\\\/wokakuma-festival\\\/festival-2022\\\/burkinischer-tanz-fuer-kinder-und-jugendliche\\\/\",\"url\":\"https:\\\/\\\/woka-kuma.de\\\/wokakuma-festival\\\/festival-2022\\\/burkinischer-tanz-fuer-kinder-und-jugendliche\\\/\",\"name\":\"[:de]burkinischer Tanz f\u00fcr Kinder und Jugendliche [:en]Burkinabe dance for children and young people[:fr]danse burkinab\u00e8 pour enfants et adolescents[:] - Woka-Kuma Deutschland e.V.\",\"isPartOf\":{\"@id\":\"https:\\\/\\\/woka-kuma.de\\\/#website\"},\"primaryImageOfPage\":{\"@id\":\"https:\\\/\\\/woka-kuma.de\\\/wokakuma-festival\\\/festival-2022\\\/burkinischer-tanz-fuer-kinder-und-jugendliche\\\/#primaryimage\"},\"image\":{\"@id\":\"https:\\\/\\\/woka-kuma.de\\\/wokakuma-festival\\\/festival-2022\\\/burkinischer-tanz-fuer-kinder-und-jugendliche\\\/#primaryimage\"},\"thumbnailUrl\":\"https:\\\/\\\/woka-kuma.de\\\/wp-content\\\/uploads\\\/2022\\\/06\\\/Logo-_Chance-Tanz-300x120.jpg\",\"datePublished\":\"2022-06-29T08:48:56+00:00\",\"dateModified\":\"2025-02-08T08:07:17+00:00\",\"description\":\"Workshop Tanz f\u00fcr Kinder und Jugendliche Burkina Faso Berlin Afrika Center Projekt\",\"breadcrumb\":{\"@id\":\"https:\\\/\\\/woka-kuma.de\\\/wokakuma-festival\\\/festival-2022\\\/burkinischer-tanz-fuer-kinder-und-jugendliche\\\/#breadcrumb\"},\"inLanguage\":\"en-US\",\"potentialAction\":[{\"@type\":\"ReadAction\",\"target\":[\"https:\\\/\\\/woka-kuma.de\\\/wokakuma-festival\\\/festival-2022\\\/burkinischer-tanz-fuer-kinder-und-jugendliche\\\/\"]}]},{\"@type\":\"ImageObject\",\"inLanguage\":\"en-US\",\"@id\":\"https:\\\/\\\/woka-kuma.de\\\/wokakuma-festival\\\/festival-2022\\\/burkinischer-tanz-fuer-kinder-und-jugendliche\\\/#primaryimage\",\"url\":\"https:\\\/\\\/woka-kuma.de\\\/wp-content\\\/uploads\\\/2022\\\/06\\\/Logo-_Chance-Tanz-300x120.jpg\",\"contentUrl\":\"https:\\\/\\\/woka-kuma.de\\\/wp-content\\\/uploads\\\/2022\\\/06\\\/Logo-_Chance-Tanz-300x120.jpg\"},{\"@type\":\"BreadcrumbList\",\"@id\":\"https:\\\/\\\/woka-kuma.de\\\/wokakuma-festival\\\/festival-2022\\\/burkinischer-tanz-fuer-kinder-und-jugendliche\\\/#breadcrumb\",\"itemListElement\":[{\"@type\":\"ListItem\",\"position\":1,\"name\":\"Startseite\",\"item\":\"https:\\\/\\\/woka-kuma.de\\\/\"},{\"@type\":\"ListItem\",\"position\":2,\"name\":\"Woka Kuma Festival\",\"item\":\"https:\\\/\\\/woka-kuma.de\\\/wokakuma-festival\\\/\"},{\"@type\":\"ListItem\",\"position\":3,\"name\":\"Festival 2022\",\"item\":\"https:\\\/\\\/woka-kuma.de\\\/wokakuma-festival\\\/festival-2022\\\/\"},{\"@type\":\"ListItem\",\"position\":4,\"name\":\"burkinischer Tanz f\u00fcr Kinder und Jugendliche\"}]},{\"@type\":\"WebSite\",\"@id\":\"https:\\\/\\\/woka-kuma.de\\\/#website\",\"url\":\"https:\\\/\\\/woka-kuma.de\\\/\",\"name\":\"Woka-Kuma Deutschland e.V.\",\"description\":\"\",\"publisher\":{\"@id\":\"https:\\\/\\\/woka-kuma.de\\\/#organization\"},\"potentialAction\":[{\"@type\":\"SearchAction\",\"target\":{\"@type\":\"EntryPoint\",\"urlTemplate\":\"https:\\\/\\\/woka-kuma.de\\\/?s={search_term_string}\"},\"query-input\":{\"@type\":\"PropertyValueSpecification\",\"valueRequired\":true,\"valueName\":\"search_term_string\"}}],\"inLanguage\":\"en-US\"},{\"@type\":\"Organization\",\"@id\":\"https:\\\/\\\/woka-kuma.de\\\/#organization\",\"name\":\"Woka-Kuma Deutschland e.V.\",\"url\":\"https:\\\/\\\/woka-kuma.de\\\/\",\"logo\":{\"@type\":\"ImageObject\",\"inLanguage\":\"en-US\",\"@id\":\"https:\\\/\\\/woka-kuma.de\\\/#\\\/schema\\\/logo\\\/image\\\/\",\"url\":\"https:\\\/\\\/woka-kuma.de\\\/wp-content\\\/uploads\\\/2020\\\/07\\\/Logo-Verein-2020-rund.png\",\"contentUrl\":\"https:\\\/\\\/woka-kuma.de\\\/wp-content\\\/uploads\\\/2020\\\/07\\\/Logo-Verein-2020-rund.png\",\"width\":1920,\"height\":1918,\"caption\":\"Woka-Kuma Deutschland e.V.\"},\"image\":{\"@id\":\"https:\\\/\\\/woka-kuma.de\\\/#\\\/schema\\\/logo\\\/image\\\/\"}}]}<\/script>\n<!-- \/ Yoast SEO plugin. -->","yoast_head_json":{"title":"[:de]burkinischer Tanz f\u00fcr Kinder und Jugendliche [:en]Burkinabe dance for children and young people[:fr]danse burkinab\u00e8 pour enfants et adolescents[:] - Woka-Kuma Deutschland e.V.","description":"Workshop Tanz f\u00fcr Kinder und Jugendliche Burkina Faso Berlin Afrika Center Projekt","robots":{"index":"index","follow":"follow","max-snippet":"max-snippet:-1","max-image-preview":"max-image-preview:large","max-video-preview":"max-video-preview:-1"},"canonical":"https:\/\/woka-kuma.de\/wokakuma-festival\/festival-2022\/burkinischer-tanz-fuer-kinder-und-jugendliche\/","og_locale":"en_US","og_type":"article","og_title":"[:de]burkinischer Tanz f\u00fcr Kinder und Jugendliche [:en]Burkinabe dance for children and young people[:fr]danse burkinab\u00e8 pour enfants et adolescents[:] - Woka-Kuma Deutschland e.V.","og_description":"Workshop Tanz f\u00fcr Kinder und Jugendliche Burkina Faso Berlin Afrika Center Projekt","og_url":"https:\/\/woka-kuma.de\/wokakuma-festival\/festival-2022\/burkinischer-tanz-fuer-kinder-und-jugendliche\/","og_site_name":"Woka-Kuma Deutschland e.V.","article_modified_time":"2025-02-08T08:07:17+00:00","og_image":[{"width":459,"height":183,"url":"https:\/\/woka-kuma.de\/wp-content\/uploads\/2022\/06\/Logo-_Chance-Tanz.jpg","type":"image\/jpeg"}],"twitter_card":"summary_large_image","twitter_misc":{"Est. reading time":"3 minutes"},"schema":{"@context":"https:\/\/schema.org","@graph":[{"@type":"WebPage","@id":"https:\/\/woka-kuma.de\/wokakuma-festival\/festival-2022\/burkinischer-tanz-fuer-kinder-und-jugendliche\/","url":"https:\/\/woka-kuma.de\/wokakuma-festival\/festival-2022\/burkinischer-tanz-fuer-kinder-und-jugendliche\/","name":"[:de]burkinischer Tanz f\u00fcr Kinder und Jugendliche [:en]Burkinabe dance for children and young people[:fr]danse burkinab\u00e8 pour enfants et adolescents[:] - Woka-Kuma Deutschland e.V.","isPartOf":{"@id":"https:\/\/woka-kuma.de\/#website"},"primaryImageOfPage":{"@id":"https:\/\/woka-kuma.de\/wokakuma-festival\/festival-2022\/burkinischer-tanz-fuer-kinder-und-jugendliche\/#primaryimage"},"image":{"@id":"https:\/\/woka-kuma.de\/wokakuma-festival\/festival-2022\/burkinischer-tanz-fuer-kinder-und-jugendliche\/#primaryimage"},"thumbnailUrl":"https:\/\/woka-kuma.de\/wp-content\/uploads\/2022\/06\/Logo-_Chance-Tanz-300x120.jpg","datePublished":"2022-06-29T08:48:56+00:00","dateModified":"2025-02-08T08:07:17+00:00","description":"Workshop Tanz f\u00fcr Kinder und Jugendliche Burkina Faso Berlin Afrika Center Projekt","breadcrumb":{"@id":"https:\/\/woka-kuma.de\/wokakuma-festival\/festival-2022\/burkinischer-tanz-fuer-kinder-und-jugendliche\/#breadcrumb"},"inLanguage":"en-US","potentialAction":[{"@type":"ReadAction","target":["https:\/\/woka-kuma.de\/wokakuma-festival\/festival-2022\/burkinischer-tanz-fuer-kinder-und-jugendliche\/"]}]},{"@type":"ImageObject","inLanguage":"en-US","@id":"https:\/\/woka-kuma.de\/wokakuma-festival\/festival-2022\/burkinischer-tanz-fuer-kinder-und-jugendliche\/#primaryimage","url":"https:\/\/woka-kuma.de\/wp-content\/uploads\/2022\/06\/Logo-_Chance-Tanz-300x120.jpg","contentUrl":"https:\/\/woka-kuma.de\/wp-content\/uploads\/2022\/06\/Logo-_Chance-Tanz-300x120.jpg"},{"@type":"BreadcrumbList","@id":"https:\/\/woka-kuma.de\/wokakuma-festival\/festival-2022\/burkinischer-tanz-fuer-kinder-und-jugendliche\/#breadcrumb","itemListElement":[{"@type":"ListItem","position":1,"name":"Startseite","item":"https:\/\/woka-kuma.de\/"},{"@type":"ListItem","position":2,"name":"Woka Kuma Festival","item":"https:\/\/woka-kuma.de\/wokakuma-festival\/"},{"@type":"ListItem","position":3,"name":"Festival 2022","item":"https:\/\/woka-kuma.de\/wokakuma-festival\/festival-2022\/"},{"@type":"ListItem","position":4,"name":"burkinischer Tanz f\u00fcr Kinder und Jugendliche"}]},{"@type":"WebSite","@id":"https:\/\/woka-kuma.de\/#website","url":"https:\/\/woka-kuma.de\/","name":"Woka-Kuma Deutschland e.V.","description":"","publisher":{"@id":"https:\/\/woka-kuma.de\/#organization"},"potentialAction":[{"@type":"SearchAction","target":{"@type":"EntryPoint","urlTemplate":"https:\/\/woka-kuma.de\/?s={search_term_string}"},"query-input":{"@type":"PropertyValueSpecification","valueRequired":true,"valueName":"search_term_string"}}],"inLanguage":"en-US"},{"@type":"Organization","@id":"https:\/\/woka-kuma.de\/#organization","name":"Woka-Kuma Deutschland e.V.","url":"https:\/\/woka-kuma.de\/","logo":{"@type":"ImageObject","inLanguage":"en-US","@id":"https:\/\/woka-kuma.de\/#\/schema\/logo\/image\/","url":"https:\/\/woka-kuma.de\/wp-content\/uploads\/2020\/07\/Logo-Verein-2020-rund.png","contentUrl":"https:\/\/woka-kuma.de\/wp-content\/uploads\/2020\/07\/Logo-Verein-2020-rund.png","width":1920,"height":1918,"caption":"Woka-Kuma Deutschland e.V."},"image":{"@id":"https:\/\/woka-kuma.de\/#\/schema\/logo\/image\/"}}]}},"_links":{"self":[{"href":"https:\/\/woka-kuma.de\/en\/wp-json\/wp\/v2\/pages\/1682","targetHints":{"allow":["GET"]}}],"collection":[{"href":"https:\/\/woka-kuma.de\/en\/wp-json\/wp\/v2\/pages"}],"about":[{"href":"https:\/\/woka-kuma.de\/en\/wp-json\/wp\/v2\/types\/page"}],"author":[{"embeddable":true,"href":"https:\/\/woka-kuma.de\/en\/wp-json\/wp\/v2\/users\/3"}],"replies":[{"embeddable":true,"href":"https:\/\/woka-kuma.de\/en\/wp-json\/wp\/v2\/comments?post=1682"}],"version-history":[{"count":9,"href":"https:\/\/woka-kuma.de\/en\/wp-json\/wp\/v2\/pages\/1682\/revisions"}],"predecessor-version":[{"id":2010,"href":"https:\/\/woka-kuma.de\/en\/wp-json\/wp\/v2\/pages\/1682\/revisions\/2010"}],"up":[{"embeddable":true,"href":"https:\/\/woka-kuma.de\/en\/wp-json\/wp\/v2\/pages\/1671"}],"wp:attachment":[{"href":"https:\/\/woka-kuma.de\/en\/wp-json\/wp\/v2\/media?parent=1682"}],"curies":[{"name":"wp","href":"https:\/\/api.w.org\/{rel}","templated":true}]}}