{"id":1216,"date":"2021-09-10T08:53:49","date_gmt":"2021-09-10T08:53:49","guid":{"rendered":"https:\/\/woka-kuma.de\/?page_id=1216"},"modified":"2022-08-31T09:42:29","modified_gmt":"2022-08-31T09:42:29","slug":"festival-2021","status":"publish","type":"page","link":"https:\/\/woka-kuma.de\/en\/wokakuma-festival\/festival-2021\/","title":{"rendered":"Festival 2021"},"content":{"rendered":"<p>Woka Kuma Festival 2021 Art and Culture from Burkina Faso took place<br \/>\ndespite all the new challenges that we as Woka-Kuma Deutschland e.V. had to face this year, took place on November 13, 2021. In Oyoun we organized an evening full of cultural exchange and encounter.<\/p>\n<p>In the programs we had:<\/p>\n<p>20.00: Film screening of the film &#8220;Burkinab\u00e9 Bounty&#8221; de Iara Lee (Cultures of Resistances) (2018).<\/p>\n<p>Burkinab\u00e8 Bounty is a chronicle of agricultural resistance and the struggle for food sovereignty in Burkina Faso, a small landlocked country in West Africa. Through activists, students, artists and leaders of the local Slow Food movement, the film shows how the Burkinabe people are reclaiming their land and defending their traditions against the invasion of agribusiness. From women gaining economic independence by selling artisanal &#8220;dolo&#8221; beer, to young people taking to the streets against companies like Monsanto, to hip-hop musicians starting their own farms and reviving the revolutionary spirit of Thomas Sankara, BURKINAB\u00c8 BOUNTY shows the creative tactics Burkinab\u00e8 are using to take back control of their food, seeds and future.<\/p>\n<p>Burkinabe Bounty (TRAILER) &#8211; YouTube<\/p>\n<p>20.30h &#8211; 21.15h Followed by discussion and exchange with a delegation from the Burkinabe Ministry of Culture.<\/p>\n<p>Invited guests:<br \/>\nTougouma, Alphonse FDCT: Fond de developpement de la culture et le tourisme.<br \/>\nTaita, Salifou: Directeur Cabinet de la minist\u00e8re de la culture<\/p>\n<p>21.30 Concert:<\/p>\n<p>Line -Up: Rama N&#8217;goni and Faso Orkestra<\/p>\n<p>As a star guest we have invited Rama N&#8217;goni from Bobo Dioulasso. The artist has been playing a traditional West African stringed instrument since her childhood and sings and plays the in various ensembles.<br \/>\nTogether with Faso Orkestra they will be the live act of the evening.<br \/>\nLine -Up: Rama N &#8216;goni and Faso Orkestra<\/p>\n<p>Qui est&#8230; Rama N&#8217;goni?<br \/>\nAlimatou Diakit\u00e9 aka Rama was born on in Bobo Dioulasso. She started making music at the age of 4 with her father Limani Fati\u00e8 Traor\u00e9. He taught Rama to play the N&#8217;Goni. The N&#8217;Goni is traditionally played only by hunters and dozos. In addition to her instrument, which she plays perfectly, Rama is also a vocal artist. In 2011, she released &#8220;Mougnou&#8221; (meaning patience), her first album with 11 tracks. She is currently preparing her second album.<\/p>\n<p>Tickets: 10- 15 \u20ac here : https:\/\/oyoun.de\/event\/18074\/<br \/>\nAdmission: from 19.00<br \/>\nCorona: according to current regulations, means 3G for oyoun<\/p>\n<p>&nbsp;<\/p>","protected":false},"excerpt":{"rendered":"<p>Woka Kuma Festival 2021 Art and Culture from Burkina Faso took place despite all the new challenges that we as Woka-Kuma Deutschland e.V. had to face this year, took place on November 13, 2021. In Oyoun we organized an evening full of cultural exchange and encounter. In the programs we had: 20.00: Film screening of [&hellip;]<\/p>\n","protected":false},"author":4,"featured_media":1287,"parent":10,"menu_order":0,"comment_status":"closed","ping_status":"closed","template":"templates\/template-full-width.php","meta":{"footnotes":""},"class_list":["post-1216","page","type-page","status-publish","has-post-thumbnail","hentry"],"yoast_head":"<!-- This site is optimized with the Yoast SEO plugin v27.3 - https:\/\/yoast.com\/product\/yoast-seo-wordpress\/ -->\n<title>Festival 2021 - Woka-Kuma Deutschland e.V.<\/title>\n<meta name=\"robots\" content=\"index, follow, max-snippet:-1, max-image-preview:large, max-video-preview:-1\" \/>\n<link rel=\"canonical\" href=\"https:\/\/woka-kuma.de\/wokakuma-festival\/festival-2021\/\" \/>\n<meta property=\"og:locale\" content=\"en_US\" \/>\n<meta property=\"og:type\" content=\"article\" \/>\n<meta property=\"og:title\" content=\"Festival 2021 - Woka-Kuma Deutschland e.V.\" \/>\n<meta property=\"og:description\" content=\"Woka Kuma Festival 2021 Art and Culture from Burkina Faso took place despite all the new challenges that we as Woka-Kuma Deutschland e.V. had to face this year, took place on November 13, 2021. In Oyoun we organized an evening full of cultural exchange and encounter. In the programs we had: 20.00: Film screening of [&hellip;]\" \/>\n<meta property=\"og:url\" content=\"https:\/\/woka-kuma.de\/wokakuma-festival\/festival-2021\/\" \/>\n<meta property=\"og:site_name\" content=\"Woka-Kuma Deutschland e.V.\" \/>\n<meta property=\"article:modified_time\" content=\"2022-08-31T09:42:29+00:00\" \/>\n<meta property=\"og:image\" content=\"https:\/\/woka-kuma.de\/wp-content\/uploads\/2021\/10\/Titelbild-Facebook1.jpg\" \/>\n\t<meta property=\"og:image:width\" content=\"820\" \/>\n\t<meta property=\"og:image:height\" content=\"312\" \/>\n\t<meta property=\"og:image:type\" content=\"image\/jpeg\" \/>\n<meta name=\"twitter:card\" content=\"summary_large_image\" \/>\n<meta name=\"twitter:label1\" content=\"Est. reading time\" \/>\n\t<meta name=\"twitter:data1\" content=\"3 minutes\" \/>\n<script type=\"application\/ld+json\" class=\"yoast-schema-graph\">{\"@context\":\"https:\\\/\\\/schema.org\",\"@graph\":[{\"@type\":\"WebPage\",\"@id\":\"https:\\\/\\\/woka-kuma.de\\\/wokakuma-festival\\\/festival-2021\\\/\",\"url\":\"https:\\\/\\\/woka-kuma.de\\\/wokakuma-festival\\\/festival-2021\\\/\",\"name\":\"Festival 2021 - Woka-Kuma Deutschland e.V.\",\"isPartOf\":{\"@id\":\"https:\\\/\\\/woka-kuma.de\\\/#website\"},\"primaryImageOfPage\":{\"@id\":\"https:\\\/\\\/woka-kuma.de\\\/wokakuma-festival\\\/festival-2021\\\/#primaryimage\"},\"image\":{\"@id\":\"https:\\\/\\\/woka-kuma.de\\\/wokakuma-festival\\\/festival-2021\\\/#primaryimage\"},\"thumbnailUrl\":\"https:\\\/\\\/woka-kuma.de\\\/wp-content\\\/uploads\\\/2021\\\/10\\\/Titelbild-Facebook1.jpg\",\"datePublished\":\"2021-09-10T08:53:49+00:00\",\"dateModified\":\"2022-08-31T09:42:29+00:00\",\"breadcrumb\":{\"@id\":\"https:\\\/\\\/woka-kuma.de\\\/wokakuma-festival\\\/festival-2021\\\/#breadcrumb\"},\"inLanguage\":\"en-US\",\"potentialAction\":[{\"@type\":\"ReadAction\",\"target\":[\"https:\\\/\\\/woka-kuma.de\\\/wokakuma-festival\\\/festival-2021\\\/\"]}]},{\"@type\":\"ImageObject\",\"inLanguage\":\"en-US\",\"@id\":\"https:\\\/\\\/woka-kuma.de\\\/wokakuma-festival\\\/festival-2021\\\/#primaryimage\",\"url\":\"https:\\\/\\\/woka-kuma.de\\\/wp-content\\\/uploads\\\/2021\\\/10\\\/Titelbild-Facebook1.jpg\",\"contentUrl\":\"https:\\\/\\\/woka-kuma.de\\\/wp-content\\\/uploads\\\/2021\\\/10\\\/Titelbild-Facebook1.jpg\",\"width\":820,\"height\":312},{\"@type\":\"BreadcrumbList\",\"@id\":\"https:\\\/\\\/woka-kuma.de\\\/wokakuma-festival\\\/festival-2021\\\/#breadcrumb\",\"itemListElement\":[{\"@type\":\"ListItem\",\"position\":1,\"name\":\"Startseite\",\"item\":\"https:\\\/\\\/woka-kuma.de\\\/\"},{\"@type\":\"ListItem\",\"position\":2,\"name\":\"Woka Kuma Festival\",\"item\":\"https:\\\/\\\/woka-kuma.de\\\/wokakuma-festival\\\/\"},{\"@type\":\"ListItem\",\"position\":3,\"name\":\"Festival 2021\"}]},{\"@type\":\"WebSite\",\"@id\":\"https:\\\/\\\/woka-kuma.de\\\/#website\",\"url\":\"https:\\\/\\\/woka-kuma.de\\\/\",\"name\":\"Woka-Kuma Deutschland e.V.\",\"description\":\"\",\"publisher\":{\"@id\":\"https:\\\/\\\/woka-kuma.de\\\/#organization\"},\"potentialAction\":[{\"@type\":\"SearchAction\",\"target\":{\"@type\":\"EntryPoint\",\"urlTemplate\":\"https:\\\/\\\/woka-kuma.de\\\/?s={search_term_string}\"},\"query-input\":{\"@type\":\"PropertyValueSpecification\",\"valueRequired\":true,\"valueName\":\"search_term_string\"}}],\"inLanguage\":\"en-US\"},{\"@type\":\"Organization\",\"@id\":\"https:\\\/\\\/woka-kuma.de\\\/#organization\",\"name\":\"Woka-Kuma Deutschland e.V.\",\"url\":\"https:\\\/\\\/woka-kuma.de\\\/\",\"logo\":{\"@type\":\"ImageObject\",\"inLanguage\":\"en-US\",\"@id\":\"https:\\\/\\\/woka-kuma.de\\\/#\\\/schema\\\/logo\\\/image\\\/\",\"url\":\"https:\\\/\\\/woka-kuma.de\\\/wp-content\\\/uploads\\\/2020\\\/07\\\/Logo-Verein-2020-rund.png\",\"contentUrl\":\"https:\\\/\\\/woka-kuma.de\\\/wp-content\\\/uploads\\\/2020\\\/07\\\/Logo-Verein-2020-rund.png\",\"width\":1920,\"height\":1918,\"caption\":\"Woka-Kuma Deutschland e.V.\"},\"image\":{\"@id\":\"https:\\\/\\\/woka-kuma.de\\\/#\\\/schema\\\/logo\\\/image\\\/\"}}]}<\/script>\n<!-- \/ Yoast SEO plugin. -->","yoast_head_json":{"title":"Festival 2021 - Woka-Kuma Deutschland e.V.","robots":{"index":"index","follow":"follow","max-snippet":"max-snippet:-1","max-image-preview":"max-image-preview:large","max-video-preview":"max-video-preview:-1"},"canonical":"https:\/\/woka-kuma.de\/wokakuma-festival\/festival-2021\/","og_locale":"en_US","og_type":"article","og_title":"Festival 2021 - Woka-Kuma Deutschland e.V.","og_description":"Woka Kuma Festival 2021 Art and Culture from Burkina Faso took place despite all the new challenges that we as Woka-Kuma Deutschland e.V. had to face this year, took place on November 13, 2021. In Oyoun we organized an evening full of cultural exchange and encounter. In the programs we had: 20.00: Film screening of [&hellip;]","og_url":"https:\/\/woka-kuma.de\/wokakuma-festival\/festival-2021\/","og_site_name":"Woka-Kuma Deutschland e.V.","article_modified_time":"2022-08-31T09:42:29+00:00","og_image":[{"width":820,"height":312,"url":"https:\/\/woka-kuma.de\/wp-content\/uploads\/2021\/10\/Titelbild-Facebook1.jpg","type":"image\/jpeg"}],"twitter_card":"summary_large_image","twitter_misc":{"Est. reading time":"3 minutes"},"schema":{"@context":"https:\/\/schema.org","@graph":[{"@type":"WebPage","@id":"https:\/\/woka-kuma.de\/wokakuma-festival\/festival-2021\/","url":"https:\/\/woka-kuma.de\/wokakuma-festival\/festival-2021\/","name":"Festival 2021 - Woka-Kuma Deutschland e.V.","isPartOf":{"@id":"https:\/\/woka-kuma.de\/#website"},"primaryImageOfPage":{"@id":"https:\/\/woka-kuma.de\/wokakuma-festival\/festival-2021\/#primaryimage"},"image":{"@id":"https:\/\/woka-kuma.de\/wokakuma-festival\/festival-2021\/#primaryimage"},"thumbnailUrl":"https:\/\/woka-kuma.de\/wp-content\/uploads\/2021\/10\/Titelbild-Facebook1.jpg","datePublished":"2021-09-10T08:53:49+00:00","dateModified":"2022-08-31T09:42:29+00:00","breadcrumb":{"@id":"https:\/\/woka-kuma.de\/wokakuma-festival\/festival-2021\/#breadcrumb"},"inLanguage":"en-US","potentialAction":[{"@type":"ReadAction","target":["https:\/\/woka-kuma.de\/wokakuma-festival\/festival-2021\/"]}]},{"@type":"ImageObject","inLanguage":"en-US","@id":"https:\/\/woka-kuma.de\/wokakuma-festival\/festival-2021\/#primaryimage","url":"https:\/\/woka-kuma.de\/wp-content\/uploads\/2021\/10\/Titelbild-Facebook1.jpg","contentUrl":"https:\/\/woka-kuma.de\/wp-content\/uploads\/2021\/10\/Titelbild-Facebook1.jpg","width":820,"height":312},{"@type":"BreadcrumbList","@id":"https:\/\/woka-kuma.de\/wokakuma-festival\/festival-2021\/#breadcrumb","itemListElement":[{"@type":"ListItem","position":1,"name":"Startseite","item":"https:\/\/woka-kuma.de\/"},{"@type":"ListItem","position":2,"name":"Woka Kuma Festival","item":"https:\/\/woka-kuma.de\/wokakuma-festival\/"},{"@type":"ListItem","position":3,"name":"Festival 2021"}]},{"@type":"WebSite","@id":"https:\/\/woka-kuma.de\/#website","url":"https:\/\/woka-kuma.de\/","name":"Woka-Kuma Deutschland e.V.","description":"","publisher":{"@id":"https:\/\/woka-kuma.de\/#organization"},"potentialAction":[{"@type":"SearchAction","target":{"@type":"EntryPoint","urlTemplate":"https:\/\/woka-kuma.de\/?s={search_term_string}"},"query-input":{"@type":"PropertyValueSpecification","valueRequired":true,"valueName":"search_term_string"}}],"inLanguage":"en-US"},{"@type":"Organization","@id":"https:\/\/woka-kuma.de\/#organization","name":"Woka-Kuma Deutschland e.V.","url":"https:\/\/woka-kuma.de\/","logo":{"@type":"ImageObject","inLanguage":"en-US","@id":"https:\/\/woka-kuma.de\/#\/schema\/logo\/image\/","url":"https:\/\/woka-kuma.de\/wp-content\/uploads\/2020\/07\/Logo-Verein-2020-rund.png","contentUrl":"https:\/\/woka-kuma.de\/wp-content\/uploads\/2020\/07\/Logo-Verein-2020-rund.png","width":1920,"height":1918,"caption":"Woka-Kuma Deutschland e.V."},"image":{"@id":"https:\/\/woka-kuma.de\/#\/schema\/logo\/image\/"}}]}},"_links":{"self":[{"href":"https:\/\/woka-kuma.de\/en\/wp-json\/wp\/v2\/pages\/1216","targetHints":{"allow":["GET"]}}],"collection":[{"href":"https:\/\/woka-kuma.de\/en\/wp-json\/wp\/v2\/pages"}],"about":[{"href":"https:\/\/woka-kuma.de\/en\/wp-json\/wp\/v2\/types\/page"}],"author":[{"embeddable":true,"href":"https:\/\/woka-kuma.de\/en\/wp-json\/wp\/v2\/users\/4"}],"replies":[{"embeddable":true,"href":"https:\/\/woka-kuma.de\/en\/wp-json\/wp\/v2\/comments?post=1216"}],"version-history":[{"count":14,"href":"https:\/\/woka-kuma.de\/en\/wp-json\/wp\/v2\/pages\/1216\/revisions"}],"predecessor-version":[{"id":1782,"href":"https:\/\/woka-kuma.de\/en\/wp-json\/wp\/v2\/pages\/1216\/revisions\/1782"}],"up":[{"embeddable":true,"href":"https:\/\/woka-kuma.de\/en\/wp-json\/wp\/v2\/pages\/10"}],"wp:featuredmedia":[{"embeddable":true,"href":"https:\/\/woka-kuma.de\/en\/wp-json\/wp\/v2\/media\/1287"}],"wp:attachment":[{"href":"https:\/\/woka-kuma.de\/en\/wp-json\/wp\/v2\/media?parent=1216"}],"curies":[{"name":"wp","href":"https:\/\/api.w.org\/{rel}","templated":true}]}}