{"id":112,"date":"2016-06-01T15:45:58","date_gmt":"2016-06-01T15:45:58","guid":{"rendered":"https:\/\/woka-kuma.de\/?page_id=112"},"modified":"2022-08-09T08:48:34","modified_gmt":"2022-08-09T08:48:34","slug":"tanz-trommel-workshops","status":"publish","type":"page","link":"https:\/\/woka-kuma.de\/en\/wokakuma-festival\/festival-2018\/tanz-trommel-workshops\/","title":{"rendered":"Djembe and dance workshops"},"content":{"rendered":"<p>am 18. + 19. Juni<br \/>\nOrt: Werkstatt der Kulturen<\/p>\n<p><strong>Samstag, 18.6.<\/strong><br \/>\n11.00 \u2013 12.50h<br \/>\n<strong>Tanz f\u00fcr Anf\u00e4ngerInne<\/strong>n: Ahmed Soura &amp; Serge Som\u00e9<br \/>\n<strong>Trommeln f\u00fcr Anf\u00e4ngerInnen<\/strong>: Abdoul Aziz Sinka<br \/>\n13.00 \u2013 15.00h<br \/>\n<strong>Tanz f\u00fcr Fortgeschrittene<\/strong>: Ahmed Soura &amp; Serge Som\u00e9<br \/>\n<strong>Trommeln f\u00fcr Fortgeschrittene<\/strong>: Abdoul Aziz Sinka<\/p>\n<p><strong>Sonntag, 19.6.<\/strong><br \/>\n12.00 \u2013 13.50h<br \/>\n<strong>Tanz f\u00fcr Anf\u00e4ngerInnen<\/strong>: Ahmed Soura &amp; Serge Som\u00e9<br \/>\n<strong>Trommeln f\u00fcr Anf\u00e4ngerInnen<\/strong>: Abdoul Aziz Sinka<br \/>\n14.00 \u2013 16.00h<br \/>\n<strong>Tanz f\u00fcr Fortgeschrittene<\/strong>: Ahmed Soura &amp; Serge Som\u00e9<br \/>\n<strong>Trommeln f\u00fcr Fortgeschrittene<\/strong>: Abdoul Aziz Sinka<\/p>\n<p><strong><em>Teilnahmegeb\u00fchr:<\/em><\/strong><br \/>\n1 Kurs 30,-\u20ac;\u00a0\u00a0 2 Kurse 55,-\u20ac<br \/>\n3 Kurse 70,-\u20ac; 4 Kurse 90,-\u20ac<br \/>\nAnmeldungen bei info(a)ahoi-kultur.de<\/p>\n<p><strong>Ahmed Soura<\/strong> &#8211; T\u00e4nzer<br \/>\nStudium Institut National de Formation Artistique et Culturelle (INAFAC) vom National Ballet of Burkina Faso<br \/>\nEr arbeitete mit Salia Sanou, Seydou Boro, Angelin Preljocaj, Carolyn Carlson, Gregory Maqoma, Krisztina de Chatel, Mathilde Monnier, Christina de Smedt, Xavier Le Roy, Jan Ristema, Loic Touze, Mette Ingvarsten, Andros Zinsbrowne, Claude Espinassier und Anna Falcidia. Seit 2006 k\u00fcnstlerischer Leiter der traditionellen Tanzkompagnie &#8220;K\u00d4RO\u201d.<br \/>\n2011 gewann er den 3. Preis &#8220;Internationalen Solo-Tanz-Theater Festival\u201d Stuttgart. 2014 Tanztage Berlin mit Solo &#8220;AU PRET DU TEMPS&#8221; und Monsun-Theater Hamburg.<br \/>\n2010 &#8211; 15 tourt er mit Christoph Schlingensiefs &#8220;Via Intolleranza II\u201d durch Europa und pendelt zwischen den Kontinenten.<br \/>\nYoutube-Ausschnitt: Afro Tanzmarathon 2015 &#8211; <a href=\"https:\/\/www.youtube.com\/watch?v=5WBncjGPuZg\" target=\"_blank\" rel=\"noopener\">Live Tanz-Perkussion Ahmed Soura<\/a> .<\/p>\n<p><strong>Serge Som\u00e9 <\/strong> &#8211; T\u00e4nzer<br \/>\nMitglied im National Ballet of Burkina und der Internationalen Tanzschule Cissin nahe Ouagadougou. Seit 2002 widmet sich der T\u00e4nzer, Choreograf und Tanzp\u00e4dagoge dem zeitgen\u00f6ssischen Tanz und tourt als Soloperformer durch Afrika und Europa mit seinem Tanzsolo ANTONKOUN &#8211; Celui qui peut vaincre la mort (&#8220;Einer, der den Tod besiegen kann&#8221;). Er verbindet Naturreligionen mit sozialen Ritualen Burkina Fasos und schafft eine Symbiose aus traditionellem und zeitgen\u00f6ssischem Tanz und tourt durch Afrika und Europa. Er stammt vom S\u00fcden Burkina Fasos, wo er f\u00fcr sein Engagement der animistischen Religionen und Aufrechterhaltung eines starken Zusammenhaltes und alt\u00fcberlieferter Riten, hoch angesehen wird. In seinen Workshops bringt er durch seine au\u00dfergew\u00f6hnlichen Energie das traditionelle Afrika n\u00e4her.<br \/>\nYoutube-Ausschnitt: <a href=\"https:\/\/www.youtube.com\/watch?v=H1xeYmlXkOw\" target=\"_blank\" rel=\"noopener\">Afro-Tanz Serge Som\u00e9<\/a>.<\/p>\n<p><strong>Aziz Sinka <\/strong> \u2013 Percussionist &amp; Bandleader von LANAYA<br \/>\nKulturvermittler LANAYA-Production<br \/>\nProduzent des 1. und 2. WOKA KUMA Festivals.<br \/>\nEr war 2014 FESTICO-Partner in der Kulturhauptstadt Bobo-Dioulasso BFA.<br \/>\n2015 arbeitete er mit Dentists &amp; Friends helping hands e.V \u201eWe brought back their Smiles\u201c. 300 Leute wurden <a href=\"https:\/\/woka-kuma.de\/projekte\/\" target=\"_blank\" rel=\"noopener\">kostenlos zahn\u00e4rztlich behandelt, brachte Medikamente, Schul-Materialien und Fu\u00dfb\u00e4lle nach Burkina Faso<\/a>.<br \/>\nSeit 2009 bereichert Aziz Sinka die deutsche Kultur allj\u00e4hrlich mit K\u00fcnstlerInnen aus Burkina Faso, welche u.a. bei Interkunst (Projekt gegen Gewalt und Rassismus an Schulen und Jugend-Gef\u00e4ngnissen in Deutschland) teilnahmen.<\/p>\n<p>Hier gehts zur Programm\u00fcbersicht.<\/p>","protected":false},"excerpt":{"rendered":"<p>am 18. + 19. Juni Ort: Werkstatt der Kulturen Samstag, 18.6. 11.00 \u2013 12.50h Tanz f\u00fcr Anf\u00e4ngerInnen: Ahmed Soura &amp; Serge Som\u00e9 Trommeln f\u00fcr Anf\u00e4ngerInnen: Abdoul Aziz Sinka 13.00 \u2013 15.00h Tanz f\u00fcr Fortgeschrittene: Ahmed Soura &amp; Serge Som\u00e9 Trommeln f\u00fcr Fortgeschrittene: Abdoul Aziz Sinka Sonntag, 19.6. 12.00 \u2013 13.50h Tanz f\u00fcr Anf\u00e4ngerInnen: Ahmed Soura [&hellip;]<\/p>\n","protected":false},"author":2,"featured_media":0,"parent":472,"menu_order":0,"comment_status":"closed","ping_status":"closed","template":"templates\/template-full-width.php","meta":{"footnotes":""},"class_list":["post-112","page","type-page","status-publish","hentry"],"yoast_head":"<!-- This site is optimized with the Yoast SEO plugin v27.4 - https:\/\/yoast.com\/product\/yoast-seo-wordpress\/ -->\n<title>Djembe and dance workshops - Woka-Kuma Deutschland e.V.<\/title>\n<meta name=\"robots\" content=\"index, follow, max-snippet:-1, max-image-preview:large, max-video-preview:-1\" \/>\n<link rel=\"canonical\" href=\"https:\/\/woka-kuma.de\/wokakuma-festival\/festival-2018\/tanz-trommel-workshops\/\" \/>\n<meta property=\"og:locale\" content=\"en_US\" \/>\n<meta property=\"og:type\" content=\"article\" \/>\n<meta property=\"og:title\" content=\"[:de]Tanz &amp; Trommel - Workshops[:en]Djembe and dance workshops[:fr]Ateliers de djemb\u00e9 et de danse[:] - Woka-Kuma Deutschland e.V.\" \/>\n<meta property=\"og:description\" content=\"am 18. + 19. Juni Ort: Werkstatt der Kulturen Samstag, 18.6. 11.00 \u2013 12.50h Tanz f\u00fcr Anf\u00e4ngerInnen: Ahmed Soura &amp; Serge Som\u00e9 Trommeln f\u00fcr Anf\u00e4ngerInnen: Abdoul Aziz Sinka 13.00 \u2013 15.00h Tanz f\u00fcr Fortgeschrittene: Ahmed Soura &amp; Serge Som\u00e9 Trommeln f\u00fcr Fortgeschrittene: Abdoul Aziz Sinka Sonntag, 19.6. 12.00 \u2013 13.50h Tanz f\u00fcr Anf\u00e4ngerInnen: Ahmed Soura [&hellip;]\" \/>\n<meta property=\"og:url\" content=\"https:\/\/woka-kuma.de\/wokakuma-festival\/festival-2018\/tanz-trommel-workshops\/\" \/>\n<meta property=\"og:site_name\" content=\"Woka-Kuma Deutschland e.V.\" \/>\n<meta property=\"article:modified_time\" content=\"2022-08-09T08:48:34+00:00\" \/>\n<meta name=\"twitter:card\" content=\"summary_large_image\" \/>\n<meta name=\"twitter:label1\" content=\"Est. reading time\" \/>\n\t<meta name=\"twitter:data1\" content=\"4 minutes\" \/>\n<script type=\"application\/ld+json\" class=\"yoast-schema-graph\">{\"@context\":\"https:\\\/\\\/schema.org\",\"@graph\":[{\"@type\":\"WebPage\",\"@id\":\"https:\\\/\\\/woka-kuma.de\\\/wokakuma-festival\\\/festival-2018\\\/tanz-trommel-workshops\\\/\",\"url\":\"https:\\\/\\\/woka-kuma.de\\\/wokakuma-festival\\\/festival-2018\\\/tanz-trommel-workshops\\\/\",\"name\":\"[:de]Tanz & Trommel - Workshops[:en]Djembe and dance workshops[:fr]Ateliers de djemb\u00e9 et de danse[:] - Woka-Kuma Deutschland e.V.\",\"isPartOf\":{\"@id\":\"https:\\\/\\\/woka-kuma.de\\\/#website\"},\"datePublished\":\"2016-06-01T15:45:58+00:00\",\"dateModified\":\"2022-08-09T08:48:34+00:00\",\"breadcrumb\":{\"@id\":\"https:\\\/\\\/woka-kuma.de\\\/wokakuma-festival\\\/festival-2018\\\/tanz-trommel-workshops\\\/#breadcrumb\"},\"inLanguage\":\"en-US\",\"potentialAction\":[{\"@type\":\"ReadAction\",\"target\":[\"https:\\\/\\\/woka-kuma.de\\\/wokakuma-festival\\\/festival-2018\\\/tanz-trommel-workshops\\\/\"]}]},{\"@type\":\"BreadcrumbList\",\"@id\":\"https:\\\/\\\/woka-kuma.de\\\/wokakuma-festival\\\/festival-2018\\\/tanz-trommel-workshops\\\/#breadcrumb\",\"itemListElement\":[{\"@type\":\"ListItem\",\"position\":1,\"name\":\"Startseite\",\"item\":\"https:\\\/\\\/woka-kuma.de\\\/\"},{\"@type\":\"ListItem\",\"position\":2,\"name\":\"Woka Kuma Festival\",\"item\":\"https:\\\/\\\/woka-kuma.de\\\/wokakuma-festival\\\/\"},{\"@type\":\"ListItem\",\"position\":3,\"name\":\"Festival 2018\",\"item\":\"https:\\\/\\\/woka-kuma.de\\\/wokakuma-festival\\\/festival-2018\\\/\"},{\"@type\":\"ListItem\",\"position\":4,\"name\":\"Tanz &#038; Trommel &#8211; Workshops\"}]},{\"@type\":\"WebSite\",\"@id\":\"https:\\\/\\\/woka-kuma.de\\\/#website\",\"url\":\"https:\\\/\\\/woka-kuma.de\\\/\",\"name\":\"Woka-Kuma Deutschland e.V.\",\"description\":\"\",\"publisher\":{\"@id\":\"https:\\\/\\\/woka-kuma.de\\\/#organization\"},\"potentialAction\":[{\"@type\":\"SearchAction\",\"target\":{\"@type\":\"EntryPoint\",\"urlTemplate\":\"https:\\\/\\\/woka-kuma.de\\\/?s={search_term_string}\"},\"query-input\":{\"@type\":\"PropertyValueSpecification\",\"valueRequired\":true,\"valueName\":\"search_term_string\"}}],\"inLanguage\":\"en-US\"},{\"@type\":\"Organization\",\"@id\":\"https:\\\/\\\/woka-kuma.de\\\/#organization\",\"name\":\"Woka-Kuma Deutschland e.V.\",\"url\":\"https:\\\/\\\/woka-kuma.de\\\/\",\"logo\":{\"@type\":\"ImageObject\",\"inLanguage\":\"en-US\",\"@id\":\"https:\\\/\\\/woka-kuma.de\\\/#\\\/schema\\\/logo\\\/image\\\/\",\"url\":\"https:\\\/\\\/woka-kuma.de\\\/wp-content\\\/uploads\\\/2020\\\/07\\\/Logo-Verein-2020-rund.png\",\"contentUrl\":\"https:\\\/\\\/woka-kuma.de\\\/wp-content\\\/uploads\\\/2020\\\/07\\\/Logo-Verein-2020-rund.png\",\"width\":1920,\"height\":1918,\"caption\":\"Woka-Kuma Deutschland e.V.\"},\"image\":{\"@id\":\"https:\\\/\\\/woka-kuma.de\\\/#\\\/schema\\\/logo\\\/image\\\/\"}}]}<\/script>\n<!-- \/ Yoast SEO plugin. -->","yoast_head_json":{"title":"[:de]Tanz & Trommel - Workshops[:en]Djembe and dance workshops[:fr]Ateliers de djemb\u00e9 et de danse[:] - Woka-Kuma Deutschland e.V.","robots":{"index":"index","follow":"follow","max-snippet":"max-snippet:-1","max-image-preview":"max-image-preview:large","max-video-preview":"max-video-preview:-1"},"canonical":"https:\/\/woka-kuma.de\/wokakuma-festival\/festival-2018\/tanz-trommel-workshops\/","og_locale":"en_US","og_type":"article","og_title":"[:de]Tanz & Trommel - Workshops[:en]Djembe and dance workshops[:fr]Ateliers de djemb\u00e9 et de danse[:] - Woka-Kuma Deutschland e.V.","og_description":"am 18. + 19. Juni Ort: Werkstatt der Kulturen Samstag, 18.6. 11.00 \u2013 12.50h Tanz f\u00fcr Anf\u00e4ngerInnen: Ahmed Soura &amp; Serge Som\u00e9 Trommeln f\u00fcr Anf\u00e4ngerInnen: Abdoul Aziz Sinka 13.00 \u2013 15.00h Tanz f\u00fcr Fortgeschrittene: Ahmed Soura &amp; Serge Som\u00e9 Trommeln f\u00fcr Fortgeschrittene: Abdoul Aziz Sinka Sonntag, 19.6. 12.00 \u2013 13.50h Tanz f\u00fcr Anf\u00e4ngerInnen: Ahmed Soura [&hellip;]","og_url":"https:\/\/woka-kuma.de\/wokakuma-festival\/festival-2018\/tanz-trommel-workshops\/","og_site_name":"Woka-Kuma Deutschland e.V.","article_modified_time":"2022-08-09T08:48:34+00:00","twitter_card":"summary_large_image","twitter_misc":{"Est. reading time":"4 minutes"},"schema":{"@context":"https:\/\/schema.org","@graph":[{"@type":"WebPage","@id":"https:\/\/woka-kuma.de\/wokakuma-festival\/festival-2018\/tanz-trommel-workshops\/","url":"https:\/\/woka-kuma.de\/wokakuma-festival\/festival-2018\/tanz-trommel-workshops\/","name":"[:de]Tanz & Trommel - Workshops[:en]Djembe and dance workshops[:fr]Ateliers de djemb\u00e9 et de danse[:] - Woka-Kuma Deutschland e.V.","isPartOf":{"@id":"https:\/\/woka-kuma.de\/#website"},"datePublished":"2016-06-01T15:45:58+00:00","dateModified":"2022-08-09T08:48:34+00:00","breadcrumb":{"@id":"https:\/\/woka-kuma.de\/wokakuma-festival\/festival-2018\/tanz-trommel-workshops\/#breadcrumb"},"inLanguage":"en-US","potentialAction":[{"@type":"ReadAction","target":["https:\/\/woka-kuma.de\/wokakuma-festival\/festival-2018\/tanz-trommel-workshops\/"]}]},{"@type":"BreadcrumbList","@id":"https:\/\/woka-kuma.de\/wokakuma-festival\/festival-2018\/tanz-trommel-workshops\/#breadcrumb","itemListElement":[{"@type":"ListItem","position":1,"name":"Startseite","item":"https:\/\/woka-kuma.de\/"},{"@type":"ListItem","position":2,"name":"Woka Kuma Festival","item":"https:\/\/woka-kuma.de\/wokakuma-festival\/"},{"@type":"ListItem","position":3,"name":"Festival 2018","item":"https:\/\/woka-kuma.de\/wokakuma-festival\/festival-2018\/"},{"@type":"ListItem","position":4,"name":"Tanz &#038; Trommel &#8211; Workshops"}]},{"@type":"WebSite","@id":"https:\/\/woka-kuma.de\/#website","url":"https:\/\/woka-kuma.de\/","name":"Woka-Kuma Deutschland e.V.","description":"","publisher":{"@id":"https:\/\/woka-kuma.de\/#organization"},"potentialAction":[{"@type":"SearchAction","target":{"@type":"EntryPoint","urlTemplate":"https:\/\/woka-kuma.de\/?s={search_term_string}"},"query-input":{"@type":"PropertyValueSpecification","valueRequired":true,"valueName":"search_term_string"}}],"inLanguage":"en-US"},{"@type":"Organization","@id":"https:\/\/woka-kuma.de\/#organization","name":"Woka-Kuma Deutschland e.V.","url":"https:\/\/woka-kuma.de\/","logo":{"@type":"ImageObject","inLanguage":"en-US","@id":"https:\/\/woka-kuma.de\/#\/schema\/logo\/image\/","url":"https:\/\/woka-kuma.de\/wp-content\/uploads\/2020\/07\/Logo-Verein-2020-rund.png","contentUrl":"https:\/\/woka-kuma.de\/wp-content\/uploads\/2020\/07\/Logo-Verein-2020-rund.png","width":1920,"height":1918,"caption":"Woka-Kuma Deutschland e.V."},"image":{"@id":"https:\/\/woka-kuma.de\/#\/schema\/logo\/image\/"}}]}},"_links":{"self":[{"href":"https:\/\/woka-kuma.de\/en\/wp-json\/wp\/v2\/pages\/112","targetHints":{"allow":["GET"]}}],"collection":[{"href":"https:\/\/woka-kuma.de\/en\/wp-json\/wp\/v2\/pages"}],"about":[{"href":"https:\/\/woka-kuma.de\/en\/wp-json\/wp\/v2\/types\/page"}],"author":[{"embeddable":true,"href":"https:\/\/woka-kuma.de\/en\/wp-json\/wp\/v2\/users\/2"}],"replies":[{"embeddable":true,"href":"https:\/\/woka-kuma.de\/en\/wp-json\/wp\/v2\/comments?post=112"}],"version-history":[{"count":20,"href":"https:\/\/woka-kuma.de\/en\/wp-json\/wp\/v2\/pages\/112\/revisions"}],"predecessor-version":[{"id":499,"href":"https:\/\/woka-kuma.de\/en\/wp-json\/wp\/v2\/pages\/112\/revisions\/499"}],"up":[{"embeddable":true,"href":"https:\/\/woka-kuma.de\/en\/wp-json\/wp\/v2\/pages\/472"}],"wp:attachment":[{"href":"https:\/\/woka-kuma.de\/en\/wp-json\/wp\/v2\/media?parent=112"}],"curies":[{"name":"wp","href":"https:\/\/api.w.org\/{rel}","templated":true}]}}