{"id":106,"date":"2016-06-01T15:10:04","date_gmt":"2016-06-01T15:10:04","guid":{"rendered":"https:\/\/woka-kuma.de\/?page_id=106"},"modified":"2023-11-11T11:22:37","modified_gmt":"2023-11-11T11:22:37","slug":"projekte","status":"publish","type":"page","link":"https:\/\/woka-kuma.de\/en\/projekte\/","title":{"rendered":"Projects"},"content":{"rendered":"<p>Woka-Kuma Deutschland e.V. sees itself as a support association for projects and needs at the grassroots level in Burkina Faso, especially in the Bobo-Dioulasso region, where our partner association Association Woka-Kuma Burkina Faso is organized. According to its statutes, the association works primarily in the areas of health, education and culture.<\/p>\n<p>Our fundraising campaigns are always closely coordinated with our partner association and the local community so that needs can be clarified in advance.<\/p>\n<p>If you also know people in your area who are interested in our commitment and would like to support our donation project, we would be delighted to hear from you or make a donation to our association account.<\/p>\n<p>Account holder: Woka-Kuma Deutschland e.V.<br \/>\nIBAN: DE11 1009 0000 2768 8690 09<br \/>\nBIC: BEVODEBB<\/p>\n<p>Purpose: Donation Burkina Faso<\/p>\n<p>A donation receipt will be issued if you participate and provide your address.<\/p>\n<div id=\"metaslider-id-1489\" style=\"max-width: 600px; margin: 0 auto;\" class=\"ml-slider-3-107-0 metaslider metaslider-flex metaslider-1489 ml-slider has-dots-nav ms-theme-outline\" role=\"region\" aria-label=\"Krankenhaus Sorou Sanou 2022\" data-height=\"600\" data-width=\"600\">\n    <div id=\"metaslider_container_1489\">\n        <div id=\"metaslider_1489\">\n            <ul class='slides'>\n                <li style=\"display: block; width: 100%;\" class=\"slide-1490 ms-image \" aria-roledescription=\"slide\" data-date=\"2022-03-28 12:27:25\" data-filename=\"IMG-20220302-WA0011-600x600.jpg\" data-slide-type=\"image\"><img decoding=\"async\" src=\"https:\/\/woka-kuma.de\/wp-content\/uploads\/2022\/03\/IMG-20220302-WA0011-600x600.jpg\" height=\"600\" width=\"600\" alt=\"\" class=\"slider-1489 slide-1490 msDefaultImage\" title=\"Sachspendenaktion Krankenhaus Sorou Sanou Feb 22\" \/><div class=\"caption-wrap\"><div class=\"caption\">Sachspendenaktion Krankenhaus Sorou Sanou Feb 22<\/div><\/div><\/li>\n                <li style=\"display: none; width: 100%;\" class=\"slide-1491 ms-image \" aria-roledescription=\"slide\" data-date=\"2022-03-28 12:27:43\" data-filename=\"IMG-20220302-WA0010-600x600.jpg\" data-slide-type=\"image\"><img decoding=\"async\" src=\"https:\/\/woka-kuma.de\/wp-content\/uploads\/2022\/03\/IMG-20220302-WA0010-600x600.jpg\" height=\"600\" width=\"600\" alt=\"\" class=\"slider-1489 slide-1491 msDefaultImage\" title=\"IMG-20220302-WA0010\" \/><div class=\"caption-wrap\"><div class=\"caption\">Sachspendenaktion Krankenhaus Sorou Sanou Feb 22<\/div><\/div><\/li>\n                <li style=\"display: none; width: 100%;\" class=\"slide-1492 ms-image \" aria-roledescription=\"slide\" data-date=\"2022-03-28 12:27:58\" data-filename=\"IMG-20220302-WA0009-600x600.jpg\" data-slide-type=\"image\"><img decoding=\"async\" src=\"https:\/\/woka-kuma.de\/wp-content\/uploads\/2022\/03\/IMG-20220302-WA0009-600x600.jpg\" height=\"600\" width=\"600\" alt=\"\" class=\"slider-1489 slide-1492 msDefaultImage\" title=\"IMG-20220302-WA0009\" \/><div class=\"caption-wrap\"><div class=\"caption\">Sachspendenaktion Krankenhaus Sorou Sanou Feb 22<\/div><\/div><\/li>\n                <li style=\"display: none; width: 100%;\" class=\"slide-1493 ms-image \" aria-roledescription=\"slide\" data-date=\"2022-03-28 12:28:08\" data-filename=\"IMG-20220302-WA0007-600x600.jpg\" data-slide-type=\"image\"><img decoding=\"async\" src=\"https:\/\/woka-kuma.de\/wp-content\/uploads\/2022\/03\/IMG-20220302-WA0007-600x600.jpg\" height=\"600\" width=\"600\" alt=\"\" class=\"slider-1489 slide-1493 msDefaultImage\" title=\"IMG-20220302-WA0007\" \/><div class=\"caption-wrap\"><div class=\"caption\">Sachspendenaktion Krankenhaus Sorou Sanou Feb 22<\/div><\/div><\/li>\n                <li style=\"display: none; width: 100%;\" class=\"slide-1494 ms-image \" aria-roledescription=\"slide\" data-date=\"2022-03-28 12:28:19\" data-filename=\"IMG-20220302-WA0005-600x600.jpg\" data-slide-type=\"image\"><img decoding=\"async\" src=\"https:\/\/woka-kuma.de\/wp-content\/uploads\/2022\/03\/IMG-20220302-WA0005-600x600.jpg\" height=\"600\" width=\"600\" alt=\"\" class=\"slider-1489 slide-1494 msDefaultImage\" title=\"IMG-20220302-WA0005\" \/><div class=\"caption-wrap\"><div class=\"caption\">Sachspendenaktion Krankenhaus Sorou Sanou Feb 22<\/div><\/div><\/li>\n                <li style=\"display: none; width: 100%;\" class=\"slide-1495 ms-image \" aria-roledescription=\"slide\" data-date=\"2022-03-28 12:28:29\" data-filename=\"IMG-20220302-WA0004-600x600.jpg\" data-slide-type=\"image\"><img decoding=\"async\" src=\"https:\/\/woka-kuma.de\/wp-content\/uploads\/2022\/03\/IMG-20220302-WA0004-600x600.jpg\" height=\"600\" width=\"600\" alt=\"\" class=\"slider-1489 slide-1495 msDefaultImage\" title=\"IMG-20220302-WA0004\" \/><div class=\"caption-wrap\"><div class=\"caption\">Sachspendenaktion Krankenhaus Sorou Sanou Feb 22<\/div><\/div><\/li>\n                <li style=\"display: none; width: 100%;\" class=\"slide-1496 ms-image \" aria-roledescription=\"slide\" data-date=\"2022-03-28 12:28:36\" data-filename=\"IMG-20220302-WA0003-600x600.jpg\" data-slide-type=\"image\"><img decoding=\"async\" src=\"https:\/\/woka-kuma.de\/wp-content\/uploads\/2022\/03\/IMG-20220302-WA0003-600x600.jpg\" height=\"600\" width=\"600\" alt=\"\" class=\"slider-1489 slide-1496 msDefaultImage\" title=\"IMG-20220302-WA0003\" \/><div class=\"caption-wrap\"><div class=\"caption\">Sachspendenaktion Krankenhaus Sorou Sanou Feb 22<\/div><\/div><\/li>\n                <li style=\"display: none; width: 100%;\" class=\"slide-1497 ms-image \" aria-roledescription=\"slide\" data-date=\"2022-03-28 12:28:49\" data-filename=\"IMG-20220302-WA0001-600x600.jpg\" data-slide-type=\"image\"><img decoding=\"async\" src=\"https:\/\/woka-kuma.de\/wp-content\/uploads\/2022\/03\/IMG-20220302-WA0001-600x600.jpg\" height=\"600\" width=\"600\" alt=\"\" class=\"slider-1489 slide-1497 msDefaultImage\" title=\"IMG-20220302-WA0001\" \/><div class=\"caption-wrap\"><div class=\"caption\">Sachspendenaktion Krankenhaus Sorou Sanou Feb 22<\/div><\/div><\/li>\n            <\/ul>\n        <\/div>\n        \n    <\/div>\n<\/div>\n<p>&nbsp;<\/p>","protected":false},"excerpt":{"rendered":"<p>Woka-Kuma Deutschland e.V. sees itself as a support association for projects and needs at the grassroots level in Burkina Faso, especially in the Bobo-Dioulasso region, where our partner association Association Woka-Kuma Burkina Faso is organized. According to its statutes, the association works primarily in the areas of health, education and culture. Our fundraising campaigns are [&hellip;]<\/p>\n","protected":false},"author":2,"featured_media":0,"parent":0,"menu_order":2,"comment_status":"closed","ping_status":"closed","template":"templates\/template-full-width.php","meta":{"footnotes":""},"class_list":["post-106","page","type-page","status-publish","hentry"],"yoast_head":"<!-- This site is optimized with the Yoast SEO plugin v27.3 - https:\/\/yoast.com\/product\/yoast-seo-wordpress\/ -->\n<title>Projects - Woka-Kuma Deutschland e.V.<\/title>\n<meta name=\"description\" content=\"\u00dcbersicht \u00fcber Projekte in Burkina Faso, Woka Kuma Deutschland e.V. engagiert sich, F\u00f6rderverein [:de]Projekte[:en]Projects[:fr]Projets[:]\" \/>\n<meta name=\"robots\" content=\"index, follow, max-snippet:-1, max-image-preview:large, max-video-preview:-1\" \/>\n<link rel=\"canonical\" href=\"https:\/\/woka-kuma.de\/projekte\/\" \/>\n<meta property=\"og:locale\" content=\"en_US\" \/>\n<meta property=\"og:type\" content=\"article\" \/>\n<meta property=\"og:title\" content=\"[:de]Projekte[:en]Projects[:fr]Projets[:] - Woka-Kuma Deutschland e.V.\" \/>\n<meta property=\"og:description\" content=\"\u00dcbersicht \u00fcber Projekte in Burkina Faso, Woka Kuma Deutschland e.V. engagiert sich, F\u00f6rderverein [:de]Projekte[:en]Projects[:fr]Projets[:]\" \/>\n<meta property=\"og:url\" content=\"https:\/\/woka-kuma.de\/projekte\/\" \/>\n<meta property=\"og:site_name\" content=\"Woka-Kuma Deutschland e.V.\" \/>\n<meta property=\"article:modified_time\" content=\"2023-11-11T11:22:37+00:00\" \/>\n<meta name=\"twitter:card\" content=\"summary_large_image\" \/>\n<meta name=\"twitter:label1\" content=\"Est. reading time\" \/>\n\t<meta name=\"twitter:data1\" content=\"1 minute\" \/>\n<script type=\"application\/ld+json\" class=\"yoast-schema-graph\">{\"@context\":\"https:\\\/\\\/schema.org\",\"@graph\":[{\"@type\":\"WebPage\",\"@id\":\"https:\\\/\\\/woka-kuma.de\\\/projekte\\\/\",\"url\":\"https:\\\/\\\/woka-kuma.de\\\/projekte\\\/\",\"name\":\"[:de]Projekte[:en]Projects[:fr]Projets[:] - Woka-Kuma Deutschland e.V.\",\"isPartOf\":{\"@id\":\"https:\\\/\\\/woka-kuma.de\\\/#website\"},\"datePublished\":\"2016-06-01T15:10:04+00:00\",\"dateModified\":\"2023-11-11T11:22:37+00:00\",\"description\":\"\u00dcbersicht \u00fcber Projekte in Burkina Faso, Woka Kuma Deutschland e.V. engagiert sich, F\u00f6rderverein [:de]Projekte[:en]Projects[:fr]Projets[:]\",\"breadcrumb\":{\"@id\":\"https:\\\/\\\/woka-kuma.de\\\/projekte\\\/#breadcrumb\"},\"inLanguage\":\"en-US\",\"potentialAction\":[{\"@type\":\"ReadAction\",\"target\":[\"https:\\\/\\\/woka-kuma.de\\\/projekte\\\/\"]}]},{\"@type\":\"BreadcrumbList\",\"@id\":\"https:\\\/\\\/woka-kuma.de\\\/projekte\\\/#breadcrumb\",\"itemListElement\":[{\"@type\":\"ListItem\",\"position\":1,\"name\":\"Startseite\",\"item\":\"https:\\\/\\\/woka-kuma.de\\\/\"},{\"@type\":\"ListItem\",\"position\":2,\"name\":\"Projekte\"}]},{\"@type\":\"WebSite\",\"@id\":\"https:\\\/\\\/woka-kuma.de\\\/#website\",\"url\":\"https:\\\/\\\/woka-kuma.de\\\/\",\"name\":\"Woka-Kuma Deutschland e.V.\",\"description\":\"\",\"publisher\":{\"@id\":\"https:\\\/\\\/woka-kuma.de\\\/#organization\"},\"potentialAction\":[{\"@type\":\"SearchAction\",\"target\":{\"@type\":\"EntryPoint\",\"urlTemplate\":\"https:\\\/\\\/woka-kuma.de\\\/?s={search_term_string}\"},\"query-input\":{\"@type\":\"PropertyValueSpecification\",\"valueRequired\":true,\"valueName\":\"search_term_string\"}}],\"inLanguage\":\"en-US\"},{\"@type\":\"Organization\",\"@id\":\"https:\\\/\\\/woka-kuma.de\\\/#organization\",\"name\":\"Woka-Kuma Deutschland e.V.\",\"url\":\"https:\\\/\\\/woka-kuma.de\\\/\",\"logo\":{\"@type\":\"ImageObject\",\"inLanguage\":\"en-US\",\"@id\":\"https:\\\/\\\/woka-kuma.de\\\/#\\\/schema\\\/logo\\\/image\\\/\",\"url\":\"https:\\\/\\\/woka-kuma.de\\\/wp-content\\\/uploads\\\/2020\\\/07\\\/Logo-Verein-2020-rund.png\",\"contentUrl\":\"https:\\\/\\\/woka-kuma.de\\\/wp-content\\\/uploads\\\/2020\\\/07\\\/Logo-Verein-2020-rund.png\",\"width\":1920,\"height\":1918,\"caption\":\"Woka-Kuma Deutschland e.V.\"},\"image\":{\"@id\":\"https:\\\/\\\/woka-kuma.de\\\/#\\\/schema\\\/logo\\\/image\\\/\"}}]}<\/script>\n<!-- \/ Yoast SEO plugin. -->","yoast_head_json":{"title":"[:de]Projekte[:en]Projects[:fr]Projets[:] - Woka-Kuma Deutschland e.V.","description":"\u00dcbersicht \u00fcber Projekte in Burkina Faso, Woka Kuma Deutschland e.V. engagiert sich, F\u00f6rderverein [:de]Projekte[:en]Projects[:fr]Projets[:]","robots":{"index":"index","follow":"follow","max-snippet":"max-snippet:-1","max-image-preview":"max-image-preview:large","max-video-preview":"max-video-preview:-1"},"canonical":"https:\/\/woka-kuma.de\/projekte\/","og_locale":"en_US","og_type":"article","og_title":"[:de]Projekte[:en]Projects[:fr]Projets[:] - Woka-Kuma Deutschland e.V.","og_description":"\u00dcbersicht \u00fcber Projekte in Burkina Faso, Woka Kuma Deutschland e.V. engagiert sich, F\u00f6rderverein [:de]Projekte[:en]Projects[:fr]Projets[:]","og_url":"https:\/\/woka-kuma.de\/projekte\/","og_site_name":"Woka-Kuma Deutschland e.V.","article_modified_time":"2023-11-11T11:22:37+00:00","twitter_card":"summary_large_image","twitter_misc":{"Est. reading time":"1 minute"},"schema":{"@context":"https:\/\/schema.org","@graph":[{"@type":"WebPage","@id":"https:\/\/woka-kuma.de\/projekte\/","url":"https:\/\/woka-kuma.de\/projekte\/","name":"[:de]Projekte[:en]Projects[:fr]Projets[:] - Woka-Kuma Deutschland e.V.","isPartOf":{"@id":"https:\/\/woka-kuma.de\/#website"},"datePublished":"2016-06-01T15:10:04+00:00","dateModified":"2023-11-11T11:22:37+00:00","description":"\u00dcbersicht \u00fcber Projekte in Burkina Faso, Woka Kuma Deutschland e.V. engagiert sich, F\u00f6rderverein [:de]Projekte[:en]Projects[:fr]Projets[:]","breadcrumb":{"@id":"https:\/\/woka-kuma.de\/projekte\/#breadcrumb"},"inLanguage":"en-US","potentialAction":[{"@type":"ReadAction","target":["https:\/\/woka-kuma.de\/projekte\/"]}]},{"@type":"BreadcrumbList","@id":"https:\/\/woka-kuma.de\/projekte\/#breadcrumb","itemListElement":[{"@type":"ListItem","position":1,"name":"Startseite","item":"https:\/\/woka-kuma.de\/"},{"@type":"ListItem","position":2,"name":"Projekte"}]},{"@type":"WebSite","@id":"https:\/\/woka-kuma.de\/#website","url":"https:\/\/woka-kuma.de\/","name":"Woka-Kuma Deutschland e.V.","description":"","publisher":{"@id":"https:\/\/woka-kuma.de\/#organization"},"potentialAction":[{"@type":"SearchAction","target":{"@type":"EntryPoint","urlTemplate":"https:\/\/woka-kuma.de\/?s={search_term_string}"},"query-input":{"@type":"PropertyValueSpecification","valueRequired":true,"valueName":"search_term_string"}}],"inLanguage":"en-US"},{"@type":"Organization","@id":"https:\/\/woka-kuma.de\/#organization","name":"Woka-Kuma Deutschland e.V.","url":"https:\/\/woka-kuma.de\/","logo":{"@type":"ImageObject","inLanguage":"en-US","@id":"https:\/\/woka-kuma.de\/#\/schema\/logo\/image\/","url":"https:\/\/woka-kuma.de\/wp-content\/uploads\/2020\/07\/Logo-Verein-2020-rund.png","contentUrl":"https:\/\/woka-kuma.de\/wp-content\/uploads\/2020\/07\/Logo-Verein-2020-rund.png","width":1920,"height":1918,"caption":"Woka-Kuma Deutschland e.V."},"image":{"@id":"https:\/\/woka-kuma.de\/#\/schema\/logo\/image\/"}}]}},"_links":{"self":[{"href":"https:\/\/woka-kuma.de\/en\/wp-json\/wp\/v2\/pages\/106","targetHints":{"allow":["GET"]}}],"collection":[{"href":"https:\/\/woka-kuma.de\/en\/wp-json\/wp\/v2\/pages"}],"about":[{"href":"https:\/\/woka-kuma.de\/en\/wp-json\/wp\/v2\/types\/page"}],"author":[{"embeddable":true,"href":"https:\/\/woka-kuma.de\/en\/wp-json\/wp\/v2\/users\/2"}],"replies":[{"embeddable":true,"href":"https:\/\/woka-kuma.de\/en\/wp-json\/wp\/v2\/comments?post=106"}],"version-history":[{"count":25,"href":"https:\/\/woka-kuma.de\/en\/wp-json\/wp\/v2\/pages\/106\/revisions"}],"predecessor-version":[{"id":1879,"href":"https:\/\/woka-kuma.de\/en\/wp-json\/wp\/v2\/pages\/106\/revisions\/1879"}],"wp:attachment":[{"href":"https:\/\/woka-kuma.de\/en\/wp-json\/wp\/v2\/media?parent=106"}],"curies":[{"name":"wp","href":"https:\/\/api.w.org\/{rel}","templated":true}]}}